{"id":16499,"date":"2026-03-18T09:09:17","date_gmt":"2026-03-18T09:09:17","guid":{"rendered":"https:\/\/soydeaqui.ddns.net\/pachuca\/index.php\/producto\/ch-ctb-ep-coples-para-escalera-tubular\/"},"modified":"2026-03-18T09:09:18","modified_gmt":"2026-03-18T09:09:18","slug":"ch-ctb-ep-coples-para-escalera-tubular","status":"publish","type":"product","link":"https:\/\/soydeaqui.ddns.net\/pachuca\/index.php\/producto\/ch-ctb-ep-coples-para-escalera-tubular\/","title":{"rendered":"(CH-CTB-EP) COPLES PARA ESCALERA TUBULAR"},"content":{"rendered":"<div style='width: 100%; max-width: 1200px; margin: 0 auto; font-family: sans-serif; line-height: 1.6; color: inherit; background-color: transparent;'>\n<div style='display: flex; flex-wrap: wrap; gap: 30px; margin-bottom: 30px;'>\n<div style='flex: 1 1 300px; min-width: 280px;'>\n<h3 style='font-size: 22px; border-bottom: 2px solid currentColor; padding-bottom: 5px; margin-top: 0; color: inherit; opacity: 0.8;'>Caracter\u00edsticas T\u00e9cnicas<\/h3>\n<ul style='padding-left: 20px; font-size: 15px; color: inherit;'>\n<li style='margin-bottom: 5px;'><strong>Material de Fabricaci\u00f3n:<\/strong> Acero al carb\u00f3n con recubrimiento de pintura ep\u00f3xica\/electrost\u00e1tica<\/li>\n<li style='margin-bottom: 5px;'><strong>Separaci\u00f3n entre travesa\u00f1os:<\/strong> 304.8 mm (12&#8242;)<\/li>\n<li style='margin-bottom: 5px;'><strong>Longitud:<\/strong> 3.05 metros<\/li>\n<\/ul><\/div>\n<div style='flex: 1 1 300px; min-width: 280px;'>\n<h3 style='font-size: 22px; border-bottom: 2px solid currentColor; padding-bottom: 5px; margin-top: 0; color: inherit; opacity: 0.8;'>Caracter\u00edsticas Constructivas<\/h3>\n<ul style='padding-left: 20px; font-size: 15px; color: inherit;'>\n<li style='margin-bottom: 5px;'>Sistema de soporte dise\u00f1ado espec\u00edficamente para gesti\u00f3n y organizaci\u00f3n de cables<\/li>\n<li style='margin-bottom: 5px;'>Formado por tubos cerrados met\u00e1licos que ofrecen mayor rigidez estructural<\/li>\n<li style='margin-bottom: 5px;'>Dise\u00f1o tubular que evita acumulaci\u00f3n de suciedad y facilita limpieza<\/li>\n<li style='margin-bottom: 5px;'>Incluye cople uni\u00f3n y torniller\u00eda<\/li>\n<\/ul><\/div>\n<\/p><\/div>\n<div style='display: flex; flex-wrap: wrap; gap: 20px; margin-bottom: 30px;'>\n<div style='flex: 1 1 250px; border: 1px solid rgba(150&comma; 150&comma; 150&comma; 0.4); border-radius: 8px; overflow: hidden; display: flex; flex-direction: column;'>\n<div style='padding: 15px; border-bottom: 1px solid rgba(150&comma; 150&comma; 150&comma; 0.2); font-weight: bold; font-size: 18px; color: inherit;'>Aplicaciones<\/div>\n<div style='padding: 15px; color: inherit;'>\n<ul style='padding-left: 20px; margin: 0; font-size: 14px; list-style-type: disc;'>\n<li style='margin-bottom: 5px;'>Cuartos de telecomunicaciones<\/li>\n<li style='margin-bottom: 5px;'>Centros de procesamiento de datos<\/li>\n<li style='margin-bottom: 5px;'>Instalaciones industriales<\/li>\n<li style='margin-bottom: 5px;'>Instalaciones comerciales<\/li>\n<\/ul><\/div>\n<\/p><\/div>\n<div style='flex: 1 1 250px; border: 1px solid rgba(150&comma; 150&comma; 150&comma; 0.4); border-radius: 8px; overflow: hidden; display: flex; flex-direction: column;'>\n<div style='padding: 15px; border-bottom: 1px solid rgba(150&comma; 150&comma; 150&comma; 0.2); font-weight: bold; font-size: 18px; color: inherit;'>Normas de Referencia<\/div>\n<div style='padding: 15px; color: inherit;'>\n<ul style='padding-left: 20px; margin: 0; font-size: 14px; list-style-type: disc;'>\n<li style='margin-bottom: 5px;'>ICREA-STD-131-2023<\/li>\n<li style='margin-bottom: 5px;'>ANSI\/EIA\/TIA 569<\/li>\n<li style='margin-bottom: 5px;'>NMX-I-279-NYCE-2009<\/li>\n<li style='margin-bottom: 5px;'>IEC 61537<\/li>\n<\/ul><\/div>\n<\/p><\/div>\n<\/p><\/div>\n<div style='display: flex; flex-wrap: wrap; gap: 20px; margin-bottom: 30px;'>\n<div style='flex: 1 1 250px; border: 1px solid rgba(150&comma; 150&comma; 150&comma; 0.4); border-radius: 8px; overflow: hidden; display: flex; flex-direction: column;'>\n<div style='padding: 15px; border-bottom: 1px solid rgba(150&comma; 150&comma; 150&comma; 0.2); font-weight: bold; font-size: 18px; color: inherit;'>Especificaciones<\/div>\n<div style='padding: 15px; color: inherit;'>\n<ul style='padding-left: 20px; margin: 0; font-size: 14px; list-style-type: disc;'>\n<li style='margin-bottom: 5px;'><strong>Ancho:<\/strong> 3050<\/li>\n<li style='margin-bottom: 5px;'><strong>Peralte:<\/strong> 1.5&#8242;<\/li>\n<li style='margin-bottom: 5px;'><strong>Longitud:<\/strong> 10&#8242; (3.05 metros)<\/li>\n<\/ul><\/div>\n<\/p><\/div>\n<div style='flex: 1 1 250px; border: 1px solid rgba(150&comma; 150&comma; 150&comma; 0.4); border-radius: 8px; overflow: hidden; display: flex; flex-direction: column;'>\n<div style='padding: 15px; border-bottom: 1px solid rgba(150&comma; 150&comma; 150&comma; 0.2); font-weight: bold; font-size: 18px; color: inherit;'>Modelos Disponibles<\/div>\n<div style='padding: 15px; color: inherit;'>\n<ul style='padding-left: 20px; margin: 0; font-size: 14px; list-style-type: disc;'>\n<li style='margin-bottom: 5px;'>CHET1X4EPK &#8211; 1.5&#8242; x 4&#8242; x 10&#8242;<\/li>\n<li style='margin-bottom: 5px;'>CHET1X6EPK &#8211; 1.5&#8242; x 6&#8242; x 10&#8242;<\/li>\n<li style='margin-bottom: 5px;'>CHET1X9EPK &#8211; 1.5&#8242; x 9&#8242; x 10&#8242;<\/li>\n<li style='margin-bottom: 5px;'>CHET1X12EPK &#8211; 1.5&#8242; x 12&#8242; x 10&#8242;<\/li>\n<li style='margin-bottom: 5px;'>CHET1X15EPK &#8211; 1.5&#8242; x 15&#8242; x 10&#8242;<\/li>\n<li style='margin-bottom: 5px;'>CHET1X16EPK &#8211; 1.5&#8242; x 16&#8242; x 10&#8242;<\/li>\n<li style='margin-bottom: 5px;'>CHET1X18EPK &#8211; 1.5&#8242; x 18&#8242; x 10&#8242;<\/li>\n<li style='margin-bottom: 5px;'>CHET1X20EPK &#8211; 1.5&#8242; x 20&#8242; x 10&#8242;<\/li>\n<li style='margin-bottom: 5px;'>CHET1X24EPK &#8211; 1.5&#8242; x 24&#8242; x 10&#8242;<\/li>\n<li style='margin-bottom: 5px;'>CHET1X30EPK &#8211; 1.5&#8242; x 30&#8242; x 10&#8242;<\/li>\n<li style='margin-bottom: 5px;'>CHET1X32EPK &#8211; 1.5&#8242; x 32&#8242; x 10&#8242;<\/li>\n<li style='margin-bottom: 5px;'>CHET1X36EPK &#8211; 1.5&#8242; x 36&#8242; x 10&#8242;<\/li>\n<\/ul><\/div>\n<\/p><\/div>\n<\/p><\/div>\n<hr style='border: 0; border-top: 1px solid rgba(150&comma; 150&comma; 150&comma; 0.3); margin: 30px 0;'>\n<div style='font-size: 14px; color: inherit;'>\n<p style='margin: 0;'>CHAROFIL &#8211; PIRUL No. 25 COL. STA. MA. INSURGENTES C. P. 08430 DELEG. CUAUHTEMOC&comma; MEXICO&comma; D.F.<\/p>\n<\/p><\/div>\n<\/p><\/div>\n","protected":false},"excerpt":{"rendered":"<p>(CH-CTB-EP) COPLES PARA ESCALERA TUBULAR<\/p>\n","protected":false},"featured_media":16498,"comment_status":"open","ping_status":"closed","template":"","meta":[],"product_brand":[],"product_cat":[726],"product_tag":[580,593,727],"class_list":{"0":"post-16499","1":"product","2":"type-product","3":"status-publish","4":"has-post-thumbnail","6":"product_cat-charola-tubular","7":"product_tag-charofil","8":"product_tag-charola","9":"product_tag-charola-tubular","11":"first","12":"instock","13":"sale","14":"shipping-taxable","15":"purchasable","16":"product-type-simple"},"_links":{"self":[{"href":"https:\/\/soydeaqui.ddns.net\/pachuca\/index.php\/wp-json\/wp\/v2\/product\/16499","targetHints":{"allow":["GET"]}}],"collection":[{"href":"https:\/\/soydeaqui.ddns.net\/pachuca\/index.php\/wp-json\/wp\/v2\/product"}],"about":[{"href":"https:\/\/soydeaqui.ddns.net\/pachuca\/index.php\/wp-json\/wp\/v2\/types\/product"}],"replies":[{"embeddable":true,"href":"https:\/\/soydeaqui.ddns.net\/pachuca\/index.php\/wp-json\/wp\/v2\/comments?post=16499"}],"wp:featuredmedia":[{"embeddable":true,"href":"https:\/\/soydeaqui.ddns.net\/pachuca\/index.php\/wp-json\/wp\/v2\/media\/16498"}],"wp:attachment":[{"href":"https:\/\/soydeaqui.ddns.net\/pachuca\/index.php\/wp-json\/wp\/v2\/media?parent=16499"}],"wp:term":[{"taxonomy":"product_brand","embeddable":true,"href":"https:\/\/soydeaqui.ddns.net\/pachuca\/index.php\/wp-json\/wp\/v2\/product_brand?post=16499"},{"taxonomy":"product_cat","embeddable":true,"href":"https:\/\/soydeaqui.ddns.net\/pachuca\/index.php\/wp-json\/wp\/v2\/product_cat?post=16499"},{"taxonomy":"product_tag","embeddable":true,"href":"https:\/\/soydeaqui.ddns.net\/pachuca\/index.php\/wp-json\/wp\/v2\/product_tag?post=16499"}],"curies":[{"name":"wp","href":"https:\/\/api.w.org\/{rel}","templated":true}]}}