{"id":16480,"date":"2026-03-18T09:08:58","date_gmt":"2026-03-18T09:08:58","guid":{"rendered":"https:\/\/soydeaqui.ddns.net\/pachuca\/index.php\/producto\/cable-de-interconexin-de-12-fibras-pticas-multimodo-om4-con-conector-pan-mpo-hembra-hembra-polaridad-b-ofnp-plenum-de-20-metros-65-62-pies\/"},"modified":"2026-03-18T09:08:58","modified_gmt":"2026-03-18T09:08:58","slug":"cable-de-interconexin-de-12-fibras-pticas-multimodo-om4-con-conector-pan-mpo-hembra-hembra-polaridad-b-ofnp-plenum-de-20-metros-65-62-pies","status":"publish","type":"product","link":"https:\/\/soydeaqui.ddns.net\/pachuca\/index.php\/producto\/cable-de-interconexin-de-12-fibras-pticas-multimodo-om4-con-conector-pan-mpo-hembra-hembra-polaridad-b-ofnp-plenum-de-20-metros-65-62-pies\/","title":{"rendered":"Cable de Interconexi?n de 12 Fibras ?pticas Multimodo OM4, Con Conector Pan-MPO Hembra &#8211; Hembra, Polaridad B, OFNP (Plenum), de 20 Metros (65.62 Pies)"},"content":{"rendered":"<div style='width: 100%; max-width: 1200px; margin: 0 auto; font-family: sans-serif; line-height: 1.6; color: inherit; background-color: transparent;'>\n<div style='display: flex; flex-wrap: wrap; gap: 30px; margin-bottom: 30px;'>\n<div style='flex: 1 1 300px; min-width: 280px;'>\n<h3 style='font-size: 22px; border-bottom: 2px solid currentColor; padding-bottom: 5px; margin-top: 0; color: inherit; opacity: 0.8;'>Descripci\u00f3n<\/h3>\n<p style='font-size: 15px; color: inherit; margin-bottom: 15px;'>Los cables de interconexi\u00f3n MPO son conjuntos de cables preterminados de 8&comma; 12 y 24 fibras que se utilizan en aplicaciones de redes de alta densidad. Estos cables de interconexi\u00f3n se utilizan con casetes preterminados en \u00e1reas de distribuci\u00f3n de cableado principal y horizontal&comma; o para conectar directamente dispositivos mediante conectividad MPO y soportar aplicaciones \u00f3pticas paralelas de 40G a 400G. El sistema QuickNet\u2122 satisface las necesidades de Ethernet de 10G a 400G y sistemas de canal de fibra de alta velocidad. Su dise\u00f1o modular de alta densidad se integra en cajas de casetes de fibra para montaje en rack&comma; garantizando un uso eficiente del espacio y una r\u00e1pida implementaci\u00f3n de la red.<\/p>\n<\/p><\/div>\n<\/p><\/div>\n<div style='display: flex; flex-wrap: wrap; gap: 30px; margin-bottom: 30px;'>\n<div style='flex: 1 1 300px; min-width: 280px;'>\n<h3 style='font-size: 22px; border-bottom: 2px solid currentColor; padding-bottom: 5px; margin-top: 0; color: inherit; opacity: 0.8;'>Aplicaci\u00f3n<\/h3>\n<p style='font-size: 15px; color: inherit; margin-bottom: 15px;'>Permite a los dise\u00f1adores de sistemas adaptar la configuraci\u00f3n y el alcance a los requisitos de la aplicaci\u00f3n para minimizar el desperdicio&comma; optimizar la gesti\u00f3n de cables&comma; acelerar la implementaci\u00f3n y mejorar la flexibilidad y la facilidad de manejo para reducir los costos de instalaci\u00f3n. Cumple con los est\u00e1ndares ISO\/IEC 11801&comma; TIA\/EIA-568-C.3&comma; TIA-604-5 (FOCIS-5)&comma; TIA\/EIA-568-C.1&comma; cumple con RoHS<\/p>\n<\/p><\/div>\n<\/p><\/div>\n<div style='display: flex; flex-wrap: wrap; gap: 20px; margin-bottom: 30px;'>\n<div style='flex: 1 1 250px; border: 1px solid rgba(150&comma; 150&comma; 150&comma; 0.4); border-radius: 8px; overflow: hidden; display: flex; flex-direction: column;'>\n<div style='padding: 15px; border-bottom: 1px solid rgba(150&comma; 150&comma; 150&comma; 0.2); font-weight: bold; font-size: 18px; color: inherit;'>Especificaciones T\u00e9cnicas<\/div>\n<div style='padding: 15px; color: inherit;'>\n<ul style='padding-left: 20px; margin: 0; font-size: 14px; list-style-type: disc;'>\n<li style='margin-bottom: 5px;'><strong>Tipo de fibra:<\/strong> OM4<\/li>\n<li style='margin-bottom: 5px;'><strong>N\u00famero de fibras:<\/strong> 12<\/li>\n<li style='margin-bottom: 5px;'><strong>Conector 1:<\/strong> Tipo PanMPO\u2122-12 Hembra<\/li>\n<li style='margin-bottom: 5px;'><strong>Conector 2:<\/strong> Tipo PanMPO\u2122-12 Hembra<\/li>\n<li style='margin-bottom: 5px;'><strong>\u00cdndice de inflamabilidad:<\/strong> Plenum (OFNP)<\/li>\n<li style='margin-bottom: 5px;'><strong>Di\u00e1metro exterior (pulg.):<\/strong> 0.12<\/li>\n<li style='margin-bottom: 5px;'><strong>Di\u00e1metro exterior (mm):<\/strong> 3<\/li>\n<li style='margin-bottom: 5px;'><strong>Longitud total (m):<\/strong> 20<\/li>\n<li style='margin-bottom: 5px;'><strong>M\u00e9todo de polaridad de la fibra:<\/strong> B<\/li>\n<li style='margin-bottom: 5px;'><strong>Color del cable:<\/strong> Aqua<\/li>\n<\/ul><\/div>\n<\/p><\/div>\n<\/p><\/div>\n<hr style='border: 0; border-top: 1px solid rgba(150&comma; 150&comma; 150&comma; 0.3); margin: 30px 0;'> <\/div>\n","protected":false},"excerpt":{"rendered":"<p>Cable de Interconexi?n de 12 Fibras ?pticas Multimodo OM4, Con Conector Pan-MPO Hembra &#8211; Hembra, Polaridad B, OFNP (Plenum), de 20 Metros (65.62 Pies)<\/p>\n","protected":false},"featured_media":16479,"comment_status":"open","ping_status":"closed","template":"","meta":[],"product_brand":[],"product_cat":[617],"product_tag":[611,618,445],"class_list":{"0":"post-16480","1":"product","2":"type-product","3":"status-publish","4":"has-post-thumbnail","6":"product_cat-jumpers-y-pigtails","7":"product_tag-fibra-optica","8":"product_tag-jumpers-y-pigtails","9":"product_tag-panduit","11":"first","12":"outofstock","13":"sale","14":"shipping-taxable","15":"purchasable","16":"product-type-simple"},"_links":{"self":[{"href":"https:\/\/soydeaqui.ddns.net\/pachuca\/index.php\/wp-json\/wp\/v2\/product\/16480","targetHints":{"allow":["GET"]}}],"collection":[{"href":"https:\/\/soydeaqui.ddns.net\/pachuca\/index.php\/wp-json\/wp\/v2\/product"}],"about":[{"href":"https:\/\/soydeaqui.ddns.net\/pachuca\/index.php\/wp-json\/wp\/v2\/types\/product"}],"replies":[{"embeddable":true,"href":"https:\/\/soydeaqui.ddns.net\/pachuca\/index.php\/wp-json\/wp\/v2\/comments?post=16480"}],"wp:featuredmedia":[{"embeddable":true,"href":"https:\/\/soydeaqui.ddns.net\/pachuca\/index.php\/wp-json\/wp\/v2\/media\/16479"}],"wp:attachment":[{"href":"https:\/\/soydeaqui.ddns.net\/pachuca\/index.php\/wp-json\/wp\/v2\/media?parent=16480"}],"wp:term":[{"taxonomy":"product_brand","embeddable":true,"href":"https:\/\/soydeaqui.ddns.net\/pachuca\/index.php\/wp-json\/wp\/v2\/product_brand?post=16480"},{"taxonomy":"product_cat","embeddable":true,"href":"https:\/\/soydeaqui.ddns.net\/pachuca\/index.php\/wp-json\/wp\/v2\/product_cat?post=16480"},{"taxonomy":"product_tag","embeddable":true,"href":"https:\/\/soydeaqui.ddns.net\/pachuca\/index.php\/wp-json\/wp\/v2\/product_tag?post=16480"}],"curies":[{"name":"wp","href":"https:\/\/api.w.org\/{rel}","templated":true}]}}