{"id":16474,"date":"2026-03-18T09:08:53","date_gmt":"2026-03-18T09:08:53","guid":{"rendered":"https:\/\/soydeaqui.ddns.net\/pachuca\/index.php\/producto\/bandeja-charofil-116-150-mm-ancho\/"},"modified":"2026-03-18T09:08:54","modified_gmt":"2026-03-18T09:08:54","slug":"bandeja-charofil-116-150-mm-ancho","status":"publish","type":"product","link":"https:\/\/soydeaqui.ddns.net\/pachuca\/index.php\/producto\/bandeja-charofil-116-150-mm-ancho\/","title":{"rendered":"BANDEJA CHAROFIL 116\/150 MM ANCHO"},"content":{"rendered":"<div style='width: 100%; max-width: 1200px; margin: 0 auto; font-family: sans-serif; line-height: 1.6; color: inherit; background-color: transparent;'> <!-- Imagen principal --> <\/p>\n<div style='margin-bottom: 30px;'> <img style='width: 100%; height: auto; border: 1px solid rgba(150&comma;150&comma;150&comma;0.3); border-radius: 8px;' src='https:\/\/ftp3.syscom.mx\/usuarios\/fotos\/MG50942BM\/77199-banner_arriba_charofil.jpg' alt=''> <\/div>\n<p> <!-- Contenido principal --> <\/p>\n<div style='display: flex; flex-direction: column; gap: 20px; margin-bottom: 30px;'>\n<p style='text-align: justify; font-size: 15px; margin: 0; color: inherit;'> Descubra la mejor manera para dise\u00f1ar su cableado estructurado de manera impecable y organizada: con las charolas tipo malla CHAROFIL. Estas soluciones met\u00e1licas no solo mantienen sus cables en l\u00ednea&comma; sino que tambi\u00e9n ofrecen acceso f\u00e1cil para cambios y reparaciones. Imagina una red de orden en tus techos y paredes&comma; proporcionando ventilaci\u00f3n para mantener todo fresco. Haz del caos de cables una cosa del pasado con estilo y eficiencia gracias a las charolas tipo malla de CHAROFIL. <\/p>\n<p style='text-align: justify; font-size: 15px; margin: 0; color: inherit;'> Las CHAROLAS BIMET\u00c1LICAS CHAROFIL est\u00e1n fabricadas con alambre de acero cubierto por una aleaci\u00f3n de 90% zinc y 10% aluminio&comma; lo que las hace altamente resistentes a la corrosi\u00f3n. Este recubrimiento protege el acero y las hace ideales para entornos agresivos. <\/p>\n<\/p><\/div>\n<p> <!-- Caracter\u00edsticas Generales --> <\/p>\n<div style='margin-bottom: 30px;'>\n<h3 style='font-size: 22px; border-bottom: 2px solid currentColor; padding-bottom: 5px; margin-top: 0; margin-bottom: 15px; color: inherit; opacity: 0.8;'>Caracter\u00edsticas Generales:<\/h3>\n<ul style='padding-left: 20px; font-size: 15px; color: inherit; list-style-type: disc;'>\n<li style='margin-bottom: 5px;'>Ancho: 150mm.<\/li>\n<li style='margin-bottom: 5px;'>Peralte: 116 mm.<\/li>\n<li style='margin-bottom: 5px;'>Longitud de tramo: 3 m.<\/li>\n<\/ul><\/div>\n<p> <!-- Recomendaciones --> <\/p>\n<div style='margin-bottom: 30px;'>\n<h3 style='font-size: 22px; border-bottom: 2px solid currentColor; padding-bottom: 5px; margin-top: 0; margin-bottom: 15px; color: inherit; opacity: 0.8;'>Recomendaciones:<\/h3>\n<ul style='padding-left: 20px; font-size: 15px; color: inherit; list-style-type: disc;'>\n<li style='margin-bottom: 5px;'>Por espacio entre travesa\u00f1os se recomienda utilizar MG51118EZ para unir los tramos con peralte 54.<\/li>\n<li style='margin-bottom: 5px;'>Compatible con accesorios EZ \u00fanicamente para instalaci\u00f3n en interior totalmente libre de humedad.<\/li>\n<li style='margin-bottom: 5px;'>Compatible con accesorios GAC&comma; BM o TR para instalaci\u00f3n en exterior&comma; ambientes con condensaci\u00f3n de humedad.<\/li>\n<li style='margin-bottom: 5px;'>La elecci\u00f3n de los accesorios depende del ambiente de instalaci\u00f3n.<\/li>\n<li style='margin-bottom: 5px; color: #e74c3c;'>Nota: Instalar a 3km de pie de playa.<\/li>\n<\/ul><\/div>\n<p> <!-- Normas de Referencia --> <\/p>\n<div style='margin-bottom: 30px;'>\n<h3 style='font-size: 22px; border-bottom: 2px solid currentColor; padding-bottom: 5px; margin-top: 0; margin-bottom: 15px; color: inherit; opacity: 0.8;'>Normas de Referencia y Certificaciones:<\/h3>\n<div style='display: flex; flex-wrap: wrap; gap: 10px; justify-content: center; margin-top: 15px;'> <img style='width: 100px; height: auto; border: 1px solid rgba(150&comma;150&comma;150&comma;0.3); border-radius: 8px;' src='https:\/\/lh7-us.googleusercontent.com\/vI6iXNozuXsW64gF9Zsbn4SXxH61KGeaaHfodkbSLuHSLCJcu5zBsrJR9Rx1nFvXZGLIBBeF7XGmc8EqTW7PV8U3ZExvFPQzvo7di_IuGojI--uTn43HzqBWO4KkguqymnYe9lt5EjIcAFWdUDRYvOr_tA=s2048' alt='Resultado de imagen para ance logo png'> <img style='width: 200px; height: auto; border: 1px solid rgba(150&comma;150&comma;150&comma;0.3); border-radius: 8px;' src='https:\/\/lh7-us.googleusercontent.com\/UA82Ohw0wljdS3tGYLzdQdpgW8R5D50522_GZXTtmUzcedxJITLz6qdoGpyVHYy7WGczkhyma3vIaRMixa9DnmhS9ZnYEcFea6C_gNGKyIikQ6xYT9_568elFd6cekjW0ddo1-GjoIBDjSDBl9NbmmoMRA=s2048' alt='Imagen relacionada'> <img style='width: 100px; height: auto; border: 1px solid rgba(150&comma;150&comma;150&comma;0.3); border-radius: 8px;' src='https:\/\/lh7-us.googleusercontent.com\/I6OuoMlDENTNGpBkZ_5tH9OkEECAFgQLrwsum1JQloDI_OQFKrKtsmKCFAmPmkoAbNOkps20WZRvVOBbEEi6bQKmYQAaMyECIzO2m2VtWvTPM1ZFWU9aFMP7dcxyls3FMJkOsw6iPG61BZFkay6rkW0zIQ=s2048' alt=''> <img style='width: 100px; height: auto; border: 1px solid rgba(150&comma;150&comma;150&comma;0.3); border-radius: 8px;' src='https:\/\/lh7-us.googleusercontent.com\/ebIBBTTaQWk3DQ3gjAl0eYCUPdnEYeoZHSbGg7VRJvnVpASRErI7V03XMhJ1LnvYI6gr16Xk2Iz0cJfMuE9Zq1Gk5tDlwa6Zgf0mXYcoDcWAHsOMO5fmV18WpvJVsITV981NUVrmfGZU4qRP5o3bv3P31g=s2048' alt=''> <img style='width: 100px; height: auto; border: 1px solid rgba(150&comma;150&comma;150&comma;0.3); border-radius: 8px;' src='https:\/\/lh7-us.googleusercontent.com\/Gszgd9rwvH8wTxEPNhQAAlE9Mygws6MTlIYl11g9VKix3uKzXStf0sSijU3rZMlsx6hzrNEXXly4BCYqCB_TTSi58lz5Lsprct5uWH2FUimCXj7p-WyZ3OWqwDz4cKhAWABVFJa0c9B3Syb88AruR9fSJw=s2048' alt=''> <img style='width: 100px; height: auto; border: 1px solid rgba(150&comma;150&comma;150&comma;0.3); border-radius: 8px;' src='https:\/\/lh7-us.googleusercontent.com\/SQxHquTgDdDarsiPU1OWu7ueFpRrTXcapAClJlOVBs-OLfgYzWZUeEGVK116rh2Fj9Y8Xzz-V2BCNQfrVBXzgyWkB_bJT23YppTXhDOdXkrEow8aD5sbZOmVNcC72KVpvqJaqgAaMnQBhIsxUU5SO1wnSQ=s2048' alt=''> <img style='width: 200px; height: auto; border: 1px solid rgba(150&comma;150&comma;150&comma;0.3); border-radius: 8px;' src='https:\/\/lh7-us.googleusercontent.com\/KCBzXcscfnca95X8uZfqYOIqS4hNd_BaZUTptMJOjX0kRXOYykJHllblw_iaQQVueTdU8m2_2nNhkAHe7xu9f157Zu8VsfuC0A7MpMj34MDq3Cg7_1TVrxYjht4OLcctvL3tP7Fywpa3YGdc8kNlaeGAfw=s2048' alt=''> <\/div>\n<\/p><\/div>\n<p> <!-- Im\u00e1genes adicionales --> <\/p>\n<div style='display: flex; flex-direction: column; gap: 30px; margin-bottom: 30px;'> <img style='width: 100%; height: auto; border: 1px solid rgba(150&comma;150&comma;150&comma;0.3); border-radius: 8px;' src='https:\/\/ftp3.syscom.mx\/usuarios\/fotos\/CH54150BM\/190953-bime.png' alt=''> <img style='width: 100%; height: auto; border: 1px solid rgba(150&comma;150&comma;150&comma;0.3); border-radius: 8px;' src='https:\/\/ftp3.syscom.mx\/usuarios\/fotos\/CH54150BM\/190953-bim7.png' alt=''> <img style='width: 100%; height: auto; border: 1px solid rgba(150&comma;150&comma;150&comma;0.3); border-radius: 8px;' src='https:\/\/ftp3.syscom.mx\/usuarios\/fotos\/CH54150BM\/190953-bim8.png' alt=''> <\/div>\n<p> <!-- Imagen de carga de cables --> <\/p>\n<div style='margin-bottom: 30px; text-align: center;'>\n<p style='font-size: 15px; margin-bottom: 15px; color: inherit;'><strong>Cantidad de carga de cables&comma; con Peralte 33 mm.<\/strong><\/p>\n<p> <img style='width: 100%; max-width: 700px; height: auto; border: 1px solid rgba(150&comma;150&comma;150&comma;0.3); border-radius: 8px;' src='https:\/\/ftp3.syscom.mx\/usuarios\/fotos\/MG50920BM\/205563-peralte_33_normal.jpg' alt=''> <\/div>\n<p> <!-- Cuantificador CHAROFIL --> <\/p>\n<div style='margin-bottom: 30px; text-align: center;'>\n<p style='font-size: 15px; margin-bottom: 15px; color: inherit;'> Si Desea Calcular su material puede hacer click <a href='https:\/\/www.cuantificador.charofil-apps.com\/home' target='_blank' rel='noopener' style='color: #e74c3c; text-decoration: none;'><strong>AQU\u00cd<\/strong><\/a> para ir al Cuantificador CHAROFIL <\/p>\n<p> <img style='width: 100%; max-width: 700px; height: auto; border: 1px solid rgba(150&comma;150&comma;150&comma;0.3); border-radius: 8px;' src='https:\/\/ftp3.syscom.mx\/usuarios\/fotos\/MG50420EZ\/77199-imagen_cuantificador.jpg' alt=''> <\/div>\n<p> <!-- Banners inferiores --> <\/p>\n<div style='display: flex; flex-direction: column; gap: 15px; margin-bottom: 30px;'> <img style='width: 100%; height: auto; border: 1px solid rgba(150&comma;150&comma;150&comma;0.3); border-radius: 8px;' src='https:\/\/ftp3.syscom.mx\/usuarios\/fotos\/MG50420EZ\/77199-banner_medio_charofil_(ventajas_competitivas).jpg' alt=''> <img style='width: 100%; height: auto; border: 1px solid rgba(150&comma;150&comma;150&comma;0.3); border-radius: 8px;' src='https:\/\/ftp3.syscom.mx\/usuarios\/fotos\/MG50420EZ\/77199-banner_abajo_charofil.png' alt=''> <\/div>\n<\/p><\/div>\n","protected":false},"excerpt":{"rendered":"<p>BANDEJA CHAROFIL 116\/150 MM ANCHO<\/p>\n","protected":false},"featured_media":32,"comment_status":"open","ping_status":"closed","template":"","meta":[],"product_brand":[],"product_cat":[666],"product_tag":[580,593,667],"class_list":{"0":"post-16474","1":"product","2":"type-product","3":"status-publish","4":"has-post-thumbnail","6":"product_cat-charolas-tipo-malla-bimetalica","7":"product_tag-charofil","8":"product_tag-charola","9":"product_tag-charolas-tipo-malla-bimetalica","11":"first","12":"outofstock","13":"sale","14":"shipping-taxable","15":"purchasable","16":"product-type-simple"},"_links":{"self":[{"href":"https:\/\/soydeaqui.ddns.net\/pachuca\/index.php\/wp-json\/wp\/v2\/product\/16474","targetHints":{"allow":["GET"]}}],"collection":[{"href":"https:\/\/soydeaqui.ddns.net\/pachuca\/index.php\/wp-json\/wp\/v2\/product"}],"about":[{"href":"https:\/\/soydeaqui.ddns.net\/pachuca\/index.php\/wp-json\/wp\/v2\/types\/product"}],"replies":[{"embeddable":true,"href":"https:\/\/soydeaqui.ddns.net\/pachuca\/index.php\/wp-json\/wp\/v2\/comments?post=16474"}],"wp:featuredmedia":[{"embeddable":true,"href":"https:\/\/soydeaqui.ddns.net\/pachuca\/index.php\/wp-json\/wp\/v2\/media\/32"}],"wp:attachment":[{"href":"https:\/\/soydeaqui.ddns.net\/pachuca\/index.php\/wp-json\/wp\/v2\/media?parent=16474"}],"wp:term":[{"taxonomy":"product_brand","embeddable":true,"href":"https:\/\/soydeaqui.ddns.net\/pachuca\/index.php\/wp-json\/wp\/v2\/product_brand?post=16474"},{"taxonomy":"product_cat","embeddable":true,"href":"https:\/\/soydeaqui.ddns.net\/pachuca\/index.php\/wp-json\/wp\/v2\/product_cat?post=16474"},{"taxonomy":"product_tag","embeddable":true,"href":"https:\/\/soydeaqui.ddns.net\/pachuca\/index.php\/wp-json\/wp\/v2\/product_tag?post=16474"}],"curies":[{"name":"wp","href":"https:\/\/api.w.org\/{rel}","templated":true}]}}