{"id":16462,"date":"2026-03-18T09:08:41","date_gmt":"2026-03-18T09:08:41","guid":{"rendered":"https:\/\/soydeaqui.ddns.net\/pachuca\/index.php\/producto\/chfiber-t-horizontal-de-aluminio-peralte-4-ancho-4-radio-8-con-recubrimiento-en-pintura-epoxica-incluye-tapa-un-par-de-coples-y-tornilleria\/"},"modified":"2026-03-18T09:08:44","modified_gmt":"2026-03-18T09:08:44","slug":"chfiber-t-horizontal-de-aluminio-peralte-4-ancho-4-radio-8-con-recubrimiento-en-pintura-epoxica-incluye-tapa-un-par-de-coples-y-tornilleria","status":"publish","type":"product","link":"https:\/\/soydeaqui.ddns.net\/pachuca\/index.php\/producto\/chfiber-t-horizontal-de-aluminio-peralte-4-ancho-4-radio-8-con-recubrimiento-en-pintura-epoxica-incluye-tapa-un-par-de-coples-y-tornilleria\/","title":{"rendered":"CHFIBER T HORIZONTAL DE ALUMINIO PERALTE 4&#8243; ANCHO 4&#8243; RADIO 8&#8243; CON RECUBRIMIENTO EN PINTURA EP\u00d3XICA, INCLUYE TAPA , UN PAR DE COPLES Y TORNILLER\u00cdA."},"content":{"rendered":"<div style='width: 100%; max-width: 1200px; margin: 0 auto; font-family: sans-serif; line-height: 1.6; color: inherit; background-color: transparent;'> <!-- Im\u00e1genes del producto --> <\/p>\n<div style='display: flex; flex-wrap: wrap; gap: 20px; margin-bottom: 30px;'>\n<div style='flex: 1 1 300px; min-width: 280px;'> <img style='width: 100%; height: auto; border: 1px solid rgba(150&comma;150&comma;150&comma;0.3); border-radius: 8px;' src='https:\/\/ftp3.syscom.mx\/usuarios\/fotos\/CHE89PX6AK\/171251-charup.jpg' alt=''> <\/div>\n<div style='flex: 1 1 300px; min-width: 280px;'> <img style='width: 100%; height: auto; border: 1px solid rgba(150&comma;150&comma;150&comma;0.3); border-radius: 8px;' src='https:\/\/ftp3.syscom.mx\/usuarios\/fotos\/CHE89PX6AK\/171251-chardn.png' alt=''> <\/div>\n<\/p><\/div>\n<p> <!-- Descripci\u00f3n principal --> <\/p>\n<div style='margin-bottom: 30px; font-size: 15px; color: inherit;'> CHFIBER T HORIZONTAL DE ALUMINIO PERALTE 4&#8242; ANCHO 4&#8242; RADIO 8&#8242; CON RECUBRIMIENTO EN PINTURA EP\u00d3XICA&comma; INCLUYE TAPA &comma; UN PAR DE COPLES Y TORNILLER\u00cdA. <\/div>\n<p> <!-- Secci\u00f3n de caracter\u00edsticas --> <\/p>\n<div style='display: flex; flex-wrap: wrap; gap: 30px; margin-bottom: 30px;'>\n<div style='flex: 1 1 300px; min-width: 280px;'>\n<h3 style='font-size: 22px; border-bottom: 2px solid currentColor; padding-bottom: 5px; margin-top: 0; color: inherit; opacity: 0.8;'>CARACTER\u00cdSTICAS PRINCIPALES DEL PRODUCTO<\/h3>\n<ul style='padding-left: 20px; font-size: 15px; color: inherit;'>\n<li style='margin-bottom: 5px;'>CHFIBER T HORIZONTAL DE ALUMINIO PERALTE 4&#8242; ANCHO 4&#8242;<\/li>\n<\/ul><\/div>\n<\/p><\/div>\n<p> <!-- Separador --> <\/p>\n<hr style='border: 0; border-top: 1px solid rgba(150&comma; 150&comma; 150&comma; 0.3); margin: 30px 0;'> <\/div>\n","protected":false},"excerpt":{"rendered":"<p>CHFIBER T HORIZONTAL DE ALUMINIO PERALTE 4&#8243; ANCHO 4&#8243; RADIO 8&#8243; CON RECUBRIMIENTO EN PINTURA EP\u00d3XICA, INCLUYE TAPA , UN PAR DE COPLES Y TORNILLER\u00cdA.<\/p>\n","protected":false},"featured_media":16461,"comment_status":"open","ping_status":"closed","template":"","meta":[],"product_brand":[],"product_cat":[724],"product_tag":[580,593,725],"class_list":{"0":"post-16462","1":"product","2":"type-product","3":"status-publish","4":"has-post-thumbnail","6":"product_cat-charola-para-fibra-optica","7":"product_tag-charofil","8":"product_tag-charola","9":"product_tag-charola-para-fibra-optica","11":"first","12":"outofstock","13":"sale","14":"shipping-taxable","15":"purchasable","16":"product-type-simple"},"yoast_head":"<!-- This site is optimized with the Yoast SEO plugin v27.4 - https:\/\/yoast.com\/product\/yoast-seo-wordpress\/ -->\r\n<title>CHFIBER T HORIZONTAL DE ALUMINIO PERALTE 4&quot; ANCHO 4&quot; RADIO 8&quot; CON RECUBRIMIENTO EN PINTURA EP\u00d3XICA, INCLUYE TAPA , UN PAR DE COPLES Y TORNILLER\u00cdA. - Instalaci\u00f3n de C\u00e1maras de Seguridad en Pachuca<\/title>\r\n<meta name=\"robots\" content=\"index, follow, max-snippet:-1, max-image-preview:large, max-video-preview:-1\" \/>\r\n<link rel=\"canonical\" href=\"https:\/\/soydeaqui.ddns.net\/pachuca\/index.php\/producto\/chfiber-t-horizontal-de-aluminio-peralte-4-ancho-4-radio-8-con-recubrimiento-en-pintura-epoxica-incluye-tapa-un-par-de-coples-y-tornilleria\/\" \/>\r\n<meta property=\"og:locale\" content=\"es_MX\" \/>\r\n<meta property=\"og:type\" content=\"article\" \/>\r\n<meta property=\"og:title\" content=\"CHFIBER T HORIZONTAL DE ALUMINIO PERALTE 4&quot; ANCHO 4&quot; RADIO 8&quot; CON RECUBRIMIENTO EN PINTURA EP\u00d3XICA, INCLUYE TAPA , UN PAR DE COPLES Y TORNILLER\u00cdA. - Instalaci\u00f3n de C\u00e1maras de Seguridad en Pachuca\" \/>\r\n<meta property=\"og:description\" content=\"CHFIBER T HORIZONTAL DE ALUMINIO PERALTE 4&quot; ANCHO 4&quot; RADIO 8&quot; CON RECUBRIMIENTO EN PINTURA EP\u00d3XICA, INCLUYE TAPA , UN PAR DE COPLES Y TORNILLER\u00cdA.\" \/>\r\n<meta property=\"og:url\" content=\"https:\/\/soydeaqui.ddns.net\/pachuca\/index.php\/producto\/chfiber-t-horizontal-de-aluminio-peralte-4-ancho-4-radio-8-con-recubrimiento-en-pintura-epoxica-incluye-tapa-un-par-de-coples-y-tornilleria\/\" \/>\r\n<meta property=\"og:site_name\" content=\"Instalaci\u00f3n de C\u00e1maras de Seguridad en Pachuca\" \/>\r\n<meta property=\"article:modified_time\" content=\"2026-03-18T09:08:44+00:00\" \/>\r\n<meta property=\"og:image\" content=\"https:\/\/soydeaqui.ddns.net\/pachuca\/wp-content\/uploads\/2026\/03\/portada_0S1000-685.png\" \/>\r\n\t<meta property=\"og:image:width\" content=\"1024\" \/>\r\n\t<meta property=\"og:image:height\" content=\"1024\" \/>\r\n\t<meta property=\"og:image:type\" content=\"image\/png\" \/>\r\n<meta name=\"twitter:card\" content=\"summary_large_image\" \/>\r\n<script type=\"application\/ld+json\" class=\"yoast-schema-graph\">{\"@context\":\"https:\\\/\\\/schema.org\",\"@graph\":[{\"@type\":\"WebPage\",\"@id\":\"https:\\\/\\\/soydeaqui.ddns.net\\\/pachuca\\\/index.php\\\/producto\\\/chfiber-t-horizontal-de-aluminio-peralte-4-ancho-4-radio-8-con-recubrimiento-en-pintura-epoxica-incluye-tapa-un-par-de-coples-y-tornilleria\\\/\",\"url\":\"https:\\\/\\\/soydeaqui.ddns.net\\\/pachuca\\\/index.php\\\/producto\\\/chfiber-t-horizontal-de-aluminio-peralte-4-ancho-4-radio-8-con-recubrimiento-en-pintura-epoxica-incluye-tapa-un-par-de-coples-y-tornilleria\\\/\",\"name\":\"CHFIBER T HORIZONTAL DE ALUMINIO PERALTE 4\\\" ANCHO 4\\\" RADIO 8\\\" CON RECUBRIMIENTO EN PINTURA EP\u00d3XICA, INCLUYE TAPA , UN PAR DE COPLES Y TORNILLER\u00cdA. - Instalaci\u00f3n de C\u00e1maras de Seguridad en Pachuca\",\"isPartOf\":{\"@id\":\"https:\\\/\\\/soydeaqui.ddns.net\\\/pachuca\\\/#website\"},\"primaryImageOfPage\":{\"@id\":\"https:\\\/\\\/soydeaqui.ddns.net\\\/pachuca\\\/index.php\\\/producto\\\/chfiber-t-horizontal-de-aluminio-peralte-4-ancho-4-radio-8-con-recubrimiento-en-pintura-epoxica-incluye-tapa-un-par-de-coples-y-tornilleria\\\/#primaryimage\"},\"image\":{\"@id\":\"https:\\\/\\\/soydeaqui.ddns.net\\\/pachuca\\\/index.php\\\/producto\\\/chfiber-t-horizontal-de-aluminio-peralte-4-ancho-4-radio-8-con-recubrimiento-en-pintura-epoxica-incluye-tapa-un-par-de-coples-y-tornilleria\\\/#primaryimage\"},\"thumbnailUrl\":\"https:\\\/\\\/soydeaqui.ddns.net\\\/pachuca\\\/wp-content\\\/uploads\\\/2026\\\/03\\\/portada_0S1000-685.png\",\"datePublished\":\"2026-03-18T09:08:41+00:00\",\"dateModified\":\"2026-03-18T09:08:44+00:00\",\"breadcrumb\":{\"@id\":\"https:\\\/\\\/soydeaqui.ddns.net\\\/pachuca\\\/index.php\\\/producto\\\/chfiber-t-horizontal-de-aluminio-peralte-4-ancho-4-radio-8-con-recubrimiento-en-pintura-epoxica-incluye-tapa-un-par-de-coples-y-tornilleria\\\/#breadcrumb\"},\"inLanguage\":\"es\",\"potentialAction\":[{\"@type\":\"ReadAction\",\"target\":[\"https:\\\/\\\/soydeaqui.ddns.net\\\/pachuca\\\/index.php\\\/producto\\\/chfiber-t-horizontal-de-aluminio-peralte-4-ancho-4-radio-8-con-recubrimiento-en-pintura-epoxica-incluye-tapa-un-par-de-coples-y-tornilleria\\\/\"]}]},{\"@type\":\"ImageObject\",\"inLanguage\":\"es\",\"@id\":\"https:\\\/\\\/soydeaqui.ddns.net\\\/pachuca\\\/index.php\\\/producto\\\/chfiber-t-horizontal-de-aluminio-peralte-4-ancho-4-radio-8-con-recubrimiento-en-pintura-epoxica-incluye-tapa-un-par-de-coples-y-tornilleria\\\/#primaryimage\",\"url\":\"https:\\\/\\\/soydeaqui.ddns.net\\\/pachuca\\\/wp-content\\\/uploads\\\/2026\\\/03\\\/portada_0S1000-685.png\",\"contentUrl\":\"https:\\\/\\\/soydeaqui.ddns.net\\\/pachuca\\\/wp-content\\\/uploads\\\/2026\\\/03\\\/portada_0S1000-685.png\",\"width\":1024,\"height\":1024},{\"@type\":\"BreadcrumbList\",\"@id\":\"https:\\\/\\\/soydeaqui.ddns.net\\\/pachuca\\\/index.php\\\/producto\\\/chfiber-t-horizontal-de-aluminio-peralte-4-ancho-4-radio-8-con-recubrimiento-en-pintura-epoxica-incluye-tapa-un-par-de-coples-y-tornilleria\\\/#breadcrumb\",\"itemListElement\":[{\"@type\":\"ListItem\",\"position\":1,\"name\":\"Inicio\",\"item\":\"https:\\\/\\\/soydeaqui.ddns.net\\\/pachuca\\\/\"},{\"@type\":\"ListItem\",\"position\":2,\"name\":\"Shop\",\"item\":\"https:\\\/\\\/soydeaqui.ddns.net\\\/pachuca\\\/index.php\\\/shop\\\/\"},{\"@type\":\"ListItem\",\"position\":3,\"name\":\"CHFIBER T HORIZONTAL DE ALUMINIO PERALTE 4&#8243; ANCHO 4&#8243; RADIO 8&#8243; CON RECUBRIMIENTO EN PINTURA EP\u00d3XICA, INCLUYE TAPA , UN PAR DE COPLES Y TORNILLER\u00cdA.\"}]},{\"@type\":\"WebSite\",\"@id\":\"https:\\\/\\\/soydeaqui.ddns.net\\\/pachuca\\\/#website\",\"url\":\"https:\\\/\\\/soydeaqui.ddns.net\\\/pachuca\\\/\",\"name\":\"Instalaci\u00f3n de C\u00e1maras de Seguridad en Pachuca\",\"description\":\"Instalaci\u00f3n de CCTV en Pachuca\",\"potentialAction\":[{\"@type\":\"SearchAction\",\"target\":{\"@type\":\"EntryPoint\",\"urlTemplate\":\"https:\\\/\\\/soydeaqui.ddns.net\\\/pachuca\\\/?s={search_term_string}\"},\"query-input\":{\"@type\":\"PropertyValueSpecification\",\"valueRequired\":true,\"valueName\":\"search_term_string\"}}],\"inLanguage\":\"es\"}]}<\/script>\r\n<!-- \/ Yoast SEO plugin. -->","yoast_head_json":{"title":"CHFIBER T HORIZONTAL DE ALUMINIO PERALTE 4\" ANCHO 4\" RADIO 8\" CON RECUBRIMIENTO EN PINTURA EP\u00d3XICA, INCLUYE TAPA , UN PAR DE COPLES Y TORNILLER\u00cdA. - Instalaci\u00f3n de C\u00e1maras de Seguridad en Pachuca","robots":{"index":"index","follow":"follow","max-snippet":"max-snippet:-1","max-image-preview":"max-image-preview:large","max-video-preview":"max-video-preview:-1"},"canonical":"https:\/\/soydeaqui.ddns.net\/pachuca\/index.php\/producto\/chfiber-t-horizontal-de-aluminio-peralte-4-ancho-4-radio-8-con-recubrimiento-en-pintura-epoxica-incluye-tapa-un-par-de-coples-y-tornilleria\/","og_locale":"es_MX","og_type":"article","og_title":"CHFIBER T HORIZONTAL DE ALUMINIO PERALTE 4\" ANCHO 4\" RADIO 8\" CON RECUBRIMIENTO EN PINTURA EP\u00d3XICA, INCLUYE TAPA , UN PAR DE COPLES Y TORNILLER\u00cdA. - Instalaci\u00f3n de C\u00e1maras de Seguridad en Pachuca","og_description":"CHFIBER T HORIZONTAL DE ALUMINIO PERALTE 4\" ANCHO 4\" RADIO 8\" CON RECUBRIMIENTO EN PINTURA EP\u00d3XICA, INCLUYE TAPA , UN PAR DE COPLES Y TORNILLER\u00cdA.","og_url":"https:\/\/soydeaqui.ddns.net\/pachuca\/index.php\/producto\/chfiber-t-horizontal-de-aluminio-peralte-4-ancho-4-radio-8-con-recubrimiento-en-pintura-epoxica-incluye-tapa-un-par-de-coples-y-tornilleria\/","og_site_name":"Instalaci\u00f3n de C\u00e1maras de Seguridad en Pachuca","article_modified_time":"2026-03-18T09:08:44+00:00","og_image":[{"width":1024,"height":1024,"url":"https:\/\/soydeaqui.ddns.net\/pachuca\/wp-content\/uploads\/2026\/03\/portada_0S1000-685.png","type":"image\/png"}],"twitter_card":"summary_large_image","schema":{"@context":"https:\/\/schema.org","@graph":[{"@type":"WebPage","@id":"https:\/\/soydeaqui.ddns.net\/pachuca\/index.php\/producto\/chfiber-t-horizontal-de-aluminio-peralte-4-ancho-4-radio-8-con-recubrimiento-en-pintura-epoxica-incluye-tapa-un-par-de-coples-y-tornilleria\/","url":"https:\/\/soydeaqui.ddns.net\/pachuca\/index.php\/producto\/chfiber-t-horizontal-de-aluminio-peralte-4-ancho-4-radio-8-con-recubrimiento-en-pintura-epoxica-incluye-tapa-un-par-de-coples-y-tornilleria\/","name":"CHFIBER T HORIZONTAL DE ALUMINIO PERALTE 4\" ANCHO 4\" RADIO 8\" CON RECUBRIMIENTO EN PINTURA EP\u00d3XICA, INCLUYE TAPA , UN PAR DE COPLES Y TORNILLER\u00cdA. - Instalaci\u00f3n de C\u00e1maras de Seguridad en Pachuca","isPartOf":{"@id":"https:\/\/soydeaqui.ddns.net\/pachuca\/#website"},"primaryImageOfPage":{"@id":"https:\/\/soydeaqui.ddns.net\/pachuca\/index.php\/producto\/chfiber-t-horizontal-de-aluminio-peralte-4-ancho-4-radio-8-con-recubrimiento-en-pintura-epoxica-incluye-tapa-un-par-de-coples-y-tornilleria\/#primaryimage"},"image":{"@id":"https:\/\/soydeaqui.ddns.net\/pachuca\/index.php\/producto\/chfiber-t-horizontal-de-aluminio-peralte-4-ancho-4-radio-8-con-recubrimiento-en-pintura-epoxica-incluye-tapa-un-par-de-coples-y-tornilleria\/#primaryimage"},"thumbnailUrl":"https:\/\/soydeaqui.ddns.net\/pachuca\/wp-content\/uploads\/2026\/03\/portada_0S1000-685.png","datePublished":"2026-03-18T09:08:41+00:00","dateModified":"2026-03-18T09:08:44+00:00","breadcrumb":{"@id":"https:\/\/soydeaqui.ddns.net\/pachuca\/index.php\/producto\/chfiber-t-horizontal-de-aluminio-peralte-4-ancho-4-radio-8-con-recubrimiento-en-pintura-epoxica-incluye-tapa-un-par-de-coples-y-tornilleria\/#breadcrumb"},"inLanguage":"es","potentialAction":[{"@type":"ReadAction","target":["https:\/\/soydeaqui.ddns.net\/pachuca\/index.php\/producto\/chfiber-t-horizontal-de-aluminio-peralte-4-ancho-4-radio-8-con-recubrimiento-en-pintura-epoxica-incluye-tapa-un-par-de-coples-y-tornilleria\/"]}]},{"@type":"ImageObject","inLanguage":"es","@id":"https:\/\/soydeaqui.ddns.net\/pachuca\/index.php\/producto\/chfiber-t-horizontal-de-aluminio-peralte-4-ancho-4-radio-8-con-recubrimiento-en-pintura-epoxica-incluye-tapa-un-par-de-coples-y-tornilleria\/#primaryimage","url":"https:\/\/soydeaqui.ddns.net\/pachuca\/wp-content\/uploads\/2026\/03\/portada_0S1000-685.png","contentUrl":"https:\/\/soydeaqui.ddns.net\/pachuca\/wp-content\/uploads\/2026\/03\/portada_0S1000-685.png","width":1024,"height":1024},{"@type":"BreadcrumbList","@id":"https:\/\/soydeaqui.ddns.net\/pachuca\/index.php\/producto\/chfiber-t-horizontal-de-aluminio-peralte-4-ancho-4-radio-8-con-recubrimiento-en-pintura-epoxica-incluye-tapa-un-par-de-coples-y-tornilleria\/#breadcrumb","itemListElement":[{"@type":"ListItem","position":1,"name":"Inicio","item":"https:\/\/soydeaqui.ddns.net\/pachuca\/"},{"@type":"ListItem","position":2,"name":"Shop","item":"https:\/\/soydeaqui.ddns.net\/pachuca\/index.php\/shop\/"},{"@type":"ListItem","position":3,"name":"CHFIBER T HORIZONTAL DE ALUMINIO PERALTE 4&#8243; ANCHO 4&#8243; RADIO 8&#8243; CON RECUBRIMIENTO EN PINTURA EP\u00d3XICA, INCLUYE TAPA , UN PAR DE COPLES Y TORNILLER\u00cdA."}]},{"@type":"WebSite","@id":"https:\/\/soydeaqui.ddns.net\/pachuca\/#website","url":"https:\/\/soydeaqui.ddns.net\/pachuca\/","name":"Instalaci\u00f3n de C\u00e1maras de Seguridad en Pachuca","description":"Instalaci\u00f3n de CCTV en Pachuca","potentialAction":[{"@type":"SearchAction","target":{"@type":"EntryPoint","urlTemplate":"https:\/\/soydeaqui.ddns.net\/pachuca\/?s={search_term_string}"},"query-input":{"@type":"PropertyValueSpecification","valueRequired":true,"valueName":"search_term_string"}}],"inLanguage":"es"}]}},"_links":{"self":[{"href":"https:\/\/soydeaqui.ddns.net\/pachuca\/index.php\/wp-json\/wp\/v2\/product\/16462","targetHints":{"allow":["GET"]}}],"collection":[{"href":"https:\/\/soydeaqui.ddns.net\/pachuca\/index.php\/wp-json\/wp\/v2\/product"}],"about":[{"href":"https:\/\/soydeaqui.ddns.net\/pachuca\/index.php\/wp-json\/wp\/v2\/types\/product"}],"replies":[{"embeddable":true,"href":"https:\/\/soydeaqui.ddns.net\/pachuca\/index.php\/wp-json\/wp\/v2\/comments?post=16462"}],"wp:featuredmedia":[{"embeddable":true,"href":"https:\/\/soydeaqui.ddns.net\/pachuca\/index.php\/wp-json\/wp\/v2\/media\/16461"}],"wp:attachment":[{"href":"https:\/\/soydeaqui.ddns.net\/pachuca\/index.php\/wp-json\/wp\/v2\/media?parent=16462"}],"wp:term":[{"taxonomy":"product_brand","embeddable":true,"href":"https:\/\/soydeaqui.ddns.net\/pachuca\/index.php\/wp-json\/wp\/v2\/product_brand?post=16462"},{"taxonomy":"product_cat","embeddable":true,"href":"https:\/\/soydeaqui.ddns.net\/pachuca\/index.php\/wp-json\/wp\/v2\/product_cat?post=16462"},{"taxonomy":"product_tag","embeddable":true,"href":"https:\/\/soydeaqui.ddns.net\/pachuca\/index.php\/wp-json\/wp\/v2\/product_tag?post=16462"}],"curies":[{"name":"wp","href":"https:\/\/api.w.org\/{rel}","templated":true}]}}