{"id":16416,"date":"2026-03-18T09:07:57","date_gmt":"2026-03-18T09:07:57","guid":{"rendered":"https:\/\/soydeaqui.ddns.net\/pachuca\/index.php\/producto\/fiber-jumper-duplex-xglo-multimodo-lc-bladepatch-lc-bladepatch-rfp-om4-50-125-aqua-lsoh-3c-10-metros-32-81-pies\/"},"modified":"2026-03-18T09:07:57","modified_gmt":"2026-03-18T09:07:57","slug":"fiber-jumper-duplex-xglo-multimodo-lc-bladepatch-lc-bladepatch-rfp-om4-50-125-aqua-lsoh-3c-10-metros-32-81-pies","status":"publish","type":"product","link":"https:\/\/soydeaqui.ddns.net\/pachuca\/index.php\/producto\/fiber-jumper-duplex-xglo-multimodo-lc-bladepatch-lc-bladepatch-rfp-om4-50-125-aqua-lsoh-3c-10-metros-32-81-pies\/","title":{"rendered":"Fiber, Jumper, Duplex, Xglo, Multimodo, Lc Bladepatch, Lc Bladepatch, Rfp, Om4, 50\/125, Aqua, Lsoh-3C, 10 Metros (32.81 Pies)"},"content":{"rendered":"<div style='width: 100%; max-width: 1200px; margin: 0 auto; font-family: sans-serif; line-height: 1.6; color: inherit; background-color: transparent;'>\n<div style='display: flex; flex-wrap: wrap; gap: 30px; margin-bottom: 30px;'>\n<div style='flex: 1 1 300px; min-width: 280px;'>\n<h3 style='font-size: 22px; border-bottom: 2px solid currentColor; padding-bottom: 5px; margin-top: 0; color: inherit; opacity: 0.8;'>Caracter\u00edsticas Principales<\/h3>\n<p style='font-size: 15px; color: inherit; margin-top: 0;'> El conector d\u00faplex BladePatch\u00ae LC de Siemon&comma; ofrece una soluci\u00f3n \u00fanica para entornos de conexi\u00f3n de fibra \u00f3ptica de alta densidad. Cuenta con un revolucionario e innovador dise\u00f1o de bota&comma; push-pull&comma; para controlar el broche del seguro&comma; posibilitando el f\u00e1cil acceso y remoci\u00f3n en zonas muy estrechas. El LC BladePatch utiliza un dise\u00f1o de cable de menor di\u00e1metro unitubo&comma; que reduce la congesti\u00f3n de la ruta del cable de fibra&comma; mejora el flujo de aire e incrementa la eficiencia energ\u00e9tica&comma; al tiempo que simplifica la gesti\u00f3n total del cable de fibra. El LC BladePatch proporciona un desempe\u00f1o que permite la f\u00e1cil administraci\u00f3n en fibras multimodo y monomodo&comma; y as\u00ed soportar los requerimientos precisos de desempe\u00f1o \u00f3ptico para redes de alta velocidad lo que mejora el rendimiento de la red. El LC BladePatch es ideal para la conexi\u00f3n de Servidores Blade de alta densidad&comma; paneles de conexi\u00f3n y equipos. Los ensambles de cables de fibra \u00f3ptica XGLO\u00ae son ideales para soportar aplicaciones de fibra 10 Gigabit para distancias extensas y redes troncales o de cableado vertical de pr\u00f3xima generaci\u00f3n. <\/p>\n<\/p><\/div>\n<\/p><\/div>\n<div style='display: flex; flex-wrap: wrap; gap: 20px; margin-bottom: 30px;'>\n<div style='flex: 1 1 250px; border: 1px solid rgba(150&comma; 150&comma; 150&comma; 0.4); border-radius: 8px; overflow: hidden; display: flex; flex-direction: column;'>\n<div style='padding: 15px; border-bottom: 1px solid rgba(150&comma; 150&comma; 150&comma; 0.2); font-weight: bold; font-size: 18px; color: inherit;'>Especificaciones<\/div>\n<div style='padding: 15px; color: inherit;'>\n<p style='margin: 0; font-size: 14px;'> Los ensambles de cables XGLO cuentan con fibra de primera calidad que cumple con los est\u00e1ndares IEEE 802.3 10 Gigabit Ethernet&comma; as\u00ed como la norma IEC-60793-2-10 y TIA-492AAAC (OM3)&comma; TIA-492AAAD (OM4) especificaciones de ancho de banda l\u00e1ser Diferencial Mode Delay (DMD). Adem\u00e1s&comma; estos ensambles ofrecen un conector de pulido superior que cumple con las estrictas especificaciones Telcordia e ISO\/IEC para la geometr\u00eda de la superficie frontal y supera todas las normas ANSI\/TIA e ISO\/IEC en cuanto a los requisitos de p\u00e9rdida de inserci\u00f3n y retorno. Estos ensambles de cables de precisi\u00f3n tienen una garant\u00eda de 20 a\u00f1os y aseguran un soporte \u00f3ptimo para las aplicaciones 10 Gigabit Ethernet de transmisi\u00f3n en serie&comma; siempre y cuando se instale en un sistema calificado XGLO. La inspecci\u00f3n al 100% garantiza un rendimiento y calidad superiores. <\/p>\n<\/p><\/div>\n<\/p><\/div>\n<\/p><\/div>\n<div style='display: flex; flex-wrap: wrap; gap: 30px; margin-bottom: 30px;'>\n<div style='flex: 1 1 300px; min-width: 280px;'>\n<div style='width: 100%; max-width: 800px; margin: 0 auto;'> <img style='width: 100%; height: auto; border: 1px solid rgba(150&comma;150&comma;150&comma;0.3); border-radius: 8px;' src='http:\/\/ftp3.syscom.mx\/usuarios\/fotos\/FBPLCLC5V03AQ\/88315-foto.jpg' alt=''> <\/div>\n<\/p><\/div>\n<\/p><\/div>\n<hr style='border: 0; border-top: 1px solid rgba(150&comma; 150&comma; 150&comma; 0.3); margin: 30px 0;'> <\/div>\n","protected":false},"excerpt":{"rendered":"<p>Fiber, Jumper, Duplex, Xglo, Multimodo, Lc Bladepatch, Lc Bladepatch, Rfp, Om4, 50\/125, Aqua, Lsoh-3C, 10 Metros (32.81 Pies)<\/p>\n","protected":false},"featured_media":32,"comment_status":"open","ping_status":"closed","template":"","meta":[],"product_brand":[],"product_cat":[617],"product_tag":[611,618,600],"class_list":{"0":"post-16416","1":"product","2":"type-product","3":"status-publish","4":"has-post-thumbnail","6":"product_cat-jumpers-y-pigtails","7":"product_tag-fibra-optica","8":"product_tag-jumpers-y-pigtails","9":"product_tag-siemon","11":"first","12":"outofstock","13":"sale","14":"shipping-taxable","15":"purchasable","16":"product-type-simple"},"_links":{"self":[{"href":"https:\/\/soydeaqui.ddns.net\/pachuca\/index.php\/wp-json\/wp\/v2\/product\/16416","targetHints":{"allow":["GET"]}}],"collection":[{"href":"https:\/\/soydeaqui.ddns.net\/pachuca\/index.php\/wp-json\/wp\/v2\/product"}],"about":[{"href":"https:\/\/soydeaqui.ddns.net\/pachuca\/index.php\/wp-json\/wp\/v2\/types\/product"}],"replies":[{"embeddable":true,"href":"https:\/\/soydeaqui.ddns.net\/pachuca\/index.php\/wp-json\/wp\/v2\/comments?post=16416"}],"wp:featuredmedia":[{"embeddable":true,"href":"https:\/\/soydeaqui.ddns.net\/pachuca\/index.php\/wp-json\/wp\/v2\/media\/32"}],"wp:attachment":[{"href":"https:\/\/soydeaqui.ddns.net\/pachuca\/index.php\/wp-json\/wp\/v2\/media?parent=16416"}],"wp:term":[{"taxonomy":"product_brand","embeddable":true,"href":"https:\/\/soydeaqui.ddns.net\/pachuca\/index.php\/wp-json\/wp\/v2\/product_brand?post=16416"},{"taxonomy":"product_cat","embeddable":true,"href":"https:\/\/soydeaqui.ddns.net\/pachuca\/index.php\/wp-json\/wp\/v2\/product_cat?post=16416"},{"taxonomy":"product_tag","embeddable":true,"href":"https:\/\/soydeaqui.ddns.net\/pachuca\/index.php\/wp-json\/wp\/v2\/product_tag?post=16416"}],"curies":[{"name":"wp","href":"https:\/\/api.w.org\/{rel}","templated":true}]}}