{"id":16411,"date":"2026-03-18T09:07:50","date_gmt":"2026-03-18T09:07:50","guid":{"rendered":"https:\/\/soydeaqui.ddns.net\/pachuca\/index.php\/producto\/fiber-jumper-duplex-xglo-multimodo-lc-bladepatch-lc-bladepatch-rfp-om4-50-125-aqua-lsoh-3c-25-metros-82-02-pies\/"},"modified":"2026-03-18T09:07:50","modified_gmt":"2026-03-18T09:07:50","slug":"fiber-jumper-duplex-xglo-multimodo-lc-bladepatch-lc-bladepatch-rfp-om4-50-125-aqua-lsoh-3c-25-metros-82-02-pies","status":"publish","type":"product","link":"https:\/\/soydeaqui.ddns.net\/pachuca\/index.php\/producto\/fiber-jumper-duplex-xglo-multimodo-lc-bladepatch-lc-bladepatch-rfp-om4-50-125-aqua-lsoh-3c-25-metros-82-02-pies\/","title":{"rendered":"Fiber, Jumper, Duplex, Xglo, Multimodo, Lc Bladepatch, Lc Bladepatch, Rfp, Om4, 50\/125, Aqua, Lsoh-3c, 25 Metros (82.02 Pies)"},"content":{"rendered":"<div style='width: 100%; max-width: 1200px; margin: 0 auto; font-family: sans-serif; line-height: 1.6; color: inherit; background-color: transparent;'>\n<div style='display: flex; flex-wrap: wrap; gap: 30px; margin-bottom: 30px;'>\n<div style='flex: 1 1 300px; min-width: 280px;'>\n<h3 style='font-size: 22px; border-bottom: 2px solid currentColor; padding-bottom: 5px; margin-top: 0; color: inherit; opacity: 0.8;'>Caracter\u00edsticas principales<\/h3>\n<ul style='padding-left: 20px; font-size: 15px; color: inherit;'>\n<li style='margin-bottom: 5px;'>El conector d\u00faplex BladePatch\u00ae LC de Siemon ofrece soluci\u00f3n para entornos de conexi\u00f3n de fibra \u00f3ptica de alta densidad<\/li>\n<li style='margin-bottom: 5px;'>Dise\u00f1o de bota push-pull para control del broche del seguro<\/li>\n<li style='margin-bottom: 5px;'>Dise\u00f1o de cable de menor di\u00e1metro unitubo que reduce congesti\u00f3n de rutas<\/li>\n<li style='margin-bottom: 5px;'>Mejora flujo de aire e incrementa eficiencia energ\u00e9tica<\/li>\n<li style='margin-bottom: 5px;'>Soporta redes de alta velocidad 10 Gigabit Ethernet<\/li>\n<li style='margin-bottom: 5px;'>Compatible con est\u00e1ndares IEEE 802.3&comma; IEC-60793-2-10&comma; TIA-492AAAC (OM3) y TIA-492AAAD (OM4)<\/li>\n<li style='margin-bottom: 5px;'>Garant\u00eda de 20 a\u00f1os<\/li>\n<\/ul><\/div>\n<div style='flex: 1 1 300px; min-width: 280px;'>\n<h3 style='font-size: 22px; border-bottom: 2px solid currentColor; padding-bottom: 5px; margin-top: 0; color: inherit; opacity: 0.8;'>Aplicaciones<\/h3>\n<ul style='padding-left: 20px; font-size: 15px; color: inherit;'>\n<li style='margin-bottom: 5px;'>Conexi\u00f3n de servidores Blade de alta densidad<\/li>\n<li style='margin-bottom: 5px;'>Paneles de conexi\u00f3n<\/li>\n<li style='margin-bottom: 5px;'>Equipos de red<\/li>\n<li style='margin-bottom: 5px;'>Redes troncales o de cableado vertical<\/li>\n<li style='margin-bottom: 5px;'>Aplicaciones de fibra 10 Gigabit para distancias extensas<\/li>\n<\/ul><\/div>\n<\/p><\/div>\n<div style='display: flex; flex-wrap: wrap; gap: 20px; margin-bottom: 30px;'>\n<div style='flex: 1 1 250px; border: 1px solid rgba(150&comma; 150&comma; 150&comma; 0.4); border-radius: 8px; overflow: hidden; display: flex; flex-direction: column;'>\n<div style='padding: 15px; border-bottom: 1px solid rgba(150&comma; 150&comma; 150&comma; 0.2); font-weight: bold; font-size: 18px; color: inherit;'>Especificaciones t\u00e9cnicas<\/div>\n<div style='padding: 15px; color: inherit;'>\n<ul style='padding-left: 20px; margin: 0; font-size: 14px; list-style-type: disc;'>\n<li style='margin-bottom: 5px;'><strong>Tipo:<\/strong> Fibra \u00f3ptica<\/li>\n<li style='margin-bottom: 5px;'><strong>Conector:<\/strong> LC BladePatch d\u00faplex<\/li>\n<li style='margin-bottom: 5px;'><strong>Modo:<\/strong> Multimodo<\/li>\n<li style='margin-bottom: 5px;'><strong>Estandar:<\/strong> OM4 50\/125<\/li>\n<li style='margin-bottom: 5px;'><strong>Color:<\/strong> Aqua<\/li>\n<li style='margin-bottom: 5px;'><strong>Material:<\/strong> LSOH-3C<\/li>\n<li style='margin-bottom: 5px;'><strong>Longitud:<\/strong> 25 metros<\/li>\n<li style='margin-bottom: 5px;'><strong>Color del conector:<\/strong> Verde<\/li>\n<\/ul><\/div>\n<\/p><\/div>\n<div style='flex: 1 1 250px; border: 1px solid rgba(150&comma; 150&comma; 150&comma; 0.4); border-radius: 8px; overflow: hidden; display: flex; flex-direction: column;'>\n<div style='padding: 15px; border-bottom: 1px solid rgba(150&comma; 150&comma; 150&comma; 0.2); font-weight: bold; font-size: 18px; color: inherit;'>Rendimiento<\/div>\n<div style='padding: 15px; color: inherit;'>\n<ul style='padding-left: 20px; margin: 0; font-size: 14px; list-style-type: disc;'>\n<li style='margin-bottom: 5px;'>Cumple con est\u00e1ndares IEEE 802.3 10 Gigabit Ethernet<\/li>\n<li style='margin-bottom: 5px;'>Cumple con norma IEC-60793-2-10<\/li>\n<li style='margin-bottom: 5px;'>Cumple con especificaciones TIA-492AAAC (OM3) y TIA-492AAAD (OM4)<\/li>\n<li style='margin-bottom: 5px;'>Dise\u00f1o de cable de menor di\u00e1metro unitubo<\/li>\n<li style='margin-bottom: 5px;'>Conector de pulido superior con especificaciones Telcordia e ISO\/IEC<\/li>\n<li style='margin-bottom: 5px;'>Inspecci\u00f3n al 100% garantiza rendimiento y calidad<\/li>\n<\/ul><\/div>\n<\/p><\/div>\n<div style='flex: 1 1 250px; border: 1px solid rgba(150&comma; 150&comma; 150&comma; 0.4); border-radius: 8px; overflow: hidden; display: flex; flex-direction: column;'>\n<div style='padding: 15px; border-bottom: 1px solid rgba(150&comma; 150&comma; 150&comma; 0.2); font-weight: bold; font-size: 18px; color: inherit;'>Beneficios<\/div>\n<div style='padding: 15px; color: inherit;'>\n<ul style='padding-left: 20px; margin: 0; font-size: 14px; list-style-type: disc;'>\n<li style='margin-bottom: 5px;'>F\u00e1cil acceso y remoci\u00f3n en zonas estrechas<\/li>\n<li style='margin-bottom: 5px;'>Reduce congesti\u00f3n en rutas de cableado<\/li>\n<li style='margin-bottom: 5px;'>Mejora flujo de aire y eficiencia energ\u00e9tica<\/li>\n<li style='margin-bottom: 5px;'>Simplifica gesti\u00f3n total del cable de fibra<\/li>\n<li style='margin-bottom: 5px;'>Soporta aplicaciones de 10 Gigabit Ethernet<\/li>\n<li style='margin-bottom: 5px;'>F\u00e1cil administraci\u00f3n en fibras multimodo y monomodo<\/li>\n<\/ul><\/div>\n<\/p><\/div>\n<\/p><\/div>\n<p> <!-- Secci\u00f3n de imagen --> <\/p>\n<div style='margin-bottom: 30px;'> <img style='width: 100%; height: auto; border: 1px solid rgba(150&comma;150&comma;150&comma;0.3); border-radius: 8px;' src='http:\/\/ftp3.syscom.mx\/usuarios\/fotos\/FBPLCLC5V03AQ\/88315-foto.jpg' alt=''> <\/div>\n<p> <!-- Separador --> <\/p>\n<hr style='border: 0; border-top: 1px solid rgba(150&comma; 150&comma; 150&comma; 0.3); margin: 30px 0;'> <\/div>\n","protected":false},"excerpt":{"rendered":"<p>Fiber, Jumper, Duplex, Xglo, Multimodo, Lc Bladepatch, Lc Bladepatch, Rfp, Om4, 50\/125, Aqua, Lsoh-3c, 25 Metros (82.02 Pies)<\/p>\n","protected":false},"featured_media":32,"comment_status":"open","ping_status":"closed","template":"","meta":[],"product_brand":[],"product_cat":[617],"product_tag":[611,618,600],"class_list":{"0":"post-16411","1":"product","2":"type-product","3":"status-publish","4":"has-post-thumbnail","6":"product_cat-jumpers-y-pigtails","7":"product_tag-fibra-optica","8":"product_tag-jumpers-y-pigtails","9":"product_tag-siemon","11":"first","12":"outofstock","13":"sale","14":"shipping-taxable","15":"purchasable","16":"product-type-simple"},"_links":{"self":[{"href":"https:\/\/soydeaqui.ddns.net\/pachuca\/index.php\/wp-json\/wp\/v2\/product\/16411","targetHints":{"allow":["GET"]}}],"collection":[{"href":"https:\/\/soydeaqui.ddns.net\/pachuca\/index.php\/wp-json\/wp\/v2\/product"}],"about":[{"href":"https:\/\/soydeaqui.ddns.net\/pachuca\/index.php\/wp-json\/wp\/v2\/types\/product"}],"replies":[{"embeddable":true,"href":"https:\/\/soydeaqui.ddns.net\/pachuca\/index.php\/wp-json\/wp\/v2\/comments?post=16411"}],"wp:featuredmedia":[{"embeddable":true,"href":"https:\/\/soydeaqui.ddns.net\/pachuca\/index.php\/wp-json\/wp\/v2\/media\/32"}],"wp:attachment":[{"href":"https:\/\/soydeaqui.ddns.net\/pachuca\/index.php\/wp-json\/wp\/v2\/media?parent=16411"}],"wp:term":[{"taxonomy":"product_brand","embeddable":true,"href":"https:\/\/soydeaqui.ddns.net\/pachuca\/index.php\/wp-json\/wp\/v2\/product_brand?post=16411"},{"taxonomy":"product_cat","embeddable":true,"href":"https:\/\/soydeaqui.ddns.net\/pachuca\/index.php\/wp-json\/wp\/v2\/product_cat?post=16411"},{"taxonomy":"product_tag","embeddable":true,"href":"https:\/\/soydeaqui.ddns.net\/pachuca\/index.php\/wp-json\/wp\/v2\/product_tag?post=16411"}],"curies":[{"name":"wp","href":"https:\/\/api.w.org\/{rel}","templated":true}]}}