{"id":16408,"date":"2026-03-18T09:07:47","date_gmt":"2026-03-18T09:07:47","guid":{"rendered":"https:\/\/soydeaqui.ddns.net\/pachuca\/index.php\/producto\/aire-acondicionado-spectracool-slim-fit-s16-interior-uso-en-gabinetes-de-telecomunicaciones-13500-btu-460-vca-de-acero-color-gris-claro\/"},"modified":"2026-03-18T09:07:48","modified_gmt":"2026-03-18T09:07:48","slug":"aire-acondicionado-spectracool-slim-fit-s16-interior-uso-en-gabinetes-de-telecomunicaciones-13500-btu-460-vca-de-acero-color-gris-claro","status":"publish","type":"product","link":"https:\/\/soydeaqui.ddns.net\/pachuca\/index.php\/producto\/aire-acondicionado-spectracool-slim-fit-s16-interior-uso-en-gabinetes-de-telecomunicaciones-13500-btu-460-vca-de-acero-color-gris-claro\/","title":{"rendered":"Aire Acondicionado SpectraCool Slim Fit S16 Interior, Uso en Gabinetes de Telecomunicaciones, 13500 BTU, 460 Vca, de Acero, Color Gris Claro"},"content":{"rendered":"<div style='width: 100%; max-width: 1200px; margin: 0 auto; font-family: sans-serif; line-height: 1.6; color: inherit; background-color: transparent;'>\n<div style='display: flex; flex-wrap: wrap; gap: 30px; margin-bottom: 30px;'>\n<div style='flex: 1 1 300px; min-width: 280px;'>\n<h3 style='font-size: 22px; border-bottom: 2px solid currentColor; padding-bottom: 5px; margin-top: 0; color: inherit; opacity: 0.8;'>Caracter\u00edsticas principales<\/h3>\n<ul style='padding-left: 20px; font-size: 15px; color: inherit;'>\n<li style='margin-bottom: 5px;'>Dise\u00f1o Slim Fit con tres opciones de montaje; montaje en superficie&comma; empotrado parcial y totalmente empotrado<\/li>\n<li style='margin-bottom: 5px;'>Cubierta de pl\u00e1stico de dise\u00f1o est\u00e9tico para optimizar el flujo de aire<\/li>\n<li style='margin-bottom: 5px;'>Refrigerante R134a<\/li>\n<li style='margin-bottom: 5px;'>Voltaje 400\/460 Vac (50\/60 Hz)<\/li>\n<li style='margin-bottom: 5px;'>Rango de temperatura de servicio desde 50 F \/ 10 C a 131 F \/ 55 C<\/li>\n<li style='margin-bottom: 5px;'>F\u00e1cil sustituci\u00f3n del filtro para entornos con mucho polvo<\/li>\n<li style='margin-bottom: 5px;'>Bobinas resistentes al polvo para un funcionamiento sin filtro<\/li>\n<li style='margin-bottom: 5px;'>Gesti\u00f3n del condensado activa para evitar el goteo de agua<\/li>\n<li style='margin-bottom: 5px;'>Compresor de rotaci\u00f3n eficiente energ\u00e9ticamente<\/li>\n<li style='margin-bottom: 5px;'>Suministro de energ\u00eda del bloque de terminales<\/li>\n<li style='margin-bottom: 5px;'>Dimensi\u00f3n de recorte est\u00e1ndar para un f\u00e1cil cambio<\/li>\n<li style='margin-bottom: 5px;'>Todas las unidades han sido probadas a nivel funcional antes del env\u00edo<\/li>\n<li style='margin-bottom: 5px;'>Los acondicionadores de aire est\u00e1ndar son compatibles con un interruptor de la puerta de la caja<\/li>\n<li style='margin-bottom: 5px;'>Las unidades de control de acceso remoto admiten hasta 2 sensores de temperatura y 10 alarmas. Admiten m\u00faltiples protocolos de comunicaci\u00f3n: SNMP&comma; Modbus TCP&comma; Ethernet\/IP y Profinet.<\/li>\n<li style='margin-bottom: 5px;'>Hardware de montaje&comma; juntas y manual del usuario suministrados con la unidad<\/li>\n<\/ul><\/div>\n<\/p><\/div>\n<hr style='border: 0; border-top: 1px solid rgba(150&comma; 150&comma; 150&comma; 0.3); margin: 30px 0;'>\n<div style='display: flex; flex-wrap: wrap; gap: 20px; margin-bottom: 30px;'>\n<div style='flex: 1 1 250px; border: 1px solid rgba(150&comma; 150&comma; 150&comma; 0.4); border-radius: 8px; overflow: hidden; display: flex; flex-direction: column;'>\n<div style='padding: 15px; border-bottom: 1px solid rgba(150&comma; 150&comma; 150&comma; 0.2); font-weight: bold; font-size: 18px; color: inherit;'>Especificaciones T\u00e9cnicas<\/div>\n<div style='padding: 15px; color: inherit;'>\n<ul style='padding-left: 20px; margin: 0; font-size: 14px; list-style-type: disc;'>\n<li style='margin-bottom: 5px;'><strong>Altura:<\/strong> 1580mm<\/li>\n<li style='margin-bottom: 5px;'><strong>Ancho:<\/strong> 500mm<\/li>\n<li style='margin-bottom: 5px;'><strong>Profundidad:<\/strong> 340 mm<\/li>\n<li style='margin-bottom: 5px;'><strong>Material:<\/strong> Acero suave<\/li>\n<li style='margin-bottom: 5px;'><strong>Tensi\u00f3n nominal:<\/strong> 460 V<\/li>\n<li style='margin-bottom: 5px;'><strong>Capacidad nominal (Watts):<\/strong> 4000<\/li>\n<li style='margin-bottom: 5px;'><strong>Capacidad nominal (Btu\/h):<\/strong> 13500 BTU\/h<\/li>\n<li style='margin-bottom: 5px;'><strong>Clasificaci\u00f3n de protecci\u00f3n:<\/strong> NEMA Tipo 4; NEMA Tipo 3R<\/li>\n<li style='margin-bottom: 5px;'><strong>Temperatura de funcionamiento:<\/strong> 50\u2013131\u00b0F \/ 10\u201355\u00b0C<\/li>\n<li style='margin-bottom: 5px;'><strong>Corriente m\u00e1x:<\/strong> 15 A<\/li>\n<li style='margin-bottom: 5px;'><strong>Control de acceso remoto:<\/strong> No<\/li>\n<li style='margin-bottom: 5px;'><strong>Acabado:<\/strong> Polvo recubierto<\/li>\n<li style='margin-bottom: 5px;'><strong>Color:<\/strong> Gris claro<\/li>\n<li style='margin-bottom: 5px;'><strong>C\u00f3digo de colores:<\/strong> RAL 7035<\/li>\n<li style='margin-bottom: 5px;'><strong>Grosor:<\/strong> Calibre 20\/1.21 mm<\/li>\n<li style='margin-bottom: 5px;'><strong>Peso:<\/strong> 135 lb (61.23 kg)<\/li>\n<\/ul><\/div>\n<\/p><\/div>\n<\/p><\/div>\n<\/p><\/div>\n","protected":false},"excerpt":{"rendered":"<p>Aire Acondicionado SpectraCool Slim Fit S16 Interior, Uso en Gabinetes de Telecomunicaciones, 13500 BTU, 460 Vca, de Acero, Color Gris Claro<\/p>\n","protected":false},"featured_media":16407,"comment_status":"open","ping_status":"closed","template":"","meta":[],"product_brand":[],"product_cat":[633],"product_tag":[634,698,605],"class_list":{"0":"post-16408","1":"product","2":"type-product","3":"status-publish","4":"has-post-thumbnail","6":"product_cat-accesorios-para-rack-gabinetes","7":"product_tag-accesorios-para-rack-gabinetes","8":"product_tag-hoffman","9":"product_tag-racks-y-gabinetes","11":"first","12":"outofstock","13":"sale","14":"shipping-taxable","15":"purchasable","16":"product-type-simple"},"_links":{"self":[{"href":"https:\/\/soydeaqui.ddns.net\/pachuca\/index.php\/wp-json\/wp\/v2\/product\/16408","targetHints":{"allow":["GET"]}}],"collection":[{"href":"https:\/\/soydeaqui.ddns.net\/pachuca\/index.php\/wp-json\/wp\/v2\/product"}],"about":[{"href":"https:\/\/soydeaqui.ddns.net\/pachuca\/index.php\/wp-json\/wp\/v2\/types\/product"}],"replies":[{"embeddable":true,"href":"https:\/\/soydeaqui.ddns.net\/pachuca\/index.php\/wp-json\/wp\/v2\/comments?post=16408"}],"wp:featuredmedia":[{"embeddable":true,"href":"https:\/\/soydeaqui.ddns.net\/pachuca\/index.php\/wp-json\/wp\/v2\/media\/16407"}],"wp:attachment":[{"href":"https:\/\/soydeaqui.ddns.net\/pachuca\/index.php\/wp-json\/wp\/v2\/media?parent=16408"}],"wp:term":[{"taxonomy":"product_brand","embeddable":true,"href":"https:\/\/soydeaqui.ddns.net\/pachuca\/index.php\/wp-json\/wp\/v2\/product_brand?post=16408"},{"taxonomy":"product_cat","embeddable":true,"href":"https:\/\/soydeaqui.ddns.net\/pachuca\/index.php\/wp-json\/wp\/v2\/product_cat?post=16408"},{"taxonomy":"product_tag","embeddable":true,"href":"https:\/\/soydeaqui.ddns.net\/pachuca\/index.php\/wp-json\/wp\/v2\/product_tag?post=16408"}],"curies":[{"name":"wp","href":"https:\/\/api.w.org\/{rel}","templated":true}]}}