{"id":16224,"date":"2026-03-18T09:04:46","date_gmt":"2026-03-18T09:04:46","guid":{"rendered":"https:\/\/soydeaqui.ddns.net\/pachuca\/index.php\/producto\/kit-de-escalerilla-curva-vertical-bajada-exterior-15-in-de-ancho-de-acero-color-negro\/"},"modified":"2026-03-18T09:04:47","modified_gmt":"2026-03-18T09:04:47","slug":"kit-de-escalerilla-curva-vertical-bajada-exterior-15-in-de-ancho-de-acero-color-negro","status":"publish","type":"product","link":"https:\/\/soydeaqui.ddns.net\/pachuca\/index.php\/producto\/kit-de-escalerilla-curva-vertical-bajada-exterior-15-in-de-ancho-de-acero-color-negro\/","title":{"rendered":"Kit De Escalerilla Curva Vertical (Bajada) Exterior, 15 in de Ancho, de Acero, Color Negro"},"content":{"rendered":"<div style='width: 100%; max-width: 1200px; margin: 0 auto; font-family: sans-serif; line-height: 1.6; color: inherit; background-color: transparent;'>\n<div style='display: flex; flex-wrap: wrap; gap: 30px; margin-bottom: 30px;'>\n<div style='flex: 1 1 300px; min-width: 280px;'>\n<h3 style='font-size: 22px; border-bottom: 2px solid currentColor; padding-bottom: 5px; margin-top: 0; color: inherit; opacity: 0.8;'>Descripci\u00f3n<\/h3>\n<p style='margin: 0 0 15px; font-size: 15px; color: inherit;'>El sistema Ladder Rack conduce c\u00f3modamente los cables a trav\u00e9s de un recorrido modular a trav\u00e9s del espacio no utilizado en el suelo&comma; la pared o el techo&comma; manteniendo al mismo tiempo los cables accesibles para un f\u00e1cil mantenimiento. Una variedad de secciones rectas y curvas son altamente adaptables y pueden adaptarse pr\u00e1cticamente a cualquier dise\u00f1o de telecomunicaciones.<\/p>\n<\/p><\/div>\n<\/p><\/div>\n<div style='display: flex; flex-wrap: wrap; gap: 20px; margin-bottom: 30px;'>\n<div style='flex: 1 1 250px; border: 1px solid rgba(150&comma; 150&comma; 150&comma; 0.4); border-radius: 8px; overflow: hidden; display: flex; flex-direction: column;'>\n<div style='padding: 15px; border-bottom: 1px solid rgba(150&comma; 150&comma; 150&comma; 0.2); font-weight: bold; font-size: 18px; color: inherit;'>Caracter\u00edsticas principales<\/div>\n<div style='padding: 15px; color: inherit;'>\n<ul style='padding-left: 20px; margin: 0; font-size: 14px; list-style-type: disc; color: inherit;'>\n<li style='margin-bottom: 5px; color: inherit;'>Las secciones curvadas de la escalerilla proporcionan un cambio vertical de direcci\u00f3n.<\/li>\n<li style='margin-bottom: 5px; color: inherit;'>Est\u00e1n hechas de acero tubular de 1-1\/2 pulg. x 3\/8 pulg. (38 mm x 8 mm) con un acabado pintado o chapado.<\/li>\n<li style='margin-bottom: 5px; color: inherit;'>Los travesa\u00f1os se sueldan en el interior (curvas interiores) o en el exterior (curvas exteriores) de la secci\u00f3n.<\/li>\n<li style='margin-bottom: 5px; color: inherit;'>Se conectan a la secci\u00f3n recta con kits de conexi\u00f3n de empalmes.<\/li>\n<li style='margin-bottom: 5px; color: inherit;'>Tambi\u00e9n est\u00e1n dise\u00f1ados para cables de categor\u00eda 5e&comma; 6&comma; 6A y de fibra \u00f3ptica.<\/li>\n<\/ul><\/div>\n<\/p><\/div>\n<\/p><\/div>\n<div style='display: flex; flex-wrap: wrap; gap: 20px; margin-bottom: 30px;'>\n<div style='flex: 1 1 250px; border: 1px solid rgba(150&comma; 150&comma; 150&comma; 0.4); border-radius: 8px; overflow: hidden; display: flex; flex-direction: column;'>\n<div style='padding: 15px; border-bottom: 1px solid rgba(150&comma; 150&comma; 150&comma; 0.2); font-weight: bold; font-size: 18px; color: inherit;'>Especificaciones T\u00e9cnicas<\/div>\n<div style='padding: 15px; color: inherit;'>\n<ul style='padding-left: 20px; margin: 0; font-size: 14px; list-style-type: disc; color: inherit;'>\n<li style='margin-bottom: 5px; color: inherit;'><strong>Material:<\/strong> Acero<\/li>\n<li style='margin-bottom: 5px; color: inherit;'><strong>Color:<\/strong> Negro<\/li>\n<li style='margin-bottom: 5px; color: inherit;'><strong>C\u00f3digo de color:<\/strong> RAL 9005<\/li>\n<li style='margin-bottom: 5px; color: inherit;'><strong>Acabado:<\/strong> Recubierto en polvo<\/li>\n<li style='margin-bottom: 5px; color: inherit;'><strong>Espesor:<\/strong> calibre 16 \/ 1.52 mm<\/li>\n<\/ul><\/div>\n<\/p><\/div>\n<\/p><\/div>\n<hr style='border: 0; border-top: 1px solid rgba(150&comma; 150&comma; 150&comma; 0.3); margin: 30px 0;'> <\/div>\n","protected":false},"excerpt":{"rendered":"<p>Kit De Escalerilla Curva Vertical (Bajada) Exterior, 15 in de Ancho, de Acero, Color Negro<\/p>\n","protected":false},"featured_media":16223,"comment_status":"open","ping_status":"closed","template":"","meta":[],"product_brand":[],"product_cat":[630],"product_tag":[593,631,698],"class_list":{"0":"post-16224","1":"product","2":"type-product","3":"status-publish","4":"has-post-thumbnail","6":"product_cat-charolas-tipo-escalerilla","7":"product_tag-charola","8":"product_tag-charolas-tipo-escalerilla","9":"product_tag-hoffman","11":"first","12":"outofstock","13":"sale","14":"shipping-taxable","15":"purchasable","16":"product-type-simple"},"_links":{"self":[{"href":"https:\/\/soydeaqui.ddns.net\/pachuca\/index.php\/wp-json\/wp\/v2\/product\/16224","targetHints":{"allow":["GET"]}}],"collection":[{"href":"https:\/\/soydeaqui.ddns.net\/pachuca\/index.php\/wp-json\/wp\/v2\/product"}],"about":[{"href":"https:\/\/soydeaqui.ddns.net\/pachuca\/index.php\/wp-json\/wp\/v2\/types\/product"}],"replies":[{"embeddable":true,"href":"https:\/\/soydeaqui.ddns.net\/pachuca\/index.php\/wp-json\/wp\/v2\/comments?post=16224"}],"wp:featuredmedia":[{"embeddable":true,"href":"https:\/\/soydeaqui.ddns.net\/pachuca\/index.php\/wp-json\/wp\/v2\/media\/16223"}],"wp:attachment":[{"href":"https:\/\/soydeaqui.ddns.net\/pachuca\/index.php\/wp-json\/wp\/v2\/media?parent=16224"}],"wp:term":[{"taxonomy":"product_brand","embeddable":true,"href":"https:\/\/soydeaqui.ddns.net\/pachuca\/index.php\/wp-json\/wp\/v2\/product_brand?post=16224"},{"taxonomy":"product_cat","embeddable":true,"href":"https:\/\/soydeaqui.ddns.net\/pachuca\/index.php\/wp-json\/wp\/v2\/product_cat?post=16224"},{"taxonomy":"product_tag","embeddable":true,"href":"https:\/\/soydeaqui.ddns.net\/pachuca\/index.php\/wp-json\/wp\/v2\/product_tag?post=16224"}],"curies":[{"name":"wp","href":"https:\/\/api.w.org\/{rel}","templated":true}]}}