{"id":16214,"date":"2026-03-18T09:04:36","date_gmt":"2026-03-18T09:04:36","guid":{"rendered":"https:\/\/soydeaqui.ddns.net\/pachuca\/index.php\/producto\/uacc-precision-rack-mount-kit-20-piezas-insertos-de-montaje-1ur-con-tuercas-jaula-alineadas-para-instalaciones-de-rack-uniformes\/"},"modified":"2026-03-18T09:04:42","modified_gmt":"2026-03-18T09:04:42","slug":"uacc-precision-rack-mount-kit-20-piezas-insertos-de-montaje-1ur-con-tuercas-jaula-alineadas-para-instalaciones-de-rack-uniformes","status":"publish","type":"product","link":"https:\/\/soydeaqui.ddns.net\/pachuca\/index.php\/producto\/uacc-precision-rack-mount-kit-20-piezas-insertos-de-montaje-1ur-con-tuercas-jaula-alineadas-para-instalaciones-de-rack-uniformes\/","title":{"rendered":"UACC Precision Rack Mount Kit (20 Piezas) \u2013 Insertos de Montaje 1UR con Tuercas Jaula Alineadas para Instalaciones de Rack Uniformes"},"content":{"rendered":"<div style='width: 100%; max-width: 1200px; margin: 0 auto; font-family: sans-serif; line-height: 1.6; color: inherit; background-color: transparent;'> <!-- Hero Section --> <\/p>\n<div style='display: flex; flex-wrap: wrap; gap: 30px; align-items: center; border: 1px solid rgba(150&comma;150&comma;150&comma;0.3); border-radius: 12px; padding: 20px; margin-bottom: 30px;'>\n<div style='flex: 1 1 320px; min-width: 280px;'> <!-- Video container --> <\/p>\n<div style='position: relative; padding-bottom: 56.25%; height: 0; overflow: hidden; margin-bottom: 10px;'> <video style='position: absolute; top: 0; left: 0; width: 100%; height: 100%; border: 1px solid rgba(150&comma;150&comma;150&comma;0.3); border-radius: 12px; background-color: transparent;' autoplay loop muted playsinline preload='metadata'><source src='https:\/\/ftp3.syscom.mx\/usuarios\/adiaz\/Ubiquiti\/Imagenes\/Accesorios\/RACKPMKIT\/loop.mp4' type='video\/mp4'><!-- Fallback image --> <img style='width: 100%; height: auto; border: 1px solid rgba(150&comma;150&comma;150&comma;0.3); border-radius: 12px; display: block;' src='https:\/\/ftp3.syscom.mx\/usuarios\/adiaz\/Ubiquiti\/Imagenes\/Accesorios\/RACKPMKIT\/vista1.png' alt='Ubiquiti UACC-Rack-PM-Kit'><\/video> <\/div>\n<\/p><\/div>\n<div style='flex: 1 1 360px; min-width: 280px;'>\n<h2 style='font-size: 24px; margin: 0 0 10px; color: inherit;'>Precision Rack Mount Kit (20-Pack)<\/h2>\n<div style='margin: 0 0 15px; font-weight: 600; opacity: 0.8; color: inherit;'>Modelo: <span style='font-weight: 700; opacity: 1;'>UACC-Rack-PM-Kit<\/span><\/div>\n<p style='margin: 0 0 15px; color: inherit;'>Kit de inserciones de montaje de <strong>precisi\u00f3n<\/strong> para rack&comma; ideal para facilitar instalaciones y mantener un montaje limpio (paquete de <strong>20 piezas<\/strong>).<\/p>\n<\/p><\/div>\n<\/p><\/div>\n<p> <!-- Especificaciones Section --> <\/p>\n<div style='text-align: center; margin: 30px 0 20px;'> <span style='font-size: 1.5rem; font-weight: 700; color: inherit; display: inline-block; border-bottom: 2px solid currentColor; padding-bottom: 5px;'>Especificaciones<\/span> <\/div>\n<p> <!-- Specifications Cards --> <\/p>\n<div style='display: flex; flex-wrap: wrap; gap: 20px; margin-bottom: 30px;'> <!-- Card: General --> <\/p>\n<div style='flex: 1 1 250px; border: 1px solid rgba(150&comma;150&comma;150&comma;0.4); border-radius: 8px; overflow: hidden; display: flex; flex-direction: column;'>\n<div style='padding: 15px; border-bottom: 1px solid rgba(150&comma;150&comma;150&comma;0.2); font-weight: bold; font-size: 18px; color: inherit;'>General<\/div>\n<div style='padding: 15px; color: inherit;'>\n<ul style='padding-left: 20px; margin: 0; font-size: 14px; list-style-type: disc;'>\n<li style='margin-bottom: 5px;'><strong>Dimensiones:<\/strong> 42.7 \u00d7 15.5 \u00d7 8.7 mm (1.7 \u00d7 0.6 \u00d7 0.34&#8242;)<\/li>\n<li style='margin-bottom: 5px;'><strong>Peso:<\/strong> 4 g (0.03 oz)<\/li>\n<li style='margin-bottom: 5px;'><strong>Material:<\/strong> Termopl\u00e1stico (PA66)<\/li>\n<li style='margin-bottom: 5px;'><strong>Acabado \/ Tratamiento:<\/strong> Texturizado<\/li>\n<li style='margin-bottom: 5px;'><strong>Espesor de riel de rack:<\/strong> hasta 2.2 mm (0.08&#8242;)<\/li>\n<li style='margin-bottom: 5px;'><strong>Torniller\u00eda:<\/strong> #10-32<\/li>\n<li style='margin-bottom: 5px;'><strong>Presentaci\u00f3n:<\/strong> Paquete de 20 (para instalaci\u00f3n de 10UR)<\/li>\n<\/ul><\/div>\n<\/p><\/div>\n<p> <!-- Card: Resistencia y recomendaciones --> <\/p>\n<div style='flex: 1 1 250px; border: 1px solid rgba(150&comma;150&comma;150&comma;0.4); border-radius: 8px; overflow: hidden; display: flex; flex-direction: column;'>\n<div style='padding: 15px; border-bottom: 1px solid rgba(150&comma;150&comma;150&comma;0.2); font-weight: bold; font-size: 18px; color: inherit;'>Resistencia y recomendaciones<\/div>\n<div style='padding: 15px; color: inherit;'>\n<ul style='padding-left: 20px; margin: 0; font-size: 14px; list-style-type: disc;'>\n<li style='margin-bottom: 5px;'>Las inserciones han sido probadas y calificadas con fuerzas de corte (shear) para montaje:<\/li>\n<li style='margin-bottom: 5px;'><strong>1U:<\/strong> soporta equipos con profundidad hasta <strong>400 mm<\/strong> y peso m\u00e1ximo <strong>10 kg<\/strong><\/li>\n<li style='margin-bottom: 5px;'><strong>2U:<\/strong> soporta equipos con profundidad hasta <strong>325 mm<\/strong> y peso m\u00e1ximo <strong>20 kg<\/strong><\/li>\n<li style='margin-bottom: 5px;'>Recomendaci\u00f3n: dar soporte trasero si la profundidad excede <strong>400 mm (1U)<\/strong> o <strong>325 mm (2U)<\/strong>.<\/li>\n<\/ul><\/div>\n<\/p><\/div>\n<\/p><\/div>\n<p> <!-- Im\u00e1genes Section --> <\/p>\n<div style='border: 1px solid rgba(150&comma;150&comma;150&comma;0.3); border-radius: 8px; padding: 20px; margin-bottom: 30px;'>\n<h3 style='font-size: 20px; margin: 0 0 20px; border-bottom: 2px solid currentColor; padding-bottom: 5px; color: inherit; opacity: 0.8;'>Vista del producto<\/h3>\n<div style='display: flex; flex-wrap: wrap; gap: 20px; justify-content: center;'> <img style='width: 100%; max-width: 580px; height: auto; border: 1px solid rgba(150&comma;150&comma;150&comma;0.3); border-radius: 8px;' src='https:\/\/ftp3.syscom.mx\/usuarios\/adiaz\/Ubiquiti\/Imagenes\/Accesorios\/RACKPMKIT\/vista1.png' alt='UACC-Rack-PM-Kit vista 1'> <img style='width: 100%; max-width: 580px; height: auto; border: 1px solid rgba(150&comma;150&comma;150&comma;0.3); border-radius: 8px;' src='https:\/\/ftp3.syscom.mx\/usuarios\/adiaz\/Ubiquiti\/Imagenes\/Accesorios\/RACKPMKIT\/vista3.png' alt='UACC-Rack-PM-Kit vista 2'> <\/div>\n<\/p><\/div>\n<p> <!-- Contenido del Paquete Section --> <\/p>\n<div style='border: 1px solid rgba(150&comma;150&comma;150&comma;0.3); border-radius: 8px; padding: 20px;'>\n<h3 style='font-size: 20px; margin: 0 0 20px; border-bottom: 2px solid currentColor; padding-bottom: 5px; color: inherit; opacity: 0.8;'>Contenido del Paquete<\/h3>\n<p> <img style='width: 100%; max-width: 580px; height: auto; border: 1px solid rgba(150&comma;150&comma;150&comma;0.3); border-radius: 8px; display: block; margin: 0 auto;' src='https:\/\/ftp3.syscom.mx\/usuarios\/adiaz\/Ubiquiti\/Imagenes\/Accesorios\/RACKPMKIT\/contenido.png' alt='Contenido del paquete UACC-Rack-PM-Kit'> <\/div>\n<\/p><\/div>\n","protected":false},"excerpt":{"rendered":"<p>UACC Precision Rack Mount Kit (20 Piezas) \u2013 Insertos de Montaje 1UR con Tuercas Jaula Alineadas para Instalaciones de Rack Uniformes<\/p>\n","protected":false},"featured_media":16213,"comment_status":"open","ping_status":"closed","template":"","meta":[],"product_brand":[],"product_cat":[633],"product_tag":[634,605,166],"class_list":{"0":"post-16214","1":"product","2":"type-product","3":"status-publish","4":"has-post-thumbnail","6":"product_cat-accesorios-para-rack-gabinetes","7":"product_tag-accesorios-para-rack-gabinetes","8":"product_tag-racks-y-gabinetes","9":"product_tag-ubiquiti","11":"first","12":"outofstock","13":"sale","14":"shipping-taxable","15":"purchasable","16":"product-type-simple"},"_links":{"self":[{"href":"https:\/\/soydeaqui.ddns.net\/pachuca\/index.php\/wp-json\/wp\/v2\/product\/16214","targetHints":{"allow":["GET"]}}],"collection":[{"href":"https:\/\/soydeaqui.ddns.net\/pachuca\/index.php\/wp-json\/wp\/v2\/product"}],"about":[{"href":"https:\/\/soydeaqui.ddns.net\/pachuca\/index.php\/wp-json\/wp\/v2\/types\/product"}],"replies":[{"embeddable":true,"href":"https:\/\/soydeaqui.ddns.net\/pachuca\/index.php\/wp-json\/wp\/v2\/comments?post=16214"}],"wp:featuredmedia":[{"embeddable":true,"href":"https:\/\/soydeaqui.ddns.net\/pachuca\/index.php\/wp-json\/wp\/v2\/media\/16213"}],"wp:attachment":[{"href":"https:\/\/soydeaqui.ddns.net\/pachuca\/index.php\/wp-json\/wp\/v2\/media?parent=16214"}],"wp:term":[{"taxonomy":"product_brand","embeddable":true,"href":"https:\/\/soydeaqui.ddns.net\/pachuca\/index.php\/wp-json\/wp\/v2\/product_brand?post=16214"},{"taxonomy":"product_cat","embeddable":true,"href":"https:\/\/soydeaqui.ddns.net\/pachuca\/index.php\/wp-json\/wp\/v2\/product_cat?post=16214"},{"taxonomy":"product_tag","embeddable":true,"href":"https:\/\/soydeaqui.ddns.net\/pachuca\/index.php\/wp-json\/wp\/v2\/product_tag?post=16214"}],"curies":[{"name":"wp","href":"https:\/\/api.w.org\/{rel}","templated":true}]}}