{"id":16151,"date":"2026-03-18T09:03:33","date_gmt":"2026-03-18T09:03:33","guid":{"rendered":"https:\/\/soydeaqui.ddns.net\/pachuca\/index.php\/producto\/bobina-de-cable-utp-de-4-pares-osp-planta-externa-cat6-de-rango-extendido-22-awg-color-negro-305-metros-1000-pies-2\/"},"modified":"2026-03-18T09:03:36","modified_gmt":"2026-03-18T09:03:36","slug":"bobina-de-cable-utp-de-4-pares-osp-planta-externa-cat6-de-rango-extendido-22-awg-color-negro-305-metros-1000-pies-2","status":"publish","type":"product","link":"https:\/\/soydeaqui.ddns.net\/pachuca\/index.php\/producto\/bobina-de-cable-utp-de-4-pares-osp-planta-externa-cat6-de-rango-extendido-22-awg-color-negro-305-metros-1000-pies-2\/","title":{"rendered":"Bobina de Cable UTP de 4 Pares OSP (Planta Externa), Cat6 de Rango Extendido, 22 AWG, Color Negro, 305 Metros (1000 Pies)."},"content":{"rendered":"<div style='width: 100%; max-width: 1200px; margin: 0 auto; font-family: sans-serif; line-height: 1.6; color: inherit; background-color: transparent;'> <!-- Secci\u00f3n de descripci\u00f3n --> <\/p>\n<div style='margin-bottom: 30px;'>\n<p style='font-size: 15px; margin: 0 0 15px; color: inherit;'> El cable OSP de Categor\u00eda 6 cumple con la norma ANSI\/TIA-568.2-D para componentes de Categor\u00eda. Los conductores son de calibre 22 AWG con aislamiento de poliolefina. El cable est\u00e1 relleno de gel para evitar la humedad en aplicaciones h\u00famedas y ofrece un amplio rango de temperatura para condiciones clim\u00e1ticas extremas. Los conductores de cobre est\u00e1n trenzados en pares&comma; separados por un separador de pares y recubiertos con una cubierta de polietileno (PE) resistente a los rayos UV y a la abrasi\u00f3n. Este producto debe utilizarse \u00fanicamente en instalaciones de conductos y tuber\u00edas. No debe utilizarse en aplicaciones a\u00e9reas ni enterradas directamente. Ofrece menor ca\u00edda de tensi\u00f3n&comma; mayor capacidad de conducci\u00f3n de corriente y menor generaci\u00f3n de calor para aplicaciones PoE. Supera los 100 metros de distancia para aplicaciones de seguridad&comma; TIC&comma; automatizaci\u00f3n de edificios e IoT. <\/p>\n<\/p><\/div>\n<p> <!-- Secci\u00f3n de aplicaciones --> <\/p>\n<div style='margin-bottom: 30px;'>\n<h3 style='font-size: 22px; border-bottom: 2px solid currentColor; padding-bottom: 5px; margin-top: 0; color: inherit; opacity: 0.8;'>Aplicaciones<\/h3>\n<ul style='padding-left: 20px; font-size: 15px; color: inherit; list-style-type: disc;'>\n<li style='margin-bottom: 10px;'> Proporciona potencia y ancho de banda a distancias extendidas de hasta 150 metros&comma; seg\u00fan los est\u00e1ndares de aplicaci\u00f3n IEEE 802.3. La distancia m\u00e1xima est\u00e1 sujeta a cambios seg\u00fan el equipo del fabricante y las condiciones ambientales. <\/li>\n<li style='margin-bottom: 10px;'> Conductores de mayor calibre AWG para aplicaciones de mayor potencia (menor generaci\u00f3n de calor&comma; mayor capacidad de conducci\u00f3n de corriente m\u00e1xima&comma; mejor atenuaci\u00f3n). <\/li>\n<li style='margin-bottom: 10px;'> Protege contra los elementos ambientales que pueden causar fallos en el rendimiento el\u00e9ctrico. Amplio rango de temperatura para entornos clim\u00e1ticos extremos. <\/li>\n<li style='margin-bottom: 10px;'> El gel impermeable evita la migraci\u00f3n de humedad. <\/li>\n<li style='margin-bottom: 10px;'> Garantiza un rendimiento adecuado y facilita una instalaci\u00f3n r\u00e1pida. <\/li>\n<li style='margin-bottom: 10px;'> La f\u00e1cil identificaci\u00f3n del cable restante reduce el tiempo de instalaci\u00f3n y el desperdicio de cable. <\/li>\n<\/ul><\/div>\n<p> <!-- Secci\u00f3n de especificaciones t\u00e9cnicas --> <\/p>\n<div style='margin-bottom: 30px;'>\n<h3 style='font-size: 22px; border-bottom: 2px solid currentColor; padding-bottom: 5px; margin-top: 0; color: inherit; opacity: 0.8;'>Informaci\u00f3n t\u00e9cnica<\/h3>\n<ul style='padding-left: 20px; font-size: 15px; color: inherit; list-style-type: disc;'>\n<li style='margin-bottom: 10px;'><strong>Rendimiento el\u00e9ctrico:<\/strong> Rendimiento certificado hasta 100 metros y cumple con el est\u00e1ndar ANSI\/TIA-568-2.D<\/li>\n<li style='margin-bottom: 10px;'><strong>Color:<\/strong> Negro<\/li>\n<li style='margin-bottom: 10px;'><strong>Conductor:<\/strong> Cobre s\u00f3lido de 22 AWG con aislamiento de poliolefina<\/li>\n<li style='margin-bottom: 10px;'><strong>Cubierta del cable:<\/strong> Polietileno (PE) negro resistente a los rayos UV y a la abrasi\u00f3n<\/li>\n<li style='margin-bottom: 10px;'><strong>Di\u00e1metro del cable:<\/strong> 7.4 mm (0.291 pulg.) nominal<\/li>\n<li style='margin-bottom: 10px;'><strong>Di\u00e1metro del aislamiento:<\/strong> 1.22 mm \u2013 1.35 mm (0.048 pulg. \u2013 0.053 pulg.)<\/li>\n<li style='margin-bottom: 10px;'><strong>Peso del cable:<\/strong> 18 kg\/304 m (40 lbs.) (19 kg\/305 m)<\/li>\n<li style='margin-bottom: 10px;'><strong>Tensi\u00f3n de instalaci\u00f3n:<\/strong> 110N (25lbf) m\u00e1ximo<\/li>\n<li style='margin-bottom: 10px;'><strong>Temperatura nominal:<\/strong> -30 \u00b0C a 60 \u00b0C (-22 \u00b0F a 140 \u00b0F) durante la instalaci\u00f3n -45 \u00b0C a 80 \u00b0C (-49 \u00b0F a 176 \u00b0F) durante el funcionamiento<\/li>\n<li style='margin-bottom: 10px;'><strong>Embalaje:<\/strong> 1000 pies (305 m) en un carrete<\/li>\n<li style='margin-bottom: 10px;'><strong>Embalaje probado seg\u00fan:<\/strong> Procedimiento ISTA 1A<\/li>\n<li style='margin-bottom: 10px;'><strong>Requisito de penetraci\u00f3n de agua:<\/strong> GR-421-CORE<\/li>\n<li style='margin-bottom: 10px;'><strong>Cumplimiento de normas:<\/strong> ANSI\/TIA-568.2-D Categor\u00eda 6&comma; Especificaci\u00f3n Telcordia (Bellcore)<\/li>\n<\/ul><\/div>\n<p> <!-- Separador --> <\/p>\n<hr style='border: 0; border-top: 1px solid rgba(150&comma; 150&comma; 150&comma; 0.3); margin: 30px 0;'> <\/div>\n","protected":false},"excerpt":{"rendered":"<p>Bobina de Cable UTP de 4 Pares OSP (Planta Externa), Cat6 de Rango Extendido, 22 AWG, Color Negro, 305 Metros (1000 Pies).<\/p>\n","protected":false},"featured_media":16150,"comment_status":"open","ping_status":"closed","template":"","meta":[],"product_brand":[],"product_cat":[684],"product_tag":[672,577,445],"class_list":{"0":"post-16151","1":"product","2":"type-product","3":"status-publish","4":"has-post-thumbnail","6":"product_cat-categoria-6-cable-bobinas","7":"product_tag-cable-bobinas","8":"product_tag-categoria-6","9":"product_tag-panduit","11":"first","12":"instock","13":"sale","14":"shipping-taxable","15":"purchasable","16":"product-type-simple"},"_links":{"self":[{"href":"https:\/\/soydeaqui.ddns.net\/pachuca\/index.php\/wp-json\/wp\/v2\/product\/16151","targetHints":{"allow":["GET"]}}],"collection":[{"href":"https:\/\/soydeaqui.ddns.net\/pachuca\/index.php\/wp-json\/wp\/v2\/product"}],"about":[{"href":"https:\/\/soydeaqui.ddns.net\/pachuca\/index.php\/wp-json\/wp\/v2\/types\/product"}],"replies":[{"embeddable":true,"href":"https:\/\/soydeaqui.ddns.net\/pachuca\/index.php\/wp-json\/wp\/v2\/comments?post=16151"}],"wp:featuredmedia":[{"embeddable":true,"href":"https:\/\/soydeaqui.ddns.net\/pachuca\/index.php\/wp-json\/wp\/v2\/media\/16150"}],"wp:attachment":[{"href":"https:\/\/soydeaqui.ddns.net\/pachuca\/index.php\/wp-json\/wp\/v2\/media?parent=16151"}],"wp:term":[{"taxonomy":"product_brand","embeddable":true,"href":"https:\/\/soydeaqui.ddns.net\/pachuca\/index.php\/wp-json\/wp\/v2\/product_brand?post=16151"},{"taxonomy":"product_cat","embeddable":true,"href":"https:\/\/soydeaqui.ddns.net\/pachuca\/index.php\/wp-json\/wp\/v2\/product_cat?post=16151"},{"taxonomy":"product_tag","embeddable":true,"href":"https:\/\/soydeaqui.ddns.net\/pachuca\/index.php\/wp-json\/wp\/v2\/product_tag?post=16151"}],"curies":[{"name":"wp","href":"https:\/\/api.w.org\/{rel}","templated":true}]}}