{"id":16149,"date":"2026-03-18T09:03:32","date_gmt":"2026-03-18T09:03:32","guid":{"rendered":"https:\/\/soydeaqui.ddns.net\/pachuca\/index.php\/producto\/gabinete-de-pared-precision-19-6ur-455mm-puerta-perforada-incluye-2-ventiladores-y-panel-cepillo\/"},"modified":"2026-03-18T09:03:32","modified_gmt":"2026-03-18T09:03:32","slug":"gabinete-de-pared-precision-19-6ur-455mm-puerta-perforada-incluye-2-ventiladores-y-panel-cepillo","status":"publish","type":"product","link":"https:\/\/soydeaqui.ddns.net\/pachuca\/index.php\/producto\/gabinete-de-pared-precision-19-6ur-455mm-puerta-perforada-incluye-2-ventiladores-y-panel-cepillo\/","title":{"rendered":"Gabinete de Pared PRECISION 19&#8221; 6UR (455mm) &#8211; Puerta Perforada Incluye: 2 Ventiladores y Panel Cepillo"},"content":{"rendered":"<div style='width: 100%; max-width: 1200px; margin: 0 auto; font-family: sans-serif; line-height: 1.6; color: inherit; background-color: transparent;'> <!-- Imagen principal --> <\/p>\n<div style='margin-bottom: 30px;'> <img style='width: 100%; height: auto; border: 1px solid rgba(150&comma;150&comma;150&comma;0.3); border-radius: 8px;' src='https:\/\/ftp3.syscom.mx\/usuarios\/fotos\/PSTC09645BDG\/226101-gab-precision01.jpg' alt=''> <\/div>\n<p> <!-- Descripci\u00f3n general --> <\/p>\n<div style='margin-bottom: 30px; font-size: 15px;'>\n<p>Fabricados con dimensiones exactas y un dise\u00f1o de alta ingenier\u00eda&comma; los gabinetes PRECISION de 6UR y 9UR son la soluci\u00f3n m\u00e1s vers\u00e1til y resistente para cualquier instalaci\u00f3n de red. Su estructura de acero de alta calidad garantiza un montaje de pared seguro y profesional.<\/p>\n<\/p><\/div>\n<p> <!-- Especificaciones --> <\/p>\n<div style='display: flex; flex-wrap: wrap; gap: 20px; margin-bottom: 30px;'>\n<div style='flex: 1 1 250px; border: 1px solid rgba(150&comma; 150&comma; 150&comma; 0.4); border-radius: 8px; overflow: hidden; display: flex; flex-direction: column;'>\n<div style='padding: 15px; border-bottom: 1px solid rgba(150&comma; 150&comma; 150&comma; 0.2); font-weight: bold; font-size: 18px; color: inherit;'>Especificaciones<\/div>\n<div style='padding: 15px; color: inherit;'>\n<ul style='padding-left: 20px; margin: 0; font-size: 14px; list-style-type: disc;'>\n<li style='margin-bottom: 5px;'><strong>Capacidad U:<\/strong> 6U<\/li>\n<li style='margin-bottom: 5px;'><strong>Dimensiones (HxWxD):<\/strong> (368 x 600 x 550mm)<\/li>\n<li style='margin-bottom: 5px;'><strong>Profundidad de trabajo:<\/strong> 455 mm<\/li>\n<li style='margin-bottom: 5px;'><strong>Rieles:<\/strong> 10-32 (tuerca enjaulada)<\/li>\n<li style='margin-bottom: 5px;'><strong>Capacidad de carga:<\/strong> 60kg<\/li>\n<li style='margin-bottom: 5px;'><strong>Montaje:<\/strong> Pared<\/li>\n<li style='margin-bottom: 5px;'><strong>Material:<\/strong> Acero<\/li>\n<li style='margin-bottom: 5px;'><strong>Color:<\/strong> Negro<\/li>\n<li style='margin-bottom: 5px;'><strong>Incluye:<\/strong> 2 ventiladores<\/li>\n<li style='margin-bottom: 5px;'><strong>Env\u00edo:<\/strong> Totalmente armado<\/li>\n<\/ul><\/div>\n<\/p><\/div>\n<\/p><\/div>\n<\/p><\/div>\n","protected":false},"excerpt":{"rendered":"<p>Gabinete de Pared PRECISION 19&#8221; 6UR (455mm) &#8211; Puerta Perforada Incluye: 2 Ventiladores y Panel Cepillo<\/p>\n","protected":false},"featured_media":32,"comment_status":"open","ping_status":"closed","template":"","meta":[],"product_brand":[],"product_cat":[708],"product_tag":[248,624,605],"class_list":{"0":"post-16149","1":"product","2":"type-product","3":"status-publish","4":"has-post-thumbnail","6":"product_cat-racks-cerrados-racks-y-gabinetes-cableado-estructurado","7":"product_tag-precision","8":"product_tag-racks-cerrados","9":"product_tag-racks-y-gabinetes","11":"first","12":"instock","13":"sale","14":"shipping-taxable","15":"purchasable","16":"product-type-simple"},"_links":{"self":[{"href":"https:\/\/soydeaqui.ddns.net\/pachuca\/index.php\/wp-json\/wp\/v2\/product\/16149","targetHints":{"allow":["GET"]}}],"collection":[{"href":"https:\/\/soydeaqui.ddns.net\/pachuca\/index.php\/wp-json\/wp\/v2\/product"}],"about":[{"href":"https:\/\/soydeaqui.ddns.net\/pachuca\/index.php\/wp-json\/wp\/v2\/types\/product"}],"replies":[{"embeddable":true,"href":"https:\/\/soydeaqui.ddns.net\/pachuca\/index.php\/wp-json\/wp\/v2\/comments?post=16149"}],"wp:featuredmedia":[{"embeddable":true,"href":"https:\/\/soydeaqui.ddns.net\/pachuca\/index.php\/wp-json\/wp\/v2\/media\/32"}],"wp:attachment":[{"href":"https:\/\/soydeaqui.ddns.net\/pachuca\/index.php\/wp-json\/wp\/v2\/media?parent=16149"}],"wp:term":[{"taxonomy":"product_brand","embeddable":true,"href":"https:\/\/soydeaqui.ddns.net\/pachuca\/index.php\/wp-json\/wp\/v2\/product_brand?post=16149"},{"taxonomy":"product_cat","embeddable":true,"href":"https:\/\/soydeaqui.ddns.net\/pachuca\/index.php\/wp-json\/wp\/v2\/product_cat?post=16149"},{"taxonomy":"product_tag","embeddable":true,"href":"https:\/\/soydeaqui.ddns.net\/pachuca\/index.php\/wp-json\/wp\/v2\/product_tag?post=16149"}],"curies":[{"name":"wp","href":"https:\/\/api.w.org\/{rel}","templated":true}]}}