{"id":16140,"date":"2026-03-18T09:03:25","date_gmt":"2026-03-18T09:03:25","guid":{"rendered":"https:\/\/soydeaqui.ddns.net\/pachuca\/index.php\/producto\/carrete-4-kilometros-de-fibra-optica-adss-g-652d-armada-anti-roedor-dielectrica-monomodo-48-hilos-span-200-para-instalaciones-aereas-en-tuberia-o-enterrado-directo\/"},"modified":"2026-03-18T09:03:25","modified_gmt":"2026-03-18T09:03:25","slug":"carrete-4-kilometros-de-fibra-optica-adss-g-652d-armada-anti-roedor-dielectrica-monomodo-48-hilos-span-200-para-instalaciones-aereas-en-tuberia-o-enterrado-directo","status":"publish","type":"product","link":"https:\/\/soydeaqui.ddns.net\/pachuca\/index.php\/producto\/carrete-4-kilometros-de-fibra-optica-adss-g-652d-armada-anti-roedor-dielectrica-monomodo-48-hilos-span-200-para-instalaciones-aereas-en-tuberia-o-enterrado-directo\/","title":{"rendered":"Carrete 4 Kil\u00f3metros de Fibra \u00d3ptica (ADSS) G.652D Armada Anti Roedor, Diel\u00e9ctrica, Monomodo 48 Hilos, Span 200 (Para instalaciones a\u00e9reas, en tuber\u00eda o enterrado directo)"},"content":{"rendered":"<div style=\"width: 100%; max-width: 1200px; margin: 0 auto; font-family: sans-serif; line-height: 1.6; color: inherit; background-color: transparent;\"><!-- Logo --><\/p>\n<div style=\"width: 100%; max-width: 472px; margin: 0 auto 0 0;\"><img decoding=\"async\" style=\"width: 100%; height: auto; border: 1px solid rgba(150&comma; 150&comma; 150&comma; 0.3); border-radius: 8px;\" src=\"https:\/\/ftp3.syscom.mx\/usuarios\/orobles\/FiberHome\/linkedpro_by_fiberhome_logo2.png\" alt=\"Logo Linkedpro\" class=\"fr-fic fr-dii\"><\/div>\n<p><!-- Descripci\u00f3n --><\/p>\n<div style=\"margin-top: 30px;\">\n<p style=\"font-size: 16px; color: inherit;\">El cable de fibra &oacute;ptica ADSS (All Dielectric Self Supported&comma; completamente diel&eacute;ctrico y autosoportado) est&aacute; dise&ntilde;ado para instalaciones a&eacute;reas entre postes. Los cables ADSS resisten la tracci&oacute;n necesaria gracias a los hilos de aramida&comma; no contiene elementos met&aacute;licos.<\/p>\n<p style=\"font-size: 16px; color: inherit;\">Adem&aacute;s cuenta con una armadura diel&eacute;ctrica para protegerla de roedores&comma; lo que lo hace el cable perfecto para instalaciones en torres o postes el&eacute;ctricos.<\/p>\n<\/div>\n<p><!-- Especificaciones t\u00e9cnicas --><\/p>\n<div style=\"margin-top: 30px;\">\n<h3 style=\"font-size: 20px; border-bottom: 2px solid currentColor; padding-bottom: 5px; margin-top: 0; color: inherit; opacity: 0.8;\">Especificaciones T&eacute;cnicas:<\/h3>\n<ul style=\"padding-left: 20px; font-size: 15px; color: inherit;\">\n<li style=\"margin-bottom: 5px;\">Fibra &Oacute;ptica Armada G.652D ADSS Monomodo Anti roedor LooseTube<\/li>\n<li style=\"margin-bottom: 5px;\">Cubierta Exterior: HDPE (Polietileno de Alta Densidad)<\/li>\n<li style=\"margin-bottom: 5px;\">M&aacute;xima tensi&oacute;n: 7000N<\/li>\n<li style=\"margin-bottom: 5px;\">Temperatura de operaci&oacute;n: -20&ordm;C a 65&ordm;C<\/li>\n<li style=\"margin-bottom: 5px;\">Span (Distancia entre Postes): 200 metros<\/li>\n<li style=\"margin-bottom: 5px;\">Protecci&oacute;n contra rayos UV y humedad<\/li>\n<li style=\"margin-bottom: 5px;\">Di&aacute;metro nominal (D): 13.9 mm &plusmn; 0.5 mm<\/li>\n<li style=\"margin-bottom: 5px;\">Radio m&iacute;nimo de curvatura: Instalaci&oacute;n 25D&comma; Operaci&oacute;n 12.5D<\/li>\n<li style=\"margin-bottom: 5px;\">Resistencia al aplastamiento: 1000N\/10cm<\/li>\n<li style=\"margin-bottom: 5px;\">Peso nominal (kg\/km): 160 &plusmn; 15 kg\/km<\/li>\n<li style=\"margin-bottom: 5px;\">48 hilos<\/li>\n<\/ul>\n<\/div>\n<p><!-- Accesorios compatibles --><\/p>\n<div style=\"margin-top: 30px;\">\n<h3 style=\"font-size: 20px; border-bottom: 2px solid currentColor; padding-bottom: 5px; margin-top: 0; color: inherit; opacity: 0.8;\">Accesorios Compatibles:<\/h3>\n<ul style=\"padding-left: 20px; font-size: 15px; color: inherit;\">\n<li style=\"margin-bottom: 5px;\"><strong>Tensor tipo abrazadera compatible:<\/strong> <a href=\"https:\/\/www.syscom.mx\/producto\/LP-AC815-LINKEDPRO-BY-EPCOM-225148.html\" target=\"_blank\" rel=\"noopener\" style=\"color: inherit; text-decoration: underline; font-weight: 600;\">LP-AC815<\/a><\/li>\n<li style=\"margin-bottom: 5px;\"><strong>Preformado compatible:<\/strong> <a href=\"https:\/\/www.syscom.mx\/producto\/LP-RP1314-LINKEDPRO-BY-EPCOM-236395.html\" target=\"_blank\" rel=\"noopener\" style=\"color: inherit; text-decoration: underline; font-weight: 600;\">LP-RP1314<\/a><\/li>\n<li style=\"margin-bottom: 5px;\"><a href=\"https:\/\/www.syscom.mx\/principal\/searchcont?route=DELT-005-PLP-207271&#038;autodetect=delt005\" target=\"_blank\" rel=\"noopener\" style=\"color: inherit; text-decoration: underline; font-weight: 600;\">DELT-005<\/a><\/li>\n<\/ul>\n<\/div>\n<\/div>\n","protected":false},"excerpt":{"rendered":"<p>Carrete 4 Kil\u00f3metros de Fibra \u00d3ptica (ADSS) G.652D Armada Anti Roedor, Diel\u00e9ctrica, Monomodo 48 Hilos, Span 200 (Para instalaciones a\u00e9reas, en tuber\u00eda o enterrado directo)<\/p>\n","protected":false},"featured_media":16139,"comment_status":"open","ping_status":"closed","template":"","meta":[],"product_brand":[],"product_cat":[610],"product_tag":[612,611,673],"class_list":{"0":"post-16140","1":"product","2":"type-product","3":"status-publish","4":"has-post-thumbnail","6":"product_cat-cable","7":"product_tag-cable","8":"product_tag-fibra-optica","9":"product_tag-linkedpro-by-fiberhome","11":"first","12":"instock","13":"sale","14":"shipping-taxable","15":"purchasable","16":"product-type-simple"},"_links":{"self":[{"href":"https:\/\/soydeaqui.ddns.net\/pachuca\/index.php\/wp-json\/wp\/v2\/product\/16140","targetHints":{"allow":["GET"]}}],"collection":[{"href":"https:\/\/soydeaqui.ddns.net\/pachuca\/index.php\/wp-json\/wp\/v2\/product"}],"about":[{"href":"https:\/\/soydeaqui.ddns.net\/pachuca\/index.php\/wp-json\/wp\/v2\/types\/product"}],"replies":[{"embeddable":true,"href":"https:\/\/soydeaqui.ddns.net\/pachuca\/index.php\/wp-json\/wp\/v2\/comments?post=16140"}],"wp:featuredmedia":[{"embeddable":true,"href":"https:\/\/soydeaqui.ddns.net\/pachuca\/index.php\/wp-json\/wp\/v2\/media\/16139"}],"wp:attachment":[{"href":"https:\/\/soydeaqui.ddns.net\/pachuca\/index.php\/wp-json\/wp\/v2\/media?parent=16140"}],"wp:term":[{"taxonomy":"product_brand","embeddable":true,"href":"https:\/\/soydeaqui.ddns.net\/pachuca\/index.php\/wp-json\/wp\/v2\/product_brand?post=16140"},{"taxonomy":"product_cat","embeddable":true,"href":"https:\/\/soydeaqui.ddns.net\/pachuca\/index.php\/wp-json\/wp\/v2\/product_cat?post=16140"},{"taxonomy":"product_tag","embeddable":true,"href":"https:\/\/soydeaqui.ddns.net\/pachuca\/index.php\/wp-json\/wp\/v2\/product_tag?post=16140"}],"curies":[{"name":"wp","href":"https:\/\/api.w.org\/{rel}","templated":true}]}}