{"id":16127,"date":"2026-03-18T09:03:11","date_gmt":"2026-03-18T09:03:11","guid":{"rendered":"https:\/\/soydeaqui.ddns.net\/pachuca\/index.php\/producto\/uacc-rack-mount-panel-brush-1u-panel-con-cepillo-para-rack-que-permite-el-paso-ordenado-de-cables-reduce-la-entrada-de-polvo-y-mantiene-una-estetica-limpia-y-uniforme\/"},"modified":"2026-03-18T09:03:12","modified_gmt":"2026-03-18T09:03:12","slug":"uacc-rack-mount-panel-brush-1u-panel-con-cepillo-para-rack-que-permite-el-paso-ordenado-de-cables-reduce-la-entrada-de-polvo-y-mantiene-una-estetica-limpia-y-uniforme","status":"publish","type":"product","link":"https:\/\/soydeaqui.ddns.net\/pachuca\/index.php\/producto\/uacc-rack-mount-panel-brush-1u-panel-con-cepillo-para-rack-que-permite-el-paso-ordenado-de-cables-reduce-la-entrada-de-polvo-y-mantiene-una-estetica-limpia-y-uniforme\/","title":{"rendered":"UACC Rack Mount Panel Brush 1U \u2013 Panel con Cepillo para Rack que Permite el Paso Ordenado de Cables, Reduce la Entrada de Polvo y Mantiene una Est\u00e9tica Limpia y Uniforme"},"content":{"rendered":"<div style='width: 100%; max-width: 1200px; margin: 0 auto; font-family: sans-serif; line-height: 1.6; color: inherit; background-color: transparent;'> <!-- Hero section --> <\/p>\n<div style='display: flex; flex-wrap: wrap; gap: 30px; align-items: center; border: 1px solid rgba(150&comma;150&comma;150&comma;0.3); border-radius: 12px; padding: 20px; margin-bottom: 30px;'>\n<div style='flex: 1 1 320px; min-width: 280px;'> <img style='width: 100%; height: auto; border: 1px solid rgba(150&comma;150&comma;150&comma;0.3); border-radius: 8px; display: block; background: transparent;' src='https:\/\/ftp3.syscom.mx\/usuarios\/adiaz\/Ubiquiti\/Imagenes\/Accesorios\/UACCRACKPANEL\/brush1u.png' alt='UACC-Rack-Panel-Brush-1U'> <\/div>\n<div style='flex: 1 1 360px; min-width: 280px;'>\n<h2 style='margin: 0 0 10px; font-size: 24px; line-height: 1.2; color: inherit;'>Rack Mount OCD Brush Panel<\/h2>\n<div style='margin: 0 0 15px; font-weight: 600; color: inherit; opacity: 0.8;'>Modelo: <span style='font-weight: 700; opacity: 1;'>UACC-Rack-Panel-Brush-1U<\/span><\/div>\n<p style='margin: 0; color: inherit;'>Panel tipo <strong>cepillo (Brush)<\/strong> de <strong>1U<\/strong> para rack&comma; ideal para el paso de cables y para cubrir espacios no utilizados&comma; manteniendo una instalaci\u00f3n limpia y ordenada.<\/p>\n<\/p><\/div>\n<\/p><\/div>\n<p> <!-- Especificaciones section --> <\/p>\n<div style='text-align: center; margin: 40px 0 20px;'> <span style='font-size: 20px; font-weight: 700; color: inherit; border-bottom: 2px solid currentColor; padding-bottom: 5px;'>Especificaciones<\/span> <\/div>\n<p> <!-- Features cards --> <\/p>\n<div style='display: flex; flex-wrap: wrap; gap: 20px; margin-bottom: 30px;'> <!-- Card: Mec\u00e1nicas --> <\/p>\n<div style='flex: 1 1 250px; border: 1px solid rgba(150&comma; 150&comma; 150&comma; 0.4); border-radius: 8px; overflow: hidden; display: flex; flex-direction: column;'>\n<div style='padding: 15px; border-bottom: 1px solid rgba(150&comma; 150&comma; 150&comma; 0.2); font-weight: bold; font-size: 18px; color: inherit;'>Mec\u00e1nicas<\/div>\n<div style='padding: 15px; color: inherit;'>\n<ul style='padding-left: 20px; margin: 0; font-size: 14px; list-style-type: disc;'>\n<li style='margin-bottom: 5px;'><strong>Dimensiones (panel):<\/strong> 442.4 \u00d7 63.5 \u00d7 43.7 mm (17.4 \u00d7 2.5 \u00d7 1.7&#8242;)<\/li>\n<li style='margin-bottom: 5px;'><strong>Abertura:<\/strong> 400 \u00d7 24 mm (15.75 \u00d7 0.94&#8242;)<\/li>\n<li style='margin-bottom: 5px;'><strong>Peso:<\/strong> 420 g (14.8 oz)<\/li>\n<li style='margin-bottom: 5px;'><strong>Materiales:<\/strong> Aleaci\u00f3n de aluminio&comma; acero al carbono laminado en fr\u00edo (SPCC)&comma; polipropileno (PP)<\/li>\n<li style='margin-bottom: 5px;'><strong>Acabado:<\/strong> Pintura<\/li>\n<\/ul><\/div>\n<\/p><\/div>\n<p> <!-- Card: Compatibilidad --> <\/p>\n<div style='flex: 1 1 250px; border: 1px solid rgba(150&comma; 150&comma; 150&comma; 0.4); border-radius: 8px; overflow: hidden; display: flex; flex-direction: column;'>\n<div style='padding: 15px; border-bottom: 1px solid rgba(150&comma; 150&comma; 150&comma; 0.2); font-weight: bold; font-size: 18px; color: inherit;'>Compatibilidad<\/div>\n<div style='padding: 15px; color: inherit;'>\n<p style='margin: 0 0 10px; opacity: 0.8;'>Modelos compatibles:<\/p>\n<ul style='padding-left: 20px; margin: 0; font-size: 14px; list-style-type: disc;'>\n<li style='margin-bottom: 5px;'>U-Rack-6U-TL<\/li>\n<li style='margin-bottom: 5px;'>UACC-Rack-42U-1000-P<\/li>\n<li style='margin-bottom: 5px;'>UACC-Rack-42U-1000-G<\/li>\n<li style='margin-bottom: 5px;'>UACC-Rack-42U-800-P<\/li>\n<li style='margin-bottom: 5px;'>UACC-Rack-42U-800-G<\/li>\n<li style='margin-bottom: 5px;'>UACC-Rack-12U-Wall-SW-P<\/li>\n<li style='margin-bottom: 5px;'>UACC-Rack-12U-Wall-SW-G<\/li>\n<li style='margin-bottom: 5px;'>UACC-Rack-12U-Wall-600-P<\/li>\n<li style='margin-bottom: 5px;'>UACC-Rack-12U-Wall-600-G<\/li>\n<li style='margin-bottom: 5px;'>UACC-Rack-12U-Wall-450-P<\/li>\n<li style='margin-bottom: 5px;'>UACC-Rack-12U-Wall-450-G<\/li>\n<\/ul><\/div>\n<\/p><\/div>\n<\/p><\/div>\n<p> <!-- Separador final --> <\/p>\n<hr style='border: 0; border-top: 1px solid rgba(150&comma; 150&comma; 150&comma; 0.3); margin: 30px 0;'> <\/div>\n","protected":false},"excerpt":{"rendered":"<p>UACC Rack Mount Panel Brush 1U \u2013 Panel con Cepillo para Rack que Permite el Paso Ordenado de Cables, Reduce la Entrada de Polvo y Mantiene una Est\u00e9tica Limpia y Uniforme<\/p>\n","protected":false},"featured_media":16126,"comment_status":"open","ping_status":"closed","template":"","meta":[],"product_brand":[],"product_cat":[633],"product_tag":[634,605,166],"class_list":{"0":"post-16127","1":"product","2":"type-product","3":"status-publish","4":"has-post-thumbnail","6":"product_cat-accesorios-para-rack-gabinetes","7":"product_tag-accesorios-para-rack-gabinetes","8":"product_tag-racks-y-gabinetes","9":"product_tag-ubiquiti","11":"first","12":"outofstock","13":"sale","14":"shipping-taxable","15":"purchasable","16":"product-type-simple"},"_links":{"self":[{"href":"https:\/\/soydeaqui.ddns.net\/pachuca\/index.php\/wp-json\/wp\/v2\/product\/16127","targetHints":{"allow":["GET"]}}],"collection":[{"href":"https:\/\/soydeaqui.ddns.net\/pachuca\/index.php\/wp-json\/wp\/v2\/product"}],"about":[{"href":"https:\/\/soydeaqui.ddns.net\/pachuca\/index.php\/wp-json\/wp\/v2\/types\/product"}],"replies":[{"embeddable":true,"href":"https:\/\/soydeaqui.ddns.net\/pachuca\/index.php\/wp-json\/wp\/v2\/comments?post=16127"}],"wp:featuredmedia":[{"embeddable":true,"href":"https:\/\/soydeaqui.ddns.net\/pachuca\/index.php\/wp-json\/wp\/v2\/media\/16126"}],"wp:attachment":[{"href":"https:\/\/soydeaqui.ddns.net\/pachuca\/index.php\/wp-json\/wp\/v2\/media?parent=16127"}],"wp:term":[{"taxonomy":"product_brand","embeddable":true,"href":"https:\/\/soydeaqui.ddns.net\/pachuca\/index.php\/wp-json\/wp\/v2\/product_brand?post=16127"},{"taxonomy":"product_cat","embeddable":true,"href":"https:\/\/soydeaqui.ddns.net\/pachuca\/index.php\/wp-json\/wp\/v2\/product_cat?post=16127"},{"taxonomy":"product_tag","embeddable":true,"href":"https:\/\/soydeaqui.ddns.net\/pachuca\/index.php\/wp-json\/wp\/v2\/product_tag?post=16127"}],"curies":[{"name":"wp","href":"https:\/\/api.w.org\/{rel}","templated":true}]}}