{"id":16106,"date":"2026-03-18T09:02:49","date_gmt":"2026-03-18T09:02:49","guid":{"rendered":"https:\/\/soydeaqui.ddns.net\/pachuca\/index.php\/producto\/uacc-rack-patch-panel-blank-24-puertos-panel-patch-keystone-1u-con-barra-de-gestin-de-cables-y-esttica-uniforme\/"},"modified":"2026-03-18T09:02:55","modified_gmt":"2026-03-18T09:02:55","slug":"uacc-rack-patch-panel-blank-24-puertos-panel-patch-keystone-1u-con-barra-de-gestin-de-cables-y-esttica-uniforme","status":"publish","type":"product","link":"https:\/\/soydeaqui.ddns.net\/pachuca\/index.php\/producto\/uacc-rack-patch-panel-blank-24-puertos-panel-patch-keystone-1u-con-barra-de-gestin-de-cables-y-esttica-uniforme\/","title":{"rendered":"UACC Rack Patch Panel Blank 24 Puertos &#8211; Panel Patch Keystone 1U con Barra de Gesti?n de Cables y Est?tica Uniforme"},"content":{"rendered":"<div style='width: 100%; max-width: 1200px; margin: 0 auto; font-family: sans-serif; line-height: 1.6; color: inherit; background-color: transparent;'> <!-- Hero Section --> <\/p>\n<div style='display: flex; flex-wrap: wrap; gap: 30px; align-items: center; border: 1px solid rgba(150&comma;150&comma;150&comma;0.3); border-radius: 12px; padding: 20px; margin-bottom: 30px; background-color: transparent;'>\n<div style='flex: 1 1 320px; min-width: 280px;'> <img style='width: 100%; height: auto; border: 1px solid rgba(150&comma;150&comma;150&comma;0.3); border-radius: 12px;' src='https:\/\/ftp3.syscom.mx\/usuarios\/adiaz\/Ubiquiti\/Imagenes\/Accesorios\/UACCRACKPANEL\/patch24.png' alt='UACC-Rack-Panel-Patch-Blank-24'> <\/div>\n<div style='flex: 1 1 360px; min-width: 280px;'>\n<h2 style='font-size: 24px; margin-top: 0; margin-bottom: 10px; color: inherit;'>24-Port Blank Keystone Patch Panel<\/h2>\n<div style='margin-bottom: 15px; font-weight: 600; color: inherit; opacity: 0.8;'>Modelo: <span style='font-weight: 700; opacity: 1;'>UACC-Rack-Panel-Patch-Blank-24<\/span><\/div>\n<p style='margin: 0; color: inherit;'>Patch Panel <strong>1U<\/strong> de <strong>24 puertos<\/strong> para instalaci\u00f3n de <strong>m\u00f3dulos keystone<\/strong>&comma; con <strong>barra de gesti\u00f3n de cableado<\/strong> para mantener un acabado limpio y uniforme en racks.<\/p>\n<\/p><\/div>\n<\/p><\/div>\n<p> <!-- Especificaciones Title --> <\/p>\n<div style='text-align: center; margin: 40px 0 20px;'> <span style='font-size: 22px; font-weight: 700; border-bottom: 2px solid currentColor; padding-bottom: 8px; color: inherit;'>Especificaciones<\/span> <\/div>\n<p> <!-- Specifications Grid --> <\/p>\n<div style='display: flex; flex-wrap: wrap; gap: 20px; margin-bottom: 30px;'> <!-- Card: General --> <\/p>\n<div style='flex: 1 1 280px; min-width: 260px;'>\n<div style='border: 1px solid rgba(150&comma;150&comma;150&comma;0.4); border-radius: 8px; overflow: hidden; display: flex; flex-direction: column; height: 100%;'>\n<div style='padding: 15px; border-bottom: 1px solid rgba(150&comma;150&comma;150&comma;0.2); font-weight: bold; font-size: 18px; color: inherit;'>General<\/div>\n<div style='padding: 15px; color: inherit; flex-grow: 1;'>\n<ul style='padding-left: 20px; margin: 0; font-size: 14px; list-style-type: disc;'>\n<li style='margin-bottom: 5px;'><strong>Formato<\/strong>: 1U<\/li>\n<li style='margin-bottom: 5px;'><strong>Puertos<\/strong>: 24 (tipo keystone&comma; en blanco)<\/li>\n<li style='margin-bottom: 5px;'><strong>Incluye<\/strong>: Barra de gesti\u00f3n de cableado<\/li>\n<\/ul><\/div>\n<\/p><\/div>\n<\/p><\/div>\n<p> <!-- Card: Dimensiones y peso --> <\/p>\n<div style='flex: 1 1 280px; min-width: 260px;'>\n<div style='border: 1px solid rgba(150&comma;150&comma;150&comma;0.4); border-radius: 8px; overflow: hidden; display: flex; flex-direction: column; height: 100%;'>\n<div style='padding: 15px; border-bottom: 1px solid rgba(150&comma;150&comma;150&comma;0.2); font-weight: bold; font-size: 18px; color: inherit;'>Dimensiones y peso<\/div>\n<div style='padding: 15px; color: inherit; flex-grow: 1;'>\n<ul style='padding-left: 20px; margin: 0; font-size: 14px; list-style-type: disc;'>\n<li style='margin-bottom: 5px;'><strong>Dimensiones (inserto)<\/strong>: 442.4 \u00d7 63.5 \u00d7 43.7 mm (17.4 \u00d7 2.5 \u00d7 1.7&#8242;)<\/li>\n<li style='margin-bottom: 5px;'><strong>Dimensiones (barra de gesti\u00f3n)<\/strong>: 433.8 \u00d7 71.5 \u00d7 17 mm (17.1 \u00d7 2.8 \u00d7 0.7&#8242;)<\/li>\n<li style='margin-bottom: 5px;'><strong>Peso (inserto)<\/strong>: 260 g (9.17 oz)<\/li>\n<li style='margin-bottom: 5px;'><strong>Peso (barra de gesti\u00f3n)<\/strong>: 390 g (13.8 oz)<\/li>\n<\/ul><\/div>\n<\/p><\/div>\n<\/p><\/div>\n<p> <!-- Card: Materiales y acabado --> <\/p>\n<div style='flex: 1 1 280px; min-width: 260px;'>\n<div style='border: 1px solid rgba(150&comma;150&comma;150&comma;0.4); border-radius: 8px; overflow: hidden; display: flex; flex-direction: column; height: 100%;'>\n<div style='padding: 15px; border-bottom: 1px solid rgba(150&comma;150&comma;150&comma;0.2); font-weight: bold; font-size: 18px; color: inherit;'>Materiales y acabado<\/div>\n<div style='padding: 15px; color: inherit; flex-grow: 1;'>\n<ul style='padding-left: 20px; margin: 0; font-size: 14px; list-style-type: disc;'>\n<li style='margin-bottom: 5px;'><strong>Carcasa del panel frontal<\/strong>: Acero al carbono laminado en fr\u00edo (SPCC)<\/li>\n<li style='margin-bottom: 5px;'><strong>M\u00f3dulo interno<\/strong>: Policarbonato<\/li>\n<li style='margin-bottom: 5px;'><strong>Barra de gesti\u00f3n<\/strong>: Acero al carbono laminado en fr\u00edo (SPCC)<\/li>\n<li style='margin-bottom: 5px;'><strong>Tratamiento<\/strong>: Pintura<\/li>\n<\/ul><\/div>\n<\/p><\/div>\n<\/p><\/div>\n<p> <!-- Card: Compatibilidad \/ uso --> <\/p>\n<div style='flex: 1 1 280px; min-width: 260px;'>\n<div style='border: 1px solid rgba(150&comma;150&comma;150&comma;0.4); border-radius: 8px; overflow: hidden; display: flex; flex-direction: column; height: 100%;'>\n<div style='padding: 15px; border-bottom: 1px solid rgba(150&comma;150&comma;150&comma;0.2); font-weight: bold; font-size: 18px; color: inherit;'>Uso y compatibilidad<\/div>\n<div style='padding: 15px; color: inherit; flex-grow: 1;'>\n<ul style='padding-left: 20px; margin: 0; font-size: 14px; list-style-type: disc;'>\n<li style='margin-bottom: 5px;'>Ideal para <strong>instalaci\u00f3n de m\u00f3dulos keystone<\/strong><\/li>\n<li style='margin-bottom: 5px;'>Dise\u00f1o con est\u00e9tica uniforme para <strong>equipos UniFi montables en rack<\/strong><\/li>\n<\/ul><\/div>\n<\/p><\/div>\n<\/p><\/div>\n<\/p><\/div>\n<p> <!-- Separador --> <\/p>\n<hr style='border: 0; border-top: 1px solid rgba(150&comma; 150&comma; 150&comma; 0.3); margin: 40px 0;'> <\/div>\n","protected":false},"excerpt":{"rendered":"<p>UACC Rack Patch Panel Blank 24 Puertos &#8211; Panel Patch Keystone 1U con Barra de Gesti?n de Cables y Est?tica Uniforme<\/p>\n","protected":false},"featured_media":16105,"comment_status":"open","ping_status":"closed","template":"","meta":[],"product_brand":[],"product_cat":[613],"product_tag":[586,614,166],"class_list":{"0":"post-16106","1":"product","2":"type-product","3":"status-publish","4":"has-post-thumbnail","6":"product_cat-patch-panels","7":"product_tag-cableado-de-cobre","8":"product_tag-patch-panels","9":"product_tag-ubiquiti","11":"first","12":"outofstock","13":"sale","14":"shipping-taxable","15":"purchasable","16":"product-type-simple"},"_links":{"self":[{"href":"https:\/\/soydeaqui.ddns.net\/pachuca\/index.php\/wp-json\/wp\/v2\/product\/16106","targetHints":{"allow":["GET"]}}],"collection":[{"href":"https:\/\/soydeaqui.ddns.net\/pachuca\/index.php\/wp-json\/wp\/v2\/product"}],"about":[{"href":"https:\/\/soydeaqui.ddns.net\/pachuca\/index.php\/wp-json\/wp\/v2\/types\/product"}],"replies":[{"embeddable":true,"href":"https:\/\/soydeaqui.ddns.net\/pachuca\/index.php\/wp-json\/wp\/v2\/comments?post=16106"}],"wp:featuredmedia":[{"embeddable":true,"href":"https:\/\/soydeaqui.ddns.net\/pachuca\/index.php\/wp-json\/wp\/v2\/media\/16105"}],"wp:attachment":[{"href":"https:\/\/soydeaqui.ddns.net\/pachuca\/index.php\/wp-json\/wp\/v2\/media?parent=16106"}],"wp:term":[{"taxonomy":"product_brand","embeddable":true,"href":"https:\/\/soydeaqui.ddns.net\/pachuca\/index.php\/wp-json\/wp\/v2\/product_brand?post=16106"},{"taxonomy":"product_cat","embeddable":true,"href":"https:\/\/soydeaqui.ddns.net\/pachuca\/index.php\/wp-json\/wp\/v2\/product_cat?post=16106"},{"taxonomy":"product_tag","embeddable":true,"href":"https:\/\/soydeaqui.ddns.net\/pachuca\/index.php\/wp-json\/wp\/v2\/product_tag?post=16106"}],"curies":[{"name":"wp","href":"https:\/\/api.w.org\/{rel}","templated":true}]}}