{"id":15945,"date":"2026-03-18T08:59:54","date_gmt":"2026-03-18T08:59:54","guid":{"rendered":"https:\/\/soydeaqui.ddns.net\/pachuca\/index.php\/producto\/curva-charofil-bimetalica-de-90-105-300-mm-ancho\/"},"modified":"2026-03-18T08:59:54","modified_gmt":"2026-03-18T08:59:54","slug":"curva-charofil-bimetalica-de-90-105-300-mm-ancho","status":"publish","type":"product","link":"https:\/\/soydeaqui.ddns.net\/pachuca\/index.php\/producto\/curva-charofil-bimetalica-de-90-105-300-mm-ancho\/","title":{"rendered":"CURVA CHAROFIL BIMETALICA DE 90\u00b0 105\/300 MM ANCHO"},"content":{"rendered":"<div style='width: 100%; max-width: 1200px; margin: 0 auto; font-family: sans-serif; line-height: 1.6; color: inherit; background-color: transparent;'> <!-- Imagen superior --> <\/p>\n<div style='width: 100%; margin-bottom: 30px;'> <img style='width: 100%; height: auto; border: 1px solid rgba(150&comma;150&comma;150&comma;0.3); border-radius: 8px;' src='https:\/\/ftp3.syscom.mx\/usuarios\/fotos\/MG51KIT1PLUSEZ\/232432-banner_arriba_charofil.jpg' alt='CURVA CHAROFIL BIMETALICA DE 90\u00b0 105\/300 MM ANCHO'> <\/div>\n<p> <!-- T\u00edtulo del producto --> <\/p>\n<div style='width: 100%; margin-bottom: 30px;'>\n<h2 style='font-size: 24px; color: inherit; margin: 0;'>CURVA CHAROFIL BIMETALICA DE 90\u00b0 105\/300 MM ANCHO<\/h2>\n<\/p><\/div>\n<p> <!-- Imagen inferior --> <\/p>\n<div style='width: 100%; margin-bottom: 30px;'> <img style='width: 100%; height: auto; border: 1px solid rgba(150&comma;150&comma;150&comma;0.3); border-radius: 8px;' src='https:\/\/ftp3.syscom.mx\/usuarios\/fotos\/MG51KIT1PLUSEZ\/232432-banner_abajo_charofil.png' alt='CURVA CHAROFIL BIMETALICA DE 90\u00b0 105\/300 MM ANCHO'> <\/div>\n<p> <!-- Secci\u00f3n de caracter\u00edsticas --> <\/p>\n<div style='display: flex; flex-wrap: wrap; gap: 30px; margin-bottom: 30px;'>\n<div style='flex: 1 1 300px; min-width: 280px;'>\n<h3 style='font-size: 22px; border-bottom: 2px solid currentColor; padding-bottom: 5px; margin-top: 0; color: inherit; opacity: 0.8;'>Caracter\u00edsticas principales<\/h3>\n<ul style='padding-left: 20px; font-size: 15px; color: inherit;'>\n<li style='margin-bottom: 5px;'>Ensamblaje r\u00e1pido a presi\u00f3n&comma; sin necesidad de herramientas.<\/li>\n<li style='margin-bottom: 5px;'>Fabricado en l\u00e1mina de acero al carb\u00f3n rolada en fr\u00edo<\/li>\n<li style='margin-bottom: 5px;'>Protecci\u00f3n anticorrosiva para uso en interiores (15\u201320 \u00b5m).<\/li>\n<li style='margin-bottom: 5px;'>Cumple con NOM-001-SEDE-2012 \u2013 Aprobado para instalaciones el\u00e9ctricas en M\u00e9xico.<\/li>\n<li style='margin-bottom: 5px;'>Certificaci\u00f3n ANCE \u2013 NMX-J-511-2011 y otras normas nacionales e internacionales.<\/li>\n<li style='margin-bottom: 5px;'>Ideal para sistemas de canalizaci\u00f3n robustos.<\/li>\n<li style='margin-bottom: 5px;'>Menor complejidad en la instalaci\u00f3n.<\/li>\n<li style='margin-bottom: 5px;'>Mayor firmeza en instalaciones cr\u00edticas.<\/li>\n<\/ul><\/div>\n<\/p><\/div>\n<p> <!-- Separador --> <\/p>\n<hr style='border: 0; border-top: 1px solid rgba(150&comma; 150&comma; 150&comma; 0.3); margin: 30px 0;'> <\/div>\n","protected":false},"excerpt":{"rendered":"<p>CURVA CHAROFIL BIMETALICA DE 90\u00b0 105\/300 MM ANCHO<\/p>\n","protected":false},"featured_media":32,"comment_status":"open","ping_status":"closed","template":"","meta":[],"product_brand":[],"product_cat":[685],"product_tag":[580,593,686],"class_list":{"0":"post-15945","1":"product","2":"type-product","3":"status-publish","4":"has-post-thumbnail","6":"product_cat-uniones","7":"product_tag-charofil","8":"product_tag-charola","9":"product_tag-uniones","11":"first","12":"outofstock","13":"sale","14":"shipping-taxable","15":"purchasable","16":"product-type-simple"},"_links":{"self":[{"href":"https:\/\/soydeaqui.ddns.net\/pachuca\/index.php\/wp-json\/wp\/v2\/product\/15945","targetHints":{"allow":["GET"]}}],"collection":[{"href":"https:\/\/soydeaqui.ddns.net\/pachuca\/index.php\/wp-json\/wp\/v2\/product"}],"about":[{"href":"https:\/\/soydeaqui.ddns.net\/pachuca\/index.php\/wp-json\/wp\/v2\/types\/product"}],"replies":[{"embeddable":true,"href":"https:\/\/soydeaqui.ddns.net\/pachuca\/index.php\/wp-json\/wp\/v2\/comments?post=15945"}],"wp:featuredmedia":[{"embeddable":true,"href":"https:\/\/soydeaqui.ddns.net\/pachuca\/index.php\/wp-json\/wp\/v2\/media\/32"}],"wp:attachment":[{"href":"https:\/\/soydeaqui.ddns.net\/pachuca\/index.php\/wp-json\/wp\/v2\/media?parent=15945"}],"wp:term":[{"taxonomy":"product_brand","embeddable":true,"href":"https:\/\/soydeaqui.ddns.net\/pachuca\/index.php\/wp-json\/wp\/v2\/product_brand?post=15945"},{"taxonomy":"product_cat","embeddable":true,"href":"https:\/\/soydeaqui.ddns.net\/pachuca\/index.php\/wp-json\/wp\/v2\/product_cat?post=15945"},{"taxonomy":"product_tag","embeddable":true,"href":"https:\/\/soydeaqui.ddns.net\/pachuca\/index.php\/wp-json\/wp\/v2\/product_tag?post=15945"}],"curies":[{"name":"wp","href":"https:\/\/api.w.org\/{rel}","templated":true}]}}