{"id":15931,"date":"2026-03-18T08:59:41","date_gmt":"2026-03-18T08:59:41","guid":{"rendered":"https:\/\/soydeaqui.ddns.net\/pachuca\/index.php\/producto\/uisp-cable-carrier-bobina-de-305-metros-1000-pies-de-cable-ethernet-de-grado-industrial-con-proteccin-contra-daos-ambientales-y-descargas-electrostticas-color-negro\/"},"modified":"2026-03-18T08:59:43","modified_gmt":"2026-03-18T08:59:43","slug":"uisp-cable-carrier-bobina-de-305-metros-1000-pies-de-cable-ethernet-de-grado-industrial-con-proteccin-contra-daos-ambientales-y-descargas-electrostticas-color-negro","status":"publish","type":"product","link":"https:\/\/soydeaqui.ddns.net\/pachuca\/index.php\/producto\/uisp-cable-carrier-bobina-de-305-metros-1000-pies-de-cable-ethernet-de-grado-industrial-con-proteccin-contra-daos-ambientales-y-descargas-electrostticas-color-negro\/","title":{"rendered":"UISP Cable Carrier &#8211; Bobina de 305 Metros (1000 Pies) de Cable Ethernet de Grado Industrial con Protecci?n Contra Da?os Ambientales y Descargas Electrost?ticas Color Negro"},"content":{"rendered":"<div style='width: 100%; max-width: 1200px; margin: 0 auto; font-family: sans-serif; line-height: 1.6; color: inherit; background-color: transparent;'> <!-- Secci\u00f3n de contenido con flex\/grid --> <\/p>\n<div style='display: flex; flex-wrap: wrap; gap: 30px; margin-bottom: 30px;'>\n<div style='flex: 1 1 300px; min-width: 280px;'>\n<h3 style='font-size: 22px; border-bottom: 2px solid currentColor; padding-bottom: 5px; margin-top: 0; color: inherit; opacity: 0.8;'>Descripci\u00f3n<\/h3>\n<p style='font-size: 15px; color: inherit; margin: 0 0 15px;'>Bobina de 305 m de cable Ethernet de grado industrial (CAT5e&comma; blindado) con protecci\u00f3n contra elementos ambientales y descargas electrost\u00e1ticas (ESD). Color negro.<\/p>\n<\/p><\/div>\n<\/p><\/div>\n<p> <!-- Secci\u00f3n de cards con especificaciones --> <\/p>\n<div style='display: flex; flex-wrap: wrap; gap: 20px; margin-bottom: 30px;'>\n<div style='flex: 1 1 250px; border: 1px solid rgba(150&comma; 150&comma; 150&comma; 0.4); border-radius: 8px; overflow: hidden; display: flex; flex-direction: column;'>\n<div style='padding: 15px; border-bottom: 1px solid rgba(150&comma; 150&comma; 150&comma; 0.2); font-weight: bold; font-size: 18px; color: inherit;'>Caracter\u00edsticas Principales<\/div>\n<div style='padding: 15px; color: inherit;'>\n<ul style='padding-left: 20px; margin: 0; font-size: 14px; list-style-type: disc;'>\n<li style='margin-bottom: 5px;'><strong>Categor\u00eda<\/strong>: CAT5e&comma; blindado (STP)<\/li>\n<li style='margin-bottom: 5px;'><strong>Longitud de cable<\/strong>: 305 m (1&comma;000 ft)<\/li>\n<li style='margin-bottom: 5px;'><strong>Conductor<\/strong>: cobre s\u00f3lido desnudo&comma; calibre 24 AWG (\u00d8 0.500 \u00b1 0.005 mm)<\/li>\n<li style='margin-bottom: 5px;'><strong>Aislamiento<\/strong>: polietileno s\u00f3lido (\u00d8 1.16 \u00b1 0.02 mm)<\/li>\n<li style='margin-bottom: 5px;'>Divisor interno antidiafon\u00eda (LDPE 4.2 \u00d7 0.3 mm)<\/li>\n<li style='margin-bottom: 5px;'><strong>Doble blindaje<\/strong>: l\u00e1mina de aluminio + malla trenzada (95% de cobertura)<\/li>\n<li style='margin-bottom: 5px;'>Hilo de drenaje ESD (0.4 TC) y <em>rip cord<\/em><\/li>\n<li style='margin-bottom: 5px;'><strong>Cubierta<\/strong>: polietileno&comma; \u00d8 exterior 6.8 \u00b1 0.30 mm&comma; color negro<\/li>\n<li style='margin-bottom: 5px;'><strong>Resistencia a UV<\/strong>: ASTM G 151\/154<\/li>\n<li style='margin-bottom: 5px;'><strong>Soporte Ethernet<\/strong>: Hasta 1 Gbps<\/li>\n<\/ul><\/div>\n<\/p><\/div>\n<div style='flex: 1 1 250px; border: 1px solid rgba(150&comma; 150&comma; 150&comma; 0.4); border-radius: 8px; overflow: hidden; display: flex; flex-direction: column;'>\n<div style='padding: 15px; border-bottom: 1px solid rgba(150&comma; 150&comma; 150&comma; 0.2); font-weight: bold; font-size: 18px; color: inherit;'>Dimensiones&comma; Peso y Ambiental<\/div>\n<div style='padding: 15px; color: inherit;'>\n<ul style='padding-left: 20px; margin: 0; font-size: 14px; list-style-type: disc;'>\n<li style='margin-bottom: 5px;'><strong>Dimensiones de la caja<\/strong>: 330 \u00d7 425 \u00d7 340 mm (13 \u00d7 16.7 \u00d7 13.4&#8242;)<\/li>\n<li style='margin-bottom: 5px;'><strong>Peso de la caja<\/strong>: 16 kg (35.3 lb)<\/li>\n<li style='margin-bottom: 5px;'><strong>Temperatura de almacenamiento<\/strong>: \u221230 a 75 \u00b0C (\u221222 a 167 \u00b0F)<\/li>\n<li style='margin-bottom: 5px;'><strong>Temperatura de instalaci\u00f3n<\/strong>: \u221220 a 60 \u00b0C (\u22124 a 140 \u00b0F)<\/li>\n<li style='margin-bottom: 5px;'><strong>Temperatura de operaci\u00f3n<\/strong>: \u221240 a 80 \u00b0C (\u221240 a 176 \u00b0F)<\/li>\n<\/ul><\/div>\n<\/p><\/div>\n<div style='flex: 1 1 250px; border: 1px solid rgba(150&comma; 150&comma; 150&comma; 0.4); border-radius: 8px; overflow: hidden; display: flex; flex-direction: column;'>\n<div style='padding: 15px; border-bottom: 1px solid rgba(150&comma; 150&comma; 150&comma; 0.2); font-weight: bold; font-size: 18px; color: inherit;'>Est\u00e1ndares y Cumplimiento<\/div>\n<div style='padding: 15px; color: inherit;'>\n<ul style='padding-left: 20px; margin: 0; font-size: 14px; list-style-type: disc;'>\n<li style='margin-bottom: 5px;'>ANSI\/TIA-568-C.2 (2009)<\/li>\n<li style='margin-bottom: 5px;'>ISO\/IEC 11801 (Edici\u00f3n 2.2)<\/li>\n<li style='margin-bottom: 5px;'>Cumplimiento NDAA: S\u00ed<\/li>\n<\/ul><\/div>\n<\/p><\/div>\n<\/p><\/div>\n<p> <!-- Separador --> <\/p>\n<hr style='border: 0; border-top: 1px solid rgba(150&comma; 150&comma; 150&comma; 0.3); margin: 30px 0;'> <\/div>\n","protected":false},"excerpt":{"rendered":"<p>UISP Cable Carrier &#8211; Bobina de 305 Metros (1000 Pies) de Cable Ethernet de Grado Industrial con Protecci?n Contra Da?os Ambientales y Descargas Electrost?ticas Color Negro<\/p>\n","protected":false},"featured_media":15930,"comment_status":"open","ping_status":"closed","template":"","meta":[],"product_brand":[],"product_cat":[683],"product_tag":[672,620,166],"class_list":{"0":"post-15931","1":"product","2":"type-product","3":"status-publish","4":"has-post-thumbnail","6":"product_cat-categoria-5e-cable-bobinas","7":"product_tag-cable-bobinas","8":"product_tag-categoria-5e","9":"product_tag-ubiquiti","11":"first","12":"outofstock","13":"sale","14":"shipping-taxable","15":"purchasable","16":"product-type-simple"},"_links":{"self":[{"href":"https:\/\/soydeaqui.ddns.net\/pachuca\/index.php\/wp-json\/wp\/v2\/product\/15931","targetHints":{"allow":["GET"]}}],"collection":[{"href":"https:\/\/soydeaqui.ddns.net\/pachuca\/index.php\/wp-json\/wp\/v2\/product"}],"about":[{"href":"https:\/\/soydeaqui.ddns.net\/pachuca\/index.php\/wp-json\/wp\/v2\/types\/product"}],"replies":[{"embeddable":true,"href":"https:\/\/soydeaqui.ddns.net\/pachuca\/index.php\/wp-json\/wp\/v2\/comments?post=15931"}],"wp:featuredmedia":[{"embeddable":true,"href":"https:\/\/soydeaqui.ddns.net\/pachuca\/index.php\/wp-json\/wp\/v2\/media\/15930"}],"wp:attachment":[{"href":"https:\/\/soydeaqui.ddns.net\/pachuca\/index.php\/wp-json\/wp\/v2\/media?parent=15931"}],"wp:term":[{"taxonomy":"product_brand","embeddable":true,"href":"https:\/\/soydeaqui.ddns.net\/pachuca\/index.php\/wp-json\/wp\/v2\/product_brand?post=15931"},{"taxonomy":"product_cat","embeddable":true,"href":"https:\/\/soydeaqui.ddns.net\/pachuca\/index.php\/wp-json\/wp\/v2\/product_cat?post=15931"},{"taxonomy":"product_tag","embeddable":true,"href":"https:\/\/soydeaqui.ddns.net\/pachuca\/index.php\/wp-json\/wp\/v2\/product_tag?post=15931"}],"curies":[{"name":"wp","href":"https:\/\/api.w.org\/{rel}","templated":true}]}}