{"id":15874,"date":"2026-03-18T08:58:42","date_gmt":"2026-03-18T08:58:42","guid":{"rendered":"https:\/\/soydeaqui.ddns.net\/pachuca\/index.php\/producto\/mdulo-placa-ciega-color-negro-k17-14\/"},"modified":"2026-03-18T08:58:45","modified_gmt":"2026-03-18T08:58:45","slug":"mdulo-placa-ciega-color-negro-k17-14","status":"publish","type":"product","link":"https:\/\/soydeaqui.ddns.net\/pachuca\/index.php\/producto\/mdulo-placa-ciega-color-negro-k17-14\/","title":{"rendered":"M?dulo Placa Ciega Color Negro \/ (K17\/14)"},"content":{"rendered":"<div style='width: 100%; max-width: 1200px; margin: 0 auto; font-family: sans-serif; line-height: 1.6; color: inherit; background-color: transparent;'> <!-- Secci\u00f3n de descripci\u00f3n b\u00e1sica --> <\/p>\n<div style='margin-bottom: 30px;'>\n<h2 style='font-size: 24px; border-bottom: 2px solid currentColor; padding-bottom: 5px; margin-top: 0; color: inherit; opacity: 0.85;'>Descripci\u00f3n<\/h2>\n<p style='font-size: 15px; color: inherit;'> Tapa ciega para 1 elemento acabado en negro de la serie Simon K45&comma; dise\u00f1ada para espacios p\u00fablicos y lugares de trabajo. Apta para instalaci\u00f3n en superficie o empotrada&comma; con dimensiones de 45 x 45 x 8&comma;5 mm. Fabricada en termopl\u00e1stico libre de hal\u00f3genos&comma; resistente a accidentes derivados del fuego y emisi\u00f3n de humos t\u00f3xicos en caso de incendios. <\/p>\n<\/p><\/div>\n<p> <!-- Secci\u00f3n de especificaciones t\u00e9cnicas --> <\/p>\n<div style='display: flex; flex-wrap: wrap; gap: 30px; margin-bottom: 30px;'>\n<div style='flex: 1 1 300px; min-width: 280px;'>\n<h3 style='font-size: 22px; border-bottom: 2px solid currentColor; padding-bottom: 5px; margin-top: 0; color: inherit; opacity: 0.8;'>Especificaciones T\u00e9cnicas<\/h3>\n<ul style='padding-left: 20px; font-size: 15px; color: inherit;'>\n<li style='margin-bottom: 5px;'><strong>Material:<\/strong> Termopl\u00e1stico libre de hal\u00f3genos<\/li>\n<li style='margin-bottom: 5px;'><strong>Dimensiones:<\/strong> 45 x 45 x 8&comma;5 mm<\/li>\n<li style='margin-bottom: 5px;'><strong>Rango de Temperatura:<\/strong> -5 a +60\u00ba C<\/li>\n<li style='margin-bottom: 5px;'><strong>Temperatura M\u00e1xima de Instalaci\u00f3n:<\/strong> +60\u00ba C<\/li>\n<li style='margin-bottom: 5px;'><strong>Grado de Protecci\u00f3n:<\/strong> IP20<\/li>\n<li style='margin-bottom: 5px;'><strong>Tipo de Fijaci\u00f3n:<\/strong> Mediante clipaje directo&comma; sin necesidad de herramientas<\/li>\n<li style='margin-bottom: 5px;'><strong>Compatibilidad:<\/strong> Envolventes Simon K45 y Simon 500 Cima mediante adaptador<\/li>\n<\/ul><\/div>\n<p> <!-- Secci\u00f3n de caracter\u00edsticas --> <\/p>\n<div style='flex: 1 1 300px; min-width: 280px;'>\n<h3 style='font-size: 22px; border-bottom: 2px solid currentColor; padding-bottom: 5px; margin-top: 0; color: inherit; opacity: 0.8;'>Caracter\u00edsticas<\/h3>\n<ul style='padding-left: 20px; font-size: 15px; color: inherit;'>\n<li style='margin-bottom: 5px;'><strong>Acabado:<\/strong> Negro (RAL 9005)<\/strong><\/li>\n<li style='margin-bottom: 5px;'><strong>Instalaci\u00f3n:<\/strong> Vertical<\/li>\n<li style='margin-bottom: 5px;'><strong>N\u00famero de M\u00f3dulos:<\/strong> Medio m\u00f3dulo<\/li>\n<li style='margin-bottom: 5px;'><strong>Normativa:<\/strong> Dir. 2014\/35\/UE LVDEN IEC 60670-1:2021|EN IEC 60670-1:2021 A11:2021<\/li>\n<li style='margin-bottom: 5px;'><strong>Clase ETIM:<\/strong> EC000011<\/li>\n<li style='margin-bottom: 5px;'><strong>Indicador:<\/strong> No tiene funci\u00f3n indicadora<\/li>\n<\/ul><\/div>\n<\/p><\/div>\n<p> <!-- Secci\u00f3n de informaci\u00f3n log\u00edstica --> <\/p>\n<div style='display: flex; flex-wrap: wrap; gap: 20px; margin-bottom: 30px;'>\n<div style='flex: 1 1 250px; border: 1px solid rgba(150&comma; 150&comma; 150&comma; 0.4); border-radius: 8px; overflow: hidden; display: flex; flex-direction: column;'>\n<div style='padding: 15px; border-bottom: 1px solid rgba(150&comma; 150&comma; 150&comma; 0.2); font-weight: bold; font-size: 18px; color: inherit;'>Informaci\u00f3n Log\u00edstica<\/div>\n<div style='padding: 15px; color: inherit;'>\n<ul style='padding-left: 20px; margin: 0; font-size: 14px; list-style-type: disc;'>\n<li style='margin-bottom: 5px;'><strong>Peso Neto:<\/strong> 0.011 kg<\/li>\n<li style='margin-bottom: 5px;'><strong>Peso Bruto:<\/strong> 0.26 kg<\/li>\n<li style='margin-bottom: 5px;'><strong>Dimensiones del Embalaje:<\/strong> 140 x 93 x 70 mm<\/li>\n<li style='margin-bottom: 5px;'><strong>Volumen:<\/strong> 45570 mm\u00b3<\/li>\n<li style='margin-bottom: 5px;'><strong>Unidades por Embalaje:<\/strong> 20 UDS<\/li>\n<li style='margin-bottom: 5px;'><strong>EAN:<\/strong> 8426436022690<\/li>\n<\/ul><\/div>\n<\/p><\/div>\n<p> <!-- Secci\u00f3n de mantenimiento --> <\/p>\n<div style='flex: 1 1 250px; border: 1px solid rgba(150&comma; 150&comma; 150&comma; 0.4); border-radius: 8px; overflow: hidden; display: flex; flex-direction: column;'>\n<div style='padding: 15px; border-bottom: 1px solid rgba(150&comma; 150&comma; 150&comma; 0.2); font-weight: bold; font-size: 18px; color: inherit;'>Mantenimiento<\/div>\n<div style='padding: 15px; color: inherit;'>\n<ul style='padding-left: 20px; margin: 0; font-size: 14px; list-style-type: disc;'>\n<li style='margin-bottom: 5px;'>Limpiar con pa\u00f1o suave y seco<\/li>\n<li style='margin-bottom: 5px;'>Evitar pa\u00f1os y\/o limpiadores abrasivos con cloro<\/li>\n<\/ul><\/div>\n<\/p><\/div>\n<\/p><\/div>\n<p> <!-- Separador --> <\/p>\n<hr style='border: 0; border-top: 1px solid rgba(150&comma; 150&comma; 150&comma; 0.3); margin: 30px 0;'> <\/div>\n","protected":false},"excerpt":{"rendered":"<p>M?dulo Placa Ciega Color Negro \/ (K17\/14)<\/p>\n","protected":false},"featured_media":15873,"comment_status":"open","ping_status":"closed","template":"","meta":[],"product_brand":[],"product_cat":[585],"product_tag":[586,587,719],"class_list":{"0":"post-15874","1":"product","2":"type-product","3":"status-publish","4":"has-post-thumbnail","6":"product_cat-cajas-superficiales","7":"product_tag-cableado-de-cobre","8":"product_tag-cajas-superficiales","9":"product_tag-simon","11":"first","12":"outofstock","13":"sale","14":"shipping-taxable","15":"purchasable","16":"product-type-simple"},"_links":{"self":[{"href":"https:\/\/soydeaqui.ddns.net\/pachuca\/index.php\/wp-json\/wp\/v2\/product\/15874","targetHints":{"allow":["GET"]}}],"collection":[{"href":"https:\/\/soydeaqui.ddns.net\/pachuca\/index.php\/wp-json\/wp\/v2\/product"}],"about":[{"href":"https:\/\/soydeaqui.ddns.net\/pachuca\/index.php\/wp-json\/wp\/v2\/types\/product"}],"replies":[{"embeddable":true,"href":"https:\/\/soydeaqui.ddns.net\/pachuca\/index.php\/wp-json\/wp\/v2\/comments?post=15874"}],"wp:featuredmedia":[{"embeddable":true,"href":"https:\/\/soydeaqui.ddns.net\/pachuca\/index.php\/wp-json\/wp\/v2\/media\/15873"}],"wp:attachment":[{"href":"https:\/\/soydeaqui.ddns.net\/pachuca\/index.php\/wp-json\/wp\/v2\/media?parent=15874"}],"wp:term":[{"taxonomy":"product_brand","embeddable":true,"href":"https:\/\/soydeaqui.ddns.net\/pachuca\/index.php\/wp-json\/wp\/v2\/product_brand?post=15874"},{"taxonomy":"product_cat","embeddable":true,"href":"https:\/\/soydeaqui.ddns.net\/pachuca\/index.php\/wp-json\/wp\/v2\/product_cat?post=15874"},{"taxonomy":"product_tag","embeddable":true,"href":"https:\/\/soydeaqui.ddns.net\/pachuca\/index.php\/wp-json\/wp\/v2\/product_tag?post=15874"}],"curies":[{"name":"wp","href":"https:\/\/api.w.org\/{rel}","templated":true}]}}