{"id":15845,"date":"2026-03-18T08:58:15","date_gmt":"2026-03-18T08:58:15","guid":{"rendered":"https:\/\/soydeaqui.ddns.net\/pachuca\/index.php\/producto\/gabinete-de-pared-de-12u-con-puerta-de-cristal-templado-479-5-mm-de-profundidad-rack-de-19-acero-reforzado-color-negro\/"},"modified":"2026-03-18T08:58:16","modified_gmt":"2026-03-18T08:58:16","slug":"gabinete-de-pared-de-12u-con-puerta-de-cristal-templado-479-5-mm-de-profundidad-rack-de-19-acero-reforzado-color-negro","status":"publish","type":"product","link":"https:\/\/soydeaqui.ddns.net\/pachuca\/index.php\/producto\/gabinete-de-pared-de-12u-con-puerta-de-cristal-templado-479-5-mm-de-profundidad-rack-de-19-acero-reforzado-color-negro\/","title":{"rendered":"Gabinete de Pared de 12U con Puerta de Cristal Templado, 479.5 mm de Profundidad, Rack de 19&#8221;, Acero Reforzado Color Negro."},"content":{"rendered":"<div style='width: 100%; max-width: 1200px; margin: 0 auto; font-family: sans-serif; line-height: 1.6; color: inherit; background-color: transparent;'>\n<div style='width: 100%; margin-bottom: 30px;'> <img style='width: 100%; height: auto; border: 1px solid rgba(150&comma;150&comma;150&comma;0.3); border-radius: 8px;' src='https:\/\/ftp3.syscom.mx\/usuarios\/fotos\/SR1912LH2G\/233693-banersito.jpg' alt=''> <\/div>\n<div style='display: flex; flex-wrap: wrap; gap: 30px; margin-bottom: 30px;'>\n<div style='flex: 1 1 300px; min-width: 280px;'>\n<h3 style='font-size: 22px; border-bottom: 2px solid currentColor; padding-bottom: 5px; margin-top: 0; color: inherit; opacity: 0.8;'>Caracter\u00edsticas destacadas<\/h3>\n<ul style='padding-left: 20px; font-size: 15px; color: inherit;'>\n<li style='margin-bottom: 5px;'>Instalaci\u00f3n en pared.<\/li>\n<li style='margin-bottom: 5px;'>Puerta de cristal templado.<\/li>\n<li style='margin-bottom: 5px;'>Puertas Laterales desmontables.<\/li>\n<li style='margin-bottom: 5px;'>Los 4 postes de rack se pueden acercar o retirar para una mejor instalaci\u00f3n de equipo.<\/li>\n<li style='margin-bottom: 5px;'>Chapa de seguridad en puerta frontal <a href='https:\/\/www.syscom.mx\/producto\/SW-10516-LINKEDPRO-BY-EPCOM-78027.html' style='color: #1d4e8f; font-weight: bold;'>SW-10516<\/a><\/li>\n<li style='margin-bottom: 5px;'>Dimensiones exteriores: 606 x 620 x 479.5 mm (Ancho x Alto x Profundidad).<\/li>\n<li style='margin-bottom: 5px;'>Unidades Rack: 12<\/li>\n<li style='margin-bottom: 5px;'>Profundidad de trabajo m\u00e1xima: <strong>395 mm (rack frontal a rack trasero).<\/strong><\/li>\n<li style='margin-bottom: 5px;'>Preparaci\u00f3n para ventiladores: 2 simples <a href='https:\/\/www.syscom.mx\/producto\/LP-VENT-BASIC-LINKEDPRO-BY-EPCOM-189161.html' style='color: #1d4e8f; font-weight: bold;'>LP-VENT-BASIC<\/a> (No incluidos).<\/li>\n<li style='margin-bottom: 5px;'>Aplicaci\u00f3n: Interior.<\/li>\n<li style='margin-bottom: 5px;'>Color: Negro semi mate.<\/li>\n<li style='margin-bottom: 5px;'>Peso: 19.76 Kg.<\/li>\n<li style='margin-bottom: 5px;'>Capacidad de carga: 80 Kg.<\/li>\n<li style='margin-bottom: 5px;'>Acero de primer calidad.<\/li>\n<li style='margin-bottom: 5px;'>Fabricado de acuerdo a ANSI\/TIA RS-310-D.<\/li>\n<li style='margin-bottom: 5px;'><strong>Env\u00edo desarmado y empacado en caja de cart\u00f3n.<\/strong><\/li>\n<\/ul><\/div>\n<div style='flex: 1 1 300px; min-width: 280px;'>\n<h3 style='font-size: 22px; border-bottom: 2px solid currentColor; padding-bottom: 5px; margin-top: 0; color: inherit; opacity: 0.8;'>Aplicaciones<\/h3>\n<ul style='padding-left: 20px; font-size: 15px; color: inherit;'>\n<li style='margin-bottom: 5px;'>Sistemas de Redes de Datos.<\/li>\n<li style='margin-bottom: 5px;'>Sistemas de Telefon\u00eda IP.<\/li>\n<li style='margin-bottom: 5px;'>Servidores de Datos.<\/li>\n<li style='margin-bottom: 5px;'>Administraci\u00f3n de Cableado y Fibra \u00f3ptica.<\/li>\n<li style='margin-bottom: 5px;'>Sistemas de Monitoreo y gesti\u00f3n remota.<\/li>\n<li style='margin-bottom: 5px;'>Sistemas de seguridad.<\/li>\n<li style='margin-bottom: 5px;'>Distribuci\u00f3n de energ\u00eda.<\/li>\n<\/ul>\n<h3 style='font-size: 22px; border-bottom: 2px solid currentColor; padding-bottom: 5px; margin-top: 25px; margin-bottom: 15px; color: inherit; opacity: 0.8;'>Incluye<\/h3>\n<ul style='padding-left: 20px; font-size: 15px; color: inherit;'>\n<li style='margin-bottom: 5px;'>Piezas de ensamble (Revisar manual de usuario p\u00e1gina 1).<\/li>\n<li style='margin-bottom: 5px;'>Torniller\u00eda negra para armado y ensambaldo de gabinete (Revisar torniller\u00eda p\u00e1gina 1)<\/li>\n<li style='margin-bottom: 5px;'>Incluye 4 kits <a href='https:\/\/www.syscom.mx\/producto\/LP-TAT-12-LINKEDPRO-BY-EPCOM-212511.html' style='color: #1d4e8f; font-weight: bold;'>LP-TAT-12<\/a> para montar equipos en el Gabinete.<\/li>\n<\/ul>\n<h3 style='font-size: 22px; border-bottom: 2px solid currentColor; padding-bottom: 5px; margin-top: 25px; margin-bottom: 15px; color: inherit; opacity: 0.8;'>Valores agregados<\/h3>\n<ul style='padding-left: 20px; font-size: 15px; color: inherit;'>\n<li style='margin-bottom: 5px;'>Factibilidad de instalaci\u00f3n.<\/li>\n<li style='margin-bottom: 5px;'>Gesti\u00f3n eficiente del cableado.<\/li>\n<li style='margin-bottom: 5px;'>Compatibilidad con distintos equipos.<\/li>\n<li style='margin-bottom: 5px;'>Dise\u00f1o robusto.<\/li>\n<li style='margin-bottom: 5px;'>Flexibilidad en modelos.<\/li>\n<\/ul><\/div>\n<\/p><\/div>\n<\/p><\/div>\n","protected":false},"excerpt":{"rendered":"<p>Gabinete de Pared de 12U con Puerta de Cristal Templado, 479.5 mm de Profundidad, Rack de 19&#8221;, Acero Reforzado Color Negro.<\/p>\n","protected":false},"featured_media":15844,"comment_status":"open","ping_status":"closed","template":"","meta":[],"product_brand":[],"product_cat":[708],"product_tag":[219,624,605],"class_list":{"0":"post-15845","1":"product","2":"type-product","3":"status-publish","4":"has-post-thumbnail","6":"product_cat-racks-cerrados-racks-y-gabinetes-cableado-estructurado","7":"product_tag-linkedpro","8":"product_tag-racks-cerrados","9":"product_tag-racks-y-gabinetes","11":"first","12":"outofstock","13":"sale","14":"shipping-taxable","15":"purchasable","16":"product-type-simple"},"_links":{"self":[{"href":"https:\/\/soydeaqui.ddns.net\/pachuca\/index.php\/wp-json\/wp\/v2\/product\/15845","targetHints":{"allow":["GET"]}}],"collection":[{"href":"https:\/\/soydeaqui.ddns.net\/pachuca\/index.php\/wp-json\/wp\/v2\/product"}],"about":[{"href":"https:\/\/soydeaqui.ddns.net\/pachuca\/index.php\/wp-json\/wp\/v2\/types\/product"}],"replies":[{"embeddable":true,"href":"https:\/\/soydeaqui.ddns.net\/pachuca\/index.php\/wp-json\/wp\/v2\/comments?post=15845"}],"wp:featuredmedia":[{"embeddable":true,"href":"https:\/\/soydeaqui.ddns.net\/pachuca\/index.php\/wp-json\/wp\/v2\/media\/15844"}],"wp:attachment":[{"href":"https:\/\/soydeaqui.ddns.net\/pachuca\/index.php\/wp-json\/wp\/v2\/media?parent=15845"}],"wp:term":[{"taxonomy":"product_brand","embeddable":true,"href":"https:\/\/soydeaqui.ddns.net\/pachuca\/index.php\/wp-json\/wp\/v2\/product_brand?post=15845"},{"taxonomy":"product_cat","embeddable":true,"href":"https:\/\/soydeaqui.ddns.net\/pachuca\/index.php\/wp-json\/wp\/v2\/product_cat?post=15845"},{"taxonomy":"product_tag","embeddable":true,"href":"https:\/\/soydeaqui.ddns.net\/pachuca\/index.php\/wp-json\/wp\/v2\/product_tag?post=15845"}],"curies":[{"name":"wp","href":"https:\/\/api.w.org\/{rel}","templated":true}]}}