{"id":15810,"date":"2026-03-18T08:57:38","date_gmt":"2026-03-18T08:57:38","guid":{"rendered":"https:\/\/soydeaqui.ddns.net\/pachuca\/index.php\/producto\/caja-de-conexin-de-fibra-ptica-para-montaje-en-pared-acepta-1-placas-fap-o-fmp-hasta-24-fibras-color-negro\/"},"modified":"2026-03-18T08:57:41","modified_gmt":"2026-03-18T08:57:41","slug":"caja-de-conexin-de-fibra-ptica-para-montaje-en-pared-acepta-1-placas-fap-o-fmp-hasta-24-fibras-color-negro","status":"publish","type":"product","link":"https:\/\/soydeaqui.ddns.net\/pachuca\/index.php\/producto\/caja-de-conexin-de-fibra-ptica-para-montaje-en-pared-acepta-1-placas-fap-o-fmp-hasta-24-fibras-color-negro\/","title":{"rendered":"Caja de Conexi?n de Fibra ?ptica, Para Montaje en Pared, Acepta 1 Placas FAP o FMP, Hasta 24 Fibras, Color Negro"},"content":{"rendered":"<div style='width: 100%; max-width: 1200px; margin: 0 auto; font-family: sans-serif; line-height: 1.6; color: inherit; background-color: transparent;'> <!-- Descripci\u00f3n general --> <\/p>\n<div style='margin-bottom: 30px;'>\n<h2 style='font-size: 24px; border-bottom: 2px solid currentColor; padding-bottom: 5px; margin-top: 0; color: inherit; opacity: 0.85;'>Descripci\u00f3n<\/h2>\n<p style='font-size: 15px; color: inherit; margin-top: 10px;'>El gabinete de montaje en pared Panduit\u00ae Opticom\u00ae est\u00e1 dise\u00f1ado para administrar y organizar la distribuci\u00f3n de fibra cuando el espacio es limitado. Los gabinetes pueden usarse como interconexi\u00f3n o conexi\u00f3n cruzada en cualquier sala de telecomunicaciones y pueden usar cualquier panel adaptador est\u00e1ndar de la serie FAP o FMP.<\/p>\n<\/p><\/div>\n<p> <!-- Caracter\u00edsticas principales --> <\/p>\n<div style='margin-bottom: 30px;'>\n<h3 style='font-size: 22px; border-bottom: 2px solid currentColor; padding-bottom: 5px; margin-top: 0; color: inherit; opacity: 0.8;'>Caracter\u00edsticas Principales<\/h3>\n<ul style='padding-left: 20px; font-size: 15px; color: inherit; margin-top: 15px;'>\n<li style='margin-bottom: 8px;'>Clip de alivio de tensi\u00f3n mejorado: m\u00e1s f\u00e1cil de instalar y alinear la fibra<\/li>\n<li style='margin-bottom: 8px;'>\u00c1rea de bobinado: administra y organiza la holgura de fibra<\/li>\n<li style='margin-bottom: 8px;'>Arandela de goma ofrece protecci\u00f3n contra el polvo\/desechos y ayuda a asegurar el cable al gabinete<\/li>\n<li style='margin-bottom: 8px;'>Cierre mejorado para una mayor seguridad<\/li>\n<\/ul><\/div>\n<p> <!-- Secci\u00f3n de especificaciones t\u00e9cnicas --> <\/p>\n<div style='margin-bottom: 30px;'>\n<h3 style='font-size: 22px; border-bottom: 2px solid currentColor; padding-bottom: 5px; margin-top: 0; color: inherit; opacity: 0.8;'>Especificaciones T\u00e9cnicas<\/h3>\n<div style='display: flex; flex-wrap: wrap; gap: 20px; margin-top: 15px;'>\n<div style='flex: 1 1 250px; border: 1px solid rgba(150&comma; 150&comma; 150&comma; 0.4); border-radius: 8px; overflow: hidden; display: flex; flex-direction: column;'>\n<div style='padding: 15px; border-bottom: 1px solid rgba(150&comma; 150&comma; 150&comma; 0.2); font-weight: bold; font-size: 18px; color: inherit;'>Capacidad<\/div>\n<div style='padding: 15px; color: inherit;'>\n<ul style='padding-left: 20px; margin: 0; font-size: 14px; list-style-type: disc;'>\n<li style='margin-bottom: 5px;'><strong>Capacidad de fibra:<\/strong> Hasta 24 fibras<\/li>\n<li style='margin-bottom: 5px;'><strong>Capacidad de chip y portador de empalmes:<\/strong> Hasta 24 empalmes de fusi\u00f3n<\/li>\n<li style='margin-bottom: 5px;'><strong>Soporte de paneles adaptadores:<\/strong> 1 panel FAP o 1 casete FSC6<\/li>\n<\/ul><\/div>\n<\/p><\/div>\n<div style='flex: 1 1 250px; border: 1px solid rgba(150&comma; 150&comma; 150&comma; 0.4); border-radius: 8px; overflow: hidden; display: flex; flex-direction: column;'>\n<div style='padding: 15px; border-bottom: 1px solid rgba(150&comma; 150&comma; 150&comma; 0.2); font-weight: bold; font-size: 18px; color: inherit;'>Dimensiones<\/div>\n<div style='padding: 15px; color: inherit;'>\n<ul style='padding-left: 20px; margin: 0; font-size: 14px; list-style-type: disc;'>\n<li style='margin-bottom: 5px;'><strong>Ancho:<\/strong> 240.9 mm (9.48 pulg.)<\/li>\n<li style='margin-bottom: 5px;'><strong>Alto:<\/strong> 135.4 mm (5.33 pulg.)<\/li>\n<li style='margin-bottom: 5px;'><strong>Profundidad:<\/strong> 43.2 mm (1.7 pulg.)<\/li>\n<\/ul><\/div>\n<\/p><\/div>\n<div style='flex: 1 1 250px; border: 1px solid rgba(150&comma; 150&comma; 150&comma; 0.4); border-radius: 8px; overflow: hidden; display: flex; flex-direction: column;'>\n<div style='padding: 15px; border-bottom: 1px solid rgba(150&comma; 150&comma; 150&comma; 0.2); font-weight: bold; font-size: 18px; color: inherit;'>Caracter\u00edsticas F\u00edsicas<\/div>\n<div style='padding: 15px; color: inherit;'>\n<ul style='padding-left: 20px; margin: 0; font-size: 14px; list-style-type: disc;'>\n<li style='margin-bottom: 5px;'><strong>Material:<\/strong> Policarbonato<\/li>\n<li style='margin-bottom: 5px;'><strong>Color:<\/strong> Negro<\/li>\n<li style='margin-bottom: 5px;'><strong>Tipo de montaje:<\/strong> Montaje en pared<\/li>\n<li style='margin-bottom: 5px;'><strong>Compatibilidad:<\/strong> Riel DIN 35mm (con accesorio FWME1BL-DIN)<\/li>\n<\/ul><\/div>\n<\/p><\/div>\n<div style='flex: 1 1 250px; border: 1px solid rgba(150&comma; 150&comma; 150&comma; 0.4); border-radius: 8px; overflow: hidden; display: flex; flex-direction: column;'>\n<div style='padding: 15px; border-bottom: 1px solid rgba(150&comma; 150&comma; 150&comma; 0.2); font-weight: bold; font-size: 18px; color: inherit;'>Organizaci\u00f3n de Cables<\/div>\n<div style='padding: 15px; color: inherit;'>\n<ul style='padding-left: 20px; margin: 0; font-size: 14px; list-style-type: disc;'>\n<li style='margin-bottom: 5px;'><strong>Organizaci\u00f3n interior:<\/strong> 4 organizadores con adhesivo trasero<\/li>\n<li style='margin-bottom: 5px;'><strong>Organizaci\u00f3n exterior:<\/strong> 2 organizadores externos para cables de parcheo<\/li>\n<li style='margin-bottom: 5px;'><strong>Ranura de cable:<\/strong> En la base del distribuidor<\/li>\n<\/ul><\/div>\n<\/p><\/div>\n<div style='flex: 1 1 250px; border: 1px solid rgba(150&comma; 150&comma; 150&comma; 0.4); border-radius: 8px; overflow: hidden; display: flex; flex-direction: column;'>\n<div style='padding: 15px; border-bottom: 1px solid rgba(150&comma; 150&comma; 150&comma; 0.2); font-weight: bold; font-size: 18px; color: inherit;'>Conexiones<\/div>\n<div style='padding: 15px; color: inherit;'>\n<ul style='padding-left: 20px; margin: 0; font-size: 14px; list-style-type: disc;'>\n<li style='margin-bottom: 5px;'><strong>Entradas:<\/strong> 1 lateral izquierdo&comma; 1 lateral derecho&comma; 1 trasero<\/li>\n<li style='margin-bottom: 5px;'><strong>Pasamuros:<\/strong> 5\/8 pulg. (0.16-0.31 pulg. de di\u00e1metro)<\/li>\n<li style='margin-bottom: 5px;'><strong>Plugs:<\/strong> 2 plugs de 5\/8 pulg.<\/li>\n<\/ul><\/div>\n<\/p><\/div>\n<\/p><\/div>\n<\/p><\/div>\n<p> <!-- Secci\u00f3n de compatibilidad --> <\/p>\n<div style='margin-bottom: 30px;'>\n<h3 style='font-size: 22px; border-bottom: 2px solid currentColor; padding-bottom: 5px; margin-top: 0; color: inherit; opacity: 0.8;'>Compatibilidad<\/h3>\n<div style='display: flex; flex-wrap: wrap; gap: 20px; margin-top: 15px;'>\n<div style='flex: 1 1 250px; border: 1px solid rgba(150&comma; 150&comma; 150&comma; 0.4); border-radius: 8px; overflow: hidden; display: flex; flex-direction: column;'>\n<div style='padding: 15px; border-bottom: 1px solid rgba(150&comma; 150&comma; 150&comma; 0.2); font-weight: bold; font-size: 18px; color: inherit;'>Paneles Adaptadores Compatibles<\/div>\n<div style='padding: 15px; color: inherit;'>\n<ul style='padding-left: 20px; margin: 0; font-size: 14px; list-style-type: disc;'>\n<li style='margin-bottom: 5px;'>FAP12WBUDLCZ<\/li>\n<li style='margin-bottom: 5px;'>FAP12WAQDLCZ<\/li>\n<li style='margin-bottom: 5px;'>FAP6WEIDSCZ<\/li>\n<li style='margin-bottom: 5px;'>FAP6WAGDSCZ<\/li>\n<\/ul><\/div>\n<\/p><\/div>\n<div style='flex: 1 1 250px; border: 1px solid rgba(150&comma; 150&comma; 150&comma; 0.4); border-radius: 8px; overflow: hidden; display: flex; flex-direction: column;'>\n<div style='padding: 15px; border-bottom: 1px solid rgba(150&comma; 150&comma; 150&comma; 0.2); font-weight: bold; font-size: 18px; color: inherit;'>Casetes Compatibles<\/div>\n<div style='padding: 15px; color: inherit;'>\n<ul style='padding-left: 20px; margin: 0; font-size: 14px; list-style-type: disc;'>\n<li style='margin-bottom: 5px;'>FSC6<\/li>\n<li style='margin-bottom: 5px;'>FSC6H4<\/li>\n<\/ul><\/div>\n<\/p><\/div>\n<\/p><\/div>\n<\/p><\/div>\n<p> <!-- Aplicaciones --> <\/p>\n<div style='margin-bottom: 30px;'>\n<h3 style='font-size: 22px; border-bottom: 2px solid currentColor; padding-bottom: 5px; margin-top: 0; color: inherit; opacity: 0.8;'>Aplicaciones<\/h3>\n<p style='font-size: 15px; color: inherit; margin-top: 15px;'>Los Distribuidores de Empalme de Montaje en Pared Opticom est\u00e1n dise\u00f1ados para administrar y organizar la distribuci\u00f3n de fibra \u00f3ptica en \u00e1reas en las que el espacio es limitado. Tambi\u00e9n pueden utilizarse para organizar cables que entran a la instalaci\u00f3n. Los distribuidores tambi\u00e9n sirven como una interconexi\u00f3n o una conexi\u00f3n cruzada en cualquier sala de telecomunicaciones y son compatibles con cualquier panel adaptador de las series FAP o FMP. Los distribuidores Opticom son completamente modulares y capaces de soportar tanto cables de fibra como de cobre.<\/p>\n<\/p><\/div>\n<p> <!-- Separador final --> <\/p>\n<hr style='border: 0; border-top: 1px solid rgba(150&comma; 150&comma; 150&comma; 0.3); margin: 30px 0;'> <\/div>\n","protected":false},"excerpt":{"rendered":"<p>Caja de Conexi?n de Fibra ?ptica, Para Montaje en Pared, Acepta 1 Placas FAP o FMP, Hasta 24 Fibras, Color Negro<\/p>\n","protected":false},"featured_media":15809,"comment_status":"open","ping_status":"closed","template":"","meta":[],"product_brand":[],"product_cat":[621],"product_tag":[622,611,445],"class_list":{"0":"post-15810","1":"product","2":"type-product","3":"status-publish","4":"has-post-thumbnail","6":"product_cat-distribuidores-de-fibra-optica","7":"product_tag-distribuidores-de-fibra-optica","8":"product_tag-fibra-optica","9":"product_tag-panduit","11":"first","12":"outofstock","13":"sale","14":"shipping-taxable","15":"purchasable","16":"product-type-simple"},"_links":{"self":[{"href":"https:\/\/soydeaqui.ddns.net\/pachuca\/index.php\/wp-json\/wp\/v2\/product\/15810","targetHints":{"allow":["GET"]}}],"collection":[{"href":"https:\/\/soydeaqui.ddns.net\/pachuca\/index.php\/wp-json\/wp\/v2\/product"}],"about":[{"href":"https:\/\/soydeaqui.ddns.net\/pachuca\/index.php\/wp-json\/wp\/v2\/types\/product"}],"replies":[{"embeddable":true,"href":"https:\/\/soydeaqui.ddns.net\/pachuca\/index.php\/wp-json\/wp\/v2\/comments?post=15810"}],"wp:featuredmedia":[{"embeddable":true,"href":"https:\/\/soydeaqui.ddns.net\/pachuca\/index.php\/wp-json\/wp\/v2\/media\/15809"}],"wp:attachment":[{"href":"https:\/\/soydeaqui.ddns.net\/pachuca\/index.php\/wp-json\/wp\/v2\/media?parent=15810"}],"wp:term":[{"taxonomy":"product_brand","embeddable":true,"href":"https:\/\/soydeaqui.ddns.net\/pachuca\/index.php\/wp-json\/wp\/v2\/product_brand?post=15810"},{"taxonomy":"product_cat","embeddable":true,"href":"https:\/\/soydeaqui.ddns.net\/pachuca\/index.php\/wp-json\/wp\/v2\/product_cat?post=15810"},{"taxonomy":"product_tag","embeddable":true,"href":"https:\/\/soydeaqui.ddns.net\/pachuca\/index.php\/wp-json\/wp\/v2\/product_tag?post=15810"}],"curies":[{"name":"wp","href":"https:\/\/api.w.org\/{rel}","templated":true}]}}