{"id":15797,"date":"2026-03-18T08:57:26","date_gmt":"2026-03-18T08:57:26","guid":{"rendered":"https:\/\/soydeaqui.ddns.net\/pachuca\/index.php\/producto\/charola-para-rack-de-19-de-2-postes-23-5-cm-de-profundidad-2-unidades-de-rack\/"},"modified":"2026-03-18T08:57:26","modified_gmt":"2026-03-18T08:57:26","slug":"charola-para-rack-de-19-de-2-postes-23-5-cm-de-profundidad-2-unidades-de-rack","status":"publish","type":"product","link":"https:\/\/soydeaqui.ddns.net\/pachuca\/index.php\/producto\/charola-para-rack-de-19-de-2-postes-23-5-cm-de-profundidad-2-unidades-de-rack\/","title":{"rendered":"Charola para Rack de 19&#8243; de 2 postes, 23.5 cm de Profundidad, 2 Unidades de rack"},"content":{"rendered":"<div style='width: 100%; max-width: 1200px; margin: 0 auto; font-family: sans-serif; line-height: 1.6; color: inherit; background-color: transparent;'> <!-- Secci\u00f3n de introducci\u00f3n --> <\/p>\n<div style='margin-bottom: 30px;'>\n<p style='margin-top: 0; margin-bottom: 1rem; color: inherit; font-size: 16px;'> <strong>Las charolas para rack de Linkedpro ofrecen una soluci\u00f3n vers\u00e1til para una amplia gama de aplicaciones.<\/strong> <\/p>\n<\/p><\/div>\n<p> <!-- Secci\u00f3n de caracter\u00edsticas --> <\/p>\n<div style='display: flex; flex-wrap: wrap; gap: 30px; margin-bottom: 30px;'>\n<div style='flex: 1 1 300px; min-width: 280px;'>\n<h3 style='font-size: 22px; border-bottom: 2px solid currentColor; padding-bottom: 5px; margin-top: 0; color: inherit; opacity: 0.8;'>Caracter\u00edsticas Principales<\/h3>\n<ul style='padding-left: 20px; font-size: 15px; color: inherit;'>\n<li style='margin-bottom: 5px;'><strong>Color:<\/strong> Negro<\/li>\n<li style='margin-bottom: 5px;'><strong>Aplicaci\u00f3n:<\/strong> Interior<\/li>\n<li style='margin-bottom: 5px;'><strong>Unidades de Rack:<\/strong> 2U<\/li>\n<li style='margin-bottom: 5px;'><strong>Profundidad m\u00e1xima de trabajo:<\/strong> 23.5 cm<\/li>\n<li style='margin-bottom: 5px;'><strong>Carga m\u00e1xima sugerida:<\/strong> 7.5 kg<\/li>\n<\/ul><\/div>\n<\/p><\/div>\n<p> <!-- Secci\u00f3n de nota --> <\/p>\n<div style='margin-bottom: 30px;'>\n<h3 style='font-size: 22px; border-bottom: 2px solid currentColor; padding-bottom: 5px; margin-top: 0; color: inherit; opacity: 0.8;'>Nota<\/h3>\n<p style='margin-top: 0; margin-bottom: 1rem; font-size: 16px; color: inherit;'> Si el equipo se monta en Rack de otra marca&comma; se debe adquirir por separado la torniller\u00eda de fijaci\u00f3n <span style='color: #1d4e8f; font-weight: bold; color: inherit;'>LP-TAT-12 \u00f3 <\/span> <a style='text-decoration: none; color: #1d4e8f; font-weight: bold; color: inherit;' href='https:\/\/www.syscom.mx\/principal\/searchcont?route=LP-TAT-48-LINKEDPRO-BY-EPCOM-212512&#038;autodetect=lptat48'> LP-TAT-48. <\/a> <\/p>\n<\/p><\/div>\n<p> <!-- Separador --> <\/p>\n<hr style='border: 0; border-top: 1px solid rgba(150&comma; 150&comma; 150&comma; 0.3); margin: 30px 0;'> <\/div>\n","protected":false},"excerpt":{"rendered":"<p>Charola para Rack de 19&#8243; de 2 postes, 23.5 cm de Profundidad, 2 Unidades de rack<\/p>\n","protected":false},"featured_media":15796,"comment_status":"open","ping_status":"closed","template":"","meta":[],"product_brand":[],"product_cat":[633],"product_tag":[634,219,605],"class_list":{"0":"post-15797","1":"product","2":"type-product","3":"status-publish","4":"has-post-thumbnail","6":"product_cat-accesorios-para-rack-gabinetes","7":"product_tag-accesorios-para-rack-gabinetes","8":"product_tag-linkedpro","9":"product_tag-racks-y-gabinetes","11":"first","12":"instock","13":"sale","14":"shipping-taxable","15":"purchasable","16":"product-type-simple"},"_links":{"self":[{"href":"https:\/\/soydeaqui.ddns.net\/pachuca\/index.php\/wp-json\/wp\/v2\/product\/15797","targetHints":{"allow":["GET"]}}],"collection":[{"href":"https:\/\/soydeaqui.ddns.net\/pachuca\/index.php\/wp-json\/wp\/v2\/product"}],"about":[{"href":"https:\/\/soydeaqui.ddns.net\/pachuca\/index.php\/wp-json\/wp\/v2\/types\/product"}],"replies":[{"embeddable":true,"href":"https:\/\/soydeaqui.ddns.net\/pachuca\/index.php\/wp-json\/wp\/v2\/comments?post=15797"}],"wp:featuredmedia":[{"embeddable":true,"href":"https:\/\/soydeaqui.ddns.net\/pachuca\/index.php\/wp-json\/wp\/v2\/media\/15796"}],"wp:attachment":[{"href":"https:\/\/soydeaqui.ddns.net\/pachuca\/index.php\/wp-json\/wp\/v2\/media?parent=15797"}],"wp:term":[{"taxonomy":"product_brand","embeddable":true,"href":"https:\/\/soydeaqui.ddns.net\/pachuca\/index.php\/wp-json\/wp\/v2\/product_brand?post=15797"},{"taxonomy":"product_cat","embeddable":true,"href":"https:\/\/soydeaqui.ddns.net\/pachuca\/index.php\/wp-json\/wp\/v2\/product_cat?post=15797"},{"taxonomy":"product_tag","embeddable":true,"href":"https:\/\/soydeaqui.ddns.net\/pachuca\/index.php\/wp-json\/wp\/v2\/product_tag?post=15797"}],"curies":[{"name":"wp","href":"https:\/\/api.w.org\/{rel}","templated":true}]}}