{"id":15776,"date":"2026-03-18T08:57:01","date_gmt":"2026-03-18T08:57:01","guid":{"rendered":"https:\/\/soydeaqui.ddns.net\/pachuca\/index.php\/producto\/gabinete-de-pared-con-puerta-de-cristal-templado-635-mm-de-profundidad-6u-rack-de-19-in-acero-reforzado\/"},"modified":"2026-03-18T08:57:10","modified_gmt":"2026-03-18T08:57:10","slug":"gabinete-de-pared-con-puerta-de-cristal-templado-635-mm-de-profundidad-6u-rack-de-19-in-acero-reforzado","status":"publish","type":"product","link":"https:\/\/soydeaqui.ddns.net\/pachuca\/index.php\/producto\/gabinete-de-pared-con-puerta-de-cristal-templado-635-mm-de-profundidad-6u-rack-de-19-in-acero-reforzado\/","title":{"rendered":"Gabinete de Pared con Puerta de Cristal Templado, 635 mm de Profundidad, 6U Rack de 19 in, Acero Reforzado"},"content":{"rendered":"<div style='width: 100%; max-width: 1200px; margin: 0 auto; font-family: sans-serif; line-height: 1.6; color: inherit; background-color: transparent;'>\n<p> <img style='width: 100%; height: auto; border: 1px solid rgba(150&comma;150&comma;150&comma;0.3); border-radius: 8px;' src='https:\/\/ftp3.syscom.mx\/usuarios\/fotos\/SR1904GN2G\/233693-banersito.jpg' alt=''> <\/p>\n<div style='display: flex; flex-wrap: wrap; gap: 30px; margin-bottom: 30px;'>\n<div style='flex: 1 1 300px; min-width: 280px;'>\n<h3 style='font-size: 22px; border-bottom: 2px solid currentColor; padding-bottom: 5px; margin-top: 0; color: inherit; opacity: 0.8;'>Caracter\u00edsticas destacadas<\/h3>\n<ul style='padding-left: 20px; font-size: 15px; color: inherit;'>\n<li style='margin-bottom: 5px;'><span style='font-family: verdana&comma; geneva&comma; sans-serif;'>Instalaci\u00f3n en pared.<\/span><\/li>\n<li style='margin-bottom: 5px;'><span style='font-family: verdana&comma; geneva&comma; sans-serif;'>Puerta de cristal templado.<\/span><\/li>\n<li style='margin-bottom: 5px;'><span style='font-family: verdana&comma; geneva&comma; sans-serif;'>Laterales desmontables.<\/span><\/li>\n<li style='margin-bottom: 5px;'><span style='font-family: verdana&comma; geneva&comma; sans-serif;'>Los 4 postes de rack se pueden acercar o retirar para una mejor instalaci\u00f3n de equipo.<\/span><\/li>\n<li style='margin-bottom: 5px;'> <span style='font-family: verdana&comma; geneva&comma; sans-serif;'>Chapa de seguridad en puerta frontal<\/span> <a href='https:\/\/www.syscom.mx\/producto\/SW-10516-LINKEDPRO-BY-EPCOM-78027.html' style='color: #1d4e8f; font-weight: bold; text-decoration: none;'>SW-10516<\/a> <\/li>\n<li style='margin-bottom: 5px;'><span style='font-family: verdana&comma; geneva&comma; sans-serif;'>Dimensiones exteriores: 606 x 355 x 635 mm (Ancho x Alto x Profundidad).<\/span><\/li>\n<li style='margin-bottom: 5px;'><span style='font-family: verdana&comma; geneva&comma; sans-serif;'>Unidades Rack: 6<\/span><\/li>\n<li style='margin-bottom: 5px;'><span style='font-family: verdana&comma; geneva&comma; sans-serif;'>Profundidad de trabajo m\u00e1xima:<\/span><strong style='font-family: verdana&comma; geneva&comma; sans-serif;'>555 mm (rack frontal a rack trasero).<\/strong><\/li>\n<li style='margin-bottom: 5px;'> <span style='font-family: verdana&comma; geneva&comma; sans-serif;'>Preparaci\u00f3n para ventiladores: 2 simples<\/span> <a href='https:\/\/www.syscom.mx\/producto\/LP-VENT-BASIC-LINKEDPRO-BY-EPCOM-189161.html' style='color: #1d4e8f; font-weight: bold; text-decoration: none;'>LP-VENT-BASIC<\/a> <span style='font-family: verdana&comma; geneva&comma; sans-serif;'> o 1 doble<\/span> <a href='https:\/\/www.syscom.mx\/producto\/LP-VENT-02V2-LINKEDPRO-BY-EPCOM-174680.html' style='color: #1d4e8f; font-weight: bold; text-decoration: none;'> LP-VENT-02V2<\/a> <span style='font-family: verdana&comma; geneva&comma; sans-serif;'>(No incluidos).<\/span> <\/li>\n<li style='margin-bottom: 5px;'><span style='font-family: verdana&comma; geneva&comma; sans-serif;'>Aplicaci\u00f3n: Interior.<\/span><\/li>\n<li style='margin-bottom: 5px;'><span style='font-family: verdana&comma; geneva&comma; sans-serif;'>Color: Negro semi mate.<\/span><\/li>\n<li style='margin-bottom: 5px;'><span style='font-family: verdana&comma; geneva&comma; sans-serif;'>Peso: 20.45 Kg.<\/span><\/li>\n<li style='margin-bottom: 5px;'><span style='font-family: verdana&comma; geneva&comma; sans-serif;'>Capacidad de carga: 100 Kg.<\/span><\/li>\n<li style='margin-bottom: 5px;'><span style='font-family: verdana&comma; geneva&comma; sans-serif;'>Acero de primer calidad.<\/span><\/li>\n<li style='margin-bottom: 5px;'><span style='font-family: verdana&comma; geneva&comma; sans-serif;'>Fabricado de acuerdo a ANSI\/TIA RS-310-D.<\/span><\/li>\n<li style='margin-bottom: 5px;'><strong style='font-family: verdana&comma; geneva&comma; sans-serif;'>Env\u00edo desarmado y empacado en caja de cart\u00f3n.<\/strong><\/li>\n<\/ul><\/div>\n<div style='flex: 1 1 300px; min-width: 280px;'>\n<h3 style='font-size: 22px; border-bottom: 2px solid currentColor; padding-bottom: 5px; margin-top: 0; color: inherit; opacity: 0.8;'>Aplicaciones<\/h3>\n<ul style='padding-left: 20px; font-size: 15px; color: inherit;'>\n<li style='margin-bottom: 5px;'><span style='font-family: verdana&comma; geneva&comma; sans-serif;'>Sistemas de Redes de Datos.<\/span><\/li>\n<li style='margin-bottom: 5px;'><span style='font-family: verdana&comma; geneva&comma; sans-serif;'>Sistemas de Telefon\u00eda IP.<\/span><\/li>\n<li style='margin-bottom: 5px;'><span style='font-family: verdana&comma; geneva&comma; sans-serif;'>Servidores de Datos.<\/span><\/li>\n<li style='margin-bottom: 5px;'><span style='font-family: verdana&comma; geneva&comma; sans-serif;'>Administraci\u00f3n de Cableado y Fibra \u00f3ptica.<\/span><\/li>\n<li style='margin-bottom: 5px;'><span style='font-family: verdana&comma; geneva&comma; sans-serif;'>Sistemas de Monitoreo y gesti\u00f3n remota.<\/span><\/li>\n<li style='margin-bottom: 5px;'><span style='font-family: verdana&comma; geneva&comma; sans-serif;'>Sistemas de seguridad.<\/span><\/li>\n<li style='margin-bottom: 5px;'><span style='font-family: verdana&comma; geneva&comma; sans-serif;'>Distribuci\u00f3n de energ\u00eda.<\/span><\/li>\n<\/ul>\n<h3 style='font-size: 22px; border-bottom: 2px solid currentColor; padding-bottom: 5px; margin-top: 25px; color: inherit; opacity: 0.8;'>Incluye<\/h3>\n<ul style='padding-left: 20px; font-size: 15px; color: inherit;'>\n<li style='margin-bottom: 5px;'><span style='font-family: verdana&comma; geneva&comma; sans-serif;'>Piezas de ensamble (Revisar manual de usuario p\u00e1gina 1).<\/span><\/li>\n<li style='margin-bottom: 5px;'><span style='font-family: verdana&comma; geneva&comma; sans-serif;'>Torniller\u00eda negra para armado y ensamblado de gabinete (Revisar torniller\u00eda p\u00e1gina 1)<\/span><\/li>\n<li style='margin-bottom: 5px;'> <span style='font-family: verdana&comma; geneva&comma; sans-serif;'>Incluye kits<\/span> <a href='https:\/\/www.syscom.mx\/producto\/LP-TAT-12-LINKEDPRO-BY-EPCOM-212511.html' style='color: #1d4e8f; font-weight: bold; text-decoration: none;'> <span style='color: #000000; font-family: verdana&comma; geneva&comma; sans-serif; font-size: medium; font-weight: 400;'>para montar 6 equipos en unidades de rack.<\/span> <\/a> <\/li>\n<\/ul>\n<h3 style='font-size: 22px; border-bottom: 2px solid currentColor; padding-bottom: 5px; margin-top: 25px; color: inherit; opacity: 0.8;'>Valores agregados<\/h3>\n<ul style='padding-left: 20px; font-size: 15px; color: inherit;'>\n<li style='margin-bottom: 5px;'><span style='font-family: verdana&comma; geneva&comma; sans-serif;'>Factibilidad de instalaci\u00f3n.<\/span><\/li>\n<li style='margin-bottom: 5px;'><span style='font-family: verdana&comma; geneva&comma; sans-serif;'>Gesti\u00f3n eficiente del cableado.<\/span><\/li>\n<li style='margin-bottom: 5px;'><span style='font-family: verdana&comma; geneva&comma; sans-serif;'>Compatibilidad con distintos equipos.<\/span><\/li>\n<li style='margin-bottom: 5px;'><span style='font-family: verdana&comma; geneva&comma; sans-serif;'>Dise\u00f1o robusto.<\/span><\/li>\n<li style='margin-bottom: 5px;'><span style='font-family: verdana&comma; geneva&comma; sans-serif;'>Flexibilidad en modelos.<\/span><\/li>\n<\/ul><\/div>\n<\/p><\/div>\n<\/p><\/div>\n","protected":false},"excerpt":{"rendered":"<p>Gabinete de Pared con Puerta de Cristal Templado, 635 mm de Profundidad, 6U Rack de 19 in, Acero Reforzado<\/p>\n","protected":false},"featured_media":15775,"comment_status":"open","ping_status":"closed","template":"","meta":[],"product_brand":[],"product_cat":[708],"product_tag":[219,624,605],"class_list":{"0":"post-15776","1":"product","2":"type-product","3":"status-publish","4":"has-post-thumbnail","6":"product_cat-racks-cerrados-racks-y-gabinetes-cableado-estructurado","7":"product_tag-linkedpro","8":"product_tag-racks-cerrados","9":"product_tag-racks-y-gabinetes","11":"first","12":"instock","13":"sale","14":"shipping-taxable","15":"purchasable","16":"product-type-simple"},"_links":{"self":[{"href":"https:\/\/soydeaqui.ddns.net\/pachuca\/index.php\/wp-json\/wp\/v2\/product\/15776","targetHints":{"allow":["GET"]}}],"collection":[{"href":"https:\/\/soydeaqui.ddns.net\/pachuca\/index.php\/wp-json\/wp\/v2\/product"}],"about":[{"href":"https:\/\/soydeaqui.ddns.net\/pachuca\/index.php\/wp-json\/wp\/v2\/types\/product"}],"replies":[{"embeddable":true,"href":"https:\/\/soydeaqui.ddns.net\/pachuca\/index.php\/wp-json\/wp\/v2\/comments?post=15776"}],"wp:featuredmedia":[{"embeddable":true,"href":"https:\/\/soydeaqui.ddns.net\/pachuca\/index.php\/wp-json\/wp\/v2\/media\/15775"}],"wp:attachment":[{"href":"https:\/\/soydeaqui.ddns.net\/pachuca\/index.php\/wp-json\/wp\/v2\/media?parent=15776"}],"wp:term":[{"taxonomy":"product_brand","embeddable":true,"href":"https:\/\/soydeaqui.ddns.net\/pachuca\/index.php\/wp-json\/wp\/v2\/product_brand?post=15776"},{"taxonomy":"product_cat","embeddable":true,"href":"https:\/\/soydeaqui.ddns.net\/pachuca\/index.php\/wp-json\/wp\/v2\/product_cat?post=15776"},{"taxonomy":"product_tag","embeddable":true,"href":"https:\/\/soydeaqui.ddns.net\/pachuca\/index.php\/wp-json\/wp\/v2\/product_tag?post=15776"}],"curies":[{"name":"wp","href":"https:\/\/api.w.org\/{rel}","templated":true}]}}