{"id":15770,"date":"2026-03-18T08:56:52","date_gmt":"2026-03-18T08:56:52","guid":{"rendered":"https:\/\/soydeaqui.ddns.net\/pachuca\/index.php\/producto\/gabinete-de-pared-con-puerta-de-cristal-templado-635mm-de-profundidad-4u-rack-de-19-acero-reforzado\/"},"modified":"2026-03-18T08:56:57","modified_gmt":"2026-03-18T08:56:57","slug":"gabinete-de-pared-con-puerta-de-cristal-templado-635mm-de-profundidad-4u-rack-de-19-acero-reforzado","status":"publish","type":"product","link":"https:\/\/soydeaqui.ddns.net\/pachuca\/index.php\/producto\/gabinete-de-pared-con-puerta-de-cristal-templado-635mm-de-profundidad-4u-rack-de-19-acero-reforzado\/","title":{"rendered":"Gabinete de Pared con Puerta de Cristal Templado, 635mm de Profundidad, 4U Rack de 19&#8221;, Acero Reforzado"},"content":{"rendered":"<div style='width: 100%; max-width: 1200px; margin: 0 auto; font-family: sans-serif; line-height: 1.6; color: inherit; background-color: transparent;'> <!-- Imagen principal --> <\/p>\n<div style='width: 100%; margin-bottom: 30px;'> <img style='width: 100%; height: auto; border: 1px solid rgba(150&comma;150&comma;150&comma;0.3); border-radius: 8px;' src='https:\/\/ftp3.syscom.mx\/usuarios\/fotos\/SR1904GN2G\/233693-banersito.jpg' alt=''> <\/div>\n<p> <!-- Contenido principal --> <\/p>\n<div style='display: flex; flex-wrap: wrap; gap: 30px; margin-bottom: 30px;'> <!-- Columna 1 --> <\/p>\n<div style='flex: 1 1 450px; min-width: 300px;'>\n<div style='border-left: 5px solid #0000ff; border-radius: 8px; padding: 15px; box-shadow: 2px 2px 10px rgba(216&comma;216&comma;216&comma;0.5);'>\n<h3 style='font-size: 20px; margin-top: 0; margin-bottom: 15px; color: inherit; font-weight: bold;'>Caracter\u00edsticas destacadas:<\/h3>\n<ul style='padding-left: 20px; margin: 0; font-size: 15px; color: inherit;'>\n<li style='margin-bottom: 8px;'>Instalaci\u00f3n en pared.<\/li>\n<li style='margin-bottom: 8px;'>Puerta de cristal templado.<\/li>\n<li style='margin-bottom: 8px;'>Laterales desmontables.<\/li>\n<li style='margin-bottom: 8px;'>Los 4 postes de rack se pueden acercar o retirar para una mejor instalaci\u00f3n de equipo.<\/li>\n<li style='margin-bottom: 8px;'>Chapa de seguridad en puerta frontal <span style='color: #1d4e8f; font-weight: bold;'>SW-10516.<\/span><\/li>\n<li style='margin-bottom: 8px;'>Dimensiones exteriores: 606 x 274 x 635 mm (Ancho x Alto x Profundidad).<\/li>\n<li style='margin-bottom: 8px;'>Unidades Rack: 4<\/li>\n<li style='margin-bottom: 8px;'>Profundidad de trabajo m\u00e1xima: <strong>544 mm (rack frontal a rack trasero).<\/strong><\/li>\n<li style='margin-bottom: 8px;'>Preparaci\u00f3n para ventiladores: 2 simples <a href='https:\/\/www.syscom.mx\/producto\/LP-VENT-BASIC-LINKEDPRO-BY-EPCOM-189161.html' style='color: inherit; text-decoration: none; font-weight: 600;'>LP-VENT-BASIC<\/a> o 1 doble <a href='https:\/\/www.syscom.mx\/producto\/LP-VENT-02V2-LINKEDPRO-BY-EPCOM-174680.html' style='color: inherit; text-decoration: none; font-weight: 600;'>LP-VENT-02V2<\/a> (No incluidos).<\/li>\n<li style='margin-bottom: 8px;'>Aplicaci\u00f3n: Interior.<\/li>\n<li style='margin-bottom: 8px;'>Color: Negro semi mate.<\/li>\n<li style='margin-bottom: 8px;'>Peso: 18.13 Kg.<\/li>\n<li style='margin-bottom: 8px;'>Capacidad de carga: 100 Kg.<\/li>\n<li style='margin-bottom: 8px;'>Acero de primer calidad.<\/li>\n<li style='margin-bottom: 8px;'>Fabricado de acuerdo a ANSI\/TIA RS-310-D.<\/li>\n<li style='margin-bottom: 8px;'><strong>Env\u00edo desarmado y empacado en caja de cart\u00f3n.<\/strong><\/li>\n<\/ul><\/div>\n<\/p><\/div>\n<p> <!-- Columna 2 --> <\/p>\n<div style='flex: 1 1 450px; min-width: 300px;'>\n<div style='border-left: 5px solid #0000ff; border-radius: 8px; padding: 15px; box-shadow: 2px 2px 10px rgba(216&comma;216&comma;216&comma;0.5);'>\n<h3 style='font-size: 20px; margin-top: 0; margin-bottom: 15px; color: inherit; font-weight: bold;'>Aplicaciones:<\/h3>\n<ul style='padding-left: 20px; margin: 0; font-size: 15px; color: inherit;'>\n<li style='margin-bottom: 8px;'>Sistemas de Redes de Datos.<\/li>\n<li style='margin-bottom: 8px;'>Sistemas de Telefon\u00eda IP.<\/li>\n<li style='margin-bottom: 8px;'>Servidores de Datos.<\/li>\n<li style='margin-bottom: 8px;'>Administraci\u00f3n de Cableado y Fibra \u00f3ptica.<\/li>\n<li style='margin-bottom: 8px;'>Sistemas de Monitoreo y gesti\u00f3n remota.<\/li>\n<li style='margin-bottom: 8px;'>Sistemas de seguridad.<\/li>\n<li style='margin-bottom: 8px;'>Distribuci\u00f3n de energ\u00eda.<\/li>\n<\/ul>\n<h3 style='font-size: 20px; margin-top: 25px; margin-bottom: 15px; color: inherit; font-weight: bold;'>Incluye:<\/h3>\n<ul style='padding-left: 20px; margin: 0; font-size: 15px; color: inherit;'>\n<li style='margin-bottom: 8px;'>Piezas de ensamble (Revisar manual de usuario p\u00e1gina 1).<\/li>\n<li style='margin-bottom: 8px;'>Torniller\u00eda negra para armado y ensambaldo de gabinete (Revisar torniller\u00eda p\u00e1gina 1)<\/li>\n<li style='margin-bottom: 8px;'>Incluye kits <a href='https:\/\/www.syscom.mx\/principal\/searchcont?route=LP-TAT-12-LINKEDPRO-BY-EPCOM-212511&#038;autodetect=LPTAT12' style='color: inherit; text-decoration: none; font-weight: 600;'>para montar 3 equipos en unidades de rack.<\/a><\/li>\n<\/ul>\n<h3 style='font-size: 20px; margin-top: 25px; margin-bottom: 15px; color: inherit; font-weight: bold;'>Valores agregados:<\/h3>\n<ul style='padding-left: 20px; margin: 0; font-size: 15px; color: inherit;'>\n<li style='margin-bottom: 8px;'>Factibilidad de instalaci\u00f3n.<\/li>\n<li style='margin-bottom: 8px;'>Gesti\u00f3n eficiente del cableado.<\/li>\n<li style='margin-bottom: 8px;'>Compatibilidad con distintos equipos.<\/li>\n<li style='margin-bottom: 8px;'>Dise\u00f1o robusto.<\/li>\n<li style='margin-bottom: 8px;'>Flexibilidad en modelos.<\/li>\n<\/ul><\/div>\n<\/p><\/div>\n<\/p><\/div>\n<p> <!-- Separador final --> <\/p>\n<hr style='border: 0; border-top: 1px solid rgba(150&comma; 150&comma; 150&comma; 0.3); margin: 30px 0;'> <\/div>\n","protected":false},"excerpt":{"rendered":"<p>Gabinete de Pared con Puerta de Cristal Templado, 635mm de Profundidad, 4U Rack de 19&#8221;, Acero Reforzado<\/p>\n","protected":false},"featured_media":15769,"comment_status":"open","ping_status":"closed","template":"","meta":[],"product_brand":[],"product_cat":[708],"product_tag":[219,624,605],"class_list":{"0":"post-15770","1":"product","2":"type-product","3":"status-publish","4":"has-post-thumbnail","6":"product_cat-racks-cerrados-racks-y-gabinetes-cableado-estructurado","7":"product_tag-linkedpro","8":"product_tag-racks-cerrados","9":"product_tag-racks-y-gabinetes","11":"first","12":"instock","13":"sale","14":"shipping-taxable","15":"purchasable","16":"product-type-simple"},"_links":{"self":[{"href":"https:\/\/soydeaqui.ddns.net\/pachuca\/index.php\/wp-json\/wp\/v2\/product\/15770","targetHints":{"allow":["GET"]}}],"collection":[{"href":"https:\/\/soydeaqui.ddns.net\/pachuca\/index.php\/wp-json\/wp\/v2\/product"}],"about":[{"href":"https:\/\/soydeaqui.ddns.net\/pachuca\/index.php\/wp-json\/wp\/v2\/types\/product"}],"replies":[{"embeddable":true,"href":"https:\/\/soydeaqui.ddns.net\/pachuca\/index.php\/wp-json\/wp\/v2\/comments?post=15770"}],"wp:featuredmedia":[{"embeddable":true,"href":"https:\/\/soydeaqui.ddns.net\/pachuca\/index.php\/wp-json\/wp\/v2\/media\/15769"}],"wp:attachment":[{"href":"https:\/\/soydeaqui.ddns.net\/pachuca\/index.php\/wp-json\/wp\/v2\/media?parent=15770"}],"wp:term":[{"taxonomy":"product_brand","embeddable":true,"href":"https:\/\/soydeaqui.ddns.net\/pachuca\/index.php\/wp-json\/wp\/v2\/product_brand?post=15770"},{"taxonomy":"product_cat","embeddable":true,"href":"https:\/\/soydeaqui.ddns.net\/pachuca\/index.php\/wp-json\/wp\/v2\/product_cat?post=15770"},{"taxonomy":"product_tag","embeddable":true,"href":"https:\/\/soydeaqui.ddns.net\/pachuca\/index.php\/wp-json\/wp\/v2\/product_tag?post=15770"}],"curies":[{"name":"wp","href":"https:\/\/api.w.org\/{rel}","templated":true}]}}