{"id":15746,"date":"2026-03-18T08:56:28","date_gmt":"2026-03-18T08:56:28","guid":{"rendered":"https:\/\/soydeaqui.ddns.net\/pachuca\/index.php\/producto\/accesorio-de-control-de-radio-de-curvatura-para-bajadas-de-cable-con-canaletas-fiberrunner-2x2-color-amarillo\/"},"modified":"2026-03-18T08:56:32","modified_gmt":"2026-03-18T08:56:32","slug":"accesorio-de-control-de-radio-de-curvatura-para-bajadas-de-cable-con-canaletas-fiberrunner-2x2-color-amarillo","status":"publish","type":"product","link":"https:\/\/soydeaqui.ddns.net\/pachuca\/index.php\/producto\/accesorio-de-control-de-radio-de-curvatura-para-bajadas-de-cable-con-canaletas-fiberrunner-2x2-color-amarillo\/","title":{"rendered":"Accesorio de Control de Radio de Curvatura, Para Bajadas de Cable con Canaletas FiberRunner 2&#215;2, Color Amarillo"},"content":{"rendered":"<div style='width: 100%; max-width: 1200px; margin: 0 auto; font-family: sans-serif; line-height: 1.6; color: inherit; background-color: transparent;'> <!-- Secci\u00f3n de caracter\u00edsticas principales --> <\/p>\n<div style='display: flex; flex-wrap: wrap; gap: 30px; margin-bottom: 30px;'>\n<div style='flex: 1 1 300px; min-width: 280px;'>\n<h3 style='font-size: 22px; border-bottom: 2px solid currentColor; padding-bottom: 5px; margin-top: 0; color: inherit; opacity: 0.8;'>Caracter\u00edsticas Principales<\/h3>\n<ul style='padding-left: 20px; font-size: 15px; color: inherit;'>\n<li style='margin-bottom: 5px;'>Radio de curvatura de 50.8 mm para flexibilidad<\/li>\n<li style='margin-bottom: 5px;'>Construido en policarbonato\/ABS para durabilidad m\u00e1xima<\/li>\n<li style='margin-bottom: 5px;'>Cumple con RoHS y listado UL 2024A<\/li>\n<li style='margin-bottom: 5px;'>Compatible con sistema Fiberrunner 2&#215;2<\/li>\n<li style='margin-bottom: 5px;'>Dimensiones: 97.8 mm x 152.4 mm x 97.8 mm<\/li>\n<\/ul><\/div>\n<\/p><\/div>\n<p> <!-- Secci\u00f3n de especificaciones t\u00e9cnicas --> <\/p>\n<div style='display: flex; flex-wrap: wrap; gap: 20px; margin-bottom: 30px;'>\n<div style='flex: 1 1 250px; border: 1px solid rgba(150&comma; 150&comma; 150&comma; 0.4); border-radius: 8px; overflow: hidden; display: flex; flex-direction: column;'>\n<div style='padding: 15px; border-bottom: 1px solid rgba(150&comma; 150&comma; 150&comma; 0.2); font-weight: bold; font-size: 18px; color: inherit;'>Especificaciones T\u00e9cnicas<\/div>\n<div style='padding: 15px; color: inherit;'>\n<ul style='padding-left: 20px; margin: 0; font-size: 14px; list-style-type: disc;'>\n<li style='margin-bottom: 5px;'><strong>Aplicaci\u00f3n:<\/strong> Centros de datos y centrales telef\u00f3nicas<\/li>\n<li style='margin-bottom: 5px;'><strong>Submarca:<\/strong> FiberRunner\u00ae<\/li>\n<li style='margin-bottom: 5px;'><strong>Radio de curvatura:<\/strong> 2&#8242; (50.8 mm)<\/li>\n<li style='margin-bottom: 5px;'><strong>Para usar con:<\/strong> FiberRunner 2&#215;2<\/li>\n<li style='margin-bottom: 5px;'><strong>Material:<\/strong> Policarbonato\/ABS<\/li>\n<li style='margin-bottom: 5px;'><strong>Altura:<\/strong> 3.85&#8242; (97.8 mm)<\/li>\n<li style='margin-bottom: 5px;'><strong>Longitud:<\/strong> 3.85&#8242; (97.8 mm)<\/li>\n<li style='margin-bottom: 5px;'><strong>Ancho:<\/strong> 6&#8242; (152.4 mm)<\/li>\n<li style='margin-bottom: 5px;'><strong>Color:<\/strong> Amarillo<\/li>\n<\/ul><\/div>\n<\/p><\/div>\n<p> <!-- Secci\u00f3n de certificaciones --> <\/p>\n<div style='flex: 1 1 250px; border: 1px solid rgba(150&comma; 150&comma; 150&comma; 0.4); border-radius: 8px; overflow: hidden; display: flex; flex-direction: column;'>\n<div style='padding: 15px; border-bottom: 1px solid rgba(150&comma; 150&comma; 150&comma; 0.2); font-weight: bold; font-size: 18px; color: inherit;'>Certificaciones<\/div>\n<div style='padding: 15px; color: inherit;'>\n<ul style='padding-left: 20px; margin: 0; font-size: 14px; list-style-type: disc;'>\n<li style='margin-bottom: 5px;'>Cumple con RoHS<\/li>\n<li style='margin-bottom: 5px;'>Listado por UL para 2024A Ensambles de enrutamiento de cables de fibra \u00f3ptica<\/li>\n<li style='margin-bottom: 5px;'>Cumple con las pruebas aplicables en los sistemas de construcci\u00f3n de equipos de red Telcordia GR-63-CORE Nivel 3<\/li>\n<\/ul><\/div>\n<\/p><\/div>\n<p> <!-- Secci\u00f3n de aplicaciones --> <\/p>\n<div style='flex: 1 1 250px; border: 1px solid rgba(150&comma; 150&comma; 150&comma; 0.4); border-radius: 8px; overflow: hidden; display: flex; flex-direction: column;'>\n<div style='padding: 15px; border-bottom: 1px solid rgba(150&comma; 150&comma; 150&comma; 0.2); font-weight: bold; font-size: 18px; color: inherit;'>Aplicaciones<\/div>\n<div style='padding: 15px; color: inherit;'>\n<ul style='padding-left: 20px; margin: 0; font-size: 14px; list-style-type: disc;'>\n<li style='margin-bottom: 5px;'>Centros de datos<\/li>\n<li style='margin-bottom: 5px;'>Centrales telef\u00f3nicas<\/li>\n<li style='margin-bottom: 5px;'>Oficinas centrales de compa\u00f1\u00edas de telecomunicaciones<\/li>\n<li style='margin-bottom: 5px;'>Instalaciones de piso elevado<\/li>\n<\/ul><\/div>\n<\/p><\/div>\n<\/p><\/div>\n<p> <!-- Secci\u00f3n de beneficios --> <\/p>\n<div style='display: flex; flex-wrap: wrap; gap: 20px; margin-bottom: 30px;'>\n<div style='flex: 1 1 250px; border: 1px solid rgba(150&comma; 150&comma; 150&comma; 0.4); border-radius: 8px; overflow: hidden; display: flex; flex-direction: column;'>\n<div style='padding: 15px; border-bottom: 1px solid rgba(150&comma; 150&comma; 150&comma; 0.2); font-weight: bold; font-size: 18px; color: inherit;'>Beneficios<\/div>\n<div style='padding: 15px; color: inherit;'>\n<ul style='padding-left: 20px; margin: 0; font-size: 14px; list-style-type: disc;'>\n<li style='margin-bottom: 5px;'>Instalaciones m\u00e1s r\u00e1pidas: No se requieren herramientas ni apretar pernos con acopladores QuikLock\u2122<\/li>\n<li style='margin-bottom: 5px;'>F\u00e1cil mantenimiento: Cubiertas con bisagras para acceso r\u00e1pido<\/li>\n<li style='margin-bottom: 5px;'>Protecci\u00f3n del cable: Radio de curvatura de 50.8 mm (2&#8242;) para evitar p\u00e9rdida de se\u00f1al<\/li>\n<li style='margin-bottom: 5px;'>Versatilidad: Compatible con m\u00faltiples sistemas y opciones de salida<\/li>\n<li style='margin-bottom: 5px;'>Resistencia: Sistema robusto no met\u00e1lico para protecci\u00f3n f\u00edsica del cableado<\/li>\n<\/ul><\/div>\n<\/p><\/div>\n<p> <!-- Secci\u00f3n de compatibilidad --> <\/p>\n<div style='flex: 1 1 250px; border: 1px solid rgba(150&comma; 150&comma; 150&comma; 0.4); border-radius: 8px; overflow: hidden; display: flex; flex-direction: column;'>\n<div style='padding: 15px; border-bottom: 1px solid rgba(150&comma; 150&comma; 150&comma; 0.2); font-weight: bold; font-size: 18px; color: inherit;'>Compatibilidad<\/div>\n<div style='padding: 15px; color: inherit;'>\n<ul style='padding-left: 20px; margin: 0; font-size: 14px; list-style-type: disc;'>\n<li style='margin-bottom: 5px;'>Sistema FiberRunner\u00ae 2&#215;2<\/li>\n<li style='margin-bottom: 5px;'>Acopladores QuikLock\u2122<\/li>\n<li style='margin-bottom: 5px;'>Sistemas FiberRunner\u00ae para transici\u00f3n a tubo corrugado<\/li>\n<li style='margin-bottom: 5px;'>Sistema integral de distribuci\u00f3n de fibra Panduit\u00ae<\/li>\n<\/ul><\/div>\n<\/p><\/div>\n<\/p><\/div>\n<p> <!-- Separador --> <\/p>\n<hr style='border: 0; border-top: 1px solid rgba(150&comma; 150&comma; 150&comma; 0.3); margin: 30px 0;'> <!-- Secci\u00f3n de informaci\u00f3n adicional --> <\/p>\n<div style='display: flex; flex-wrap: wrap; gap: 30px;'>\n<div style='flex: 1 1 300px; min-width: 280px;'>\n<h3 style='font-size: 22px; border-bottom: 2px solid currentColor; padding-bottom: 5px; margin-top: 0; color: inherit; opacity: 0.8;'>Informaci\u00f3n Adicional<\/h3>\n<ul style='padding-left: 20px; font-size: 15px; color: inherit;'>\n<li style='margin-bottom: 5px;'><strong>\u00c1rea de capacidad \u00fatil:<\/strong> 50% (2&#8242; de apilamiento)<\/li>\n<li style='margin-bottom: 5px;'><strong>Material:<\/strong> PVC r\u00edgido (Canal)&comma; PC\/ABS (Accesorios)<\/li>\n<li style='margin-bottom: 5px;'><strong>Flamabilidad:<\/strong> 94V-0<\/li>\n<li style='margin-bottom: 5px;'><strong>Autorizaciones:<\/strong> UL Listed para ensambles de enrutamiento de cables de fibra \u00f3ptica 2024<\/li>\n<li style='margin-bottom: 5px;'><strong>Colores disponibles:<\/strong> Amarillo y Negro<\/li>\n<\/ul><\/div>\n<\/p><\/div>\n<\/p><\/div>\n","protected":false},"excerpt":{"rendered":"<p>Accesorio de Control de Radio de Curvatura, Para Bajadas de Cable con Canaletas FiberRunner 2&#215;2, Color Amarillo<\/p>\n","protected":false},"featured_media":15745,"comment_status":"open","ping_status":"closed","template":"","meta":[],"product_brand":[],"product_cat":[581],"product_tag":[582,572,445],"class_list":{"0":"post-15746","1":"product","2":"type-product","3":"status-publish","4":"has-post-thumbnail","6":"product_cat-canaletas","7":"product_tag-canaletas","8":"product_tag-canalizacion","9":"product_tag-panduit","11":"first","12":"outofstock","13":"sale","14":"shipping-taxable","15":"purchasable","16":"product-type-simple"},"_links":{"self":[{"href":"https:\/\/soydeaqui.ddns.net\/pachuca\/index.php\/wp-json\/wp\/v2\/product\/15746","targetHints":{"allow":["GET"]}}],"collection":[{"href":"https:\/\/soydeaqui.ddns.net\/pachuca\/index.php\/wp-json\/wp\/v2\/product"}],"about":[{"href":"https:\/\/soydeaqui.ddns.net\/pachuca\/index.php\/wp-json\/wp\/v2\/types\/product"}],"replies":[{"embeddable":true,"href":"https:\/\/soydeaqui.ddns.net\/pachuca\/index.php\/wp-json\/wp\/v2\/comments?post=15746"}],"wp:featuredmedia":[{"embeddable":true,"href":"https:\/\/soydeaqui.ddns.net\/pachuca\/index.php\/wp-json\/wp\/v2\/media\/15745"}],"wp:attachment":[{"href":"https:\/\/soydeaqui.ddns.net\/pachuca\/index.php\/wp-json\/wp\/v2\/media?parent=15746"}],"wp:term":[{"taxonomy":"product_brand","embeddable":true,"href":"https:\/\/soydeaqui.ddns.net\/pachuca\/index.php\/wp-json\/wp\/v2\/product_brand?post=15746"},{"taxonomy":"product_cat","embeddable":true,"href":"https:\/\/soydeaqui.ddns.net\/pachuca\/index.php\/wp-json\/wp\/v2\/product_cat?post=15746"},{"taxonomy":"product_tag","embeddable":true,"href":"https:\/\/soydeaqui.ddns.net\/pachuca\/index.php\/wp-json\/wp\/v2\/product_tag?post=15746"}],"curies":[{"name":"wp","href":"https:\/\/api.w.org\/{rel}","templated":true}]}}