{"id":15732,"date":"2026-03-18T08:56:16","date_gmt":"2026-03-18T08:56:16","guid":{"rendered":"https:\/\/soydeaqui.ddns.net\/pachuca\/index.php\/producto\/gabinete-de-doble-puerta-800-x-1200-x-300-mm-de-acero-dulce-proteccion-nema-12-ip55-ik10\/"},"modified":"2026-03-18T08:56:17","modified_gmt":"2026-03-18T08:56:17","slug":"gabinete-de-doble-puerta-800-x-1200-x-300-mm-de-acero-dulce-proteccion-nema-12-ip55-ik10","status":"publish","type":"product","link":"https:\/\/soydeaqui.ddns.net\/pachuca\/index.php\/producto\/gabinete-de-doble-puerta-800-x-1200-x-300-mm-de-acero-dulce-proteccion-nema-12-ip55-ik10\/","title":{"rendered":"Gabinete de Doble Puerta, 800 x 1200 x 300 mm, de Acero Dulce. Protecci\u00f3n NEMA 12, IP55, IK10"},"content":{"rendered":"<div style='width: 100%; max-width: 1200px; margin: 0 auto; font-family: sans-serif; line-height: 1.6; color: inherit; background-color: transparent;'>\n<div style='display: flex; flex-wrap: wrap; gap: 30px; margin-bottom: 30px;'>\n<div style='flex: 1 1 300px; min-width: 280px;'> <img style='width: 100%; height: auto; border: 1px solid rgba(150&comma;150&comma;150&comma;0.3); border-radius: 8px;' src='https:\/\/ftp3.syscom.mx\/usuarios\/fotos\/MAD0801230R5\/232551-224288-hoffman_logo.png' alt='Logo Hoffman'> <\/div>\n<\/p><\/div>\n<div style='display: flex; flex-wrap: wrap; gap: 30px; margin-bottom: 30px;'>\n<div style='flex: 1 1 300px; min-width: 280px;'>\n<h3 style='font-size: 22px; border-bottom: 2px solid currentColor; padding-bottom: 5px; margin-top: 0; color: inherit; opacity: 0.8;'>Caracter\u00edsticas Generales<\/h3>\n<ul style='padding-left: 20px; font-size: 15px; color: inherit;'>\n<li style='margin-bottom: 5px;'>Estructura: Plegado y soldado longitudinalmente. Cuatro taladros de di\u00e1metro 8.5 mm para fijaci\u00f3n mural&comma; embutidos 2 mm x 20.4 mm de di\u00e1metro para permitir el flujo de aire entre la pared y la parte posterior del armario.<\/li>\n<li style='margin-bottom: 5px;'>Puerta: Montada en superficie con \u00e1ngulo de apertura de 130\u00b0. Bisagras desmontables ocultas con pasador cautivo. Pernos M6 soldados en el interior de la puerta para la colocaci\u00f3n de perfiles de montaje MMDP. Dos perfiles de montaje extra\u00edbles en la puerta derecha y dos en la puerta izquierda. La protecci\u00f3n est\u00e1 asegurada por medio de una junta de poliuretano inyectada en continuo.<\/li>\n<li style='margin-bottom: 5px;'>Cierre: Cierre personalizado con doble palet\u00f3n para facilitar la apertura de la puerta. Inserto DIN de 3 mm con movimiento de 90\u00b0. Cierre de varillas con 3 puntos de fijaci\u00f3n. Otros accionamientos est\u00e1n disponibles como accesorio.<\/li>\n<li style='margin-bottom: 5px;'>Placa de montaje: La placa de montaje est\u00e1 marcada verticalmente a intervalos de 10 mm para facilitar el posicionamiento horizontal del equipo. En la parte superior e inferior est\u00e1n dispuestos unos taladros para facilitar la fijaci\u00f3n de los cables. Fijados sobre pernos M8 soldados a la parte trasera del armario. A partir de armarios de 800 mm y superiores&comma; todos los laterales est\u00e1n reforzados con bordes plegados. La placa de montaje puede ser ajustada en profundidad con el accesorio AMG.<\/li>\n<li style='margin-bottom: 5px;'>Apertura salida de cables: Situada en el posterior del armario para facilitar el cableado dentro de la placa de montaje.<\/li>\n<li style='margin-bottom: 5px;'>Protecci\u00f3n: IP 55 | TIPO 12 | IK 10. Para instalaciones en exteriores se recomienda utilizar una tapa protectora de la lluvia ARF y pintura de poli\u00e9ster al 100%. Resistance to corrosion must be taken into consideration for outdoor and indoor applications.<\/li>\n<li style='margin-bottom: 5px;'>Acabado: Pintado al polvo&comma; texturado&comma; color gris RAL 7035.<\/li>\n<li style='margin-bottom: 5px;'>Suministro: Armario con puertas y placa de montaje (no se incluye para los n\u00fameros de referencia que terminan en PER5). Dos perfiles de montaje en cada puerta. Tapas para cables con juntas&comma; llave de doble palet\u00f3n met\u00e1lica de 3 mm y accesorios de montaje. Conexiones a tierra.<\/li>\n<li style='margin-bottom: 5px;'>Placa de montaje: Todos los lados&comma; a partir de 800 mm y m\u00e1s&comma; est\u00e1n reforzados con bordes doblados<\/li>\n<li style='margin-bottom: 5px;'>Entrega: Gabinete con puertas&comma; placa de montaje&comma; perfiles de montaje en dos puertas sobre la puerta derecha&comma; placas de montaje con juntas llave de 3 mm met\u00e1lica de doble bit y accesorios de montaje<\/li>\n<\/ul><\/div>\n<\/p><\/div>\n<div style='display: flex; flex-wrap: wrap; gap: 20px; margin-bottom: 30px;'>\n<div style='flex: 1 1 250px; border: 1px solid rgba(150&comma; 150&comma; 150&comma; 0.4); border-radius: 8px; overflow: hidden; display: flex; flex-direction: column;'>\n<div style='padding: 15px; border-bottom: 1px solid rgba(150&comma; 150&comma; 150&comma; 0.2); font-weight: bold; font-size: 18px; color: inherit;'>Caracter\u00edsticas del Producto<\/div>\n<div style='padding: 15px; color: inherit;'>\n<ul style='padding-left: 20px; margin: 0; font-size: 14px; list-style-type: disc;'>\n<li style='margin-bottom: 5px;'><strong>Peso del gabiente:<\/strong> 63.9 Kg.<\/li>\n<li style='margin-bottom: 5px;'><strong>Cantidad de cerrojos y peso:<\/strong> 1 cerrojo<\/li>\n<li style='margin-bottom: 5px;'><strong>Material&comma; Acabado y Color:<\/strong> Acero dulce&comma; pintado al polvo&comma; gris claro<\/li>\n<li style='margin-bottom: 5px;'><strong>Dimensiones Alto x Ancho x Profundidad:<\/strong> 800 x 1200 x 300 mm<\/li>\n<li style='margin-bottom: 5px;'><strong>Tama\u00f1o del panel y Prof. max. de montaje:<\/strong> 770 x 1150 mm&comma; profundidad 282 mm<\/li>\n<li style='margin-bottom: 5px;'><strong>Glandulas y Dimensi\u00f3n Ancho x Prof.:<\/strong> 510 x 96 mm<\/li>\n<li style='margin-bottom: 5px;'><strong>Codigo y espesor de estructura y puerta:<\/strong> RAL 7035&comma; 1.5 mm Estrc.&comma; 2 mm Puerta<\/li>\n<li style='margin-bottom: 5px;'><strong>Tipo de placa gl\u00e1ndula:<\/strong> 4<\/li>\n<li style='margin-bottom: 5px;'><strong>Placas de montaje:<\/strong> 2<\/li>\n<\/ul><\/div>\n<\/p><\/div>\n<\/p><\/div>\n<hr style='border: 0; border-top: 1px solid rgba(150&comma; 150&comma; 150&comma; 0.3); margin: 30px 0;'> <\/div>\n","protected":false},"excerpt":{"rendered":"<p>Gabinete de Doble Puerta, 800 x 1200 x 300 mm, de Acero Dulce. Protecci\u00f3n NEMA 12, IP55, IK10<\/p>\n","protected":false},"featured_media":15731,"comment_status":"open","ping_status":"closed","template":"","meta":[],"product_brand":[],"product_cat":[716],"product_tag":[717,698,605],"class_list":{"0":"post-15732","1":"product","2":"type-product","3":"status-publish","4":"has-post-thumbnail","6":"product_cat-gabinetes-para-exterior","7":"product_tag-gabinetes-para-exterior","8":"product_tag-hoffman","9":"product_tag-racks-y-gabinetes","11":"first","12":"outofstock","13":"sale","14":"shipping-taxable","15":"purchasable","16":"product-type-simple"},"_links":{"self":[{"href":"https:\/\/soydeaqui.ddns.net\/pachuca\/index.php\/wp-json\/wp\/v2\/product\/15732","targetHints":{"allow":["GET"]}}],"collection":[{"href":"https:\/\/soydeaqui.ddns.net\/pachuca\/index.php\/wp-json\/wp\/v2\/product"}],"about":[{"href":"https:\/\/soydeaqui.ddns.net\/pachuca\/index.php\/wp-json\/wp\/v2\/types\/product"}],"replies":[{"embeddable":true,"href":"https:\/\/soydeaqui.ddns.net\/pachuca\/index.php\/wp-json\/wp\/v2\/comments?post=15732"}],"wp:featuredmedia":[{"embeddable":true,"href":"https:\/\/soydeaqui.ddns.net\/pachuca\/index.php\/wp-json\/wp\/v2\/media\/15731"}],"wp:attachment":[{"href":"https:\/\/soydeaqui.ddns.net\/pachuca\/index.php\/wp-json\/wp\/v2\/media?parent=15732"}],"wp:term":[{"taxonomy":"product_brand","embeddable":true,"href":"https:\/\/soydeaqui.ddns.net\/pachuca\/index.php\/wp-json\/wp\/v2\/product_brand?post=15732"},{"taxonomy":"product_cat","embeddable":true,"href":"https:\/\/soydeaqui.ddns.net\/pachuca\/index.php\/wp-json\/wp\/v2\/product_cat?post=15732"},{"taxonomy":"product_tag","embeddable":true,"href":"https:\/\/soydeaqui.ddns.net\/pachuca\/index.php\/wp-json\/wp\/v2\/product_tag?post=15732"}],"curies":[{"name":"wp","href":"https:\/\/api.w.org\/{rel}","templated":true}]}}