{"id":15709,"date":"2026-03-18T08:55:56","date_gmt":"2026-03-18T08:55:56","guid":{"rendered":"https:\/\/soydeaqui.ddns.net\/pachuca\/index.php\/producto\/gabinete-de-pared-24u-de-635-mm-de-profundidad-rack-de-19-pulgadas-en-acero-reforzado-compacto-y-resistente-para-soluciones-profesionales\/"},"modified":"2026-03-18T08:55:57","modified_gmt":"2026-03-18T08:55:57","slug":"gabinete-de-pared-24u-de-635-mm-de-profundidad-rack-de-19-pulgadas-en-acero-reforzado-compacto-y-resistente-para-soluciones-profesionales","status":"publish","type":"product","link":"https:\/\/soydeaqui.ddns.net\/pachuca\/index.php\/producto\/gabinete-de-pared-24u-de-635-mm-de-profundidad-rack-de-19-pulgadas-en-acero-reforzado-compacto-y-resistente-para-soluciones-profesionales\/","title":{"rendered":"Gabinete de Pared 24U de 635 mm de Profundidad, Rack de 19 pulgadas en Acero Reforzado: Compacto y Resistente para Soluciones Profesionales"},"content":{"rendered":"<div style='width: 100%; max-width: 1200px; margin: 0 auto; font-family: sans-serif; line-height: 1.6; color: inherit; background-color: transparent;'> <!-- Imagen principal --> <\/p>\n<div style='width: 100%; margin-bottom: 30px;'> <img style='width: 100%; height: auto; border: 1px solid rgba(150&comma;150&comma;150&comma;0.3); border-radius: 8px;' src='https:\/\/ftp3.syscom.mx\/usuarios\/fotos\/SR1904GN2G\/233693-banersito.jpg' alt=''> <\/div>\n<p> <!-- Secci\u00f3n de contenido con flex --> <\/p>\n<div style='display: flex; flex-wrap: wrap; gap: 30px; margin-bottom: 30px;'>\n<div style='flex: 1 1 300px; min-width: 280px;'>\n<h3 style='font-size: 22px; border-bottom: 2px solid currentColor; padding-bottom: 5px; margin-top: 0; color: inherit; opacity: 0.8;'>Caracter\u00edsticas destacadas<\/h3>\n<ul style='padding-left: 20px; font-size: 15px; color: inherit;'>\n<li style='margin-bottom: 5px;'><span style='color: inherit; font-family: inherit;'>Instalaci\u00f3n en pared.<\/span><\/li>\n<li style='margin-bottom: 5px;'><span style='color: inherit; font-family: inherit;'>Puerta de cristal templado.<\/span><\/li>\n<li style='margin-bottom: 5px;'><span style='color: inherit; font-family: inherit;'>Laterales desmontables.<\/span><\/li>\n<li style='margin-bottom: 5px;'><span style='color: inherit; font-family: inherit;'>Los 4 postes de rack se pueden acercar o retirar para una mejor instalaci\u00f3n de equipo.<\/span><\/li>\n<li style='margin-bottom: 5px;'><span style='color: inherit; font-family: inherit;'>Chapa de seguridad en puerta frontal SW-10516.<\/span><\/li>\n<li style='margin-bottom: 5px;'><span style='color: inherit; font-family: inherit;'>Dimensiones exteriores: 606 x 1155x 635 mm (Ancho x Alto x Profundidad).<\/span><\/li>\n<li style='margin-bottom: 5px;'><span style='color: inherit; font-family: inherit;'>Unidades Rack: 24<\/span><\/li>\n<li style='margin-bottom: 5px;'><span style='color: inherit; font-family: inherit;'>Profundidad de trabajo m\u00e1xima: <strong>556 mm (rack frontal a rack trasero).<\/strong><\/span><\/li>\n<li style='margin-bottom: 5px;'><span style='color: inherit; font-family: inherit;'>Preparaci\u00f3n para ventiladores: 2 simples <a href='https:\/\/www.syscom.mx\/producto\/LP-VENT-BASIC-LINKEDPRO-BY-EPCOM-189161.html' style='color: inherit; text-decoration: underline; font-weight: 600;'>LP-VENT-BASIC<\/a> o 1 doble <a href='https:\/\/www.syscom.mx\/producto\/LP-VENT-02V2-LINKEDPRO-BY-EPCOM-174680.html' style='color: inherit; text-decoration: underline; font-weight: 600;'>LP-VENT-02V2<\/a> (No incluidos).<\/span><\/li>\n<li style='margin-bottom: 5px;'><span style='color: inherit; font-family: inherit;'>Aplicaci\u00f3n: Interior.<\/span><\/li>\n<li style='margin-bottom: 5px;'><span style='color: inherit; font-family: inherit;'>Color: Negro semi mate.<\/span><\/li>\n<li style='margin-bottom: 5px;'><span style='color: inherit; font-family: inherit;'>Peso: 43.53 Kg.<\/span><\/li>\n<li style='margin-bottom: 5px;'><span style='color: inherit; font-family: inherit;'>Capacidad de carga: 100 Kg.<\/span><\/li>\n<li style='margin-bottom: 5px;'><span style='color: inherit; font-family: inherit;'>Acero de primer calidad.<\/span><\/li>\n<li style='margin-bottom: 5px;'><span style='color: inherit; font-family: inherit;'>Fabricado de acuerdo a ANSI\/TIA RS-310-D.<\/span><\/li>\n<li style='margin-bottom: 5px;'><span style='color: inherit; font-family: inherit; font-weight: bold;'>Env\u00edo desarmado y empacado en caja de cart\u00f3n.<\/span><\/li>\n<\/ul><\/div>\n<div style='flex: 1 1 300px; min-width: 280px;'>\n<h3 style='font-size: 22px; border-bottom: 2px solid currentColor; padding-bottom: 5px; margin-top: 0; color: inherit; opacity: 0.8;'>Aplicaciones<\/h3>\n<ul style='padding-left: 20px; font-size: 15px; color: inherit;'>\n<li style='margin-bottom: 5px;'><span style='color: inherit; font-family: inherit;'>Sistemas de Redes de Datos.<\/span><\/li>\n<li style='margin-bottom: 5px;'><span style='color: inherit; font-family: inherit;'>Sistemas de Telefon\u00eda IP.<\/span><\/li>\n<li style='margin-bottom: 5px;'><span style='color: inherit; font-family: inherit;'>Servidores de Datos.<\/span><\/li>\n<li style='margin-bottom: 5px;'><span style='color: inherit; font-family: inherit;'>Administraci\u00f3n de Cableado y Fibra \u00f3ptica.<\/span><\/li>\n<li style='margin-bottom: 5px;'><span style='color: inherit; font-family: inherit;'>Sistemas de Monitoreo y gesti\u00f3n remota.<\/span><\/li>\n<li style='margin-bottom: 5px;'><span style='color: inherit; font-family: inherit;'>Sistemas de seguridad.<\/span><\/li>\n<li style='margin-bottom: 5px;'><span style='color: inherit; font-family: inherit;'>Distribuci\u00f3n de energ\u00eda.<\/span><\/li>\n<\/ul>\n<h3 style='font-size: 22px; border-bottom: 2px solid currentColor; padding-bottom: 5px; margin-top: 25px; color: inherit; opacity: 0.8;'>Incluye<\/h3>\n<ul style='padding-left: 20px; font-size: 15px; color: inherit;'>\n<li style='margin-bottom: 5px;'><span style='color: inherit; font-family: inherit;'>Piezas de ensamble (Revisar manual de usuario p\u00e1gina 1).<\/span><\/li>\n<li style='margin-bottom: 5px;'><span style='color: inherit; font-family: inherit;'>Torniller\u00eda negra para armado y ensambaldo de gabinete (Revisar torniller\u00eda p\u00e1gina 1)<\/span><\/li>\n<li style='margin-bottom: 5px;'><span style='color: inherit; font-family: inherit;'>Incluye kits <a href='https:\/\/www.syscom.mx\/principal\/searchcont?route=LP-TAT-12-LINKEDPRO-BY-EPCOM-212511&#038;autodetect=LPTAT12' style='color: inherit; text-decoration: underline; font-weight: 600;'>para montar 24 equipos en unidades de rack.<\/a><\/span><\/li>\n<\/ul>\n<h3 style='font-size: 22px; border-bottom: 2px solid currentColor; padding-bottom: 5px; margin-top: 25px; color: inherit; opacity: 0.8;'>Valores agregados<\/h3>\n<ul style='padding-left: 20px; font-size: 15px; color: inherit;'>\n<li style='margin-bottom: 5px;'><span style='color: inherit; font-family: inherit;'>Factibilidad de instalaci\u00f3n.<\/span><\/li>\n<li style='margin-bottom: 5px;'><span style='color: inherit; font-family: inherit;'>Gesti\u00f3n eficiente del cableado.<\/span><\/li>\n<li style='margin-bottom: 5px;'><span style='color: inherit; font-family: inherit;'>Compatibilidad con distintos equipos.<\/span><\/li>\n<li style='margin-bottom: 5px;'><span style='color: inherit; font-family: inherit;'>Dise\u00f1o robusto.<\/span><\/li>\n<li style='margin-bottom: 5px;'><span style='color: inherit; font-family: inherit;'>Flexibilidad en modelos.<\/span><\/li>\n<\/ul><\/div>\n<\/p><\/div>\n<p> <!-- Separador --> <\/p>\n<hr style='border: 0; border-top: 1px solid rgba(150&comma; 150&comma; 150&comma; 0.3); margin: 30px 0;'> <\/div>\n","protected":false},"excerpt":{"rendered":"<p>Gabinete de Pared 24U de 635 mm de Profundidad, Rack de 19 pulgadas en Acero Reforzado: Compacto y Resistente para Soluciones Profesionales<\/p>\n","protected":false},"featured_media":15708,"comment_status":"open","ping_status":"closed","template":"","meta":[],"product_brand":[],"product_cat":[710],"product_tag":[711,219,605],"class_list":{"0":"post-15709","1":"product","2":"type-product","3":"status-publish","4":"has-post-thumbnail","6":"product_cat-gabinetes-para-montaje-en-pared","7":"product_tag-gabinetes-para-montaje-en-pared","8":"product_tag-linkedpro","9":"product_tag-racks-y-gabinetes","11":"first","12":"instock","13":"sale","14":"shipping-taxable","15":"purchasable","16":"product-type-simple"},"_links":{"self":[{"href":"https:\/\/soydeaqui.ddns.net\/pachuca\/index.php\/wp-json\/wp\/v2\/product\/15709","targetHints":{"allow":["GET"]}}],"collection":[{"href":"https:\/\/soydeaqui.ddns.net\/pachuca\/index.php\/wp-json\/wp\/v2\/product"}],"about":[{"href":"https:\/\/soydeaqui.ddns.net\/pachuca\/index.php\/wp-json\/wp\/v2\/types\/product"}],"replies":[{"embeddable":true,"href":"https:\/\/soydeaqui.ddns.net\/pachuca\/index.php\/wp-json\/wp\/v2\/comments?post=15709"}],"wp:featuredmedia":[{"embeddable":true,"href":"https:\/\/soydeaqui.ddns.net\/pachuca\/index.php\/wp-json\/wp\/v2\/media\/15708"}],"wp:attachment":[{"href":"https:\/\/soydeaqui.ddns.net\/pachuca\/index.php\/wp-json\/wp\/v2\/media?parent=15709"}],"wp:term":[{"taxonomy":"product_brand","embeddable":true,"href":"https:\/\/soydeaqui.ddns.net\/pachuca\/index.php\/wp-json\/wp\/v2\/product_brand?post=15709"},{"taxonomy":"product_cat","embeddable":true,"href":"https:\/\/soydeaqui.ddns.net\/pachuca\/index.php\/wp-json\/wp\/v2\/product_cat?post=15709"},{"taxonomy":"product_tag","embeddable":true,"href":"https:\/\/soydeaqui.ddns.net\/pachuca\/index.php\/wp-json\/wp\/v2\/product_tag?post=15709"}],"curies":[{"name":"wp","href":"https:\/\/api.w.org\/{rel}","templated":true}]}}