{"id":15704,"date":"2026-03-18T08:55:52","date_gmt":"2026-03-18T08:55:52","guid":{"rendered":"https:\/\/soydeaqui.ddns.net\/pachuca\/index.php\/producto\/mc6-33-08-patch-cord-rj45-6-utp-t568a-b-cm-lsoh1-violeta-33f-10-metros-32-81-pies\/"},"modified":"2026-03-18T08:55:52","modified_gmt":"2026-03-18T08:55:52","slug":"mc6-33-08-patch-cord-rj45-6-utp-t568a-b-cm-lsoh1-violeta-33f-10-metros-32-81-pies","status":"publish","type":"product","link":"https:\/\/soydeaqui.ddns.net\/pachuca\/index.php\/producto\/mc6-33-08-patch-cord-rj45-6-utp-t568a-b-cm-lsoh1-violeta-33f-10-metros-32-81-pies\/","title":{"rendered":"(MC6-33-08) Patch Cord RJ45 6 UTP T568A\/B CM\/LSOH1 Violeta 33F (10 Metros) (32.81 Pies)"},"content":{"rendered":"<div style='width: 100%; max-width: 1200px; margin: 0 auto; font-family: sans-serif; line-height: 1.6; color: inherit; background-color: transparent;'> <!-- Secci\u00f3n de descripci\u00f3n --> <\/p>\n<div style='margin-bottom: 30px; font-size: 15px; color: inherit;'>\n<p style='margin: 0 0 15px 0;'>La serie Categor\u00eda 6 de Patch Cords Siemon son componentes claves para garantizar el rendimiento \u00f3ptimo del canal del sistema UTP Cat6. La fabricaci\u00f3n del cable excede las especificaciones de las normas ANSI\/TIA-568-C.2 e ISO\/IEC 11801:2002.<\/p>\n<\/p><\/div>\n<p> <!-- Secci\u00f3n de caracter\u00edsticas --> <\/p>\n<div style='display: flex; flex-wrap: wrap; gap: 30px; margin-bottom: 30px;'>\n<div style='flex: 1 1 300px; min-width: 280px;'>\n<h3 style='font-size: 22px; border-bottom: 2px solid currentColor; padding-bottom: 5px; margin-top: 0; color: inherit; opacity: 0.8;'>Caracter\u00edsticas principales<\/h3>\n<ul style='padding-left: 20px; font-size: 15px; color: inherit;'>\n<li style='margin-bottom: 5px;'>Cuenta con una \u00f3ptima flexibilidad y rendimiento de transmisi\u00f3n&comma; superior a la Categor\u00eda 6<\/li>\n<li style='margin-bottom: 5px;'>Clip de colores disponibles para codificaci\u00f3n y f\u00e1cil identificaci\u00f3n<\/li>\n<li style='margin-bottom: 5px;'>El forro de PVC cumple con los requisitos de resistencia a la llama tanto para CM y LS0H<\/li>\n<li style='margin-bottom: 5px;'>Cumple con UL y IEC 60603-7<\/li>\n<li style='margin-bottom: 5px;'>Dise\u00f1o ultra delgado para ambientes de alta densidad<\/li>\n<\/ul><\/div>\n<\/p><\/div>\n<p> <!-- Secci\u00f3n de cumplimiento de est\u00e1ndares --> <\/p>\n<div style='display: flex; flex-wrap: wrap; gap: 20px; margin-bottom: 30px;'>\n<div style='flex: 1 1 250px; border: 1px solid rgba(150&comma; 150&comma; 150&comma; 0.4); border-radius: 8px; overflow: hidden; display: flex; flex-direction: column;'>\n<div style='padding: 15px; border-bottom: 1px solid rgba(150&comma; 150&comma; 150&comma; 0.2); font-weight: bold; font-size: 18px; color: inherit;'>Cumplimiento de est\u00e1ndares<\/div>\n<div style='padding: 15px; color: inherit;'>\n<ul style='padding-left: 20px; margin: 0; font-size: 14px; list-style-type: disc;'>\n<li style='margin-bottom: 5px;'>ANSI\/TIA-568-C.2<\/li>\n<li style='margin-bottom: 5px;'>ISO\/IEC 11801<\/li>\n<li style='margin-bottom: 5px;'>IEEE 802.3af (PoE)<\/li>\n<li style='margin-bottom: 5px;'>IEEE 802.3at (PoE+)<\/li>\n<li style='margin-bottom: 5px;'>IEC 60603-7<\/li>\n<li style='margin-bottom: 5px;'>cUL US Listed<\/li>\n<li style='margin-bottom: 5px;'>IEC 60332-1&comma; 60754&comma; 61054&comma; 61034<\/li>\n<li style='margin-bottom: 5px;'>TIA-968-A (formerly FCC Part 68 Subpart F)<\/li>\n<\/ul><\/div>\n<\/p><\/div>\n<\/p><\/div>\n<p> <!-- Separador --> <\/p>\n<hr style='border: 0; border-top: 1px solid rgba(150&comma; 150&comma; 150&comma; 0.3); margin: 30px 0;'> <\/div>\n","protected":false},"excerpt":{"rendered":"<p>(MC6-33-08) Patch Cord RJ45 6 UTP T568A\/B CM\/LSOH1 Violeta 33F (10 Metros) (32.81 Pies)<\/p>\n","protected":false},"featured_media":32,"comment_status":"open","ping_status":"closed","template":"","meta":[],"product_brand":[],"product_cat":[598],"product_tag":[586,599,600],"class_list":{"0":"post-15704","1":"product","2":"type-product","3":"status-publish","4":"has-post-thumbnail","6":"product_cat-patch-cords","7":"product_tag-cableado-de-cobre","8":"product_tag-patch-cords","9":"product_tag-siemon","11":"first","12":"outofstock","13":"sale","14":"shipping-taxable","15":"purchasable","16":"product-type-simple"},"_links":{"self":[{"href":"https:\/\/soydeaqui.ddns.net\/pachuca\/index.php\/wp-json\/wp\/v2\/product\/15704","targetHints":{"allow":["GET"]}}],"collection":[{"href":"https:\/\/soydeaqui.ddns.net\/pachuca\/index.php\/wp-json\/wp\/v2\/product"}],"about":[{"href":"https:\/\/soydeaqui.ddns.net\/pachuca\/index.php\/wp-json\/wp\/v2\/types\/product"}],"replies":[{"embeddable":true,"href":"https:\/\/soydeaqui.ddns.net\/pachuca\/index.php\/wp-json\/wp\/v2\/comments?post=15704"}],"wp:featuredmedia":[{"embeddable":true,"href":"https:\/\/soydeaqui.ddns.net\/pachuca\/index.php\/wp-json\/wp\/v2\/media\/32"}],"wp:attachment":[{"href":"https:\/\/soydeaqui.ddns.net\/pachuca\/index.php\/wp-json\/wp\/v2\/media?parent=15704"}],"wp:term":[{"taxonomy":"product_brand","embeddable":true,"href":"https:\/\/soydeaqui.ddns.net\/pachuca\/index.php\/wp-json\/wp\/v2\/product_brand?post=15704"},{"taxonomy":"product_cat","embeddable":true,"href":"https:\/\/soydeaqui.ddns.net\/pachuca\/index.php\/wp-json\/wp\/v2\/product_cat?post=15704"},{"taxonomy":"product_tag","embeddable":true,"href":"https:\/\/soydeaqui.ddns.net\/pachuca\/index.php\/wp-json\/wp\/v2\/product_tag?post=15704"}],"curies":[{"name":"wp","href":"https:\/\/api.w.org\/{rel}","templated":true}]}}