{"id":15684,"date":"2026-03-18T08:55:29","date_gmt":"2026-03-18T08:55:29","guid":{"rendered":"https:\/\/soydeaqui.ddns.net\/pachuca\/index.php\/producto\/cincho-stronghold-430-mm-largo-x-4-8mm-ancho-tension-50-lb-222-n-nylon-66-color-negro-paquete-de-1000-piezas\/"},"modified":"2026-03-18T08:55:32","modified_gmt":"2026-03-18T08:55:32","slug":"cincho-stronghold-430-mm-largo-x-4-8mm-ancho-tension-50-lb-222-n-nylon-66-color-negro-paquete-de-1000-piezas","status":"publish","type":"product","link":"https:\/\/soydeaqui.ddns.net\/pachuca\/index.php\/producto\/cincho-stronghold-430-mm-largo-x-4-8mm-ancho-tension-50-lb-222-n-nylon-66-color-negro-paquete-de-1000-piezas\/","title":{"rendered":"Cincho STRONGHOLD, 430 mm largo x 4.8mm ancho, Tensi\u00f3n 50 lb (222 N) Nylon 6,6 Color Negro, Paquete de 1000 Piezas"},"content":{"rendered":"<div style='width: 100%; max-width: 1200px; margin: 0 auto; font-family: sans-serif; line-height: 1.6; color: inherit; background-color: transparent;'> <!-- Logo --> <\/p>\n<div style='text-align: center; margin: 20px 0;'> <img style='width: 300px; height: auto; border: 1px solid rgba(150&comma;150&comma;150&comma;0.3); border-radius: 8px;' src='https:\/\/ftp3.syscom.mx\/usuarios\/fotos\/SCL2\/0X\/214870-217843-panduit-logo-tm-negro-fondo_trans30-01_(002)_(1).png' alt='Logo Panduit'> <\/div>\n<p> <!-- T\u00edtulo --> <\/p>\n<h1 style='font-size: 26px; margin: 20px 0; color: inherit; opacity: 0.9; font-weight: 500; line-height: 1.2;'> Cincho StrongHold\u2122&comma; 430 mm largo x 4.8mm ancho&comma; Tensi\u00f3n 50 lb (222 N) Nylon 6&comma;6 Color Negro&comma; Paquete de 1000 Piezas <\/h1>\n<p> <!-- Modelo --> <\/p>\n<div style='margin-bottom: 20px;'>\n<h3 style='font-size: 20px; margin: 0; color: inherit; opacity: 0.8; font-weight: 500; border-bottom: 2px solid currentColor; padding-bottom: 5px;'>S1750M0<\/h3>\n<\/p><\/div>\n<p> <!-- Descripci\u00f3n --> <\/p>\n<div style='margin-bottom: 30px;'>\n<p style='font-size: 15px; color: inherit; opacity: 0.85; margin: 0 0 15px 0;'> Las bridas S17-50-M0 StrongHold ofrecen a los contratistas una opci\u00f3n de brida econ\u00f3mica para aplicaciones de uso general y de construcci\u00f3n comercial. Est\u00e1ndar&comma; 16.90&#8242; (430mm) de largo&comma; fabricada con Nylon 6.6 para exteriores&comma; con calificaci\u00f3n AH-2 para c\u00e1mara impelente&comma; color negro. <\/p>\n<\/p><\/div>\n<p> <!-- Especificaciones --> <\/p>\n<div style='margin-bottom: 30px;'>\n<h2 style='font-size: 22px; margin: 0 0 20px 0; color: inherit; opacity: 0.8; border-bottom: 2px solid currentColor; padding-bottom: 5px;'>Especificaciones:<\/h2>\n<div style='display: flex; flex-wrap: wrap; gap: 20px;'>\n<div style='flex: 1 1 250px; border: 1px solid rgba(150&comma; 150&comma; 150&comma; 0.4); border-radius: 8px; overflow: hidden; display: flex; flex-direction: column;'>\n<div style='padding: 15px; border-bottom: 1px solid rgba(150&comma; 150&comma; 150&comma; 0.2); font-weight: bold; font-size: 16px; color: inherit;'>Caracter\u00edsticas Generales<\/div>\n<div style='padding: 15px; color: inherit;'>\n<ul style='padding-left: 20px; margin: 0; font-size: 14px; list-style-type: disc;'>\n<li style='margin-bottom: 5px;'><strong>Tipo de producto:<\/strong> Brida<\/li>\n<li style='margin-bottom: 5px;'><strong>Submarca:<\/strong> StrongHold\u2122<\/li>\n<li style='margin-bottom: 5px;'><strong>Color:<\/strong> Negro<\/li>\n<li style='margin-bottom: 5px;'><strong>Ambiente:<\/strong> C\u00e1mara impelente<\/li>\n<li style='margin-bottom: 5px;'><strong>Material:<\/strong> Nylon 6.6<\/li>\n<li style='margin-bottom: 5px;'><strong>Propiedades de resistencia:<\/strong> Resistente a rayos UV<\/li>\n<\/ul><\/div>\n<\/p><\/div>\n<div style='flex: 1 1 250px; border: 1px solid rgba(150&comma; 150&comma; 150&comma; 0.4); border-radius: 8px; overflow: hidden; display: flex; flex-direction: column;'>\n<div style='padding: 15px; border-bottom: 1px solid rgba(150&comma; 150&comma; 150&comma; 0.2); font-weight: bold; font-size: 16px; color: inherit;'>Dimensiones<\/div>\n<div style='padding: 15px; color: inherit;'>\n<ul style='padding-left: 20px; margin: 0; font-size: 14px; list-style-type: disc;'>\n<li style='margin-bottom: 5px;'><strong>Longitud total (in):<\/strong> 16.9<\/li>\n<li style='margin-bottom: 5px;'><strong>Longitud total (mm):<\/strong> 430<\/li>\n<li style='margin-bottom: 5px;'><strong>Anchura del cuerpo (in):<\/strong> 0.19<\/li>\n<li style='margin-bottom: 5px;'><strong>Anchura del cuerpo (mm):<\/strong> 4.8<\/li>\n<li style='margin-bottom: 5px;'><strong>Grosor del cuerpo (in):<\/strong> 0.051<\/li>\n<li style='margin-bottom: 5px;'><strong>Grosor del cuerpo (mm):<\/strong> 1.3<\/li>\n<\/ul><\/div>\n<\/p><\/div>\n<div style='flex: 1 1 250px; border: 1px solid rgba(150&comma; 150&comma; 150&comma; 0.4); border-radius: 8px; overflow: hidden; display: flex; flex-direction: column;'>\n<div style='padding: 15px; border-bottom: 1px solid rgba(150&comma; 150&comma; 150&comma; 0.2); font-weight: bold; font-size: 16px; color: inherit;'>Rango de Temperatura<\/div>\n<div style='padding: 15px; color: inherit;'>\n<ul style='padding-left: 20px; margin: 0; font-size: 14px; list-style-type: disc;'>\n<li style='margin-bottom: 5px;'><strong>Temperatura m\u00e1xima de funcionamiento (\u00b0C):<\/strong> 85<\/li>\n<li style='margin-bottom: 5px;'><strong>Temperatura m\u00e1xima de funcionamiento (\u00b0F):<\/strong> 185<\/li>\n<li style='margin-bottom: 5px;'><strong>Temperatura m\u00ednima de funcionamiento (\u00b0C):<\/strong> -40<\/li>\n<li style='margin-bottom: 5px;'><strong>Temperatura m\u00ednima de funcionamiento (\u00b0F):<\/strong> -40<\/li>\n<\/ul><\/div>\n<\/p><\/div>\n<div style='flex: 1 1 250px; border: 1px solid rgba(150&comma; 150&comma; 150&comma; 0.4); border-radius: 8px; overflow: hidden; display: flex; flex-direction: column;'>\n<div style='padding: 15px; border-bottom: 1px solid rgba(150&comma; 150&comma; 150&comma; 0.2); font-weight: bold; font-size: 16px; color: inherit;'>Capacidad<\/div>\n<div style='padding: 15px; color: inherit;'>\n<ul style='padding-left: 20px; margin: 0; font-size: 14px; list-style-type: disc;'>\n<li style='margin-bottom: 5px;'><strong>Resistencia a la tensi\u00f3n m\u00ednima de lazo (N):<\/strong> 222<\/li>\n<li style='margin-bottom: 5px;'><strong>Resistencia a la tensi\u00f3n m\u00ednima de lazo (lb):<\/strong> 50<\/li>\n<li style='margin-bottom: 5px;'><strong>Di\u00e1metro m\u00e1ximo de mazo (in):<\/strong> 4.33<\/li>\n<li style='margin-bottom: 5px;'><strong>Di\u00e1metro m\u00e1ximo de mazo (mm):<\/strong> 110<\/li>\n<li style='margin-bottom: 5px;'><strong>Di\u00e1metro m\u00ednimo de mazo (in):<\/strong> 0.12<\/li>\n<li style='margin-bottom: 5px;'><strong>Di\u00e1metro m\u00ednimo de mazo (mm):<\/strong> 3<\/li>\n<\/ul><\/div>\n<\/p><\/div>\n<div style='flex: 1 1 250px; border: 1px solid rgba(150&comma; 150&comma; 150&comma; 0.4); border-radius: 8px; overflow: hidden; display: flex; flex-direction: column;'>\n<div style='padding: 15px; border-bottom: 1px solid rgba(150&comma; 150&comma; 150&comma; 0.2); font-weight: bold; font-size: 16px; color: inherit;'>Normas<\/div>\n<div style='padding: 15px; color: inherit;'>\n<ul style='padding-left: 20px; margin: 0; font-size: 14px; list-style-type: disc;'>\n<li style='margin-bottom: 5px;'><strong>Cumple las normas:<\/strong> Cumple con UL 62275 (tipo 2&comma; 21); cumple con la directiva RoHS<\/li>\n<\/ul><\/div>\n<\/p><\/div>\n<\/p><\/div>\n<\/p><\/div>\n<\/p><\/div>\n","protected":false},"excerpt":{"rendered":"<p>Cincho STRONGHOLD, 430 mm largo x 4.8mm ancho, Tensi\u00f3n 50 lb (222 N) Nylon 6,6 Color Negro, Paquete de 1000 Piezas<\/p>\n","protected":false},"featured_media":15683,"comment_status":"open","ping_status":"closed","template":"","meta":[],"product_brand":[],"product_cat":[701],"product_tag":[572,702,445],"class_list":{"0":"post-15684","1":"product","2":"type-product","3":"status-publish","4":"has-post-thumbnail","6":"product_cat-cinchos-corbatas","7":"product_tag-canalizacion","8":"product_tag-cinchos-corbatas","9":"product_tag-panduit","11":"first","12":"outofstock","13":"sale","14":"shipping-taxable","15":"purchasable","16":"product-type-simple"},"_links":{"self":[{"href":"https:\/\/soydeaqui.ddns.net\/pachuca\/index.php\/wp-json\/wp\/v2\/product\/15684","targetHints":{"allow":["GET"]}}],"collection":[{"href":"https:\/\/soydeaqui.ddns.net\/pachuca\/index.php\/wp-json\/wp\/v2\/product"}],"about":[{"href":"https:\/\/soydeaqui.ddns.net\/pachuca\/index.php\/wp-json\/wp\/v2\/types\/product"}],"replies":[{"embeddable":true,"href":"https:\/\/soydeaqui.ddns.net\/pachuca\/index.php\/wp-json\/wp\/v2\/comments?post=15684"}],"wp:featuredmedia":[{"embeddable":true,"href":"https:\/\/soydeaqui.ddns.net\/pachuca\/index.php\/wp-json\/wp\/v2\/media\/15683"}],"wp:attachment":[{"href":"https:\/\/soydeaqui.ddns.net\/pachuca\/index.php\/wp-json\/wp\/v2\/media?parent=15684"}],"wp:term":[{"taxonomy":"product_brand","embeddable":true,"href":"https:\/\/soydeaqui.ddns.net\/pachuca\/index.php\/wp-json\/wp\/v2\/product_brand?post=15684"},{"taxonomy":"product_cat","embeddable":true,"href":"https:\/\/soydeaqui.ddns.net\/pachuca\/index.php\/wp-json\/wp\/v2\/product_cat?post=15684"},{"taxonomy":"product_tag","embeddable":true,"href":"https:\/\/soydeaqui.ddns.net\/pachuca\/index.php\/wp-json\/wp\/v2\/product_tag?post=15684"}],"curies":[{"name":"wp","href":"https:\/\/api.w.org\/{rel}","templated":true}]}}