{"id":15670,"date":"2026-03-18T08:55:14","date_gmt":"2026-03-18T08:55:14","guid":{"rendered":"https:\/\/soydeaqui.ddns.net\/pachuca\/index.php\/producto\/kit-1-para-unir-tramos-de-charolas-es-ideal-para-utilizarse-al-exterior-o-zonas-humedas-4-piezas\/"},"modified":"2026-03-18T08:55:21","modified_gmt":"2026-03-18T08:55:21","slug":"kit-1-para-unir-tramos-de-charolas-es-ideal-para-utilizarse-al-exterior-o-zonas-humedas-4-piezas","status":"publish","type":"product","link":"https:\/\/soydeaqui.ddns.net\/pachuca\/index.php\/producto\/kit-1-para-unir-tramos-de-charolas-es-ideal-para-utilizarse-al-exterior-o-zonas-humedas-4-piezas\/","title":{"rendered":"Kit 1 Para Unir Tramos de Charolas es Ideal Para Utilizarse al Exterior o Zonas H\u00famedas (4 piezas)"},"content":{"rendered":"<div style='width: 100%; max-width: 1200px; margin: 0 auto; font-family: sans-serif; line-height: 1.6; color: inherit; background-color: transparent;'>\n<div style='display: flex; flex-wrap: wrap; gap: 30px; margin-bottom: 30px;'>\n<div style='flex: 1 1 100%; min-width: 280px;'> <img style='width: 100%; height: auto; border: 1px solid rgba(150&comma;150&comma;150&comma;0.3); border-radius: 8px;' src='https:\/\/ftp3.syscom.mx\/usuarios\/fotos\/MG51KIT1PLUSEZ\/232432-banner_arriba_charofil.jpg' alt=''> <\/div>\n<\/p><\/div>\n<div style='display: flex; flex-wrap: wrap; gap: 30px; margin-bottom: 30px;'>\n<div style='flex: 1 1 100%; min-width: 280px;'>\n<p style='text-align: justify; font-size: 15px; color: inherit;'> El Nuevo Kit 1 GBM ha sido especialmente dise\u00f1ado para entornos exteriores y \u00e1reas con condiciones desafiantes&comma; como zonas h\u00famedas. Este kit proporciona una soluci\u00f3n ideal para combatir la corrosi\u00f3n y los problemas asociados a la exposici\u00f3n a elementos clim\u00e1ticos adversos. Gracias a su alta durabilidad y resistencia&comma; los usuarios pueden tener plena confianza de que su rendimiento no se ver\u00e1 comprometido al instalarlo en exteriores. <\/p>\n<p style='text-align: justify; font-size: 15px; color: inherit;'> <strong>El Kit 1 Incluye:<\/strong><br \/> -1 Clema Mediana Bimet\u00e1lica.<br \/> -1 Clema Peque\u00f1a Bimet\u00e1lica.<br \/> -1 Tornillo GAC<br \/> -1 Tuerca GAC <\/p>\n<\/p><\/div>\n<\/p><\/div>\n<div style='display: flex; flex-wrap: wrap; gap: 30px; margin-bottom: 30px;'>\n<div style='flex: 1 1 100%; min-width: 280px;'>\n<h3 style='font-size: 22px; border-bottom: 2px solid currentColor; padding-bottom: 5px; margin-top: 0; color: inherit; opacity: 0.8;'>Ventajas Clave:<\/h3>\n<ul style='padding-left: 20px; font-size: 15px; color: inherit;'>\n<li style='margin-bottom: 5px;'><strong>Resistencia a la Corrosi\u00f3n:<\/strong> Fabricado con materiales de alta calidad&comma; el kit asegura una uni\u00f3n duradera y fiable&comma; incluso en ambientes hostiles.<\/li>\n<li style='margin-bottom: 5px;'><strong>Instalaci\u00f3n R\u00e1pida y Sencilla:<\/strong> Requiere solo una llave de 10 mm o un dado de la misma medida&comma; agilizando el trabajo de los instaladores.<\/li>\n<li style='margin-bottom: 5px;'><strong>Dise\u00f1ado para Ambientes Exteriores:<\/strong> Ideal para instalaciones en zonas h\u00famedas o al aire libre&comma; garantizando una operaci\u00f3n segura y prolongada.<\/li>\n<\/ul><\/div>\n<\/p><\/div>\n<div style='display: flex; flex-wrap: wrap; gap: 30px; margin-bottom: 30px;'>\n<div style='flex: 1 1 100%; min-width: 280px;'>\n<p style='font-size: 15px; color: inherit;'> En resumen&comma; este kit ofrece una soluci\u00f3n robusta y eficiente para cualquier proyecto en exteriores&comma; permitiendo a los profesionales enfocarse en sus tareas con la tranquilidad de contar con un producto dise\u00f1ado para soportar las condiciones m\u00e1s exigentes. <\/p>\n<\/p><\/div>\n<\/p><\/div>\n<div style='display: flex; flex-wrap: wrap; gap: 30px; margin-bottom: 30px;'>\n<div style='flex: 1 1 100%; min-width: 280px;'>\n<h3 style='font-size: 22px; border-bottom: 2px solid currentColor; padding-bottom: 5px; margin-top: 0; color: inherit; opacity: 0.8;'>Ejemplo de instalaci\u00f3n:<\/h3>\n<div style='display: flex; justify-content: center; margin: 20px 0;'> <img style='width: 100%; max-width: 700px; height: auto; border: 1px solid rgba(150&comma;150&comma;150&comma;0.3); border-radius: 8px;' src='http:\/\/ftp3.syscom.mx\/usuarios\/fotos\/MG51KIT1EZ\/77159-kit1.jpg' alt=''> <\/div>\n<\/p><\/div>\n<\/p><\/div>\n<div style='display: flex; flex-wrap: wrap; gap: 30px; margin-bottom: 30px;'>\n<div style='flex: 1 1 100%; min-width: 280px;'> <img style='width: 100%; height: auto; border: 1px solid rgba(150&comma;150&comma;150&comma;0.3); border-radius: 8px;' src='https:\/\/ftp3.syscom.mx\/usuarios\/fotos\/MG51KIT1PLUSEZ\/232432-banner_abajo_charofil.png' alt=''> <\/div>\n<\/p><\/div>\n<\/p><\/div>\n","protected":false},"excerpt":{"rendered":"<p>Kit 1 Para Unir Tramos de Charolas es Ideal Para Utilizarse al Exterior o Zonas H\u00famedas (4 piezas)<\/p>\n","protected":false},"featured_media":15669,"comment_status":"open","ping_status":"closed","template":"","meta":[],"product_brand":[],"product_cat":[685],"product_tag":[580,593,686],"class_list":{"0":"post-15670","1":"product","2":"type-product","3":"status-publish","4":"has-post-thumbnail","6":"product_cat-uniones","7":"product_tag-charofil","8":"product_tag-charola","9":"product_tag-uniones","11":"first","12":"instock","13":"sale","14":"shipping-taxable","15":"purchasable","16":"product-type-simple"},"_links":{"self":[{"href":"https:\/\/soydeaqui.ddns.net\/pachuca\/index.php\/wp-json\/wp\/v2\/product\/15670","targetHints":{"allow":["GET"]}}],"collection":[{"href":"https:\/\/soydeaqui.ddns.net\/pachuca\/index.php\/wp-json\/wp\/v2\/product"}],"about":[{"href":"https:\/\/soydeaqui.ddns.net\/pachuca\/index.php\/wp-json\/wp\/v2\/types\/product"}],"replies":[{"embeddable":true,"href":"https:\/\/soydeaqui.ddns.net\/pachuca\/index.php\/wp-json\/wp\/v2\/comments?post=15670"}],"wp:featuredmedia":[{"embeddable":true,"href":"https:\/\/soydeaqui.ddns.net\/pachuca\/index.php\/wp-json\/wp\/v2\/media\/15669"}],"wp:attachment":[{"href":"https:\/\/soydeaqui.ddns.net\/pachuca\/index.php\/wp-json\/wp\/v2\/media?parent=15670"}],"wp:term":[{"taxonomy":"product_brand","embeddable":true,"href":"https:\/\/soydeaqui.ddns.net\/pachuca\/index.php\/wp-json\/wp\/v2\/product_brand?post=15670"},{"taxonomy":"product_cat","embeddable":true,"href":"https:\/\/soydeaqui.ddns.net\/pachuca\/index.php\/wp-json\/wp\/v2\/product_cat?post=15670"},{"taxonomy":"product_tag","embeddable":true,"href":"https:\/\/soydeaqui.ddns.net\/pachuca\/index.php\/wp-json\/wp\/v2\/product_tag?post=15670"}],"curies":[{"name":"wp","href":"https:\/\/api.w.org\/{rel}","templated":true}]}}