{"id":15628,"date":"2026-03-18T08:54:30","date_gmt":"2026-03-18T08:54:30","guid":{"rendered":"https:\/\/soydeaqui.ddns.net\/pachuca\/index.php\/producto\/cincho-pan-ty-203mm-largo-x-3-4mm-ancho-intermedio-de-nylon-6-6-y-metal-detectable-color-azul-100-piezas\/"},"modified":"2026-03-18T08:54:32","modified_gmt":"2026-03-18T08:54:32","slug":"cincho-pan-ty-203mm-largo-x-3-4mm-ancho-intermedio-de-nylon-6-6-y-metal-detectable-color-azul-100-piezas","status":"publish","type":"product","link":"https:\/\/soydeaqui.ddns.net\/pachuca\/index.php\/producto\/cincho-pan-ty-203mm-largo-x-3-4mm-ancho-intermedio-de-nylon-6-6-y-metal-detectable-color-azul-100-piezas\/","title":{"rendered":"Cincho Pan-Ty\u2122 203mm Largo x 3.4mm ancho,  Intermedio de Nylon 6.6 y Metal Detectable, Color Azul. 100 Piezas."},"content":{"rendered":"<div style='width: 100%; max-width: 1200px; margin: 0 auto; font-family: sans-serif; line-height: 1.6; color: inherit; background-color: transparent;'> <!-- Logo --> <\/p>\n<div style='text-align: center; margin-bottom: 20px;'> <img style='width: 100%; max-width: 300px; height: auto; border: 1px solid rgba(150&comma;150&comma;150&comma;0.3); border-radius: 8px;' src='https:\/\/ftp3.syscom.mx\/usuarios\/fotos\/SCL2\/0X\/214870-217843-panduit-logo-tm-negro-fondo_trans30-01_(002)_(1).png' alt='Logo Panduit'> <\/div>\n<p> <!-- T\u00edtulo --> <\/p>\n<h1 style='font-size: 24px; margin-bottom: 15px; color: inherit; opacity: 0.8; border-bottom: 2px solid currentColor; padding-bottom: 8px;'> Cincho Pan-Ty\u2122 203mm Largo x 3.4mm ancho&comma; Intermedio de Nylon 6.6 y Metal Detectable&comma; Color Azul&comma; 30lb <\/h1>\n<p> <!-- N\u00famero de modelo --> <\/p>\n<div style='margin-bottom: 20px; font-size: 18px; color: inherit; opacity: 0.7;'> PLT2I-C96A <\/div>\n<p> <!-- Descripci\u00f3n --> <\/p>\n<div style='margin-bottom: 30px; font-size: 15px; color: inherit;'>\n<p> Las bridas con metal detectable Panduit PLT2I-C96A est\u00e1n dise\u00f1adas para ayudar a los sectores de alimentos y bebidas a cumplir los requisitos de las normas de seguridad para la fabricaci\u00f3n de productos. Como su material est\u00e1 impregnado con metal&comma; se pueden identificar mediante equipos de detecci\u00f3n de metales. Sus propiedades antimicrobianas reducen el crecimiento de bacterias&comma; hongos y moho. Secci\u00f3n transversal intermedia&comma; 8.0&#8242; (203mm) de largo. Nylon 6.6&comma; metal detectable&comma; azul. <\/p>\n<\/p><\/div>\n<p> <!-- Secci\u00f3n de especificaciones --> <\/p>\n<div style='margin-bottom: 30px;'>\n<h2 style='font-size: 20px; margin-bottom: 20px; color: inherit; opacity: 0.8; border-bottom: 2px solid currentColor; padding-bottom: 8px;'> Especificaciones <\/h2>\n<div style='display: flex; flex-wrap: wrap; gap: 20px;'>\n<div style='flex: 1 1 250px; border: 1px solid rgba(150&comma; 150&comma; 150&comma; 0.4); border-radius: 8px; overflow: hidden; display: flex; flex-direction: column;'>\n<div style='padding: 15px; border-bottom: 1px solid rgba(150&comma; 150&comma; 150&comma; 0.2); font-weight: bold; font-size: 16px; color: inherit; background-color: rgba(239&comma; 239&comma; 239&comma; 0.5);'>Caracter\u00edsticas principales<\/div>\n<div style='padding: 15px; color: inherit;'>\n<ul style='padding-left: 20px; margin: 0; font-size: 14px; list-style-type: disc;'>\n<li style='margin-bottom: 5px;'><strong>Tipo de producto:<\/strong> Brida<\/li>\n<li style='margin-bottom: 5px;'><strong>Color:<\/strong> Azul<\/li>\n<li style='margin-bottom: 5px;'><strong>Ambiente:<\/strong> Interiores<\/li>\n<li style='margin-bottom: 5px;'><strong>Material:<\/strong> Nylon 6.6<\/li>\n<\/ul><\/div>\n<\/p><\/div>\n<div style='flex: 1 1 250px; border: 1px solid rgba(150&comma; 150&comma; 150&comma; 0.4); border-radius: 8px; overflow: hidden; display: flex; flex-direction: column;'>\n<div style='padding: 15px; border-bottom: 1px solid rgba(150&comma; 150&comma; 150&comma; 0.2); font-weight: bold; font-size: 16px; color: inherit; background-color: rgba(239&comma; 239&comma; 239&comma; 0.5);'>Dimensiones<\/div>\n<div style='padding: 15px; color: inherit;'>\n<ul style='padding-left: 20px; margin: 0; font-size: 14px; list-style-type: disc;'>\n<li style='margin-bottom: 5px;'><strong>Longitud total (in):<\/strong> 8<\/li>\n<li style='margin-bottom: 5px;'><strong>Longitud total (mm):<\/strong> 203<\/li>\n<li style='margin-bottom: 5px;'><strong>Anchura del cuerpo (in):<\/strong> 0.135<\/li>\n<li style='margin-bottom: 5px;'><strong>Anchura del cuerpo (mm):<\/strong> 3.4<\/li>\n<li style='margin-bottom: 5px;'><strong>Grosor del cuerpo (in):<\/strong> 0.047<\/li>\n<li style='margin-bottom: 5px;'><strong>Grosor del cuerpo (mm):<\/strong> 1.2<\/li>\n<\/ul><\/div>\n<\/p><\/div>\n<div style='flex: 1 1 250px; border: 1px solid rgba(150&comma; 150&comma; 150&comma; 0.4); border-radius: 8px; overflow: hidden; display: flex; flex-direction: column;'>\n<div style='padding: 15px; border-bottom: 1px solid rgba(150&comma; 150&comma; 150&comma; 0.2); font-weight: bold; font-size: 16px; color: inherit; background-color: rgba(239&comma; 239&comma; 239&comma; 0.5);'>Temperatura<\/div>\n<div style='padding: 15px; color: inherit;'>\n<ul style='padding-left: 20px; margin: 0; font-size: 14px; list-style-type: disc;'>\n<li style='margin-bottom: 5px;'><strong>Temperatura m\u00e1xima de funcionamiento (\u00b0C):<\/strong> 85<\/li>\n<li style='margin-bottom: 5px;'><strong>Temperatura m\u00e1xima de funcionamiento (\u00b0F):<\/strong> 185<\/li>\n<li style='margin-bottom: 5px;'><strong>Temperatura m\u00ednima de funcionamiento (\u00b0C):<\/strong> -40<\/li>\n<li style='margin-bottom: 5px;'><strong>Temperatura m\u00ednima de funcionamiento (\u00b0F):<\/strong> -40<\/li>\n<li style='margin-bottom: 5px;'><strong>Temperatura m\u00ednima de instalaci\u00f3n (\u00b0C):<\/strong> -20<\/li>\n<li style='margin-bottom: 5px;'><strong>Temperatura m\u00ednima de instalaci\u00f3n (\u00b0F):<\/strong> -4<\/li>\n<\/ul><\/div>\n<\/p><\/div>\n<div style='flex: 1 1 250px; border: 1px solid rgba(150&comma; 150&comma; 150&comma; 0.4); border-radius: 8px; overflow: hidden; display: flex; flex-direction: column;'>\n<div style='padding: 15px; border-bottom: 1px solid rgba(150&comma; 150&comma; 150&comma; 0.2); font-weight: bold; font-size: 16px; color: inherit; background-color: rgba(239&comma; 239&comma; 239&comma; 0.5);'>Rendimiento<\/div>\n<div style='padding: 15px; color: inherit;'>\n<ul style='padding-left: 20px; margin: 0; font-size: 14px; list-style-type: disc;'>\n<li style='margin-bottom: 5px;'><strong>Resistencia a la tensi\u00f3n m\u00ednima de lazo (N):<\/strong> 133<\/li>\n<li style='margin-bottom: 5px;'><strong>Resistencia a la tensi\u00f3n m\u00ednima de lazo (lb):<\/strong> 30<\/li>\n<li style='margin-bottom: 5px;'><strong>Cumple las normas:<\/strong> Cumple con la directiva RoHS<\/li>\n<li style='margin-bottom: 5px;'><strong>Para usar con:<\/strong> GTS-E&comma; GS2B-E&comma; GTH-E&comma; GS4H-E&comma; ST2S&comma; STH3<\/li>\n<li style='margin-bottom: 5px;'><strong>Caracts. pza.:<\/strong> Cu\u00f1a de bloqueo de una pieza para rendimiento confiable y uniforme. Fuerza de enroscamiento baja y resistencia a la tensi\u00f3n de lazo alta.<\/li>\n<\/ul><\/div>\n<\/p><\/div>\n<\/p><\/div>\n<\/p><\/div>\n<p> <!-- Separador final --> <\/p>\n<hr style='border: 0; border-top: 1px solid rgba(150&comma; 150&comma; 150&comma; 0.3); margin: 30px 0;'> <\/div>\n","protected":false},"excerpt":{"rendered":"<p>Cincho Pan-Ty\u2122 203mm Largo x 3.4mm ancho,  Intermedio de Nylon 6.6 y Metal Detectable, Color Azul. 100 Piezas.<\/p>\n","protected":false},"featured_media":15627,"comment_status":"open","ping_status":"closed","template":"","meta":[],"product_brand":[],"product_cat":[701],"product_tag":[572,702,445],"class_list":{"0":"post-15628","1":"product","2":"type-product","3":"status-publish","4":"has-post-thumbnail","6":"product_cat-cinchos-corbatas","7":"product_tag-canalizacion","8":"product_tag-cinchos-corbatas","9":"product_tag-panduit","11":"first","12":"instock","13":"sale","14":"shipping-taxable","15":"purchasable","16":"product-type-simple"},"_links":{"self":[{"href":"https:\/\/soydeaqui.ddns.net\/pachuca\/index.php\/wp-json\/wp\/v2\/product\/15628","targetHints":{"allow":["GET"]}}],"collection":[{"href":"https:\/\/soydeaqui.ddns.net\/pachuca\/index.php\/wp-json\/wp\/v2\/product"}],"about":[{"href":"https:\/\/soydeaqui.ddns.net\/pachuca\/index.php\/wp-json\/wp\/v2\/types\/product"}],"replies":[{"embeddable":true,"href":"https:\/\/soydeaqui.ddns.net\/pachuca\/index.php\/wp-json\/wp\/v2\/comments?post=15628"}],"wp:featuredmedia":[{"embeddable":true,"href":"https:\/\/soydeaqui.ddns.net\/pachuca\/index.php\/wp-json\/wp\/v2\/media\/15627"}],"wp:attachment":[{"href":"https:\/\/soydeaqui.ddns.net\/pachuca\/index.php\/wp-json\/wp\/v2\/media?parent=15628"}],"wp:term":[{"taxonomy":"product_brand","embeddable":true,"href":"https:\/\/soydeaqui.ddns.net\/pachuca\/index.php\/wp-json\/wp\/v2\/product_brand?post=15628"},{"taxonomy":"product_cat","embeddable":true,"href":"https:\/\/soydeaqui.ddns.net\/pachuca\/index.php\/wp-json\/wp\/v2\/product_cat?post=15628"},{"taxonomy":"product_tag","embeddable":true,"href":"https:\/\/soydeaqui.ddns.net\/pachuca\/index.php\/wp-json\/wp\/v2\/product_tag?post=15628"}],"curies":[{"name":"wp","href":"https:\/\/api.w.org\/{rel}","templated":true}]}}