{"id":15618,"date":"2026-03-18T08:54:21","date_gmt":"2026-03-18T08:54:21","guid":{"rendered":"https:\/\/soydeaqui.ddns.net\/pachuca\/index.php\/producto\/cable-de-zona-u-utp-cat6a-con-plug-modular-en-cada-extremo-conductor-23-awg-slido-cmp-plenum-30-48-metros-100-pies-color-azul\/"},"modified":"2026-03-18T08:54:21","modified_gmt":"2026-03-18T08:54:21","slug":"cable-de-zona-u-utp-cat6a-con-plug-modular-en-cada-extremo-conductor-23-awg-slido-cmp-plenum-30-48-metros-100-pies-color-azul","status":"publish","type":"product","link":"https:\/\/soydeaqui.ddns.net\/pachuca\/index.php\/producto\/cable-de-zona-u-utp-cat6a-con-plug-modular-en-cada-extremo-conductor-23-awg-slido-cmp-plenum-30-48-metros-100-pies-color-azul\/","title":{"rendered":"Cable de Zona U\/UTP Cat6A, Con Plug Modular en Cada Extremo, Conductor 23 AWG S?lido, CMP (Plenum), 30.48 Metros (100 Pies), Color Azul"},"content":{"rendered":"<div style='width: 100%; max-width: 1200px; margin: 0 auto; font-family: sans-serif; line-height: 1.6; color: inherit; background-color: transparent;'> <!-- Secci\u00f3n de descripci\u00f3n --> <\/p>\n<div style='margin-bottom: 30px;'>\n<p style='font-size: 15px; color: inherit; margin-bottom: 15px;'>El cable de zona UTP Cat 6A PanZone\u2122 TX6A\u2122 de 10 Gig es un cable de color azul de 100 pies que est\u00e1 fabricado con cable CMP s\u00f3lido de par trenzado sin blindaje de calibre 23 AWG con conectores modulares TX6A\u2122 de 10 Gig de alto rendimiento. Su dise\u00f1o de conductor s\u00f3lido garantiza un rendimiento de enlace permanente y confiable. El producto&comma; que cuenta con RapidID&comma; tiene c\u00f3digos de barras preinstalados para un mapeo de puertos simple mediante el software RapidID.<\/p>\n<\/p><\/div>\n<p> <!-- Secci\u00f3n de est\u00e1ndares cumplidos --> <\/p>\n<div style='margin-bottom: 30px;'>\n<h3 style='font-size: 22px; border-bottom: 2px solid currentColor; padding-bottom: 5px; margin-top: 0; color: inherit; opacity: 0.8;'>Est\u00e1ndares cumplidos<\/h3>\n<ul style='padding-left: 20px; font-size: 15px; color: inherit;'>\n<li style='margin-bottom: 5px;'>Supera todos Requisitos de las normas ANSI\/TIA-568-C.2 Categor\u00eda 6A e ISO 11801 Clase E para canales y enlaces permanentes<\/li>\n<li style='margin-bottom: 5px;'>Cumple con ANSI\/TIA-1096-A<\/li>\n<li style='margin-bottom: 5px;'>Cumple con IEC 60603-7&comma; IEC 60754-1<\/li>\n<li style='margin-bottom: 5px;'>Cumple con IEEE 802.3af e IEEE 802.3at para aplicaciones PoE<\/li>\n<li style='margin-bottom: 5px;'>Cumple con UL 1863&comma; CSA Standard C22.2<\/li>\n<li style='margin-bottom: 5px;'>Cumple con RoHS<\/li>\n<\/ul><\/div>\n<p> <!-- Secci\u00f3n de especificaciones t\u00e9cnicas --> <\/p>\n<div style='margin-bottom: 30px;'>\n<h3 style='font-size: 22px; border-bottom: 2px solid currentColor; padding-bottom: 5px; margin-top: 0; color: inherit; opacity: 0.8;'>Especificaciones T\u00e9cnicas<\/h3>\n<ul style='padding-left: 20px; font-size: 15px; color: inherit;'>\n<li style='margin-bottom: 5px;'><strong>Calibre del conductor (AWG):<\/strong> 23<\/li>\n<li style='margin-bottom: 5px;'><strong>Categor\u00eda de nivel de rendimiento:<\/strong> 6A<\/li>\n<li style='margin-bottom: 5px;'><strong>Tipo de conductor:<\/strong> S\u00f3lido<\/li>\n<li style='margin-bottom: 5px;'><strong>Construcci\u00f3n del cable:<\/strong> U\/UTP<\/li>\n<li style='margin-bottom: 5px;'><strong>Tipo de conector 1:<\/strong> Enchufe modular<\/li>\n<li style='margin-bottom: 5px;'><strong>Tipo de conector 2:<\/strong> Enchufe modular<\/li>\n<li style='margin-bottom: 5px;'><strong>Longitud total (pies):<\/strong> 100<\/li>\n<li style='margin-bottom: 5px;'><strong>Di\u00e1metro exterior nominal del cable (pulg.):<\/strong> 0.3<\/li>\n<li style='margin-bottom: 5px;'><strong>Esquema de cableado:<\/strong> T568B<\/li>\n<li style='margin-bottom: 5px;'><strong>Temperatura m\u00e1xima de funcionamiento (\u00b0F):<\/strong> 140<\/li>\n<li style='margin-bottom: 5px;'><strong>Temperatura m\u00ednima de funcionamiento (\u00b0F):<\/strong> 14<\/li>\n<li style='margin-bottom: 5px;'><strong>Temperatura m\u00e1xima de almacenamiento (\u00b0F):<\/strong> 158<\/li>\n<li style='margin-bottom: 5px;'><strong>Temperatura m\u00ednima de almacenamiento (\u00b0F):<\/strong> -40<\/li>\n<li style='margin-bottom: 5px;'><strong>Color:<\/strong> Azul<\/li>\n<li style='margin-bottom: 5px;'><strong>Clasificaci\u00f3n de inflamabilidad:<\/strong> PlenumVariante IEC 60603-7; 60754-1<\/li>\n<\/ul><\/div>\n<p> <!-- Separador --> <\/p>\n<hr style='border: 0; border-top: 1px solid rgba(150&comma; 150&comma; 150&comma; 0.3); margin: 30px 0;'> <\/div>\n","protected":false},"excerpt":{"rendered":"<p>Cable de Zona U\/UTP Cat6A, Con Plug Modular en Cada Extremo, Conductor 23 AWG S?lido, CMP (Plenum), 30.48 Metros (100 Pies), Color Azul<\/p>\n","protected":false},"featured_media":15617,"comment_status":"open","ping_status":"closed","template":"","meta":[],"product_brand":[],"product_cat":[598],"product_tag":[586,445,599],"class_list":{"0":"post-15618","1":"product","2":"type-product","3":"status-publish","4":"has-post-thumbnail","6":"product_cat-patch-cords","7":"product_tag-cableado-de-cobre","8":"product_tag-panduit","9":"product_tag-patch-cords","11":"first","12":"instock","13":"sale","14":"shipping-taxable","15":"purchasable","16":"product-type-simple"},"_links":{"self":[{"href":"https:\/\/soydeaqui.ddns.net\/pachuca\/index.php\/wp-json\/wp\/v2\/product\/15618","targetHints":{"allow":["GET"]}}],"collection":[{"href":"https:\/\/soydeaqui.ddns.net\/pachuca\/index.php\/wp-json\/wp\/v2\/product"}],"about":[{"href":"https:\/\/soydeaqui.ddns.net\/pachuca\/index.php\/wp-json\/wp\/v2\/types\/product"}],"replies":[{"embeddable":true,"href":"https:\/\/soydeaqui.ddns.net\/pachuca\/index.php\/wp-json\/wp\/v2\/comments?post=15618"}],"wp:featuredmedia":[{"embeddable":true,"href":"https:\/\/soydeaqui.ddns.net\/pachuca\/index.php\/wp-json\/wp\/v2\/media\/15617"}],"wp:attachment":[{"href":"https:\/\/soydeaqui.ddns.net\/pachuca\/index.php\/wp-json\/wp\/v2\/media?parent=15618"}],"wp:term":[{"taxonomy":"product_brand","embeddable":true,"href":"https:\/\/soydeaqui.ddns.net\/pachuca\/index.php\/wp-json\/wp\/v2\/product_brand?post=15618"},{"taxonomy":"product_cat","embeddable":true,"href":"https:\/\/soydeaqui.ddns.net\/pachuca\/index.php\/wp-json\/wp\/v2\/product_cat?post=15618"},{"taxonomy":"product_tag","embeddable":true,"href":"https:\/\/soydeaqui.ddns.net\/pachuca\/index.php\/wp-json\/wp\/v2\/product_tag?post=15618"}],"curies":[{"name":"wp","href":"https:\/\/api.w.org\/{rel}","templated":true}]}}