{"id":156,"date":"2026-03-18T05:36:34","date_gmt":"2026-03-18T05:36:34","guid":{"rendered":"https:\/\/soydeaqui.ddns.net\/pachuca\/index.php\/producto\/ax-pro-detector-de-temperatura-y-detector-de-humedad-inalambrico-2-7-de-tamano-uso-en-interior-rango-de-deteccion-desde-35c-hasta-99c\/"},"modified":"2026-03-18T05:36:35","modified_gmt":"2026-03-18T05:36:35","slug":"ax-pro-detector-de-temperatura-y-detector-de-humedad-inalambrico-2-7-de-tamano-uso-en-interior-rango-de-deteccion-desde-35c-hasta-99c","status":"publish","type":"product","link":"https:\/\/soydeaqui.ddns.net\/pachuca\/index.php\/producto\/ax-pro-detector-de-temperatura-y-detector-de-humedad-inalambrico-2-7-de-tamano-uso-en-interior-rango-de-deteccion-desde-35c-hasta-99c\/","title":{"rendered":"(AX PRO) Detector de Temperatura y Detector de Humedad Inal\u00e1mbrico \/ 2.7&#8243; de Tama\u00f1o \/ Uso en Interior \/ Rango de Detecci\u00f3n desde  -35\u00b0C hasta 99\u00b0C"},"content":{"rendered":"<div style='width: 100%; max-width: 1200px; margin: 0 auto; font-family: sans-serif; line-height: 1.6; color: inherit; background-color: transparent;'> <!-- Logo --> <\/p>\n<div style='text-align: center; margin: 30px 0;'> <img style='width: 45%; height: auto; border: 1px solid rgba(150&comma;150&comma;150&comma;0.3); border-radius: 8px;' src='https:\/\/ftp3.syscom.mx\/usuarios\/jsosa\/HIKVISION\/imagenes\/logo\/hikvision%20see%20far.png' alt='Logo Hikvision'> <\/div>\n<p> <!-- Video principal --> <\/p>\n<div style='position: relative; padding-bottom: 56.25%; height: 0; overflow: hidden; margin: 30px 0;'>   <\/div>\n<p> <!-- Consideraciones --> <\/p>\n<div style='margin: 30px 0;'>\n<div style='border-left: 5px solid #ff0000; border-radius: 8px; padding: 15px; background-color: rgba(255&comma; 0&comma; 0&comma; 0.05);'>\n<h3 style='font-size: 18px; margin-top: 0; color: inherit;'><strong>Consideraciones:<\/strong><\/h3>\n<ul style='padding-left: 20px; font-size: 14px; color: inherit;'>\n<li style='margin-bottom: 10px;'>Las distancias de comunicaci\u00f3n entre los sensores y el panel pueden variar en cada instalaci\u00f3n por cuestiones como: ruido ambiental&comma; materiales y grosor de los muros&comma; ruido digital&comma; etc.<\/li>\n<\/ul><\/div>\n<\/p><\/div>\n<p> <!-- Videos secundarios --> <\/p>\n<div style='display: flex; flex-wrap: wrap; gap: 20px; margin: 30px 0;'>\n<div style='flex: 1 1 300px; min-width: 280px;'>\n<h4 style='text-align: center; font-size: 16px; margin-top: 0; color: inherit;'><strong>Configuraci\u00f3n de la alarma AX PRO de Hikvision<\/strong><\/h4>\n<div style='position: relative; padding-bottom: 56.25%; height: 0; overflow: hidden;'>   <\/div>\n<\/p><\/div>\n<div style='flex: 1 1 300px; min-width: 280px;'>\n<h4 style='text-align: center; font-size: 16px; margin-top: 0; color: inherit;'><strong>Bienvenido al futuro con AX PRO Hikvision<\/strong><\/h4>\n<div style='position: relative; padding-bottom: 56.25%; height: 0; overflow: hidden;'>   <\/div>\n<\/p><\/div>\n<div style='flex: 1 1 300px; min-width: 280px;'>\n<h4 style='text-align: center; font-size: 16px; margin-top: 0; color: inherit;'><strong>Sistema Robusto contra Intrusiones AX PRO<\/strong><\/h4>\n<div style='position: relative; padding-bottom: 56.25%; height: 0; overflow: hidden;'>   <\/div>\n<\/p><\/div>\n<\/p><\/div>\n<p> <!-- Caracter\u00edsticas --> <\/p>\n<div style='display: flex; flex-wrap: wrap; gap: 20px; margin: 30px 0;'>\n<div style='flex: 1 1 300px; min-width: 280px;'>\n<div style='border: 1px solid rgba(150&comma; 150&comma; 150&comma; 0.3); border-radius: 8px; overflow: hidden; display: flex; flex-direction: column; height: 100%;'>\n<div style='padding: 15px; border-bottom: 1px solid rgba(150&comma; 150&comma; 150&comma; 0.2); font-weight: bold; font-size: 16px; color: inherit;'>Caracter\u00edsticas principales<\/div>\n<div style='padding: 15px; color: inherit; flex: 1 1 auto;'>\n<ul style='padding-left: 20px; margin: 0; font-size: 14px; list-style-type: disc;'>\n<li style='margin-bottom: 10px;'>Comunicaci\u00f3n inal\u00e1mbrica con el panel de alarma.<\/li>\n<li style='margin-bottom: 10px;'>Temperatura de detecci\u00f3n:\n<ul style='padding-left: 20px; margin-top: 5px;'>\n<li style='margin-bottom: 5px;'>-10\u00b0C a 55\u00b0C (Sin cable conectado)<\/li>\n<li style='margin-bottom: 5px;'>-35\u00b0C a 99\u00b0C (Con cable conectado)<\/li>\n<\/ul>\n<\/li>\n<li style='margin-bottom: 10px;'>Distancia soportada: 800 metros (\u00e1rea abierta).<\/li>\n<li style='margin-bottom: 10px;'>Los datos inal\u00e1mbricos est\u00e1n protegidos por el cifrado AES-128.<\/li>\n<\/ul><\/div>\n<\/p><\/div>\n<\/p><\/div>\n<div style='flex: 1 1 300px; min-width: 280px;'>\n<div style='border: 1px solid rgba(150&comma; 150&comma; 150&comma; 0.3); border-radius: 8px; overflow: hidden; display: flex; flex-direction: column; height: 100%;'>\n<div style='padding: 15px; border-bottom: 1px solid rgba(150&comma; 150&comma; 150&comma; 0.2); font-weight: bold; font-size: 16px; color: inherit;'>Caracter\u00edsticas F\u00edsicas y El\u00e9ctricas<\/div>\n<div style='padding: 15px; color: inherit; flex: 1 1 auto;'>\n<ul style='padding-left: 20px; margin: 0; font-size: 14px; list-style-type: disc;'>\n<li style='margin-bottom: 10px;'>Alimentaci\u00f3n: Bater\u00edas de 3V \/ 2 x AAA.<\/li>\n<li style='margin-bottom: 10px;'>Temperatura de operaci\u00f3n: -10 \u00b0C a 55 \u00b0C.<\/li>\n<\/ul>\n<p style='margin: 20px 0 10px 0;'><strong><a style='color: inherit; text-decoration: underline;' href='https:\/\/soporte.syscom.mx\/es\/articles\/5117840-hikvision-alarmas-ax-pro-configuraciones-ax-pro' target='_blank' rel='noopener'>Configuraciones b\u00e1sicas<\/a><\/strong><\/p>\n<\/p><\/div>\n<\/p><\/div>\n<\/p><\/div>\n<div style='flex: 1 1 300px; min-width: 280px;'>\n<div style='border: 1px solid rgba(150&comma; 150&comma; 150&comma; 0.3); border-radius: 8px; overflow: hidden; display: flex; flex-direction: column; height: 100%;'>\n<div style='padding: 15px; border-bottom: 1px solid rgba(150&comma; 150&comma; 150&comma; 0.2); font-weight: bold; font-size: 16px; color: inherit;'>Caracter\u00edsticas Destacadas<\/div>\n<div style='padding: 15px; color: inherit; flex: 1 1 auto;'>\n<p style='margin-bottom: 15px;'>Detector de temperatura&comma; env\u00eda la se\u00f1al inal\u00e1mbrica al panel de alarma AX PRO.<\/p>\n<p style='margin-bottom: 10px;'>Conozca todos los dispositivos que pueden integrar en la Serie AX PRO dando clic<\/p>\n<p><a style='color: inherit; text-decoration: underline;' href='https:\/\/www.syscom.mx\/principal\/listadoproductosazul\/intrusion-hikvision-paneles-de-alarma-y-accesorios-ax-pro-series-66286.html?ordenar=Precio_de_Menor_a_Mayor&#038;pag=1' target='_blank' rel='noopener'><strong>aqu\u00ed<\/strong><\/a><\/p>\n<\/p><\/div>\n<\/p><\/div>\n<\/p><\/div>\n<\/p><\/div>\n<p> <!-- Diagrama familia AX PRO --> <\/p>\n<h2 style='text-align: center; font-size: 24px; margin: 30px 0 15px; color: inherit;'><strong>Linea de Productos AX PRO<\/strong><\/h2>\n<div style='margin: 15px 0 30px;'> <a style='display: block;' href='https:\/\/www.syscom.mx\/principal\/listadoproductosazul\/intrusion-hikvision-paneles-de-alarma-y-accesorios-ax-pro-series-66286.html?ordenar=Precio_de_Menor_a_Mayor&#038;pag=1' target='_blank' rel='noopener'> <img style='width: 100%; height: auto; border: 1px solid rgba(150&comma;150&comma;150&comma;0.3); border-radius: 8px;' src='https:\/\/ftp3.syscom.mx\/usuarios\/jsosa\/HIKVISION\/alarmas\/AXPPRO\/banner\/AX%20PRO%20disgramas-hikvision.jpg' alt='Diagrama Familia AX PRO'> <\/a> <\/div>\n<p> <!-- Video funcionamiento --> <\/p>\n<div style='position: relative; padding-bottom: 56.25%; height: 0; overflow: hidden; margin: 30px 0;'>   <\/div>\n<p> <!-- Serie AX PRO --> <\/p>\n<div style='display: flex; flex-wrap: wrap; gap: 30px; margin: 30px 0; align-items: center;'>\n<div style='flex: 1 1 300px; min-width: 280px;'> <a style='display: block;' href='https:\/\/www.syscom.mx\/principal\/listadoproductosazul\/intrusion-hikvision-paneles-de-alarma-y-accesorios-ax-pro-series-66286.html?ordenar=Precio_de_Menor_a_Mayor&#038;pag=1' target='_blank' rel='noopener'> <img style='width: 100%; height: auto; border: 1px solid rgba(150&comma;150&comma;150&comma;0.3); border-radius: 8px;' src='https:\/\/ftp3.syscom.mx\/usuarios\/jsosa\/HIKVISION\/alarmas\/AXPPRO\/Serie%20AXPRO.png' alt='Serie AX PRO'> <\/a> <\/div>\n<div style='flex: 1 1 300px; min-width: 280px;'>\n<h2 style='font-size: 22px; margin-top: 0; color: inherit;'><span style='font-family: sans-serif;'>Serie AX PRO<\/span><\/h2>\n<p style='margin-bottom: 15px; color: inherit;'>\u00bfNecesita proteger su hogar&comma; oficina o tienda?<\/p>\n<p style='margin-bottom: 15px; color: inherit;'>\u00bfCansado de tantos cables y mucho tiempo de instalaci\u00f3n?<\/p>\n<p style='margin-bottom: 15px; color: inherit;'>\u00a1Utilice una soluci\u00f3n de alarma inal\u00e1mbrica profesional!<\/p>\n<p style='margin-bottom: 15px; color: inherit;'>Conozca todos los dispositivos que pueden integrar en la Serie AX PRO dando clic<\/p>\n<p><a style='color: inherit; text-decoration: underline;' href='https:\/\/www.syscom.mx\/principal\/listadoproductosazul\/intrusion-hikvision-paneles-de-alarma-y-accesorios-ax-pro-series-66286.html?ordenar=Precio_de_Menor_a_Mayor&#038;pag=1' target='_blank' rel='noopener'><strong>aqu\u00ed<\/strong><\/a><\/p>\n<\/p><\/div>\n<\/p><\/div>\n<p> <!-- Banner final --> <\/p>\n<div style='margin: 30px 0;'> <a style='display: block;' href='https:\/\/www.syscom.mx\/principal\/promociones\/serie_ax_pro_alarmas_hikvision-5416.html?ordenar=Relevancia&#038;pag=1' target='_blank' rel='noopener'> <img style='width: 100%; height: auto; border: 1px solid rgba(150&comma;150&comma;150&comma;0.3); border-radius: 8px;' src='https:\/\/ftp3.syscom.mx\/usuarios\/jsosa\/HIKVISION\/alarmas\/AXPPRO\/banner\/HIKVISION-AXPRO-SERIES.jpg' alt='Banner Serie AX PRO'> <\/a> <\/div>\n<\/p><\/div>\n","protected":false},"excerpt":{"rendered":"<p>(AX PRO) Detector de Temperatura y Detector de Humedad Inal\u00e1mbrico \/ 2.7&#8243; de Tama\u00f1o \/ Uso en Interior \/ Rango de Detecci\u00f3n desde  -35\u00b0C hasta 99\u00b0C<\/p>\n","protected":false},"featured_media":155,"comment_status":"open","ping_status":"closed","template":"","meta":[],"product_brand":[],"product_cat":[32],"product_tag":[19,54,33],"class_list":{"0":"post-156","1":"product","2":"type-product","3":"status-publish","4":"has-post-thumbnail","6":"product_cat-temperatura","7":"product_tag-detectores-sensores","8":"product_tag-hikvision","9":"product_tag-temperatura","11":"first","12":"outofstock","13":"sale","14":"shipping-taxable","15":"purchasable","16":"product-type-simple"},"_links":{"self":[{"href":"https:\/\/soydeaqui.ddns.net\/pachuca\/index.php\/wp-json\/wp\/v2\/product\/156","targetHints":{"allow":["GET"]}}],"collection":[{"href":"https:\/\/soydeaqui.ddns.net\/pachuca\/index.php\/wp-json\/wp\/v2\/product"}],"about":[{"href":"https:\/\/soydeaqui.ddns.net\/pachuca\/index.php\/wp-json\/wp\/v2\/types\/product"}],"replies":[{"embeddable":true,"href":"https:\/\/soydeaqui.ddns.net\/pachuca\/index.php\/wp-json\/wp\/v2\/comments?post=156"}],"wp:featuredmedia":[{"embeddable":true,"href":"https:\/\/soydeaqui.ddns.net\/pachuca\/index.php\/wp-json\/wp\/v2\/media\/155"}],"wp:attachment":[{"href":"https:\/\/soydeaqui.ddns.net\/pachuca\/index.php\/wp-json\/wp\/v2\/media?parent=156"}],"wp:term":[{"taxonomy":"product_brand","embeddable":true,"href":"https:\/\/soydeaqui.ddns.net\/pachuca\/index.php\/wp-json\/wp\/v2\/product_brand?post=156"},{"taxonomy":"product_cat","embeddable":true,"href":"https:\/\/soydeaqui.ddns.net\/pachuca\/index.php\/wp-json\/wp\/v2\/product_cat?post=156"},{"taxonomy":"product_tag","embeddable":true,"href":"https:\/\/soydeaqui.ddns.net\/pachuca\/index.php\/wp-json\/wp\/v2\/product_tag?post=156"}],"curies":[{"name":"wp","href":"https:\/\/api.w.org\/{rel}","templated":true}]}}