{"id":1557,"date":"2026-03-18T05:47:25","date_gmt":"2026-03-18T05:47:25","guid":{"rendered":"https:\/\/soydeaqui.ddns.net\/pachuca\/index.php\/producto\/sierra-de-inglete-para-corte-potencia-1650w\/"},"modified":"2026-03-18T05:47:25","modified_gmt":"2026-03-18T05:47:25","slug":"sierra-de-inglete-para-corte-potencia-1650w","status":"publish","type":"product","link":"https:\/\/soydeaqui.ddns.net\/pachuca\/index.php\/producto\/sierra-de-inglete-para-corte-potencia-1650w\/","title":{"rendered":"Sierra de inglete para corte, potencia 1,650W"},"content":{"rendered":"<div style='width: 100%; max-width: 1200px; margin: 0 auto; font-family: sans-serif; line-height: 1.6; color: inherit; background-color: transparent;'>\n<div style='display: flex; flex-wrap: wrap; gap: 30px; margin-bottom: 30px;'>\n<div style='flex: 1 1 300px; min-width: 280px;'>\n<h3 style='font-size: 22px; border-bottom: 2px solid currentColor; padding-bottom: 5px; margin-top: 0; color: inherit; opacity: 0.8;'>DESCRIPCION:<\/h3>\n<ul style='padding-left: 20px; font-size: 15px; color: inherit;'>\n<li style='margin-bottom: 5px;'>Fuerte construcci\u00f3n para asegurar m\u00e1s el corte.<\/li>\n<li style='margin-bottom: 5px;'>9 ajustes en \u00e1ngulos positivos; 15&comma; 22.5&comma; 30&comma; 45 grados&comma; derecha o izquierda y 0 grados (90 grados de corte).<\/li>\n<li style='margin-bottom: 5px;'>Empu\u00f1adura frontal dise\u00f1ada para un f\u00e1cil ajuste de inglete.<\/li>\n<li style='margin-bottom: 5px;'>Operaci\u00f3n silenciosa (s\u00f3lo 85db).<\/li>\n<\/ul><\/div>\n<\/p><\/div>\n<div style='display: flex; flex-wrap: wrap; gap: 20px; margin-bottom: 30px;'>\n<div style='flex: 1 1 250px; border: 1px solid rgba(150&comma; 150&comma; 150&comma; 0.4); border-radius: 8px; overflow: hidden; display: flex; flex-direction: column;'>\n<div style='padding: 15px; border-bottom: 1px solid rgba(150&comma; 150&comma; 150&comma; 0.2); font-weight: bold; font-size: 18px; color: inherit;'>Datos T\u00e9cnicos<\/div>\n<div style='padding: 15px; color: inherit;'>\n<ul style='padding-left: 20px; margin: 0; font-size: 14px; list-style-type: disc;'>\n<li style='margin-bottom: 5px;'>Potencia: 1&comma;650W<\/li>\n<li style='margin-bottom: 5px;'>M\u00e1x. capacidad de corte a 0 grados: 90&comma;5x95mm (3-9\/16&#8217;x3-3\/4&#8242;)<\/li>\n<li style='margin-bottom: 5px;'>M\u00e1x. capacidad de corte a 45 grados: 90&comma;5x67mm (3-9\/16&#8217;x2-5\/8&#8242;)<\/li>\n<li style='margin-bottom: 5px;'>Di\u00e1metro del disco: 255 (10&#8242;) &#8211; 260mm (10-1\/4&#8242;)<\/li>\n<li style='margin-bottom: 5px;'>Velocidad sin carga: 4&comma;600<\/li>\n<li style='margin-bottom: 5px;'>Dimensiones (LxAxA): 476x530x532mm (18-3\/4&#8217;x20-7\/8&#8217;x21&#8242;)<\/li>\n<li style='margin-bottom: 5px;'>Peso neto: 12&comma;1kg (26&comma;7lbs)<\/li>\n<\/ul><\/div>\n<\/p><\/div>\n<\/p><\/div>\n<\/p><\/div>\n","protected":false},"excerpt":{"rendered":"<p>Sierra de inglete para corte, potencia 1,650W<\/p>\n","protected":false},"featured_media":1556,"comment_status":"open","ping_status":"closed","template":"","meta":[],"product_brand":[],"product_cat":[24],"product_tag":[26,25,252],"class_list":{"0":"post-1557","1":"product","2":"type-product","3":"status-publish","4":"has-post-thumbnail","6":"product_cat-accesorios-de-instalacion","7":"product_tag-accesorios-de-instalacion","8":"product_tag-herramientas","9":"product_tag-makita","11":"first","12":"outofstock","13":"sale","14":"shipping-taxable","15":"purchasable","16":"product-type-simple"},"_links":{"self":[{"href":"https:\/\/soydeaqui.ddns.net\/pachuca\/index.php\/wp-json\/wp\/v2\/product\/1557","targetHints":{"allow":["GET"]}}],"collection":[{"href":"https:\/\/soydeaqui.ddns.net\/pachuca\/index.php\/wp-json\/wp\/v2\/product"}],"about":[{"href":"https:\/\/soydeaqui.ddns.net\/pachuca\/index.php\/wp-json\/wp\/v2\/types\/product"}],"replies":[{"embeddable":true,"href":"https:\/\/soydeaqui.ddns.net\/pachuca\/index.php\/wp-json\/wp\/v2\/comments?post=1557"}],"wp:featuredmedia":[{"embeddable":true,"href":"https:\/\/soydeaqui.ddns.net\/pachuca\/index.php\/wp-json\/wp\/v2\/media\/1556"}],"wp:attachment":[{"href":"https:\/\/soydeaqui.ddns.net\/pachuca\/index.php\/wp-json\/wp\/v2\/media?parent=1557"}],"wp:term":[{"taxonomy":"product_brand","embeddable":true,"href":"https:\/\/soydeaqui.ddns.net\/pachuca\/index.php\/wp-json\/wp\/v2\/product_brand?post=1557"},{"taxonomy":"product_cat","embeddable":true,"href":"https:\/\/soydeaqui.ddns.net\/pachuca\/index.php\/wp-json\/wp\/v2\/product_cat?post=1557"},{"taxonomy":"product_tag","embeddable":true,"href":"https:\/\/soydeaqui.ddns.net\/pachuca\/index.php\/wp-json\/wp\/v2\/product_tag?post=1557"}],"curies":[{"name":"wp","href":"https:\/\/api.w.org\/{rel}","templated":true}]}}