{"id":15569,"date":"2026-03-18T08:53:30","date_gmt":"2026-03-18T08:53:30","guid":{"rendered":"https:\/\/soydeaqui.ddns.net\/pachuca\/index.php\/producto\/bobina-de-cable-de-305-metros-1000-pies-cat6-cm-calibre-23-alto-rendimiento-etl-ul-color-azul-super-flexible-para-aplicaciones-de-video-vigilancia-video-hd-y-redes-de-datos-uso-interior\/"},"modified":"2026-03-18T08:53:33","modified_gmt":"2026-03-18T08:53:33","slug":"bobina-de-cable-de-305-metros-1000-pies-cat6-cm-calibre-23-alto-rendimiento-etl-ul-color-azul-super-flexible-para-aplicaciones-de-video-vigilancia-video-hd-y-redes-de-datos-uso-interior","status":"publish","type":"product","link":"https:\/\/soydeaqui.ddns.net\/pachuca\/index.php\/producto\/bobina-de-cable-de-305-metros-1000-pies-cat6-cm-calibre-23-alto-rendimiento-etl-ul-color-azul-super-flexible-para-aplicaciones-de-video-vigilancia-video-hd-y-redes-de-datos-uso-interior\/","title":{"rendered":"Bobina de Cable de 305 Metros (1000 Pies) Cat6+, CM, Calibre 23 Alto Rendimiento, ETL, UL, Color Azul, Super Flexible, para Aplicaciones de Video Vigilancia, Video HD, y Redes de Datos. Uso Interior."},"content":{"rendered":"<div style='width: 100%; max-width: 1200px; margin: 0 auto; font-family: sans-serif; line-height: 1.6; color: inherit; background-color: transparent;'> <!-- Secci\u00f3n de descripci\u00f3n principal --> <\/p>\n<div style='margin-bottom: 30px;'>\n<h2 style='font-size: 20px; margin-top: 0; margin-bottom: 15px; color: inherit; opacity: 0.9;'>Cable de alto desempe\u00f1o super flexible<\/h2>\n<p style='font-size: 15px; margin-bottom: 15px; color: inherit;'>Dise\u00f1ado para: Aplicaciones de datos Gigabit de alta velocidad<\/p>\n<\/p><\/div>\n<p> <!-- Secciones de caracter\u00edsticas --> <\/p>\n<div style='display: flex; flex-wrap: wrap; gap: 30px; margin-bottom: 30px;'> <!-- Caracter\u00edsticas --> <\/p>\n<div style='flex: 1 1 300px; min-width: 280px;'>\n<h3 style='font-size: 18px; border-bottom: 2px solid currentColor; padding-bottom: 5px; margin-top: 0; color: inherit; opacity: 0.8;'>Caracter\u00edsticas<\/h3>\n<ul style='padding-left: 20px; font-size: 15px; color: inherit;'>\n<li style='margin-bottom: 5px;'>Video vigilancia IP Megapixel<\/li>\n<li style='margin-bottom: 5px;'>Instalaciones de video an\u00e1logo<\/li>\n<li style='margin-bottom: 5px;'>Redes locales de alta velocidad<\/li>\n<li style='margin-bottom: 5px;'>Redes inal\u00e1mbricas<\/li>\n<li style='margin-bottom: 5px;'>Aplicaciones de alta velocidad de datos&comma; Fast Ethernet y Gigabit Ethernet<\/li>\n<li style='margin-bottom: 5px;'>Instalaciones Gigabit de voz\/datos<\/li>\n<\/ul><\/div>\n<p> <!-- Caracter\u00edsticas F\u00edsicas y el\u00e9ctricas --> <\/p>\n<div style='flex: 1 1 300px; min-width: 280px;'>\n<h3 style='font-size: 18px; border-bottom: 2px solid currentColor; padding-bottom: 5px; margin-top: 0; color: inherit; opacity: 0.8;'>Caracter\u00edsticas F\u00edsicas y el\u00e9ctricas<\/h3>\n<ul style='padding-left: 20px; font-size: 15px; color: inherit;'>\n<li style='margin-bottom: 5px;'><strong>Conductor:<\/strong> 100% Cobre<\/li>\n<li style='margin-bottom: 5px;'><strong>Aplicaci\u00f3n:<\/strong> Interior<\/li>\n<li style='margin-bottom: 5px;'><strong>Color Exterior:<\/strong> Azul<\/li>\n<li style='margin-bottom: 5px;'><strong>Calibre:<\/strong> 23 ALTO RENDIMIENTO<\/li>\n<li style='margin-bottom: 5px;'><strong>Aislamiento:<\/strong> PVC (CM)<\/li>\n<li style='margin-bottom: 5px;'><strong>Blindaje:<\/strong> Sin blindaje<\/li>\n<li style='margin-bottom: 5px;'><strong>Di\u00e1metro:<\/strong> 6.1 mm<\/li>\n<li style='margin-bottom: 5px;'><strong>Frecuencia:<\/strong> 250 MHz<\/li>\n<\/ul><\/div>\n<p> <!-- Estandares y certificaciones --> <\/p>\n<div style='flex: 1 1 300px; min-width: 280px;'>\n<h3 style='font-size: 18px; border-bottom: 2px solid currentColor; padding-bottom: 5px; margin-top: 0; color: inherit; opacity: 0.8;'>Estandares y certificaciones<\/h3>\n<ul style='padding-left: 20px; font-size: 15px; color: inherit;'>\n<li style='margin-bottom: 5px;'><strong>UL:<\/strong> E488955<\/li>\n<li style='margin-bottom: 5px;'>ANSI\/TIA-568-C.2<\/li>\n<li style='margin-bottom: 5px;'>ISO\/IEC<\/li>\n<li style='margin-bottom: 5px;'>CENELEC EN<\/li>\n<li style='margin-bottom: 5px;'>RoHS<\/li>\n<li style='margin-bottom: 5px;'>Cumple con las Pruebas de Rendimiento para Enlace Permanente a 90 metros<\/li>\n<\/ul><\/div>\n<\/p><\/div>\n<p> <!-- Nota de precio --> <\/p>\n<div style='margin-bottom: 30px; font-size: 15px; color: inherit;'> *Precio por bobina de 305 metros <\/div>\n<p> <!-- Separador --> <\/p>\n<hr style='border: 0; border-top: 1px solid rgba(150&comma; 150&comma; 150&comma; 0.3); margin: 30px 0;'> <!-- Imagen --> <\/p>\n<div style='margin-bottom: 30px;'> <img style='width: 100%; height: auto; border: 1px solid rgba(150&comma;150&comma;150&comma;0.3); border-radius: 8px;' src='https:\/\/ftp3.syscom.mx\/usuarios\/ccasares\/CCTV\/Guia%20rapida%20de%20seleccion%20de%20cable.jpg' alt='Gu\u00eda r\u00e1pida de selecci\u00f3n de cable'> <\/div>\n<p> <!-- Videos --> <\/p>\n<div style='display: flex; flex-wrap: wrap; gap: 30px; margin-bottom: 30px;'>\n<div style='flex: 1 1 400px; min-width: 300px;'>\n<div style='position: relative; padding-bottom: 56.25%; height: 0; overflow: hidden;'>   <\/div>\n<\/p><\/div>\n<div style='flex: 1 1 400px; min-width: 300px;'>\n<div style='position: relative; padding-bottom: 56.25%; height: 0; overflow: hidden;'>   <\/div>\n<\/p><\/div>\n<\/p><\/div>\n<\/p><\/div>\n","protected":false},"excerpt":{"rendered":"<p>Bobina de Cable de 305 Metros (1000 Pies) Cat6+, CM, Calibre 23 Alto Rendimiento, ETL, UL, Color Azul, Super Flexible, para Aplicaciones de Video Vigilancia, Video HD, y Redes de Datos. Uso Interior.<\/p>\n","protected":false},"featured_media":15568,"comment_status":"open","ping_status":"closed","template":"","meta":[],"product_brand":[],"product_cat":[576],"product_tag":[488,577,435],"class_list":{"0":"post-15569","1":"product","2":"type-product","3":"status-publish","4":"has-post-thumbnail","6":"product_cat-categoria-6","7":"product_tag-cables-y-conectores","8":"product_tag-categoria-6","9":"product_tag-linkedpro-by-epcom","11":"first","12":"outofstock","13":"sale","14":"shipping-taxable","15":"purchasable","16":"product-type-simple"},"_links":{"self":[{"href":"https:\/\/soydeaqui.ddns.net\/pachuca\/index.php\/wp-json\/wp\/v2\/product\/15569","targetHints":{"allow":["GET"]}}],"collection":[{"href":"https:\/\/soydeaqui.ddns.net\/pachuca\/index.php\/wp-json\/wp\/v2\/product"}],"about":[{"href":"https:\/\/soydeaqui.ddns.net\/pachuca\/index.php\/wp-json\/wp\/v2\/types\/product"}],"replies":[{"embeddable":true,"href":"https:\/\/soydeaqui.ddns.net\/pachuca\/index.php\/wp-json\/wp\/v2\/comments?post=15569"}],"wp:featuredmedia":[{"embeddable":true,"href":"https:\/\/soydeaqui.ddns.net\/pachuca\/index.php\/wp-json\/wp\/v2\/media\/15568"}],"wp:attachment":[{"href":"https:\/\/soydeaqui.ddns.net\/pachuca\/index.php\/wp-json\/wp\/v2\/media?parent=15569"}],"wp:term":[{"taxonomy":"product_brand","embeddable":true,"href":"https:\/\/soydeaqui.ddns.net\/pachuca\/index.php\/wp-json\/wp\/v2\/product_brand?post=15569"},{"taxonomy":"product_cat","embeddable":true,"href":"https:\/\/soydeaqui.ddns.net\/pachuca\/index.php\/wp-json\/wp\/v2\/product_cat?post=15569"},{"taxonomy":"product_tag","embeddable":true,"href":"https:\/\/soydeaqui.ddns.net\/pachuca\/index.php\/wp-json\/wp\/v2\/product_tag?post=15569"}],"curies":[{"name":"wp","href":"https:\/\/api.w.org\/{rel}","templated":true}]}}