{"id":15566,"date":"2026-03-18T08:53:27","date_gmt":"2026-03-18T08:53:27","guid":{"rendered":"https:\/\/soydeaqui.ddns.net\/pachuca\/index.php\/producto\/cinta-para-medir-conductos-de-609-metros-2000-pies-con-resistencia-a-la-traccin-de-567-kg-en-presentacin-de-cubeta\/"},"modified":"2026-03-18T08:53:27","modified_gmt":"2026-03-18T08:53:27","slug":"cinta-para-medir-conductos-de-609-metros-2000-pies-con-resistencia-a-la-traccin-de-567-kg-en-presentacin-de-cubeta","status":"publish","type":"product","link":"https:\/\/soydeaqui.ddns.net\/pachuca\/index.php\/producto\/cinta-para-medir-conductos-de-609-metros-2000-pies-con-resistencia-a-la-traccin-de-567-kg-en-presentacin-de-cubeta\/","title":{"rendered":"Cinta para Medir Conductos de 609 Metros (2000 Pies) con Resistencia a la Tracci?n de 567 kg en Presentaci?n de Cubeta"},"content":{"rendered":"<div style='width: 100%; max-width: 1200px; margin: 0 auto; font-family: sans-serif; line-height: 1.6; color: inherit; background-color: transparent;'> <!-- T\u00edtulo del producto --> <\/p>\n<div style='margin-bottom: 20px;'>\n<h1 style='font-size: 32px; margin: 0; font-family: 'Oswald'&comma; sans-serif; color: inherit; font-weight: 300;'>Cinta para Medici\u00f3n de Tubos Conduit&comma; 610 m x 567 kg<\/h1>\n<h2 style='font-family: 'Oswald'&comma; sans-serif; margin: 5px 0 0; font-size: 24px; color: rgba(150&comma;150&comma;150&comma;0.8); font-weight: 300;'>50122<\/h2>\n<\/p><\/div>\n<p> <!-- Secci\u00f3n de caracter\u00edsticas --> <\/p>\n<div style='margin-bottom: 30px;'>\n<h3 style='font-size: 22px; border-bottom: 2px solid currentColor; padding-bottom: 5px; margin-top: 0; color: inherit; opacity: 0.8;'>Caracter\u00edsticas principales<\/h3>\n<ul style='padding-left: 20px; font-size: 15px; color: inherit; list-style-type: disc;'>\n<li style='margin-bottom: 10px;'>La cinta est\u00e1 fabricada en fleje plano de poli\u00e9ster con trama que dispersa la carga y minimiza la tensi\u00f3n al momento de jalado<\/li>\n<li style='margin-bottom: 10px;'>La gu\u00eda est\u00e1 marcada con incrementos descendentes de 1&#8242; f\u00e1ciles de leer para medir tramos de tubo conduit y determinar la cantidad de gu\u00eda que le queda por utilizar<\/li>\n<li style='margin-bottom: 10px;'>Prelubricada para reducir la fricci\u00f3n<\/li>\n<li style='margin-bottom: 10px;'>Orificio en la tapa de la cubeta para una distribuci\u00f3n controlada y sin enredos<\/li>\n<li style='margin-bottom: 10px;'>Cubeta que permite un f\u00e1cil almacenamiento y transporte<\/li>\n<li style='margin-bottom: 10px;'>Resistencia a la tracci\u00f3n de 1250 lb (567 kg)<\/li>\n<li style='margin-bottom: 10px;'>Resistencias a la tracci\u00f3n y longitudes de cinta adicionales disponibles<\/li>\n<\/ul><\/div>\n<p> <!-- Secci\u00f3n de especificaciones --> <\/p>\n<div style='margin-bottom: 30px;'>\n<h3 style='font-size: 22px; border-bottom: 2px solid currentColor; padding-bottom: 5px; margin-top: 0; margin-bottom: 15px; color: inherit; opacity: 0.8;'>Especificaciones<\/h3>\n<div style='display: flex; flex-wrap: wrap; gap: 20px;'>\n<div style='flex: 1 1 250px; border: 1px solid rgba(150&comma; 150&comma; 150&comma; 0.4); border-radius: 8px; overflow: hidden; display: flex; flex-direction: column;'>\n<div style='padding: 15px; border-bottom: 1px solid rgba(150&comma; 150&comma; 150&comma; 0.2); font-weight: bold; font-size: 18px; color: inherit; background-color: rgba(150&comma; 150&comma; 150&comma; 0.1);'>Especificaciones Generales<\/div>\n<div style='padding: 15px; color: inherit;'>\n<ul style='padding-left: 20px; margin: 0; font-size: 14px; list-style-type: disc;'>\n<li style='margin-bottom: 8px;'><strong>Tipo:<\/strong> Cinta plana prelubricada con marcas de 1&#8242;<\/li>\n<li style='margin-bottom: 8px;'><strong>Aplicaci\u00f3n:<\/strong> Jalado de alta resistencia<\/li>\n<li style='margin-bottom: 8px;'><strong>Caracter\u00edsticas especiales:<\/strong> Distribuci\u00f3n sin enredos y con orificio en la tapa de la cubeta<\/li>\n<li style='margin-bottom: 8px;'><strong>Envase:<\/strong> Cubeta naranja con tapa y asa<\/li>\n<li style='margin-bottom: 8px;'><strong>Longitud total:<\/strong> 2000&#8242; (609&comma;6 m)<\/li>\n<li style='margin-bottom: 8px;'><strong>Ancho total:<\/strong> 0&comma;49&#8221; (1&comma;2 cm)<\/li>\n<\/ul><\/div>\n<\/p><\/div>\n<div style='flex: 1 1 250px; border: 1px solid rgba(150&comma; 150&comma; 150&comma; 0.4); border-radius: 8px; overflow: hidden; display: flex; flex-direction: column;'>\n<div style='padding: 15px; border-bottom: 1px solid rgba(150&comma; 150&comma; 150&comma; 0.2); font-weight: bold; font-size: 18px; color: inherit; background-color: rgba(150&comma; 150&comma; 150&comma; 0.1);'>Especificaciones T\u00e9cnicas<\/div>\n<div style='padding: 15px; color: inherit;'>\n<ul style='padding-left: 20px; margin: 0; font-size: 14px; list-style-type: disc;'>\n<li style='margin-bottom: 8px;'><strong>Resistencia a la tracci\u00f3n:<\/strong> 1250 lb (567 kg)<\/li>\n<li style='margin-bottom: 8px;'><strong>Material:<\/strong> Cinta 100 % de poli\u00e9ster lubricada con etilenglicol y agua<\/li>\n<li style='margin-bottom: 8px;'><strong>Peso:<\/strong> 16&comma;6 lb (7&comma;5 kg)<\/li>\n<li style='margin-bottom: 8px;'><strong>Color:<\/strong> Cinta blanca con marcas negras<\/li>\n<li style='margin-bottom: 8px;'><strong>UPC:<\/strong> 092644501227<\/li>\n<\/ul><\/div>\n<\/p><\/div>\n<\/p><\/div>\n<\/p><\/div>\n<p> <!-- Imagen del producto --> <\/p>\n<div style='margin-bottom: 30px;'> <img style='width: 100%; height: auto; border: 1px solid rgba(150&comma;150&comma;150&comma;0.3); border-radius: 8px;' src='https:\/\/ftp3.syscom.mx\/usuarios\/fotos\/50131\/212703-captura_de_pantalla_2022-10-14_a_la(s)_18.05.11.png' alt=''> <\/div>\n<p> <!-- Video del producto --> <\/p>\n<div style='position: relative; padding-bottom: 56.25%; height: 0; overflow: hidden; margin-bottom: 30px;'>   <\/div>\n<\/p><\/div>\n","protected":false},"excerpt":{"rendered":"<p>Cinta para Medir Conductos de 609 Metros (2000 Pies) con Resistencia a la Tracci?n de 567 kg en Presentaci?n de Cubeta<\/p>\n","protected":false},"featured_media":15565,"comment_status":"open","ping_status":"closed","template":"","meta":[],"product_brand":[],"product_cat":[713],"product_tag":[138,714,432],"class_list":{"0":"post-15566","1":"product","2":"type-product","3":"status-publish","4":"has-post-thumbnail","6":"product_cat-herramientas-para-preparacion-de-cable","7":"product_tag-cables","8":"product_tag-herramientas-para-preparacion-de-cable","9":"product_tag-klein-tools","11":"first","12":"instock","13":"sale","14":"shipping-taxable","15":"purchasable","16":"product-type-simple"},"_links":{"self":[{"href":"https:\/\/soydeaqui.ddns.net\/pachuca\/index.php\/wp-json\/wp\/v2\/product\/15566","targetHints":{"allow":["GET"]}}],"collection":[{"href":"https:\/\/soydeaqui.ddns.net\/pachuca\/index.php\/wp-json\/wp\/v2\/product"}],"about":[{"href":"https:\/\/soydeaqui.ddns.net\/pachuca\/index.php\/wp-json\/wp\/v2\/types\/product"}],"replies":[{"embeddable":true,"href":"https:\/\/soydeaqui.ddns.net\/pachuca\/index.php\/wp-json\/wp\/v2\/comments?post=15566"}],"wp:featuredmedia":[{"embeddable":true,"href":"https:\/\/soydeaqui.ddns.net\/pachuca\/index.php\/wp-json\/wp\/v2\/media\/15565"}],"wp:attachment":[{"href":"https:\/\/soydeaqui.ddns.net\/pachuca\/index.php\/wp-json\/wp\/v2\/media?parent=15566"}],"wp:term":[{"taxonomy":"product_brand","embeddable":true,"href":"https:\/\/soydeaqui.ddns.net\/pachuca\/index.php\/wp-json\/wp\/v2\/product_brand?post=15566"},{"taxonomy":"product_cat","embeddable":true,"href":"https:\/\/soydeaqui.ddns.net\/pachuca\/index.php\/wp-json\/wp\/v2\/product_cat?post=15566"},{"taxonomy":"product_tag","embeddable":true,"href":"https:\/\/soydeaqui.ddns.net\/pachuca\/index.php\/wp-json\/wp\/v2\/product_tag?post=15566"}],"curies":[{"name":"wp","href":"https:\/\/api.w.org\/{rel}","templated":true}]}}