{"id":15515,"date":"2026-03-18T08:52:34","date_gmt":"2026-03-18T08:52:34","guid":{"rendered":"https:\/\/soydeaqui.ddns.net\/pachuca\/index.php\/producto\/clip-automatico-mediano-para-unir-tramos-de-charola-tipo-malla-de-100-hasta-300-mm-de-ancho-compatible-con-todos-los-peraltes-acabado-electrozincado\/"},"modified":"2026-03-18T08:52:37","modified_gmt":"2026-03-18T08:52:37","slug":"clip-automatico-mediano-para-unir-tramos-de-charola-tipo-malla-de-100-hasta-300-mm-de-ancho-compatible-con-todos-los-peraltes-acabado-electrozincado","status":"publish","type":"product","link":"https:\/\/soydeaqui.ddns.net\/pachuca\/index.php\/producto\/clip-automatico-mediano-para-unir-tramos-de-charola-tipo-malla-de-100-hasta-300-mm-de-ancho-compatible-con-todos-los-peraltes-acabado-electrozincado\/","title":{"rendered":"Clip Autom\u00e1tico Mediano Para Unir Tramos de Charola Tipo Malla de 100 hasta 300 mm de Ancho, Compatible con todos los Peraltes, Acabado Electrozincado"},"content":{"rendered":"<div style='width: 100%; max-width: 1200px; margin: 0 auto; font-family: sans-serif; line-height: 1.6; color: inherit; background-color: transparent;'> <!-- Banner superior --> <\/p>\n<div style='width: 100%; margin-bottom: 30px;'> <img style='width: 100%; height: auto; border: 1px solid rgba(150&comma;150&comma;150&comma;0.3); border-radius: 8px;' src='https:\/\/ftp3.syscom.mx\/usuarios\/fotos\/MG51KIT1PLUSEZ\/232432-banner_arriba_charofil.jpg' alt='Banner Charofil'> <\/div>\n<p> <!-- Descripci\u00f3n principal --> <\/p>\n<div style='margin-bottom: 30px;'>\n<p style='text-align: justify; font-size: 15px; color: inherit;'> El Clip Autom\u00e1tico Mediano es la soluci\u00f3n ideal para el acoplamiento de bandejas portacables tipo malla a partir de 100 mm hasta 300 mm. Dise\u00f1ado para instalaciones r\u00e1pidas y seguras&comma; su sistema de ensamblaje a presi\u00f3n elimina el uso de torniller\u00eda&comma; optimizando tiempos de instalaci\u00f3n y reduciendo costos de mano de obra. <\/p>\n<p style='text-align: justify; font-size: 15px; color: inherit;'> \u00bfNecesitas unir charolas de forma segura y sin herramientas? El Clip Autom\u00e1tico Mediano es perfecto. <\/p>\n<\/p><\/div>\n<p> <!-- Secci\u00f3n de especificaciones --> <\/p>\n<div style='display: flex; flex-wrap: wrap; gap: 30px; margin-bottom: 30px;'>\n<div style='flex: 1 1 300px; min-width: 280px;'>\n<h3 style='font-size: 22px; border-bottom: 2px solid currentColor; padding-bottom: 5px; margin-top: 0; color: inherit; opacity: 0.8;'>Descripci\u00f3n T\u00e9cnica<\/h3>\n<ul style='padding-left: 20px; font-size: 15px; color: inherit;'>\n<li style='margin-bottom: 5px;'><strong>Material:<\/strong> L\u00e1mina de acero al carb\u00f3n rolada en fr\u00edo&comma; calibre 18 (1.2 mm)<\/li>\n<li style='margin-bottom: 5px;'><strong>Acabado:<\/strong> Electrozincado EZ (15\u201320 \u00b5m) \u2013 Uso en interiores<\/li>\n<li style='margin-bottom: 5px;'><strong>Instalaci\u00f3n:<\/strong> Ensamblaje a presi\u00f3n&comma; sin tornillos \u2013 Ahorro en mano de obra<\/li>\n<li style='margin-bottom: 5px;'><strong>Aplicaci\u00f3n:<\/strong> Uni\u00f3n de charolas a partir de 100 mm hasta 300 mm<\/li>\n<\/ul><\/div>\n<div style='flex: 1 1 300px; min-width: 280px;'>\n<h3 style='font-size: 22px; border-bottom: 2px solid currentColor; padding-bottom: 5px; margin-top: 0; color: inherit; opacity: 0.8;'>Certificaciones y Normas<\/h3>\n<div style='display: flex; flex-direction: column; gap: 15px;'>\n<div> <strong style='color: inherit;'>Nacional:<\/strong> <\/p>\n<ul style='padding-left: 20px; font-size: 14px; color: inherit;'>\n<li style='margin-bottom: 5px;'>NOM-001-SEDE-2012<\/li>\n<li style='margin-bottom: 5px;'>NMX-J-511-2011<\/li>\n<li style='margin-bottom: 5px;'>NMX-D-122<\/li>\n<li style='margin-bottom: 5px;'>NMX-H-074<\/li>\n<li style='margin-bottom: 5px;'>NMX-004<\/li>\n<li style='margin-bottom: 5px;'>NMX-013<\/li>\n<\/ul><\/div>\n<div> <strong style='color: inherit;'>Internacional:<\/strong> <\/p>\n<ul style='padding-left: 20px; font-size: 14px; color: inherit;'>\n<li style='margin-bottom: 5px;'>ASTM 635A<\/li>\n<li style='margin-bottom: 5px;'>NF A 91-102<\/li>\n<li style='margin-bottom: 5px;'>NF A 91-121\/122<\/li>\n<li style='margin-bottom: 5px;'>NFX 41002<\/li>\n<li style='margin-bottom: 5px;'>NFEN 12330<\/li>\n<li style='margin-bottom: 5px;'>IMQ &#038; NF IEC-61537<\/li>\n<\/ul><\/div>\n<\/p><\/div>\n<\/p><\/div>\n<\/p><\/div>\n<p> <!-- Secci\u00f3n de recomendaciones --> <\/p>\n<div style='margin-bottom: 30px;'>\n<h3 style='font-size: 22px; border-bottom: 2px solid currentColor; padding-bottom: 5px; margin-top: 0; margin-bottom: 15px; color: inherit; opacity: 0.8;'>Recomendaciones para hacer uniones de charolas tipo malla<\/h3>\n<ul style='padding-left: 20px; font-size: 14px; color: inherit;'>\n<li style='margin-bottom: 10px;'>Cuando son tramos de charola de 50 mm de ancho se usa un par de kits modelo <strong><a href='https:\/\/www.syscom.mx\/principal\/searchcont?route=MG-51-KIT1EZ-CHAROFIL-77159&#038;autodetect=MG-51-KIT1EZ' style='color: inherit; text-decoration: none; font-weight: 600; background-color: #ffffff; color: #212529 !important;'>MG-51-KIT1EZ<\/a><\/strong><\/li>\n<li style='margin-bottom: 10px;'>Cuando son tramos de charola de 100 mm a 300 mm de ancho se usa un par de clips medianos modelo <strong><a href='https:\/\/www.syscom.mx\/principal\/searchcont?route=CH-CLIPAUTM-EZ-CHAROFIL-239830&#038;autodetect=CH-CLIPAUTM-EZ' style='color: inherit; text-decoration: none; font-weight: 600; background-color: #ffffff; color: #212529 !important;'>CH-CLIPAUTM-EZ<\/a><\/strong><\/li>\n<li style='margin-bottom: 10px;'>Cuando son tramos de charola de 300 mm a 800 mm de ancho se usa un par de clips autom\u00e1ticos modelo <strong><a href='https:\/\/www.syscom.mx\/principal\/searchcont?route=MG-51-110EZ-CHAROFIL-77153&#038;autodetect=MG-51-110EZ' style='color: inherit; text-decoration: none; font-weight: 600; background-color: #ffffff; color: #212529 !important;'>MG-51-110EZ<\/a><\/strong><\/li>\n<li style='margin-bottom: 10px;'>Cuando el peralte es de 105 mm o m\u00e1s se recomienda poner arriba del clip un <strong><a href='https:\/\/www.syscom.mx\/principal\/searchcont?route=MG-51-KIT1EZ-CHAROFIL-77159&#038;autodetect=MG-51-KIT1EZ' style='color: inherit; text-decoration: none; font-weight: 600; background-color: #ffffff; color: #212529 !important;'>MG-51-KIT1EZ<\/a><\/strong> para un refuerzo extra en el peralte y esa uni\u00f3n.<\/li>\n<li style='margin-bottom: 10px;'>Cuando es muy grande puede poner <a href='https:\/\/www.syscom.mx\/principal\/searchcont?route=MG-51-KIT1EZ-CHAROFIL-77159&#038;autodetect=mg51kit1ez' style='color: inherit; text-decoration: none; font-weight: 600; background-color: #ffffff; color: #212529 !important;'>MG-51-KIT1EZ<\/a><a href='https:\/\/www.syscom.mx\/principal\/searchcont?route=MG-51-KIT1EZ-CHAROFIL-77159&#038;autodetect=MG-51-KIT1EZ' style='color: inherit; text-decoration: none; font-weight: 600; background-color: #ffffff; color: #212529 !important;'> <\/a> para un refuerzo extra en la parte media de la charola.<\/li>\n<\/ul><\/div>\n<p> <!-- Banner inferior --> <\/p>\n<div style='width: 100%; margin-bottom: 30px;'> <img style='width: 100%; height: auto; border: 1px solid rgba(150&comma;150&comma;150&comma;0.3); border-radius: 8px;' src='https:\/\/ftp3.syscom.mx\/usuarios\/fotos\/MG51KIT1PLUSEZ\/232432-banner_abajo_charofil.png' alt='Banner Charofil'> <\/div>\n<\/p><\/div>\n","protected":false},"excerpt":{"rendered":"<p>Clip Autom\u00e1tico Mediano Para Unir Tramos de Charola Tipo Malla de 100 hasta 300 mm de Ancho, Compatible con todos los Peraltes, Acabado Electrozincado<\/p>\n","protected":false},"featured_media":15514,"comment_status":"open","ping_status":"closed","template":"","meta":[],"product_brand":[],"product_cat":[685],"product_tag":[580,593,686],"class_list":{"0":"post-15515","1":"product","2":"type-product","3":"status-publish","4":"has-post-thumbnail","6":"product_cat-uniones","7":"product_tag-charofil","8":"product_tag-charola","9":"product_tag-uniones","11":"first","12":"instock","13":"sale","14":"shipping-taxable","15":"purchasable","16":"product-type-simple"},"_links":{"self":[{"href":"https:\/\/soydeaqui.ddns.net\/pachuca\/index.php\/wp-json\/wp\/v2\/product\/15515","targetHints":{"allow":["GET"]}}],"collection":[{"href":"https:\/\/soydeaqui.ddns.net\/pachuca\/index.php\/wp-json\/wp\/v2\/product"}],"about":[{"href":"https:\/\/soydeaqui.ddns.net\/pachuca\/index.php\/wp-json\/wp\/v2\/types\/product"}],"replies":[{"embeddable":true,"href":"https:\/\/soydeaqui.ddns.net\/pachuca\/index.php\/wp-json\/wp\/v2\/comments?post=15515"}],"wp:featuredmedia":[{"embeddable":true,"href":"https:\/\/soydeaqui.ddns.net\/pachuca\/index.php\/wp-json\/wp\/v2\/media\/15514"}],"wp:attachment":[{"href":"https:\/\/soydeaqui.ddns.net\/pachuca\/index.php\/wp-json\/wp\/v2\/media?parent=15515"}],"wp:term":[{"taxonomy":"product_brand","embeddable":true,"href":"https:\/\/soydeaqui.ddns.net\/pachuca\/index.php\/wp-json\/wp\/v2\/product_brand?post=15515"},{"taxonomy":"product_cat","embeddable":true,"href":"https:\/\/soydeaqui.ddns.net\/pachuca\/index.php\/wp-json\/wp\/v2\/product_cat?post=15515"},{"taxonomy":"product_tag","embeddable":true,"href":"https:\/\/soydeaqui.ddns.net\/pachuca\/index.php\/wp-json\/wp\/v2\/product_tag?post=15515"}],"curies":[{"name":"wp","href":"https:\/\/api.w.org\/{rel}","templated":true}]}}