{"id":15508,"date":"2026-03-18T08:52:28","date_gmt":"2026-03-18T08:52:28","guid":{"rendered":"https:\/\/soydeaqui.ddns.net\/pachuca\/index.php\/producto\/mensula-economica-para-montaje-en-pared-para-anchos-de-charola-de-100mm-es-ideal-para-utilizarse-al-exterior-o-zonas-humedas\/"},"modified":"2026-03-18T08:52:29","modified_gmt":"2026-03-18T08:52:29","slug":"mensula-economica-para-montaje-en-pared-para-anchos-de-charola-de-100mm-es-ideal-para-utilizarse-al-exterior-o-zonas-humedas","status":"publish","type":"product","link":"https:\/\/soydeaqui.ddns.net\/pachuca\/index.php\/producto\/mensula-economica-para-montaje-en-pared-para-anchos-de-charola-de-100mm-es-ideal-para-utilizarse-al-exterior-o-zonas-humedas\/","title":{"rendered":"M\u00e9nsula Econ\u00f3mica Para Montaje en Pared, Para Anchos de Charola de 100mm, Es Ideal Para Utilizarse al Exterior o Zonas H\u00famedas"},"content":{"rendered":"<div style='width: 100%; max-width: 1200px; margin: 0 auto; font-family: sans-serif; line-height: 1.6; color: inherit; background-color: transparent;'> <!-- Imagen superior --> <\/p>\n<div style='width: 100%; margin-bottom: 30px;'> <img style='width: 100%; height: auto; border: 1px solid rgba(150&comma;150&comma;150&comma;0.3); border-radius: 8px;' src='https:\/\/ftp3.syscom.mx\/usuarios\/fotos\/MG51KIT1PLUSEZ\/232432-banner_arriba_charofil.jpg' alt=''> <\/div>\n<p> <!-- Descripci\u00f3n principal --> <\/p>\n<div style='margin-bottom: 30px; font-size: 15px;'>\n<p style='text-align: justify; margin-bottom: 15px;'>Las M\u00e9nsulas de CHAROFIL han sido especialmente dise\u00f1ado para entornos exteriores y \u00e1reas con condiciones desafiantes&comma; como zonas h\u00famedas. Este kit proporciona una soluci\u00f3n ideal para combatir la corrosi\u00f3n y los problemas asociados a la exposici\u00f3n a elementos clim\u00e1ticos adversos. Gracias a su alta durabilidad y resistencia&comma; los usuarios pueden tener plena confianza de que su rendimiento no se ver\u00e1 comprometido al instalarlo en exteriores.<\/p>\n<\/p><\/div>\n<p> <!-- Ventajas Clave --> <\/p>\n<div style='margin-bottom: 30px;'>\n<h3 style='font-size: 20px; border-bottom: 2px solid currentColor; padding-bottom: 5px; margin-top: 0; margin-bottom: 15px; color: inherit; opacity: 0.8;'>Ventajas Clave<\/h3>\n<ul style='padding-left: 20px; font-size: 15px; color: inherit;'>\n<li style='margin-bottom: 10px;'><strong style='color: inherit;'>Resistencia a la Corrosi\u00f3n:<\/strong> Fabricado con materiales de alta calidad&comma; el kit asegura una uni\u00f3n duradera y fiable&comma; incluso en ambientes hostiles.<\/li>\n<li style='margin-bottom: 10px;'><strong style='color: inherit;'>Instalaci\u00f3n R\u00e1pida y Sencilla:<\/strong> Requiere solo una llave de 10 mm o un dado de la misma medida&comma; agilizando el trabajo de los instaladores.<\/li>\n<li style='margin-bottom: 10px;'><strong style='color: inherit;'>Dise\u00f1ado para Ambientes Exteriores:<\/strong> Ideal para instalaciones en zonas h\u00famedas o al aire libre&comma; garantizando una operaci\u00f3n segura y prolongada.<\/li>\n<\/ul><\/div>\n<p> <!-- Conclusi\u00f3n --> <\/p>\n<div style='margin-bottom: 30px; font-size: 15px;'>\n<p style='margin-bottom: 15px;'>En resumen&comma; ofrece una soluci\u00f3n robusta y eficiente para cualquier proyecto en exteriores&comma; permitiendo a los profesionales enfocarse en sus tareas con la tranquilidad de contar con un producto dise\u00f1ado para soportar las condiciones m\u00e1s exigentes.<\/p>\n<\/p><\/div>\n<p> <!-- Imagen inferior --> <\/p>\n<div style='width: 100%;'> <img style='width: 100%; height: auto; border: 1px solid rgba(150&comma;150&comma;150&comma;0.3); border-radius: 8px;' src='https:\/\/ftp3.syscom.mx\/usuarios\/fotos\/MG51KIT1PLUSEZ\/232432-banner_abajo_charofil.png' alt=''> <\/div>\n<\/p><\/div>\n","protected":false},"excerpt":{"rendered":"<p>M\u00e9nsula Econ\u00f3mica Para Montaje en Pared, Para Anchos de Charola de 100mm, Es Ideal Para Utilizarse al Exterior o Zonas H\u00famedas<\/p>\n","protected":false},"featured_media":32,"comment_status":"open","ping_status":"closed","template":"","meta":[],"product_brand":[],"product_cat":[592],"product_tag":[580,593,594],"class_list":{"0":"post-15508","1":"product","2":"type-product","3":"status-publish","4":"has-post-thumbnail","6":"product_cat-montajes","7":"product_tag-charofil","8":"product_tag-charola","9":"product_tag-montajes","11":"first","12":"outofstock","13":"sale","14":"shipping-taxable","15":"purchasable","16":"product-type-simple"},"_links":{"self":[{"href":"https:\/\/soydeaqui.ddns.net\/pachuca\/index.php\/wp-json\/wp\/v2\/product\/15508","targetHints":{"allow":["GET"]}}],"collection":[{"href":"https:\/\/soydeaqui.ddns.net\/pachuca\/index.php\/wp-json\/wp\/v2\/product"}],"about":[{"href":"https:\/\/soydeaqui.ddns.net\/pachuca\/index.php\/wp-json\/wp\/v2\/types\/product"}],"replies":[{"embeddable":true,"href":"https:\/\/soydeaqui.ddns.net\/pachuca\/index.php\/wp-json\/wp\/v2\/comments?post=15508"}],"wp:featuredmedia":[{"embeddable":true,"href":"https:\/\/soydeaqui.ddns.net\/pachuca\/index.php\/wp-json\/wp\/v2\/media\/32"}],"wp:attachment":[{"href":"https:\/\/soydeaqui.ddns.net\/pachuca\/index.php\/wp-json\/wp\/v2\/media?parent=15508"}],"wp:term":[{"taxonomy":"product_brand","embeddable":true,"href":"https:\/\/soydeaqui.ddns.net\/pachuca\/index.php\/wp-json\/wp\/v2\/product_brand?post=15508"},{"taxonomy":"product_cat","embeddable":true,"href":"https:\/\/soydeaqui.ddns.net\/pachuca\/index.php\/wp-json\/wp\/v2\/product_cat?post=15508"},{"taxonomy":"product_tag","embeddable":true,"href":"https:\/\/soydeaqui.ddns.net\/pachuca\/index.php\/wp-json\/wp\/v2\/product_tag?post=15508"}],"curies":[{"name":"wp","href":"https:\/\/api.w.org\/{rel}","templated":true}]}}