{"id":15483,"date":"2026-03-18T08:52:03","date_gmt":"2026-03-18T08:52:03","guid":{"rendered":"https:\/\/soydeaqui.ddns.net\/pachuca\/index.php\/producto\/sellado-de-conducto-ds1-verde-compuesto-a-base-de-aceite-1-lb\/"},"modified":"2026-03-18T08:52:04","modified_gmt":"2026-03-18T08:52:04","slug":"sellado-de-conducto-ds1-verde-compuesto-a-base-de-aceite-1-lb","status":"publish","type":"product","link":"https:\/\/soydeaqui.ddns.net\/pachuca\/index.php\/producto\/sellado-de-conducto-ds1-verde-compuesto-a-base-de-aceite-1-lb\/","title":{"rendered":"Sellado de Conducto DS1, Verde, Compuesto a Base de Aceite, 1 lb."},"content":{"rendered":"<div style='width: 100%; max-width: 1200px; margin: 0 auto; font-family: sans-serif; line-height: 1.6; color: inherit; background-color: transparent;'>\n<div style='display: flex; flex-wrap: wrap; gap: 30px; margin-bottom: 30px;'>\n<div style='flex: 1 1 300px; min-width: 280px;'>\n<h3 style='font-size: 22px; border-bottom: 2px solid currentColor; padding-bottom: 5px; margin-top: 0; color: inherit; opacity: 0.8;'>Especificaciones<\/h3>\n<ul style='padding-left: 20px; font-size: 15px; color: inherit;'>\n<li style='margin-bottom: 5px;'><strong>Aplicaci\u00f3n:<\/strong> 1) Sella aberturas irregulares del aire&comma; el polvo y el agua. 2) Sellador sin endurecimiento que se adhiere al metal&comma; la mamposter\u00eda&comma; la madera y el pl\u00e1stico. 3) Proporciona amortiguaci\u00f3n de la vibraci\u00f3n. 4) Seguro y f\u00e1cil de usar&comma; no corrosivo&comma; no t\u00f3xico<\/li>\n<li style='margin-bottom: 5px;'><strong>Material:<\/strong> Compuesto a base de aceite<\/li>\n<li style='margin-bottom: 5px;'><strong>Temperatura m\u00e1xima de funcionamiento (\u00b0C):<\/strong> 98<\/li>\n<li style='margin-bottom: 5px;'><strong>Temperatura m\u00e1xima de funcionamiento (\u00b0F):<\/strong> 210<\/li>\n<li style='margin-bottom: 5px;'><strong>Temperatura m\u00ednima de funcionamiento (\u00b0C):<\/strong> -34<\/li>\n<li style='margin-bottom: 5px;'><strong>Temperatura m\u00ednima de funcionamiento (\u00b0F):<\/strong> -30<\/li>\n<li style='margin-bottom: 5px;'><strong>Fuerza diel\u00e9ctrica (V\/Mil):<\/strong> 200<\/li>\n<li style='margin-bottom: 5px;'><strong>Tipo de producto:<\/strong> Sellado de conducto<\/li>\n<li style='margin-bottom: 5px;'><strong>Cumple las normas:<\/strong> Cumple con la directiva RoHS<\/li>\n<li style='margin-bottom: 5px;'><strong>Peso (kg):<\/strong> 0.4<\/li>\n<li style='margin-bottom: 5px;'><strong>Peso (lb):<\/strong> 1<\/li>\n<li style='margin-bottom: 5px;'><strong>Color:<\/strong> Verde<\/li>\n<li style='margin-bottom: 5px;'><strong>Caracts. pza.:<\/strong> Sellador sin endurecimiento que se adhiere al metal&comma; la mamposter\u00eda&comma; la madera y el pl\u00e1stico. Proporciona amortiguaci\u00f3n de la vibraci\u00f3n<\/li>\n<\/ul><\/div>\n<\/p><\/div>\n<hr style='border: 0; border-top: 1px solid rgba(150&comma; 150&comma; 150&comma; 0.3); margin: 30px 0;'> <\/div>\n","protected":false},"excerpt":{"rendered":"<p>Sellado de Conducto DS1, Verde, Compuesto a Base de Aceite, 1 lb.<\/p>\n","protected":false},"featured_media":15482,"comment_status":"open","ping_status":"closed","template":"","meta":[],"product_brand":[],"product_cat":[608],"product_tag":[586,25,445],"class_list":{"0":"post-15483","1":"product","2":"type-product","3":"status-publish","4":"has-post-thumbnail","6":"product_cat-herramientas-cableado-de-cobre","7":"product_tag-cableado-de-cobre","8":"product_tag-herramientas","9":"product_tag-panduit","11":"first","12":"instock","13":"sale","14":"shipping-taxable","15":"purchasable","16":"product-type-simple"},"_links":{"self":[{"href":"https:\/\/soydeaqui.ddns.net\/pachuca\/index.php\/wp-json\/wp\/v2\/product\/15483","targetHints":{"allow":["GET"]}}],"collection":[{"href":"https:\/\/soydeaqui.ddns.net\/pachuca\/index.php\/wp-json\/wp\/v2\/product"}],"about":[{"href":"https:\/\/soydeaqui.ddns.net\/pachuca\/index.php\/wp-json\/wp\/v2\/types\/product"}],"replies":[{"embeddable":true,"href":"https:\/\/soydeaqui.ddns.net\/pachuca\/index.php\/wp-json\/wp\/v2\/comments?post=15483"}],"wp:featuredmedia":[{"embeddable":true,"href":"https:\/\/soydeaqui.ddns.net\/pachuca\/index.php\/wp-json\/wp\/v2\/media\/15482"}],"wp:attachment":[{"href":"https:\/\/soydeaqui.ddns.net\/pachuca\/index.php\/wp-json\/wp\/v2\/media?parent=15483"}],"wp:term":[{"taxonomy":"product_brand","embeddable":true,"href":"https:\/\/soydeaqui.ddns.net\/pachuca\/index.php\/wp-json\/wp\/v2\/product_brand?post=15483"},{"taxonomy":"product_cat","embeddable":true,"href":"https:\/\/soydeaqui.ddns.net\/pachuca\/index.php\/wp-json\/wp\/v2\/product_cat?post=15483"},{"taxonomy":"product_tag","embeddable":true,"href":"https:\/\/soydeaqui.ddns.net\/pachuca\/index.php\/wp-json\/wp\/v2\/product_tag?post=15483"}],"curies":[{"name":"wp","href":"https:\/\/api.w.org\/{rel}","templated":true}]}}