{"id":1547,"date":"2026-03-18T05:47:16","date_gmt":"2026-03-18T05:47:16","guid":{"rendered":"https:\/\/soydeaqui.ddns.net\/pachuca\/index.php\/producto\/carrete-de-152-metros-500-pies-de-cable-2-x-16-awg-blindado-plenum-color-blanco-para-aplicaciones-de-audio-seguridad-y-control\/"},"modified":"2026-03-18T05:47:21","modified_gmt":"2026-03-18T05:47:21","slug":"carrete-de-152-metros-500-pies-de-cable-2-x-16-awg-blindado-plenum-color-blanco-para-aplicaciones-de-audio-seguridad-y-control","status":"publish","type":"product","link":"https:\/\/soydeaqui.ddns.net\/pachuca\/index.php\/producto\/carrete-de-152-metros-500-pies-de-cable-2-x-16-awg-blindado-plenum-color-blanco-para-aplicaciones-de-audio-seguridad-y-control\/","title":{"rendered":"Carrete de 152 Metros (500 Pies) de Cable \/ 2 x 16 AWG \/ Blindado \/ Plenum \/ Color Blanco \/ Para Aplicaciones de Audio, Seguridad y Control"},"content":{"rendered":"<div style='width: 100%; max-width: 1200px; margin: 0 auto; font-family: sans-serif; line-height: 1.6; color: inherit;'>\n<p style='font-size: 18px; margin-bottom: 20px; color: inherit;'><strong>Cables Premium de Seguridad&comma; Audio y Control.<\/strong><\/p>\n<div style='display: flex; flex-wrap: wrap; gap: 30px; margin-bottom: 30px;'>\n<div style='flex: 1 1 300px; min-width: 280px;'>\n<div style='border-left: 5px solid #F52207; border-radius: 8px; padding: 15px; box-shadow: 2px 2px 10px rgba(216&comma; 216&comma; 216&comma; 0.3);'>\n<h3 style='font-size: 18px; margin-top: 0; margin-bottom: 15px; color: inherit;'><strong>Caracter\u00edsticas<\/strong><\/h3>\n<ul style='padding-left: 20px; font-size: 15px; color: inherit; list-style-type: disc;'>\n<li style='margin-bottom: 8px;'>Cable para aplicaciones de Seguridad&comma; Audio y Control.<\/li>\n<\/ul><\/div>\n<\/p><\/div>\n<div style='flex: 1 1 300px; min-width: 280px;'>\n<div style='border-left: 5px solid #F52207; border-radius: 8px; padding: 15px; box-shadow: 2px 2px 10px rgba(216&comma; 216&comma; 216&comma; 0.3);'>\n<h3 style='font-size: 18px; margin-top: 0; margin-bottom: 15px; color: inherit;'><strong>Caracter\u00edsticas f\u00edsicas y el\u00e9ctricas<\/strong><\/h3>\n<ul style='padding-left: 20px; font-size: 15px; color: inherit; list-style-type: disc;'>\n<li style='margin-bottom: 8px;'><strong>Tipo:<\/strong> Cable (1 par); BLINDADO ; PLENUM<\/li>\n<li style='margin-bottom: 8px;'><strong>Conductor:<\/strong> 16 AWG<\/li>\n<li style='margin-bottom: 8px;'><strong>Aplicaci\u00f3n uso<\/strong> INTERIOR<\/li>\n<li style='margin-bottom: 8px;'><strong>Calibre:<\/strong> 16 AWG<\/li>\n<li style='margin-bottom: 8px;'><strong>Di\u00e1metro Exterior:<\/strong> 4.57 mm<\/li>\n<li style='margin-bottom: 8px;'><strong>Color interior:<\/strong> Negro&comma; Rojo.<\/li>\n<li style='margin-bottom: 8px;'><strong>Color exterior:<\/strong> Blanco.<\/li>\n<li style='margin-bottom: 8px;'><strong>Temperatura de operaci\u00f3n:<\/strong> -20\u00b0C a 75\u00b0C<\/li>\n<\/ul><\/div>\n<\/p><\/div>\n<div style='flex: 1 1 300px; min-width: 280px;'>\n<div style='border-left: 5px solid #F52207; border-radius: 8px; padding: 15px; box-shadow: 2px 2px 10px rgba(216&comma; 216&comma; 216&comma; 0.3);'>\n<h3 style='font-size: 18px; margin-top: 0; margin-bottom: 15px; color: inherit;'><strong>Est\u00e1ndares<\/strong><\/h3>\n<ul style='padding-left: 20px; font-size: 15px; color: inherit; list-style-type: disc;'>\n<li style='margin-bottom: 8px;'>Clasificaci\u00f3n CMP\/CL3P&comma; FPLP&comma; FT6<\/li>\n<li style='margin-bottom: 8px;'>Listado ETL<\/li>\n<\/ul><\/div>\n<\/p><\/div>\n<\/p><\/div>\n<p style='font-size: 15px; margin-top: 30px; margin-bottom: 0; color: inherit;'><strong>* Precio por bobina de 152 metros.<\/strong><\/p>\n<\/p><\/div>\n","protected":false},"excerpt":{"rendered":"<p>Carrete de 152 Metros (500 Pies) de Cable \/ 2 x 16 AWG \/ Blindado \/ Plenum \/ Color Blanco \/ Para Aplicaciones de Audio, Seguridad y Control<\/p>\n","protected":false},"featured_media":1546,"comment_status":"open","ping_status":"closed","template":"","meta":[],"product_brand":[],"product_cat":[137],"product_tag":[138,139,62],"class_list":{"0":"post-1547","1":"product","2":"type-product","3":"status-publish","4":"has-post-thumbnail","6":"product_cat-todos-cables","7":"product_tag-cables","8":"product_tag-genesis","9":"product_tag-todos","11":"first","12":"instock","13":"sale","14":"shipping-taxable","15":"purchasable","16":"product-type-simple"},"_links":{"self":[{"href":"https:\/\/soydeaqui.ddns.net\/pachuca\/index.php\/wp-json\/wp\/v2\/product\/1547","targetHints":{"allow":["GET"]}}],"collection":[{"href":"https:\/\/soydeaqui.ddns.net\/pachuca\/index.php\/wp-json\/wp\/v2\/product"}],"about":[{"href":"https:\/\/soydeaqui.ddns.net\/pachuca\/index.php\/wp-json\/wp\/v2\/types\/product"}],"replies":[{"embeddable":true,"href":"https:\/\/soydeaqui.ddns.net\/pachuca\/index.php\/wp-json\/wp\/v2\/comments?post=1547"}],"wp:featuredmedia":[{"embeddable":true,"href":"https:\/\/soydeaqui.ddns.net\/pachuca\/index.php\/wp-json\/wp\/v2\/media\/1546"}],"wp:attachment":[{"href":"https:\/\/soydeaqui.ddns.net\/pachuca\/index.php\/wp-json\/wp\/v2\/media?parent=1547"}],"wp:term":[{"taxonomy":"product_brand","embeddable":true,"href":"https:\/\/soydeaqui.ddns.net\/pachuca\/index.php\/wp-json\/wp\/v2\/product_brand?post=1547"},{"taxonomy":"product_cat","embeddable":true,"href":"https:\/\/soydeaqui.ddns.net\/pachuca\/index.php\/wp-json\/wp\/v2\/product_cat?post=1547"},{"taxonomy":"product_tag","embeddable":true,"href":"https:\/\/soydeaqui.ddns.net\/pachuca\/index.php\/wp-json\/wp\/v2\/product_tag?post=1547"}],"curies":[{"name":"wp","href":"https:\/\/api.w.org\/{rel}","templated":true}]}}