{"id":1545,"date":"2026-03-18T05:47:15","date_gmt":"2026-03-18T05:47:15","guid":{"rendered":"https:\/\/soydeaqui.ddns.net\/pachuca\/index.php\/producto\/ax-pro-boton-de-panico-inalambrico-portatil-ip54-indicador-led-ax-pro-pulsera-para-boton-de-panico-portatil\/"},"modified":"2026-03-18T05:47:15","modified_gmt":"2026-03-18T05:47:15","slug":"ax-pro-boton-de-panico-inalambrico-portatil-ip54-indicador-led-ax-pro-pulsera-para-boton-de-panico-portatil","status":"publish","type":"product","link":"https:\/\/soydeaqui.ddns.net\/pachuca\/index.php\/producto\/ax-pro-boton-de-panico-inalambrico-portatil-ip54-indicador-led-ax-pro-pulsera-para-boton-de-panico-portatil\/","title":{"rendered":"(AX PRO) Bot\u00f3n de P\u00e1nico Inal\u00e1mbrico Port\u00e1til \/ IP54 \/ Indicador LED + (AX PRO) Pulsera para Bot\u00f3n de P\u00e1nico Port\u00e1til"},"content":{"rendered":"<div style='width: 100%; max-width: 1200px; margin: 0 auto; font-family: sans-serif; line-height: 1.6; color: inherit; background-color: transparent;'> <!-- Logo --> <\/p>\n<div style='text-align: center; margin: 30px 0;'> <img style='width: 45%; height: auto; border: none; max-width: 100%;' src='https:\/\/ftp3.syscom.mx\/usuarios\/jsosa\/HIKVISION\/imagenes\/logo\/hikvision%20see%20far.png' alt='Logo Hikvision'> <\/div>\n<p> <!-- Video principal --> <\/p>\n<div style='margin: 30px 0;'>\n<h3 style='text-align: center; font-size: 20px; color: inherit; opacity: 0.8; margin-bottom: 15px;'> Conoce la serie AX PRO de alarmas Hikvision <\/h3>\n<div style='position: relative; padding-bottom: 56.25%; height: 0; overflow: hidden;'>   <\/div>\n<\/p><\/div>\n<p> <!-- Consideraciones --> <\/p>\n<div style='margin: 30px 0;'>\n<div style='border-left: 5px solid #ff0000; border-radius: 8px; padding: 15px; background-color: rgba(216&comma; 216&comma; 216&comma; 0.2);'> <strong style='font-size: 16px; color: inherit;'>Consideraciones:<\/strong> <\/p>\n<ul style='padding-left: 20px; margin: 10px 0 0 20px; color: inherit; font-size: 14px;'>\n<li style='margin-bottom: 8px;'>Las distancias de comunicaci\u00f3n entre los sensores y el panel pueden variar en cada instalaci\u00f3n por cuestiones como: ruido ambiental&comma; materiales y grosor de los muros&comma; ruido digital&comma; etc.<\/li>\n<\/ul><\/div>\n<\/p><\/div>\n<p> <!-- Videos secundarios --> <\/p>\n<div style='margin: 30px 0;'>\n<div style='display: flex; flex-wrap: wrap; gap: 20px;'>\n<div style='flex: 1 1 300px; min-width: 280px;'>\n<h4 style='text-align: center; font-size: 16px; color: inherit; opacity: 0.8; margin-bottom: 15px;'> Configuraci\u00f3n de la alarma AX PRO de Hikvision <\/h4>\n<div style='position: relative; padding-bottom: 56.25%; height: 0; overflow: hidden;'>   <\/div>\n<\/p><\/div>\n<div style='flex: 1 1 300px; min-width: 280px;'>\n<h4 style='text-align: center; font-size: 16px; color: inherit; opacity: 0.8; margin-bottom: 15px;'> Bienvenido al futuro con AX PRO Hikvision <\/h4>\n<div style='position: relative; padding-bottom: 56.25%; height: 0; overflow: hidden;'>   <\/div>\n<\/p><\/div>\n<div style='flex: 1 1 300px; min-width: 280px;'>\n<h4 style='text-align: center; font-size: 16px; color: inherit; opacity: 0.8; margin-bottom: 15px;'> Sistema Robusto contra Intrusiones AX PRO <\/h4>\n<div style='position: relative; padding-bottom: 56.25%; height: 0; overflow: hidden;'>   <\/div>\n<\/p><\/div>\n<\/p><\/div>\n<\/p><\/div>\n<p> <!-- Informaci\u00f3n del KIT --> <\/p>\n<div style='margin: 30px 0; text-align: center;'>\n<h1 style='font-size: 24px; color: inherit; margin: 15px 0;'>DS-PDEBP1-EG2-WB\/BAND<\/h1>\n<h3 style='font-size: 20px; color: inherit; margin: 15px 0;'>KIT incluye:<\/h3>\n<p style='margin: 10px 0; font-size: 16px;'> 1 x <a href='https:\/\/www.syscom.mx\/producto\/DS-PDEBP1-EG2-WB-HIKVISION-189648.html' target='_blank' rel='noopener' style='color: inherit; text-decoration: underline;'>DS-PDEBP1-EG2-WB<\/a> <\/p>\n<p style='margin: 10px 0; font-size: 16px;'> 1 x <a href='https:\/\/www.syscom.mx\/producto\/DS-PDB-IN-WRISTBAND-HIKVISION-196827.html' target='_blank' rel='noopener' style='color: inherit; text-decoration: underline;'>DS-PDB-IN-WRISTBAND<\/a> <\/p>\n<\/p><\/div>\n<p> <!-- Productos del KIT --> <\/p>\n<div style='display: flex; flex-wrap: wrap; gap: 30px; margin: 30px 0;'> <!-- Bot\u00f3n de p\u00e1nico --> <\/p>\n<div style='flex: 1 1 400px; min-width: 300px; border: 1px solid rgba(150&comma;150&comma;150&comma;0.3); border-radius: 8px; overflow: hidden;'>\n<div style='text-align: center; padding: 15px; background-color: rgba(222&comma; 0&comma; 29&comma; 0.1);'> <a href='https:\/\/www.syscom.mx\/producto\/DS-PDEBP1-EG2-WB-HIKVISION-189648.html' target='_blank' rel='noopener' style='display: inline-block;'> <img style='width: 100%; height: auto; border: none; max-width: 100%;' src='https:\/\/ftp3.syscom.mx\/usuarios\/fotos\/BancoFotografiasSyscom\/HIKVISION\/DSPDEBP1EG2WB\/DSPDEBP1EG2WB-p.PNG' alt='Bot\u00f3n de p\u00e1nico DS-PDEBP1-EG2-WB'> <\/a> <\/div>\n<div style='padding: 15px;'>\n<h4 style='margin: 0 0 10px 0; font-size: 18px; color: inherit;'> 1 x <a href='https:\/\/www.syscom.mx\/producto\/DS-PDEBP1-EG2-WB-HIKVISION-189648.html' target='_blank' rel='noopener' style='color: inherit; text-decoration: underline;'>DS-PDEBP1-EG2-WB<\/a> <\/h4>\n<h4 style='margin: 10px 0; font-size: 16px; color: inherit; opacity: 0.8;'> Caracter\u00edsticas: <\/h4>\n<ul style='padding-left: 20px; margin: 10px 0; font-size: 14px; color: inherit;'>\n<li style='margin-bottom: 5px;'>Protecci\u00f3n contra presi\u00f3n accidental.<\/li>\n<li style='margin-bottom: 5px;'>Protecci\u00f3n IP54.<\/li>\n<\/ul><\/div>\n<\/p><\/div>\n<p> <!-- Pulsera --> <\/p>\n<div style='flex: 1 1 400px; min-width: 300px; border: 1px solid rgba(150&comma;150&comma;150&comma;0.3); border-radius: 8px; overflow: hidden;'>\n<div style='text-align: center; padding: 15px; background-color: rgba(222&comma; 0&comma; 29&comma; 0.1);'> <a href='https:\/\/www.syscom.mx\/producto\/DS-PDB-IN-WRISTBAND-HIKVISION-196827.html' target='_blank' rel='noopener' style='display: inline-block;'> <img style='width: 100%; height: auto; border: none; max-width: 100%;' src='https:\/\/ftp3.syscom.mx\/usuarios\/fotos\/BancoFotografiasSyscom\/HIKVISION\/DSPDBINWRISTBAND\/DSPDBINWRISTBAND-p.PNG' alt='Pulsera DS-PDB-IN-WRISTBAND'> <\/a> <\/div>\n<div style='padding: 15px;'>\n<h4 style='margin: 0 0 10px 0; font-size: 18px; color: inherit;'> 1 x <a href='https:\/\/www.syscom.mx\/producto\/DS-PDB-IN-WRISTBAND-HIKVISION-196827.html' target='_blank' rel='noopener' style='color: inherit; text-decoration: underline;'>DS-PDB-IN-WRISTBAND<\/a> <\/h4>\n<h4 style='margin: 10px 0; font-size: 16px; color: inherit; opacity: 0.8;'> Caracter\u00edsticas: <\/h4>\n<ul style='padding-left: 20px; margin: 10px 0; font-size: 14px; color: inherit;'>\n<li style='margin-bottom: 5px;'>Dimensiones: 38 x 255 x 12 mm.<\/li>\n<li style='margin-bottom: 5px;'>Peso: 15 gramos.<\/li>\n<\/ul><\/div>\n<\/p><\/div>\n<\/p><\/div>\n<p> <!-- Diagrama de la linea AX PRO --> <\/p>\n<div style='margin: 30px 0;'>\n<h2 style='text-align: center; font-size: 20px; color: inherit; opacity: 0.8; margin-bottom: 15px;'> Linea de Productos AX PRO <\/h2>\n<p> <a href='https:\/\/www.syscom.mx\/principal\/listadoproductosazul\/intrusion-hikvision-paneles-de-alarma-y-accesorios-ax-pro-series-66286.html?ordenar=Precio_de_Menor_a_Mayor&#038;pag=1' target='_blank' rel='noopener' style='display: block; text-align: center;'> <img style='width: 100%; height: auto; border: none; max-width: 100%;' src='https:\/\/ftp3.syscom.mx\/usuarios\/jsosa\/HIKVISION\/alarmas\/AXPPRO\/banner\/AX%20PRO%20disgramas-hikvision.jpg' alt='Linea de Productos AX PRO'> <\/a> <\/div>\n<p> <!-- Informaci\u00f3n de la serie AX PRO --> <\/p>\n<div style='margin: 30px 0; display: flex; flex-wrap: wrap; gap: 30px;'>\n<div style='flex: 1 1 300px; min-width: 280px;'> <a href='https:\/\/www.syscom.mx\/principal\/listadoproductosazul\/intrusion-hikvision-paneles-de-alarma-y-accesorios-ax-pro-series-66286.html?ordenar=Precio_de_Menor_a_Mayor&#038;pag=1' target='_blank' rel='noopener' style='display: block; text-align: center;'> <img style='width: 100%; height: auto; border: none; max-width: 100%;' src='https:\/\/ftp3.syscom.mx\/usuarios\/jsosa\/HIKVISION\/alarmas\/AXPPRO\/Serie%20AXPRO.png' alt='Serie AX PRO'> <\/a> <\/div>\n<div style='flex: 1 1 300px; min-width: 280px;'>\n<h2 style='font-size: 18px; color: inherit; margin-top: 0; margin-bottom: 15px;'> Serie AX PRO <\/h2>\n<p style='margin: 10px 0; font-size: 14px; color: inherit;'> \u00bfNecesita proteger su hogar&comma; oficina o tienda? <\/p>\n<p style='margin: 10px 0; font-size: 14px; color: inherit;'> \u00bfCansado de tantos cables y mucho tiempo de instalaci\u00f3n? <\/p>\n<p style='margin: 10px 0; font-size: 14px; color: inherit;'> \u00a1Utilice una soluci\u00f3n de alarma inal\u00e1mbrica profesional! <\/p>\n<p style='margin: 10px 0; font-size: 14px; color: inherit;'> Conozca todos los dispositivos que pueden integrar en la Serie AX PRO dando clic <a href='https:\/\/www.syscom.mx\/principal\/listadoproductosazul\/intrusion-hikvision-paneles-de-alarma-y-accesorios-ax-pro-series-66286.html?ordenar=Precio_de_Menor_a_Mayor&#038;pag=1' target='_blank' rel='noopener' style='color: inherit; text-decoration: underline;'>aqu\u00ed<\/a>. <\/p>\n<\/p><\/div>\n<\/p><\/div>\n<p> <!-- Videos de configuraci\u00f3n y reset --> <\/p>\n<div style='margin: 30px 0; display: flex; flex-wrap: wrap; gap: 30px;'>\n<div style='flex: 1 1 300px; min-width: 280px;'>\n<h3 style='text-align: center; font-size: 18px; color: inherit; opacity: 0.8; margin-bottom: 15px;'> Alta del panel AX PRO en aplicaci\u00f3n Hik-Connect <\/h3>\n<div style='position: relative; padding-bottom: 56.25%; height: 0; overflow: hidden;'>   <\/div>\n<\/p><\/div>\n<div style='flex: 1 1 300px; min-width: 280px;'>\n<h3 style='text-align: center; font-size: 18px; color: inherit; opacity: 0.8; margin-bottom: 15px;'> Reset del panel AX PRO por medio de bot\u00f3n <\/h3>\n<div style='position: relative; padding-bottom: 56.25%; height: 0; overflow: hidden;'>   <\/div>\n<\/p><\/div>\n<\/p><\/div>\n<p> <!-- Videos de PIR y c\u00e1mara IP --> <\/p>\n<div style='margin: 30px 0; display: flex; flex-wrap: wrap; gap: 30px;'>\n<div style='flex: 1 1 300px; min-width: 280px;'>\n<h3 style='text-align: center; font-size: 18px; color: inherit; opacity: 0.8; margin-bottom: 15px;'> Video Verificaci\u00f3n con PIR con C\u00e1mara DS-PDPC12P-EG2-WB <\/h3>\n<div style='position: relative; padding-bottom: 56.25%; height: 0; overflow: hidden;'>   <\/div>\n<\/p><\/div>\n<div style='flex: 1 1 300px; min-width: 280px;'>\n<h3 style='text-align: center; font-size: 18px; color: inherit; opacity: 0.8; margin-bottom: 15px;'> Vinculo de Sensor Magn\u00e9tico con C\u00e1mara IP <\/h3>\n<div style='position: relative; padding-bottom: 56.25%; height: 0; overflow: hidden;'>   <\/div>\n<\/p><\/div>\n<\/p><\/div>\n<p> <!-- Diagrama de aplicaci\u00f3n --> <\/p>\n<div style='margin: 30px 0;'>\n<h2 style='text-align: center; font-size: 20px; color: inherit; opacity: 0.8; margin-bottom: 15px;'> DIAGRAMA DE APLICACI\u00d3N <\/h2>\n<div style='text-align: center;'> <img style='width: 100%; height: auto; border: none; max-width: 100%;' src='https:\/\/ftp3.syscom.mx\/usuarios\/jsosa\/HIKVISION\/alarmas\/AXPPRO\/banner\/diagrama%20AX%20Pro.png' alt='Diagrama de aplicaci\u00f3n AX PRO'> <\/div>\n<\/p><\/div>\n<p> <!-- Novedades de la serie AX PRO --> <\/p>\n<h2 style='text-align: center; font-size: 20px; color: inherit; opacity: 0.8; margin: 30px 0 15px;'> NOVEDADES DE LA SERIE AX-PRO <\/h2>\n<p> <!-- Repetidor DS-PR1-WB --> <\/p>\n<div style='margin: 30px 0; display: flex; flex-wrap: wrap; gap: 30px;'>\n<div style='flex: 1 1 300px; min-width: 280px;'> <a href='https:\/\/www.syscom.mx\/producto\/DS-PR1-WB-HIKVISION-191817.html' target='_blank' rel='noopener' style='display: block; text-align: center;'> <img style='width: 100%; height: auto; border: none; max-width: 100%;' src='https:\/\/ftp3.syscom.mx\/usuarios\/fotos\/BancoFotografiasSyscom\/HIKVISION\/DSPR1WB\/DSPR1WB-p.PNG' alt='Repetidor DS-PR1-WB'> <\/a> <\/div>\n<div style='flex: 1 1 300px; min-width: 280px;'>\n<h2 style='font-size: 18px; color: inherit; margin-top: 0; margin-bottom: 10px;'> REPETIDOR DE SE\u00d1AL <a href='https:\/\/www.syscom.mx\/producto\/DS-PR1-WB-HIKVISION-191817.html' target='_blank' rel='noopener' style='color: inherit; text-decoration: underline;'>DS-PR1-WB<\/a> <\/h2>\n<p style='margin: 10px 0; font-size: 14px; color: inherit;'> <strong style='color: inherit;'>Aumenta la cobertura de tus dispositivos<\/strong> <\/p>\n<p style='margin: 10px 0; font-size: 14px; color: inherit;'> Extiende la se\u00f1al de los dispositivos de la serie AXPRO&comma; recibe mensajes de alarma&comma; estado y control de los dispositivos y repite estos mensajes al panel de control. <\/p>\n<ul style='padding-left: 20px; margin: 15px 0; font-size: 14px; color: inherit;'>\n<li style='margin-bottom: 8px;'>Comunicaci\u00f3n inal\u00e1mbrica bidireccional de 433 MHz estable y segura.<\/li>\n<li style='margin-bottom: 8px;'>Indicador LED&comma; muestra los diferentes estatus del dispositivo con f\u00e1cil comprensi\u00f3n.<\/li>\n<li style='margin-bottom: 8px;'>Hasta 35 horas de respaldo de bater\u00eda despu\u00e9s de la p\u00e9rdida energ\u00eda principal.<\/li>\n<li style='margin-bottom: 8px;'>Encuentra y conecta detectores autom\u00e1ticamente&comma; emparejamiento autom\u00e1tico inteligente.<\/li>\n<li style='margin-bottom: 8px;'>F\u00e1cil instalaci\u00f3n debido a nuevo dise\u00f1o.<\/li>\n<\/ul><\/div>\n<\/p><\/div>\n<p> <!-- Detector PIR con c\u00e1mara --> <\/p>\n<div style='margin: 30px 0; display: flex; flex-wrap: wrap; gap: 30px;'>\n<div style='flex: 1 1 300px; min-width: 280px;'>\n<h2 style='font-size: 18px; color: inherit; margin-top: 0; margin-bottom: 10px;'> DETECTOR PIR CON CAMARA INALAMBRICO <a href='https:\/\/www.syscom.mx\/producto\/DS-PDPC12P-EG2-WB-HIKVISION-189862.html' target='_blank' rel='noopener' style='color: inherit; text-decoration: underline;'>DS-PDPC12P-EG2-WB<\/a> <\/h2>\n<p style='margin: 10px 0; font-size: 14px; color: inherit;'> Detector inal\u00e1mbrico bidireccional totalmente supervisado con c\u00e1mara incorporada de alta calidad que puede proporcionar una soluci\u00f3n ideal para la verificaci\u00f3n de video. <\/p>\n<ul style='padding-left: 20px; margin: 15px 0; font-size: 14px; color: inherit;'>\n<li style='margin-bottom: 8px;'>Rango de detecci\u00f3n: 12 m.<\/li>\n<li style='margin-bottom: 8px;'>\u00c1ngulo de detecci\u00f3n: 85.9\u00b0.<\/li>\n<li style='margin-bottom: 8px;'>Inmunidad contra mascotas: 30Kg.<\/li>\n<li style='margin-bottom: 8px;'>Resoluci\u00f3n m\u00e1xima de la c\u00e1mara: 640 x 480.<\/li>\n<li style='margin-bottom: 8px;'>Voltaje de Operaci\u00f3n: 3 x CR123A (Incluida).<\/li>\n<li style='margin-bottom: 8px;'>Tiempo \u00fatil de la bater\u00eda: 6 a\u00f1os<\/li>\n<li style='margin-bottom: 8px;'>Tamper antisabotaje.<\/li>\n<\/ul><\/div>\n<div style='flex: 1 1 300px; min-width: 280px;'> <a href='https:\/\/www.syscom.mx\/producto\/DS-PDPC12P-EG2-WB-HIKVISION-189862.html' target='_blank' rel='noopener' style='display: block; text-align: center;'> <img style='width: 100%; height: auto; border: none; max-width: 100%;' src='https:\/\/ftp3.syscom.mx\/usuarios\/fotos\/BancoFotografiasSyscom\/HIKVISION\/DSPDPC12PEG2WB\/DSPDPC12PEG2WB-p.PNG' alt='Detector PIR con c\u00e1mara DS-PDPC12P-EG2-WB'> <\/a> <\/div>\n<\/p><\/div>\n<p> <!-- Accesorios para automatizaci\u00f3n --> <\/p>\n<h2 style='text-align: center; font-size: 20px; color: inherit; opacity: 0.8; margin: 30px 0 15px;'> ACCESORIOS PARA AUTOMATIZAR: <\/h2>\n<div style='margin: 30px 0; display: flex; flex-wrap: wrap; gap: 30px;'> <!-- Accesorio DS-PM1-O1H-WB --> <\/p>\n<div style='flex: 1 1 300px; min-width: 280px; border: 1px solid rgba(150&comma;150&comma;150&comma;0.3); border-radius: 8px; overflow: hidden;'>\n<div style='text-align: center; padding: 15px;'> <a href='https:\/\/www.syscom.mx\/producto\/DS-PM1-O1H-WB-HIKVISION-191822.html' target='_blank' rel='noopener' style='display: block;'> <img style='width: 60%; height: auto; border: none; margin: 0 auto;' src='https:\/\/ftp3.syscom.mx\/usuarios\/fotos\/BancoFotografiasSyscom\/HIKVISION\/DSPM1O1HWB\/DSPM1O1HWB-p.PNG' alt='Accesorio DS-PM1-O1H-WB'> <\/a> <\/div>\n<div style='padding: 15px;'>\n<h2 style='margin: 0 0 10px 0; font-size: 18px; color: inherit;'> <a href='https:\/\/www.syscom.mx\/producto\/DS-PM1-O1H-WB-HIKVISION-191822.html' target='_blank' rel='noopener' style='color: inherit; text-decoration: underline;'>DS-PM1-O1H-WB<\/a> <\/h2>\n<ul style='padding-left: 20px; margin: 15px 0; font-size: 14px; color: inherit;'>\n<li style='margin-bottom: 8px;'>Comunicaci\u00f3n inal\u00e1mbrica bidireccional de 433 MHz \/ Cifrado AES-128.<\/li>\n<li style='margin-bottom: 8px;'>Pantalla LED&comma; muestra el estado del dispositivo: encendido \/ apagado.<\/li>\n<li style='margin-bottom: 8px;'>Dise\u00f1o de caja peque\u00f1a&comma; que se puede esconder f\u00e1cilmente.<\/li>\n<li style='margin-bottom: 8px;'>Operaci\u00f3n de automatizaci\u00f3n&comma; bot\u00f3n de encendido\/apagado desde: aplicaci\u00f3n \/ control \/ teclado<\/li>\n<li style='margin-bottom: 8px;'>Configuraci\u00f3n de escenarios por diferentes eventos.<\/li>\n<li style='margin-bottom: 8px;'>1 Salida de relevador: NO\/NC (100 a 240 VAC \/ Max. 13 A)<\/li>\n<li style='margin-bottom: 8px;'>Voltaje de Operaci\u00f3n: 100 VCA a 240 VCA.<\/li>\n<li style='margin-bottom: 8px;'>Temperatura de operaci\u00f3n: -10\u00b0 a 55\u00b0C.<\/li>\n<\/ul><\/div>\n<\/p><\/div>\n<p> <!-- Accesorio DS-PM1-O1L-WB --> <\/p>\n<div style='flex: 1 1 300px; min-width: 280px; border: 1px solid rgba(150&comma;150&comma;150&comma;0.3); border-radius: 8px; overflow: hidden;'>\n<div style='text-align: center; padding: 15px;'> <a href='https:\/\/www.syscom.mx\/producto\/DS-PM1-O1L-WB-HIKVISION-191819.html' target='_blank' rel='noopener' style='display: block;'> <img style='width: 60%; height: auto; border: none; margin: 0 auto;' src='https:\/\/ftp3.syscom.mx\/usuarios\/fotos\/BancoFotografiasSyscom\/HIKVISION\/DSPM1O1LWB\/DSPM1O1LWB-p.PNG' alt='Accesorio DS-PM1-O1L-WB'> <\/a> <\/div>\n<div style='padding: 15px;'>\n<h2 style='margin: 0 0 10px 0; font-size: 18px; color: inherit;'> <a href='https:\/\/www.syscom.mx\/producto\/DS-PM1-O1L-WB-HIKVISION-191819.html' target='_blank' rel='noopener' style='color: inherit; text-decoration: underline;'>DS-PM1-O1L-WB<\/a> <\/h2>\n<ul style='padding-left: 20px; margin: 15px 0; font-size: 14px; color: inherit;'>\n<li style='margin-bottom: 8px;'>Comunicaci\u00f3n inal\u00e1mbrica bidireccional de 433 MHz \/ Cifrado AES-128.<\/li>\n<li style='margin-bottom: 8px;'>Pantalla LED&comma; muestra el estado del dispositivo: encendido \/ apagado.<\/li>\n<li style='margin-bottom: 8px;'>Dise\u00f1o de caja peque\u00f1a&comma; que se puede esconder f\u00e1cilmente.<\/li>\n<li style='margin-bottom: 8px;'>Operaci\u00f3n de automatizaci\u00f3n&comma; bot\u00f3n de encendido\/apagado desde: aplicaci\u00f3n \/ control \/ teclado<\/li>\n<li style='margin-bottom: 8px;'>Configuraci\u00f3n de escenarios por diferentes eventos<\/li>\n<li style='margin-bottom: 8px;'>Usando la entrada de alarma&comma; se puede utilizar como entrada de zona para el panel.<\/li>\n<li style='margin-bottom: 8px;'>1 Salida de relevador: NO\/NC (0 a 36Vcc \/ Max. 5 A).<\/li>\n<li style='margin-bottom: 8px;'>1 Entrada de alarma: NO\/NC.<\/li>\n<li style='margin-bottom: 8px;'>Voltaje de Operaci\u00f3n: 7Vcc a 24 Vcc.<\/li>\n<li style='margin-bottom: 8px;'>Temperatura de operaci\u00f3n: -10\u00b0 a 55\u00b0C.<\/li>\n<\/ul><\/div>\n<\/p><\/div>\n<\/p><\/div>\n<p> <!-- Recursos Hikvision --> <\/p>\n<div style='margin: 30px 0;'>\n<h1 style='text-align: center; font-size: 20px; color: inherit; opacity: 0.8; margin: 20px 0 10px;'> Recursos <\/h1>\n<div style='display: flex; flex-wrap: wrap; gap: 20px; margin-top: 20px;'>\n<div style='flex: 1 1 300px; min-width: 280px;'> <a href='https:\/\/www.hikvision.com\/es-la\/support\/download\/software\/ivms4200-series\/?q=serie%20ivms4200&#038;position=1' target='_blank' rel='noopener' style='display: block; text-align: center;'> <img style='width: 100%; height: auto; border: none; max-width: 100%;' src='https:\/\/ftp3.syscom.mx\/usuarios\/gmagos\/HIK\/IP\/IPC\/Imagenes%20pagina\/Descargas%20IVMS4200.jpg' alt='IVMS4200'> <\/a> <\/div>\n<div style='flex: 1 1 300px; min-width: 280px;'> <a href='https:\/\/appstore.hikvision.com\/' target='_blank' rel='noopener' style='display: block; text-align: center;'> <img style='width: 100%; height: auto; border: none; max-width: 100%;' src='https:\/\/ftp3.syscom.mx\/usuarios\/gmagos\/HIK\/IP\/IPC\/Imagenes%20pagina\/Descargas%20de%20app.jpg' alt='App Store Hikvision'> <\/a> <\/div>\n<div style='flex: 1 1 300px; min-width: 280px;'> <a href='https:\/\/ftp3.syscom.mx\/usuarios\/jsosa\/HIKVISION\/alarmas\/AXPPRO\/DSPWA48MWB\/DS-PWA48-M-WB.pdf' target='_blank' rel='noopener' style='display: block; text-align: center;'> <img style='width: 100%; height: auto; border: none; max-width: 100%;' src='https:\/\/ftp3.syscom.mx\/usuarios\/gmagos\/HIK\/IP\/IPC\/Imagenes%20pagina\/Descarga%20de%20PDF.jpg' alt='Manual PDF'> <\/a> <\/div>\n<\/p><\/div>\n<\/p><\/div>\n<p> <!-- Banner final --> <\/p>\n<div style='margin: 30px 0; text-align: center;'> <a href='https:\/\/www.syscom.mx\/principal\/promociones\/serie_ax_pro_alarmas_hikvision-5416.html?ordenar=Relevancia&#038;pag=1' target='_blank' rel='noopener'> <img style='width: 100%; height: auto; border: none; max-width: 100%;' src='https:\/\/ftp3.syscom.mx\/usuarios\/jsosa\/HIKVISION\/alarmas\/AXPPRO\/banner\/HIKVISION-AXPRO-SERIES.jpg' alt='Serie AX PRO'> <\/a> <\/div>\n<\/p><\/div>\n","protected":false},"excerpt":{"rendered":"<p>(AX PRO) Bot\u00f3n de P\u00e1nico Inal\u00e1mbrico Port\u00e1til \/ IP54 \/ Indicador LED + (AX PRO) Pulsera para Bot\u00f3n de P\u00e1nico Port\u00e1til<\/p>\n","protected":false},"featured_media":1544,"comment_status":"open","ping_status":"closed","template":"","meta":[],"product_brand":[],"product_cat":[68],"product_tag":[70,54,69],"class_list":{"0":"post-1545","1":"product","2":"type-product","3":"status-publish","4":"has-post-thumbnail","6":"product_cat-ax-pro-series","7":"product_tag-ax-pro-series","8":"product_tag-hikvision","9":"product_tag-paneles-de-alarma-y-accesorios-hikvision","11":"first","12":"instock","13":"sale","14":"shipping-taxable","15":"purchasable","16":"product-type-simple"},"_links":{"self":[{"href":"https:\/\/soydeaqui.ddns.net\/pachuca\/index.php\/wp-json\/wp\/v2\/product\/1545","targetHints":{"allow":["GET"]}}],"collection":[{"href":"https:\/\/soydeaqui.ddns.net\/pachuca\/index.php\/wp-json\/wp\/v2\/product"}],"about":[{"href":"https:\/\/soydeaqui.ddns.net\/pachuca\/index.php\/wp-json\/wp\/v2\/types\/product"}],"replies":[{"embeddable":true,"href":"https:\/\/soydeaqui.ddns.net\/pachuca\/index.php\/wp-json\/wp\/v2\/comments?post=1545"}],"wp:featuredmedia":[{"embeddable":true,"href":"https:\/\/soydeaqui.ddns.net\/pachuca\/index.php\/wp-json\/wp\/v2\/media\/1544"}],"wp:attachment":[{"href":"https:\/\/soydeaqui.ddns.net\/pachuca\/index.php\/wp-json\/wp\/v2\/media?parent=1545"}],"wp:term":[{"taxonomy":"product_brand","embeddable":true,"href":"https:\/\/soydeaqui.ddns.net\/pachuca\/index.php\/wp-json\/wp\/v2\/product_brand?post=1545"},{"taxonomy":"product_cat","embeddable":true,"href":"https:\/\/soydeaqui.ddns.net\/pachuca\/index.php\/wp-json\/wp\/v2\/product_cat?post=1545"},{"taxonomy":"product_tag","embeddable":true,"href":"https:\/\/soydeaqui.ddns.net\/pachuca\/index.php\/wp-json\/wp\/v2\/product_tag?post=1545"}],"curies":[{"name":"wp","href":"https:\/\/api.w.org\/{rel}","templated":true}]}}