{"id":15432,"date":"2026-03-18T08:51:07","date_gmt":"2026-03-18T08:51:07","guid":{"rendered":"https:\/\/soydeaqui.ddns.net\/pachuca\/index.php\/producto\/etiqueta-termorretrctil-h050x084h1t\/"},"modified":"2026-03-18T08:51:08","modified_gmt":"2026-03-18T08:51:08","slug":"etiqueta-termorretrctil-h050x084h1t","status":"publish","type":"product","link":"https:\/\/soydeaqui.ddns.net\/pachuca\/index.php\/producto\/etiqueta-termorretrctil-h050x084h1t\/","title":{"rendered":"Etiqueta Termorretr?ctil H050X084H1T"},"content":{"rendered":"<div style='width: 100%; max-width: 1200px; margin: 0 auto; font-family: sans-serif; line-height: 1.6; color: inherit; background-color: transparent;'> <!-- Secci\u00f3n de descripci\u00f3n --> <\/p>\n<div style='margin-bottom: 30px; font-size: 15px;'>\n<p style='margin-top: 0; margin-bottom: 15px;'>La etiqueta termorretr\u00e1ctil de grado militar por transferencia t\u00e9rmica en color blanco es de una sola cara con un di\u00e1metro de 12&comma;7 mm y est\u00e1 fabricada con poliolefina aplanada 3:1. Mide 0&comma;5\u00ab (12&comma;7 mm) de ancho y 0&comma;84\u00bb (21&comma;3 mm) de alto.<\/p>\n<p style='margin-bottom: 15px;'>La funda termorretr\u00e1ctil est\u00e1 dise\u00f1ada para proporcionar una forma clara&comma; fiable y duradera de identificar hilos y cables. La funda tiene 4 etiqueta(s) por fila y 2000 etiquetas por rollo.<\/p>\n<p style='margin-bottom: 0;'>Las etiquetas termorretr\u00e1ctiles est\u00e1n montadas sobre un soporte de pl\u00e1stico y ofrecen leyendas n\u00edtidas y claras con una legibilidad superior para una producci\u00f3n de etiquetas r\u00e1pida y sencilla en todos los formatos de etiqueta&comma; incluidos los imprimibles por transferencia t\u00e9rmica y matriz de puntos.<\/p>\n<\/p><\/div>\n<p> <!-- Secci\u00f3n de caracter\u00edsticas --> <\/p>\n<div style='display: flex; flex-wrap: wrap; gap: 30px; margin-bottom: 30px;'>\n<div style='flex: 1 1 300px; min-width: 280px;'>\n<h3 style='font-size: 22px; border-bottom: 2px solid currentColor; padding-bottom: 5px; margin-top: 0; color: inherit; opacity: 0.8;'>Caracter\u00edsticas principales<\/h3>\n<ul style='padding-left: 20px; font-size: 15px; color: inherit; list-style-type: disc;'>\n<li style='margin-bottom: 5px;'>Dispositivo de memoria integrada para formateo autom\u00e1tico<\/li>\n<li style='margin-bottom: 5px;'>Registro de \u00faltima leyenda y etiquetas restantes<\/li>\n<li style='margin-bottom: 5px;'>Cumple est\u00e1ndar TIA\/EIA-606-A para etiquetado<\/li>\n<li style='margin-bottom: 5px;'>Dimensiones etiqueta: ancho 6.00 mm&comma; largo 7.6 metros<\/li>\n<li style='margin-bottom: 0;'>Rango de temperatura: -23 a 155 grados Celsius<\/li>\n<\/ul><\/div>\n<\/p><\/div>\n<p> <!-- Separador --> <\/p>\n<hr style='border: 0; border-top: 1px solid rgba(150&comma; 150&comma; 150&comma; 0.3); margin: 30px 0;'> <\/div>\n","protected":false},"excerpt":{"rendered":"<p>Etiqueta Termorretr?ctil H050X084H1T<\/p>\n","protected":false},"featured_media":15431,"comment_status":"open","ping_status":"closed","template":"","meta":[],"product_brand":[],"product_cat":[608],"product_tag":[586,25,445],"class_list":{"0":"post-15432","1":"product","2":"type-product","3":"status-publish","4":"has-post-thumbnail","6":"product_cat-herramientas-cableado-de-cobre","7":"product_tag-cableado-de-cobre","8":"product_tag-herramientas","9":"product_tag-panduit","11":"first","12":"outofstock","13":"sale","14":"shipping-taxable","15":"purchasable","16":"product-type-simple"},"_links":{"self":[{"href":"https:\/\/soydeaqui.ddns.net\/pachuca\/index.php\/wp-json\/wp\/v2\/product\/15432","targetHints":{"allow":["GET"]}}],"collection":[{"href":"https:\/\/soydeaqui.ddns.net\/pachuca\/index.php\/wp-json\/wp\/v2\/product"}],"about":[{"href":"https:\/\/soydeaqui.ddns.net\/pachuca\/index.php\/wp-json\/wp\/v2\/types\/product"}],"replies":[{"embeddable":true,"href":"https:\/\/soydeaqui.ddns.net\/pachuca\/index.php\/wp-json\/wp\/v2\/comments?post=15432"}],"wp:featuredmedia":[{"embeddable":true,"href":"https:\/\/soydeaqui.ddns.net\/pachuca\/index.php\/wp-json\/wp\/v2\/media\/15431"}],"wp:attachment":[{"href":"https:\/\/soydeaqui.ddns.net\/pachuca\/index.php\/wp-json\/wp\/v2\/media?parent=15432"}],"wp:term":[{"taxonomy":"product_brand","embeddable":true,"href":"https:\/\/soydeaqui.ddns.net\/pachuca\/index.php\/wp-json\/wp\/v2\/product_brand?post=15432"},{"taxonomy":"product_cat","embeddable":true,"href":"https:\/\/soydeaqui.ddns.net\/pachuca\/index.php\/wp-json\/wp\/v2\/product_cat?post=15432"},{"taxonomy":"product_tag","embeddable":true,"href":"https:\/\/soydeaqui.ddns.net\/pachuca\/index.php\/wp-json\/wp\/v2\/product_tag?post=15432"}],"curies":[{"name":"wp","href":"https:\/\/api.w.org\/{rel}","templated":true}]}}