{"id":1539,"date":"2026-03-18T05:47:12","date_gmt":"2026-03-18T05:47:12","guid":{"rendered":"https:\/\/soydeaqui.ddns.net\/pachuca\/index.php\/producto\/unidad-analizadora-para-2-zonas-cada-zona-soporta-hasta-305-metros-2-salidas-de-relevador\/"},"modified":"2026-03-18T05:47:12","modified_gmt":"2026-03-18T05:47:12","slug":"unidad-analizadora-para-2-zonas-cada-zona-soporta-hasta-305-metros-2-salidas-de-relevador","status":"publish","type":"product","link":"https:\/\/soydeaqui.ddns.net\/pachuca\/index.php\/producto\/unidad-analizadora-para-2-zonas-cada-zona-soporta-hasta-305-metros-2-salidas-de-relevador\/","title":{"rendered":"Unidad analizadora para 2 zonas  \/ Cada zona soporta hasta 305 metros \/ 2 Salidas de relevador"},"content":{"rendered":"<div style='width: 100%; max-width: 1200px; margin: 0 auto; font-family: sans-serif; line-height: 1.6; color: inherit; background-color: transparent;'> <!-- Secci\u00f3n de descripci\u00f3n principal --> <\/p>\n<div style='margin-bottom: 30px;'>\n<p style='margin: 0 0 20px 0; padding: 0; color: inherit; font-size: 15px;'> Unidad analizadora hasta 2 zonas&comma; cada zona soporta 305 metros&comma; con 2 salidas de relevador uno para la alarma de cada zona <\/p>\n<p style='margin: 0 0 20px 0; padding: 0; color: inherit; font-size: 15px;'>1 a\u00f1o de garantia<\/p>\n<\/p><\/div>\n<p> <!-- Secci\u00f3n de especificaciones --> <\/p>\n<div style='margin-bottom: 30px;'>\n<h3 style='font-size: 22px; border-bottom: 2px solid currentColor; padding-bottom: 5px; margin-top: 0; margin-bottom: 15px; color: inherit; opacity: 0.8;'>Especificaciones<\/h3>\n<p style='margin: 0 0 15px 0; padding: 0; color: inherit; font-size: 15px;'>M\u00f3dulo Microcontrolador de Zona Simple\/Dual (LPU-400).<\/p>\n<ul style='padding-left: 20px; font-size: 15px; color: inherit; margin: 0 0 15px 0;'>\n<li style='margin-bottom: 8px;'><strong>Autocalibraci\u00f3n<\/strong> y cancelaci\u00f3n autom\u00e1tica de ruido<\/li>\n<li style='margin-bottom: 8px;'><strong>20 niveles de niveles de sensibilidad<\/strong> local ajustados por controles integrados<\/li>\n<li style='margin-bottom: 8px;'><strong>Niveles ilimitados de niveles de sensibilidad<\/strong> ajustados por software con un software f\u00e1cil de usar<\/li>\n<li style='margin-bottom: 8px;'><strong>Hasta 4 zonas<\/strong> de entradas de sensor<\/li>\n<li style='margin-bottom: 8px;'><strong>Entrada de alimentaci\u00f3n<\/strong> de 9-48 V CC<\/li>\n<li style='margin-bottom: 8px;'><strong>Armar \/ Desarmar zonas<\/strong> mediante puentes directamente a bordo<\/li>\n<li style='margin-bottom: 8px;'><strong>Salidas de alarma dedicadas<\/strong> para p\u00e9rdida de energ\u00eda y manipulaci\u00f3n<\/li>\n<li style='margin-bottom: 8px;'><strong>Sensor de manipulaci\u00f3n PIR integrado<\/strong><\/li>\n<li style='margin-bottom: 8px;'><strong>Indicadores de Alarma:<\/strong>\n<ul style='padding-left: 20px; margin: 8px 0; font-size: 14px;'>\n<li style='margin-bottom: 5px;'>LED de Encendido<\/li>\n<li style='margin-bottom: 5px;'>LED de Estado del Rel\u00e9 de Alarma<\/li>\n<li style='margin-bottom: 5px;'>LED indicador de sabotaje<\/li>\n<\/ul>\n<\/li>\n<li style='margin-bottom: 8px;'><strong>La placa base principal tiene enchufes para 3 placas:<\/strong>\n<ul style='padding-left: 20px; margin: 8px 0; font-size: 14px;'>\n<li style='margin-bottom: 5px;'>1. CPU<\/li>\n<li style='margin-bottom: 5px;'>2. Administraci\u00f3n de energ\u00eda<\/li>\n<li style='margin-bottom: 5px;'>3. Comunicaci\u00f3n \/ Configuraci\u00f3n USB-C + Sensor de manipulaci\u00f3n<\/li>\n<\/ul>\n<\/li>\n<li style='margin-bottom: 8px;'><strong>Entorno:<\/strong>\n<ul style='padding-left: 20px; margin: 8px 0; font-size: 14px;'>\n<li style='margin-bottom: 5px;'>Temperatura de Operaci\u00f3n: -40\u00b0F a 176\u00b0F (-40\u00b0C a 80\u00b0C)<\/li>\n<li style='margin-bottom: 5px;'>Humedad relativa de hasta el 98% sin condensaci\u00f3n<\/li>\n<\/ul>\n<\/li>\n<\/ul><\/div>\n<p> <!-- Separador final --> <\/p>\n<hr style='border: 0; border-top: 1px solid rgba(150&comma; 150&comma; 150&comma; 0.3); margin: 30px 0;'> <\/div>\n","protected":false},"excerpt":{"rendered":"<p>Unidad analizadora para 2 zonas  \/ Cada zona soporta hasta 305 metros \/ 2 Salidas de relevador<\/p>\n","protected":false},"featured_media":1538,"comment_status":"open","ping_status":"closed","template":"","meta":[],"product_brand":[],"product_cat":[103],"product_tag":[105,104,220],"class_list":{"0":"post-1539","1":"product","2":"type-product","3":"status-publish","4":"has-post-thumbnail","6":"product_cat-cable-sensor-perimetral","7":"product_tag-cable-sensor-perimetral","8":"product_tag-proteccion-perimetral","9":"product_tag-rbtec","11":"first","12":"instock","13":"sale","14":"shipping-taxable","15":"purchasable","16":"product-type-simple"},"_links":{"self":[{"href":"https:\/\/soydeaqui.ddns.net\/pachuca\/index.php\/wp-json\/wp\/v2\/product\/1539","targetHints":{"allow":["GET"]}}],"collection":[{"href":"https:\/\/soydeaqui.ddns.net\/pachuca\/index.php\/wp-json\/wp\/v2\/product"}],"about":[{"href":"https:\/\/soydeaqui.ddns.net\/pachuca\/index.php\/wp-json\/wp\/v2\/types\/product"}],"replies":[{"embeddable":true,"href":"https:\/\/soydeaqui.ddns.net\/pachuca\/index.php\/wp-json\/wp\/v2\/comments?post=1539"}],"wp:featuredmedia":[{"embeddable":true,"href":"https:\/\/soydeaqui.ddns.net\/pachuca\/index.php\/wp-json\/wp\/v2\/media\/1538"}],"wp:attachment":[{"href":"https:\/\/soydeaqui.ddns.net\/pachuca\/index.php\/wp-json\/wp\/v2\/media?parent=1539"}],"wp:term":[{"taxonomy":"product_brand","embeddable":true,"href":"https:\/\/soydeaqui.ddns.net\/pachuca\/index.php\/wp-json\/wp\/v2\/product_brand?post=1539"},{"taxonomy":"product_cat","embeddable":true,"href":"https:\/\/soydeaqui.ddns.net\/pachuca\/index.php\/wp-json\/wp\/v2\/product_cat?post=1539"},{"taxonomy":"product_tag","embeddable":true,"href":"https:\/\/soydeaqui.ddns.net\/pachuca\/index.php\/wp-json\/wp\/v2\/product_tag?post=1539"}],"curies":[{"name":"wp","href":"https:\/\/api.w.org\/{rel}","templated":true}]}}