{"id":15387,"date":"2026-03-18T08:50:27","date_gmt":"2026-03-18T08:50:27","guid":{"rendered":"https:\/\/soydeaqui.ddns.net\/pachuca\/index.php\/producto\/harness-de-12-hilos-de-fibra-ptica-monomodo-os2-con-conector-mpo-hembra-a-12-lc-pushpull-lszh-polaridad-estndar-de-13-metros-42-65-pies\/"},"modified":"2026-03-18T08:50:28","modified_gmt":"2026-03-18T08:50:28","slug":"harness-de-12-hilos-de-fibra-ptica-monomodo-os2-con-conector-mpo-hembra-a-12-lc-pushpull-lszh-polaridad-estndar-de-13-metros-42-65-pies","status":"publish","type":"product","link":"https:\/\/soydeaqui.ddns.net\/pachuca\/index.php\/producto\/harness-de-12-hilos-de-fibra-ptica-monomodo-os2-con-conector-mpo-hembra-a-12-lc-pushpull-lszh-polaridad-estndar-de-13-metros-42-65-pies\/","title":{"rendered":"Harness de 12 Hilos de Fibra ?ptica Monomodo OS2, Con Conector MPO Hembra a 12 LC PushPull, LSZH, Polaridad Est?ndar, de 13 Metros (42.65 Pies)"},"content":{"rendered":"<div style='width: 100%; max-width: 1200px; margin: 0 auto; font-family: sans-serif; line-height: 1.6; color: inherit; background-color: transparent;'>\n<div style='display: flex; flex-wrap: wrap; gap: 30px; margin-bottom: 30px;'>\n<div style='flex: 1 1 300px; min-width: 280px;'>\n<h3 style='font-size: 22px; border-bottom: 2px solid currentColor; padding-bottom: 5px; margin-top: 0; color: inherit; opacity: 0.8;'>Descripci\u00f3n<\/h3>\n<p style='font-size: 15px; color: inherit;'>Los cables PanMPO\u2122 y MPO con arn\u00e9s redondo son cables preterminados de 8 o 12 fibras. El dise\u00f1o \u00fanico del conector PanMPO\u2122 permite un cambio r\u00e1pido de g\u00e9nero y polaridad en campo&comma; y facilita una migraci\u00f3n fluida y conforme a los est\u00e1ndares de aplicaciones d\u00faplex (p. ej.&comma; Ethernet 10G) a aplicaciones basadas en \u00f3ptica paralela (p. ej.&comma; Ethernet 40\/100G). Los conectores LC push-pull reducen la densidad del cable en un 40 % y facilitan la extracci\u00f3n en instalaciones de alta densidad. Todos los cables se terminan y prueban en f\u00e1brica para ofrecer un rendimiento \u00f3ptico verificado y una fiabilidad que mejora la integridad de la red.<\/p>\n<\/p><\/div>\n<\/p><\/div>\n<div style='display: flex; flex-wrap: wrap; gap: 20px; margin-bottom: 30px;'>\n<div style='flex: 1 1 250px; border: 1px solid rgba(150&comma; 150&comma; 150&comma; 0.4); border-radius: 8px; overflow: hidden; display: flex; flex-direction: column;'>\n<div style='padding: 15px; border-bottom: 1px solid rgba(150&comma; 150&comma; 150&comma; 0.2); font-weight: bold; font-size: 18px; color: inherit;'>Especificaciones T\u00e9cnicas<\/div>\n<div style='padding: 15px; color: inherit;'>\n<ul style='padding-left: 20px; margin: 0; font-size: 14px; list-style-type: disc;'>\n<li style='margin-bottom: 5px;'><strong>Tipo de cable:<\/strong> Cable redondo de 3.0 mm para interiores<\/li>\n<li style='margin-bottom: 5px;'><strong>Clasificaci\u00f3n de la cubierta del cable:<\/strong> Baja emisi\u00f3n de humos y libre de hal\u00f3genos (LSZH)<\/li>\n<li style='margin-bottom: 5px;'><strong>Tipos de fibra:<\/strong> Monomodo OS2<\/li>\n<li style='margin-bottom: 5px;'><strong>Conector extremo &#8216;A&#8217;:<\/strong> MPO hembra (monomodo)<\/li>\n<li style='margin-bottom: 5px;'><strong>N\u00famero de fibras:<\/strong> 12 fibras<\/li>\n<li style='margin-bottom: 5px;'><strong>Color de la cubierta:<\/strong> OS2: Amarillo<\/li>\n<li style='margin-bottom: 5px;'><strong>Conector extremo &#8216;B&#8217;:<\/strong> Conector LC (Push-Pull)<\/li>\n<\/ul><\/div>\n<\/p><\/div>\n<div style='flex: 1 1 250px; border: 1px solid rgba(150&comma; 150&comma; 150&comma; 0.4); border-radius: 8px; overflow: hidden; display: flex; flex-direction: column;'>\n<div style='padding: 15px; border-bottom: 1px solid rgba(150&comma; 150&comma; 150&comma; 0.2); font-weight: bold; font-size: 18px; color: inherit;'>Propiedades F\u00edsicas<\/div>\n<div style='padding: 15px; color: inherit;'>\n<ul style='padding-left: 20px; margin: 0; font-size: 14px; list-style-type: disc;'>\n<li style='margin-bottom: 5px;'><strong>Di\u00e1metro exterior del cable (DE):<\/strong> 3.0 mm<\/li>\n<li style='margin-bottom: 5px;'><strong>Radio m\u00ednimo de curvatura:<\/strong> 30 mm<\/li>\n<li style='margin-bottom: 5px;'><strong>Flexi\u00f3n:<\/strong> 100 ciclos a 4&comma;9 N<\/li>\n<li style='margin-bottom: 5px;'><strong>Giro:<\/strong> 10 ciclos a 15 N<\/li>\n<li style='margin-bottom: 5px;'><strong>Resistencia del cable:<\/strong> 50 N<\/li>\n<li style='margin-bottom: 5px;'><strong>Durabilidad del conector:<\/strong> 500 ciclos de acoplamiento*<\/li>\n<\/ul><\/div>\n<\/p><\/div>\n<\/p><\/div>\n<hr style='border: 0; border-top: 1px solid rgba(150&comma; 150&comma; 150&comma; 0.3); margin: 30px 0;'> <\/div>\n","protected":false},"excerpt":{"rendered":"<p>Harness de 12 Hilos de Fibra ?ptica Monomodo OS2, Con Conector MPO Hembra a 12 LC PushPull, LSZH, Polaridad Est?ndar, de 13 Metros (42.65 Pies)<\/p>\n","protected":false},"featured_media":32,"comment_status":"open","ping_status":"closed","template":"","meta":[],"product_brand":[],"product_cat":[617],"product_tag":[611,618,445],"class_list":{"0":"post-15387","1":"product","2":"type-product","3":"status-publish","4":"has-post-thumbnail","6":"product_cat-jumpers-y-pigtails","7":"product_tag-fibra-optica","8":"product_tag-jumpers-y-pigtails","9":"product_tag-panduit","11":"first","12":"outofstock","13":"sale","14":"shipping-taxable","15":"purchasable","16":"product-type-simple"},"_links":{"self":[{"href":"https:\/\/soydeaqui.ddns.net\/pachuca\/index.php\/wp-json\/wp\/v2\/product\/15387","targetHints":{"allow":["GET"]}}],"collection":[{"href":"https:\/\/soydeaqui.ddns.net\/pachuca\/index.php\/wp-json\/wp\/v2\/product"}],"about":[{"href":"https:\/\/soydeaqui.ddns.net\/pachuca\/index.php\/wp-json\/wp\/v2\/types\/product"}],"replies":[{"embeddable":true,"href":"https:\/\/soydeaqui.ddns.net\/pachuca\/index.php\/wp-json\/wp\/v2\/comments?post=15387"}],"wp:featuredmedia":[{"embeddable":true,"href":"https:\/\/soydeaqui.ddns.net\/pachuca\/index.php\/wp-json\/wp\/v2\/media\/32"}],"wp:attachment":[{"href":"https:\/\/soydeaqui.ddns.net\/pachuca\/index.php\/wp-json\/wp\/v2\/media?parent=15387"}],"wp:term":[{"taxonomy":"product_brand","embeddable":true,"href":"https:\/\/soydeaqui.ddns.net\/pachuca\/index.php\/wp-json\/wp\/v2\/product_brand?post=15387"},{"taxonomy":"product_cat","embeddable":true,"href":"https:\/\/soydeaqui.ddns.net\/pachuca\/index.php\/wp-json\/wp\/v2\/product_cat?post=15387"},{"taxonomy":"product_tag","embeddable":true,"href":"https:\/\/soydeaqui.ddns.net\/pachuca\/index.php\/wp-json\/wp\/v2\/product_tag?post=15387"}],"curies":[{"name":"wp","href":"https:\/\/api.w.org\/{rel}","templated":true}]}}