{"id":15377,"date":"2026-03-18T08:50:17","date_gmt":"2026-03-18T08:50:17","guid":{"rendered":"https:\/\/soydeaqui.ddns.net\/pachuca\/index.php\/producto\/el-kit-de-canaleta-90-con-division-ideal-para-organizar-y-ocultar-cables-en-esquinas-o-en-instalaciones-con-angulos-de-90-con-cinta-adhesiva-para-una-instalacion-mas-rapida-5601-01250\/"},"modified":"2026-03-18T08:50:24","modified_gmt":"2026-03-18T08:50:24","slug":"el-kit-de-canaleta-90-con-division-ideal-para-organizar-y-ocultar-cables-en-esquinas-o-en-instalaciones-con-angulos-de-90-con-cinta-adhesiva-para-una-instalacion-mas-rapida-5601-01250","status":"publish","type":"product","link":"https:\/\/soydeaqui.ddns.net\/pachuca\/index.php\/producto\/el-kit-de-canaleta-90-con-division-ideal-para-organizar-y-ocultar-cables-en-esquinas-o-en-instalaciones-con-angulos-de-90-con-cinta-adhesiva-para-una-instalacion-mas-rapida-5601-01250\/","title":{"rendered":"El Kit de Canaleta 90\u00b0 Con Divisi\u00f3n Ideal Para Organizar y Ocultar cables en esquinas o en instalaciones con \u00e1ngulos de 90\u00b0., Con Cinta Adhesiva Para una Instalaci\u00f3n M\u00e1s R\u00e1pida, (5601-01250)"},"content":{"rendered":"<div style='width: 100%; max-width: 1200px; margin: 0 auto; font-family: sans-serif; line-height: 1.6; color: inherit; background-color: transparent;'> <!-- Imagen principal --> <\/p>\n<div style='margin-bottom: 30px;'> <img style='width: 100%; height: auto; border: 1px solid rgba(150&comma;150&comma;150&comma;0.3); border-radius: 8px;' src='https:\/\/ftp3.syscom.mx\/usuarios\/fotos\/TEK100M\/221839-thorsmanarriba.jpg' alt=''> <\/div>\n<p> <!-- Descripci\u00f3n principal --> <\/p>\n<div style='margin-bottom: 30px; font-size: 15px;'>\n<p style='margin: 0 0 15px 0; text-align: justify; color: inherit;'>El Juego de Canaleta TH-CAN-90 es una soluci\u00f3n eficiente para organizar y ocultar cables en esquinas o en instalaciones con \u00e1ngulos de 90\u00b0. Se instala f\u00e1cilmente a presi\u00f3n con cinta adhesiva y es ideal para cableado estructurado y el\u00e9ctrico en interiores.<\/p>\n<\/p><\/div>\n<p> <!-- Caracter\u00edsticas Generales --> <\/p>\n<div style='display: flex; flex-wrap: wrap; gap: 30px; margin-bottom: 30px;'>\n<div style='flex: 1 1 300px; min-width: 280px;'>\n<h3 style='font-size: 22px; border-bottom: 2px solid currentColor; padding-bottom: 5px; margin-top: 0; color: inherit; opacity: 0.8;'>Caracter\u00edsticas Generales:<\/h3>\n<ul style='padding-left: 20px; font-size: 15px; color: inherit;'>\n<li style='margin-bottom: 5px;'><strong>Fabricaci\u00f3n:<\/strong> PVC r\u00edgido de alto impacto y accesorios en ABS&comma; garantizando durabilidad.<\/li>\n<li style='margin-bottom: 5px;'><strong>Seguridad:<\/strong> Auto-extinguible&comma; lo que proporciona seguridad ante incendios.<\/li>\n<li style='margin-bottom: 5px;'><strong>Certificaci\u00f3n:<\/strong> ROHS&comma; asegurando cumplimiento con normativas ambientales.<\/li>\n<li style='margin-bottom: 5px;'><strong>Color:<\/strong> Disponible en color blanco.<\/li>\n<li style='margin-bottom: 5px;'><strong>Temperatura de trabajo:<\/strong> -20\u00b0C a +75\u00b0C.<\/li>\n<li style='margin-bottom: 5px;'><strong>\u00c1rea interna:<\/strong> 3&comma;344 mm\u00b2.<\/li>\n<li style='margin-bottom: 5px;'><strong>Compatibilidad:<\/strong> Compatible con accesorios como esquinero exterior&comma; esquinero interior y secci\u00f3n T.<\/li>\n<\/ul><\/div>\n<\/p><\/div>\n<p> <!-- Contenido del Kit --> <\/p>\n<div style='margin-bottom: 30px;'>\n<h3 style='font-size: 22px; border-bottom: 2px solid currentColor; padding-bottom: 5px; margin-top: 0; margin-bottom: 15px; color: inherit; opacity: 0.8;'>Contenido del Kit<\/h3>\n<p style='margin: 0 0 15px 0; font-size: 15px; color: inherit;'>El paquete incluye los siguientes elementos para una instalaci\u00f3n completa:<\/p>\n<ul style='padding-left: 20px; font-size: 15px; color: inherit;'>\n<li style='margin-bottom: 5px;'>2 Canales 90\u00b0 de 4 ft Con Division (1.22 m)<\/li>\n<li style='margin-bottom: 5px;'>2 Secci\u00f3n T<\/li>\n<li style='margin-bottom: 5px;'>2 Esquinero Exterior<\/li>\n<li style='margin-bottom: 5px;'>2 Esquinero Interior<\/li>\n<\/ul><\/div>\n<p> <!-- Ventajas --> <\/p>\n<div style='margin-bottom: 30px;'>\n<h3 style='font-size: 22px; border-bottom: 2px solid currentColor; padding-bottom: 5px; margin-top: 0; margin-bottom: 15px; color: inherit; opacity: 0.8;'>Ventajas<\/h3>\n<ul style='padding-left: 20px; font-size: 15px; color: inherit;'>\n<li style='margin-bottom: 5px;'>F\u00e1cil instalaci\u00f3n sobre superficies lisas<\/li>\n<li style='margin-bottom: 5px;'>Organizaci\u00f3n eficiente del cableado estructurado y el\u00e9ctrico<\/li>\n<li style='margin-bottom: 5px;'>Versatilidad en aplicaciones para hogares&comma; oficinas&comma; industrias y hospitales<\/li>\n<li style='margin-bottom: 5px;'>Mejor est\u00e9tica al ocultar cables de forma ordenada<\/li>\n<\/ul><\/div>\n<p> <!-- Imagen inferior 1 --> <\/p>\n<div style='margin-bottom: 30px;'> <img style='width: 100%; height: auto; border: 1px solid rgba(150&comma;150&comma;150&comma;0.3); border-radius: 8px;' src='http:\/\/ftp3.syscom.mx\/usuarios\/egomez\/Hecho%20en%20Mexico.jpg' alt=''> <\/div>\n<p> <!-- Imagen inferior 2 --> <\/p>\n<div style='margin-bottom: 30px;'> <img style='width: 100%; height: auto; border: 1px solid rgba(150&comma;150&comma;150&comma;0.3); border-radius: 8px;' src='https:\/\/ftp3.syscom.mx\/usuarios\/fotos\/TEK100M\/221839-thorsmanabajo.png' alt=''> <\/div>\n<p> <!-- Descripci\u00f3n final --> <\/p>\n<div style='margin-bottom: 30px; font-size: 15px;'>\n<p style='margin: 0; color: inherit;'>Este sistema de canalizaci\u00f3n es una opci\u00f3n pr\u00e1ctica y segura para mejorar la gesti\u00f3n del cableado en distintos espacios.<\/p>\n<\/p><\/div>\n<\/p><\/div>\n","protected":false},"excerpt":{"rendered":"<p>El Kit de Canaleta 90\u00b0 Con Divisi\u00f3n Ideal Para Organizar y Ocultar cables en esquinas o en instalaciones con \u00e1ngulos de 90\u00b0., Con Cinta Adhesiva Para una Instalaci\u00f3n M\u00e1s R\u00e1pida, (5601-01250)<\/p>\n","protected":false},"featured_media":15376,"comment_status":"open","ping_status":"closed","template":"","meta":[],"product_brand":[],"product_cat":[581],"product_tag":[582,572,583],"class_list":{"0":"post-15377","1":"product","2":"type-product","3":"status-publish","4":"has-post-thumbnail","6":"product_cat-canaletas","7":"product_tag-canaletas","8":"product_tag-canalizacion","9":"product_tag-thorsman","11":"first","12":"instock","13":"sale","14":"shipping-taxable","15":"purchasable","16":"product-type-simple"},"_links":{"self":[{"href":"https:\/\/soydeaqui.ddns.net\/pachuca\/index.php\/wp-json\/wp\/v2\/product\/15377","targetHints":{"allow":["GET"]}}],"collection":[{"href":"https:\/\/soydeaqui.ddns.net\/pachuca\/index.php\/wp-json\/wp\/v2\/product"}],"about":[{"href":"https:\/\/soydeaqui.ddns.net\/pachuca\/index.php\/wp-json\/wp\/v2\/types\/product"}],"replies":[{"embeddable":true,"href":"https:\/\/soydeaqui.ddns.net\/pachuca\/index.php\/wp-json\/wp\/v2\/comments?post=15377"}],"wp:featuredmedia":[{"embeddable":true,"href":"https:\/\/soydeaqui.ddns.net\/pachuca\/index.php\/wp-json\/wp\/v2\/media\/15376"}],"wp:attachment":[{"href":"https:\/\/soydeaqui.ddns.net\/pachuca\/index.php\/wp-json\/wp\/v2\/media?parent=15377"}],"wp:term":[{"taxonomy":"product_brand","embeddable":true,"href":"https:\/\/soydeaqui.ddns.net\/pachuca\/index.php\/wp-json\/wp\/v2\/product_brand?post=15377"},{"taxonomy":"product_cat","embeddable":true,"href":"https:\/\/soydeaqui.ddns.net\/pachuca\/index.php\/wp-json\/wp\/v2\/product_cat?post=15377"},{"taxonomy":"product_tag","embeddable":true,"href":"https:\/\/soydeaqui.ddns.net\/pachuca\/index.php\/wp-json\/wp\/v2\/product_tag?post=15377"}],"curies":[{"name":"wp","href":"https:\/\/api.w.org\/{rel}","templated":true}]}}