{"id":15347,"date":"2026-03-18T08:49:51","date_gmt":"2026-03-18T08:49:51","guid":{"rendered":"https:\/\/soydeaqui.ddns.net\/pachuca\/index.php\/producto\/sujetador-universal-bimetalico-multiusos-de-3-metros-de-largo-es-ideal-para-utilizarse-al-exterior-o-zonas-humedas\/"},"modified":"2026-03-18T08:49:51","modified_gmt":"2026-03-18T08:49:51","slug":"sujetador-universal-bimetalico-multiusos-de-3-metros-de-largo-es-ideal-para-utilizarse-al-exterior-o-zonas-humedas","status":"publish","type":"product","link":"https:\/\/soydeaqui.ddns.net\/pachuca\/index.php\/producto\/sujetador-universal-bimetalico-multiusos-de-3-metros-de-largo-es-ideal-para-utilizarse-al-exterior-o-zonas-humedas\/","title":{"rendered":"Sujetador Universal Bimet\u00e1lico Multiusos de 3 Metros de Largo es Ideal Para Utilizarse al Exterior o Zonas H\u00famedas"},"content":{"rendered":"<div style='width: 100%; max-width: 1200px; margin: 0 auto; font-family: sans-serif; line-height: 1.6; color: inherit; background-color: transparent;'>\n<div style='width: 100%; margin-bottom: 30px;'> <img style='width: 100%; height: auto; border: 1px solid rgba(150&comma;150&comma;150&comma;0.3); border-radius: 8px;' src='https:\/\/ftp3.syscom.mx\/usuarios\/fotos\/MG51KIT1PLUSEZ\/232432-banner_arriba_charofil.jpg' alt=''> <\/div>\n<div style='display: flex; flex-wrap: wrap; gap: 30px; margin-bottom: 30px;'>\n<div style='flex: 1 1 300px; min-width: 280px;'>\n<h3 style='font-size: 22px; border-bottom: 2px solid currentColor; padding-bottom: 5px; margin-top: 0; color: inherit; opacity: 0.8;'>Descripci\u00f3n<\/h3>\n<p style='font-size: 15px; color: inherit;'>El sujetador universal bimet\u00e1lico ha sido especialmente dise\u00f1ado para entornos exteriores y \u00e1reas con condiciones desafiantes&comma; como zonas h\u00famedas. Este proporciona una soluci\u00f3n ideal para combatir la corrosi\u00f3n y los problemas asociados a la exposici\u00f3n a elementos clim\u00e1ticos adversos. Gracias a su alta durabilidad y resistencia&comma; los usuarios pueden tener plena confianza de que su rendimiento no se ver\u00e1 comprometido al instalarlo en exteriores.<\/p>\n<\/p><\/div>\n<\/p><\/div>\n<div style='display: flex; flex-wrap: wrap; gap: 30px; margin-bottom: 30px;'>\n<div style='flex: 1 1 300px; min-width: 280px;'>\n<h3 style='font-size: 22px; border-bottom: 2px solid currentColor; padding-bottom: 5px; margin-top: 0; color: inherit; opacity: 0.8;'>Caracter\u00edsticas Generales<\/h3>\n<ul style='padding-left: 20px; font-size: 15px; color: inherit;'>\n<li style='margin-bottom: 5px;'>Se utiliza para formar un soporte tipo trapecio<\/li>\n<li style='margin-bottom: 5px;'>Para fijar la charola directamente al piso<\/li>\n<li style='margin-bottom: 5px;'>Soportar la charola a muro en forma vertical de cascada y horizontal<\/li>\n<\/ul><\/div>\n<div style='flex: 1 1 300px; min-width: 280px;'>\n<h3 style='font-size: 22px; border-bottom: 2px solid currentColor; padding-bottom: 5px; margin-top: 0; color: inherit; opacity: 0.8;'>Detalles de Instalaci\u00f3n<\/h3>\n<p style='font-size: 15px; color: inherit;'>De acuerdo al dise\u00f1o no se requieren accesorios adicionales para fijar la charola&comma; solo se tienen que doblar 2 pesta\u00f1as por cada extremo de manera que abracen los hilos de la charola. Los sujetadores van instalados a 1.5m como m\u00ednimo y un m\u00e1ximo de 1.8m.<\/p>\n<\/p><\/div>\n<\/p><\/div>\n<div style='display: flex; flex-wrap: wrap; gap: 20px; margin-bottom: 30px;'>\n<div style='flex: 1 1 250px; border: 1px solid rgba(150&comma; 150&comma; 150&comma; 0.4); border-radius: 8px; overflow: hidden; display: flex; flex-direction: column;'>\n<div style='padding: 15px; border-bottom: 1px solid rgba(150&comma; 150&comma; 150&comma; 0.2); font-weight: bold; font-size: 18px; color: inherit;'>Ventajas Clave<\/div>\n<div style='padding: 15px; color: inherit;'>\n<ul style='padding-left: 20px; margin: 0; font-size: 14px; list-style-type: disc;'>\n<li style='margin-bottom: 5px;'><strong style='color: inherit;'>Resistencia a la Corrosi\u00f3n:<\/strong> Fabricado con materiales de alta calidad&comma; el kit asegura una uni\u00f3n duradera y fiable&comma; incluso en ambientes hostiles.<\/li>\n<li style='margin-bottom: 5px;'><strong style='color: inherit;'>Instalaci\u00f3n R\u00e1pida y Sencilla:<\/strong> Requiere solo una llave de 10 mm o un dado de la misma medida&comma; agilizando el trabajo de los instaladores.<\/li>\n<li style='margin-bottom: 5px;'><strong style='color: inherit;'>Dise\u00f1ado para Ambientes Exteriores:<\/strong> Ideal para instalaciones en zonas h\u00famedas o al aire libre&comma; garantizando una operaci\u00f3n segura y prolongada.<\/li>\n<\/ul><\/div>\n<\/p><\/div>\n<\/p><\/div>\n<div style='display: flex; flex-wrap: wrap; gap: 30px; margin-bottom: 30px;'>\n<div style='flex: 1 1 300px; min-width: 280px;'>\n<h3 style='font-size: 22px; border-bottom: 2px solid currentColor; padding-bottom: 5px; margin-top: 0; color: inherit; opacity: 0.8;'>Ejemplo de Instalaci\u00f3n<\/h3>\n<p style='font-size: 15px; color: inherit;'>Visualizaci\u00f3n de diferentes configuraciones de instalaci\u00f3n del sujetador universal bimet\u00e1lico:<\/p>\n<\/p><\/div>\n<\/p><\/div>\n<div style='display: flex; flex-wrap: wrap; gap: 20px; margin-bottom: 30px;'>\n<div style='flex: 1 1 300px; min-width: 280px;'> <img style='width: 100%; height: auto; border: 1px solid rgba(150&comma;150&comma;150&comma;0.3); border-radius: 8px;' src='http:\/\/ftp3.syscom.mx\/usuarios\/fotos\/MG51139EZ\/77161-soporte_universal.jpg' alt=''> <\/div>\n<div style='flex: 1 1 300px; min-width: 280px;'> <img style='width: 100%; height: auto; border: 1px solid rgba(150&comma;150&comma;150&comma;0.3); border-radius: 8px;' src='http:\/\/ftp3.syscom.mx\/usuarios\/fotos\/MG51139EZ\/77161-techo_soporte_doble_para_sujetador_universal_1.jpg' alt=''> <\/div>\n<div style='flex: 1 1 300px; min-width: 280px;'> <img style='width: 100%; height: auto; border: 1px solid rgba(150&comma;150&comma;150&comma;0.3); border-radius: 8px;' src='http:\/\/ftp3.syscom.mx\/usuarios\/fotos\/MG51139EZ\/77161-sujetador_universal_multiusos_2.jpg' alt=''> <\/div>\n<div style='flex: 1 1 300px; min-width: 280px;'> <img style='width: 100%; height: auto; border: 1px solid rgba(150&comma;150&comma;150&comma;0.3); border-radius: 8px;' src='http:\/\/ftp3.syscom.mx\/usuarios\/fotos\/MG51139EZ\/77161-sujetador_universal_multiusos_3.jpg' alt=''> <\/div>\n<\/p><\/div>\n<div style='width: 100%; margin-bottom: 30px;'> <img style='width: 100%; height: auto; border: 1px solid rgba(150&comma;150&comma;150&comma;0.3); border-radius: 8px;' src='https:\/\/ftp3.syscom.mx\/usuarios\/fotos\/MG51KIT1PLUSEZ\/232432-banner_abajo_charofil.png' alt=''> <\/div>\n<\/p><\/div>\n","protected":false},"excerpt":{"rendered":"<p>Sujetador Universal Bimet\u00e1lico Multiusos de 3 Metros de Largo es Ideal Para Utilizarse al Exterior o Zonas H\u00famedas<\/p>\n","protected":false},"featured_media":15346,"comment_status":"open","ping_status":"closed","template":"","meta":[],"product_brand":[],"product_cat":[597],"product_tag":[93,580,593],"class_list":{"0":"post-15347","1":"product","2":"type-product","3":"status-publish","4":"has-post-thumbnail","6":"product_cat-accesorios-charola","7":"product_tag-accesorios","8":"product_tag-charofil","9":"product_tag-charola","11":"first","12":"instock","13":"sale","14":"shipping-taxable","15":"purchasable","16":"product-type-simple"},"_links":{"self":[{"href":"https:\/\/soydeaqui.ddns.net\/pachuca\/index.php\/wp-json\/wp\/v2\/product\/15347","targetHints":{"allow":["GET"]}}],"collection":[{"href":"https:\/\/soydeaqui.ddns.net\/pachuca\/index.php\/wp-json\/wp\/v2\/product"}],"about":[{"href":"https:\/\/soydeaqui.ddns.net\/pachuca\/index.php\/wp-json\/wp\/v2\/types\/product"}],"replies":[{"embeddable":true,"href":"https:\/\/soydeaqui.ddns.net\/pachuca\/index.php\/wp-json\/wp\/v2\/comments?post=15347"}],"wp:featuredmedia":[{"embeddable":true,"href":"https:\/\/soydeaqui.ddns.net\/pachuca\/index.php\/wp-json\/wp\/v2\/media\/15346"}],"wp:attachment":[{"href":"https:\/\/soydeaqui.ddns.net\/pachuca\/index.php\/wp-json\/wp\/v2\/media?parent=15347"}],"wp:term":[{"taxonomy":"product_brand","embeddable":true,"href":"https:\/\/soydeaqui.ddns.net\/pachuca\/index.php\/wp-json\/wp\/v2\/product_brand?post=15347"},{"taxonomy":"product_cat","embeddable":true,"href":"https:\/\/soydeaqui.ddns.net\/pachuca\/index.php\/wp-json\/wp\/v2\/product_cat?post=15347"},{"taxonomy":"product_tag","embeddable":true,"href":"https:\/\/soydeaqui.ddns.net\/pachuca\/index.php\/wp-json\/wp\/v2\/product_tag?post=15347"}],"curies":[{"name":"wp","href":"https:\/\/api.w.org\/{rel}","templated":true}]}}