{"id":15327,"date":"2026-03-18T08:49:31","date_gmt":"2026-03-18T08:49:31","guid":{"rendered":"https:\/\/soydeaqui.ddns.net\/pachuca\/index.php\/producto\/herramienta-de-impacto-turbo-ultramax-de-4-pares-para-un-ponchado-ms-rpido-y-eficiente\/"},"modified":"2026-03-18T08:49:32","modified_gmt":"2026-03-18T08:49:32","slug":"herramienta-de-impacto-turbo-ultramax-de-4-pares-para-un-ponchado-ms-rpido-y-eficiente","status":"publish","type":"product","link":"https:\/\/soydeaqui.ddns.net\/pachuca\/index.php\/producto\/herramienta-de-impacto-turbo-ultramax-de-4-pares-para-un-ponchado-ms-rpido-y-eficiente\/","title":{"rendered":"Herramienta de Impacto Turbo UltraMAX de 4 Pares (Para un Ponchado M?s R?pido y Eficiente)"},"content":{"rendered":"<div style='width: 100%; max-width: 1200px; margin: 0 auto; font-family: sans-serif; line-height: 1.6; color: inherit; background-color: transparent;'> <!-- Imagen principal --> <\/p>\n<div style='width: 100%; margin-bottom: 30px;'> <img style='width: 100%; height: auto; border: 1px solid rgba(150&comma;150&comma;150&comma;0.3); border-radius: 8px;' src='https:\/\/ftp3.syscom.mx\/usuarios\/fotos\/UP5F124LRS\/216952-siemonarriba.jpg' alt=''> <\/div>\n<p> <!-- Descripci\u00f3n general --> <\/p>\n<div style='margin-bottom: 30px;'>\n<p style='font-size: 15px; margin: 0 0 15px;'>SIEMON ha desarrollado una gama de herramientas de terminaci\u00f3n confiables y de alta calidad&comma; cada una dise\u00f1ada pensando en el instalador para brindar ciclos de terminaci\u00f3n ergon\u00f3micos&comma; eficientes y seguros que garanticen que su sistema de cableado Siemon de alto rendimiento se pueda instalar con los est\u00e1ndares m\u00e1s altos posibles.<\/p>\n<\/p><\/div>\n<p> <!-- Secciones de caracter\u00edsticas --> <\/p>\n<div style='display: flex; flex-wrap: wrap; gap: 30px; margin-bottom: 30px;'>\n<div style='flex: 1 1 300px; min-width: 280px;'>\n<h3 style='font-size: 22px; border-bottom: 2px solid currentColor; padding-bottom: 5px; margin-top: 0; color: inherit; opacity: 0.8;'>Desempe\u00f1o Eficiente<\/h3>\n<p style='font-size: 15px; color: inherit;'>La herramienta de impacto de 4 pares UltraMAX cuenta con un mango ergon\u00f3mico&comma; que se puede girar para permitir a los usuarios mantener el control y la comodidad al realizar terminaciones.<\/p>\n<\/p><\/div>\n<div style='flex: 1 1 300px; min-width: 280px;'>\n<h3 style='font-size: 22px; border-bottom: 2px solid currentColor; padding-bottom: 5px; margin-top: 0; color: inherit; opacity: 0.8;'>Construcci\u00f3n de Calidad<\/h3>\n<p style='font-size: 15px; color: inherit;'>Nuestra herramienta de impacto de 4 pares cuenta con una hoja de corte duradera y de alta calidad que admite hasta 5&comma;000 terminaciones. Su dise\u00f1o eficiente permite a los usuarios terminar y cortar conductores en una acci\u00f3n suave&comma; lo que le permite obtener terminaciones de calidad a gran velocidad.<\/p>\n<\/p><\/div>\n<div style='flex: 1 1 300px; min-width: 280px;'>\n<h3 style='font-size: 22px; border-bottom: 2px solid currentColor; padding-bottom: 5px; margin-top: 0; color: inherit; opacity: 0.8;'>Mecanismo Confiable<\/h3>\n<p style='font-size: 15px; color: inherit;'>Para ayudarlo a realizar terminaciones r\u00e1pidas y de calidad&comma; nuestra herramienta de impacto de 4 pares cuenta con un mecanismo suave que brinda 50 kg de presi\u00f3n en cada perforaci\u00f3n&comma; lo que le permite terminar con confianza.<\/p>\n<\/p><\/div>\n<div style='flex: 1 1 300px; min-width: 280px;'>\n<h3 style='font-size: 22px; border-bottom: 2px solid currentColor; padding-bottom: 5px; margin-top: 0; color: inherit; opacity: 0.8;'>Dise\u00f1o \u00danico<\/h3>\n<p style='font-size: 15px; color: inherit;'>El dise\u00f1o \u00fanico de UltraMAX permite a los usuarios terminar los cuatro pares en una sola acci\u00f3n utilizando la herramienta de impacto de 4 pares del sistema. Esto permite a los usuarios terminar sus salidas un 20 % m\u00e1s r\u00e1pido que los m\u00e9todos de terminaci\u00f3n tradicionales.<\/p>\n<\/p><\/div>\n<\/p><\/div>\n<p> <!-- Imagen secundaria --> <\/p>\n<div style='width: 100%; margin: 30px 0;'> <img style='width: 100%; height: auto; border: 1px solid rgba(150&comma;150&comma;150&comma;0.3); border-radius: 8px;' src='https:\/\/ftp3.syscom.mx\/usuarios\/fotos\/UMAXPD\/217093-umaxpd1.png' alt=''> <\/div>\n<p> <!-- Video de YouTube --> <\/p>\n<div style='position: relative; padding-bottom: 56.25%; height: 0; overflow: hidden; margin: 30px 0;'>   <\/div>\n<p> <!-- Imagen inferior --> <\/p>\n<div style='width: 100%; margin: 30px 0;'> <img style='width: 100%; height: auto; border: 1px solid rgba(150&comma;150&comma;150&comma;0.3); border-radius: 8px;' src='https:\/\/ftp3.syscom.mx\/usuarios\/fotos\/UP5F124LRS\/216952-siemonabajo.png' alt=''> <\/div>\n<\/p><\/div>\n","protected":false},"excerpt":{"rendered":"<p>Herramienta de Impacto Turbo UltraMAX de 4 Pares (Para un Ponchado M?s R?pido y Eficiente)<\/p>\n","protected":false},"featured_media":15326,"comment_status":"open","ping_status":"closed","template":"","meta":[],"product_brand":[],"product_cat":[608],"product_tag":[586,25,600],"class_list":{"0":"post-15327","1":"product","2":"type-product","3":"status-publish","4":"has-post-thumbnail","6":"product_cat-herramientas-cableado-de-cobre","7":"product_tag-cableado-de-cobre","8":"product_tag-herramientas","9":"product_tag-siemon","11":"first","12":"outofstock","13":"sale","14":"shipping-taxable","15":"purchasable","16":"product-type-simple"},"_links":{"self":[{"href":"https:\/\/soydeaqui.ddns.net\/pachuca\/index.php\/wp-json\/wp\/v2\/product\/15327","targetHints":{"allow":["GET"]}}],"collection":[{"href":"https:\/\/soydeaqui.ddns.net\/pachuca\/index.php\/wp-json\/wp\/v2\/product"}],"about":[{"href":"https:\/\/soydeaqui.ddns.net\/pachuca\/index.php\/wp-json\/wp\/v2\/types\/product"}],"replies":[{"embeddable":true,"href":"https:\/\/soydeaqui.ddns.net\/pachuca\/index.php\/wp-json\/wp\/v2\/comments?post=15327"}],"wp:featuredmedia":[{"embeddable":true,"href":"https:\/\/soydeaqui.ddns.net\/pachuca\/index.php\/wp-json\/wp\/v2\/media\/15326"}],"wp:attachment":[{"href":"https:\/\/soydeaqui.ddns.net\/pachuca\/index.php\/wp-json\/wp\/v2\/media?parent=15327"}],"wp:term":[{"taxonomy":"product_brand","embeddable":true,"href":"https:\/\/soydeaqui.ddns.net\/pachuca\/index.php\/wp-json\/wp\/v2\/product_brand?post=15327"},{"taxonomy":"product_cat","embeddable":true,"href":"https:\/\/soydeaqui.ddns.net\/pachuca\/index.php\/wp-json\/wp\/v2\/product_cat?post=15327"},{"taxonomy":"product_tag","embeddable":true,"href":"https:\/\/soydeaqui.ddns.net\/pachuca\/index.php\/wp-json\/wp\/v2\/product_tag?post=15327"}],"curies":[{"name":"wp","href":"https:\/\/api.w.org\/{rel}","templated":true}]}}