{"id":15322,"date":"2026-03-18T08:49:26","date_gmt":"2026-03-18T08:49:26","guid":{"rendered":"https:\/\/soydeaqui.ddns.net\/pachuca\/index.php\/producto\/bobina-de-cable-utp-de-4-pares-cat6-de-rango-extendido-22-awg-cmp-plenum-color-azul-305-metros-1000-pies\/"},"modified":"2026-03-18T08:49:30","modified_gmt":"2026-03-18T08:49:30","slug":"bobina-de-cable-utp-de-4-pares-cat6-de-rango-extendido-22-awg-cmp-plenum-color-azul-305-metros-1000-pies","status":"publish","type":"product","link":"https:\/\/soydeaqui.ddns.net\/pachuca\/index.php\/producto\/bobina-de-cable-utp-de-4-pares-cat6-de-rango-extendido-22-awg-cmp-plenum-color-azul-305-metros-1000-pies\/","title":{"rendered":"Bobina de Cable UTP de 4 Pares, Cat6 de Rango Extendido, 22 AWG, CMP (Plenum), Color Azul, 305 Metros (1000 Pies)"},"content":{"rendered":"<div style='width: 100%; max-width: 1200px; margin: 0 auto; font-family: sans-serif; line-height: 1.6; color: inherit; background-color: transparent;'> <!-- Secci\u00f3n principal --> <\/p>\n<div style='margin-bottom: 30px;'>\n<p style='font-size: 15px; color: inherit; margin: 0 0 15px 0;'> El cable de Categor\u00eda 6 cumple con la norma ANSI\/TIA-568-2.D para componentes de Categor\u00eda 6. Los conductores son de calibre 22 AWG con aislamiento de FEP. Los conductores de cobre estar\u00e1n trenzados en pares&comma; separados por una cinta divisoria y cubiertos por una cubierta de PVC de baja emisi\u00f3n de humos y retardante de llama (CMP). Ofrece menor ca\u00edda de tensi\u00f3n&comma; mayor capacidad de conducci\u00f3n de corriente y menor generaci\u00f3n de calor para aplicaciones PoE. El cable superar\u00e1 los 100 metros de distancia para aplicaciones de seguridad&comma; TIC&comma; automatizaci\u00f3n de edificios e IoT. <\/p>\n<\/p><\/div>\n<p> <!-- Secci\u00f3n de aplicaciones --> <\/p>\n<div style='margin-bottom: 30px;'>\n<h3 style='font-size: 20px; border-bottom: 2px solid currentColor; padding-bottom: 5px; margin-top: 0; margin-bottom: 15px; color: inherit; opacity: 0.8;'>Aplicaciones<\/h3>\n<ul style='padding-left: 20px; font-size: 15px; color: inherit; list-style-type: disc;'>\n<li style='margin-bottom: 10px;'> Proporciona potencia y ancho de banda a distancias extendidas de 150 metros&comma; seg\u00fan los est\u00e1ndares de aplicaci\u00f3n IEEE 802.3. La distancia m\u00e1xima est\u00e1 sujeta a cambios seg\u00fan el equipo del fabricante y las condiciones ambientales. <\/li>\n<li style='margin-bottom: 10px;'> Conductores AWG m\u00e1s grandes para aplicaciones de mayor potencia (menor generaci\u00f3n de calor&comma; mayor capacidad de transporte de corriente m\u00e1xima&comma; atenuaci\u00f3n mejorada). <\/li>\n<li style='margin-bottom: 10px;'> Cumple con los requisitos de Categor\u00eda 6 hasta un canal de 100 metros con una certificaci\u00f3n LP de 0.7 A. <\/li>\n<li style='margin-bottom: 10px;'> Permite el funcionamiento en un entorno ambiental de 105\u00b0C (221 \u00b0F) proporcionando un rendimiento sin errores en gabinetes de alta densidad y grandes conjuntos de cables que ejecutan aplicaciones PoE+ o PoE++. <\/li>\n<li style='margin-bottom: 10px;'> Empaque Reelex\u2122: El empaque compacto garantiza un rendimiento adecuado y permite una instalaci\u00f3n r\u00e1pida. <\/li>\n<\/ul><\/div>\n<p> <!-- Secci\u00f3n de especificaciones --> <\/p>\n<div style='margin-bottom: 30px;'>\n<h3 style='font-size: 20px; border-bottom: 2px solid currentColor; padding-bottom: 5px; margin-top: 0; margin-bottom: 15px; color: inherit; opacity: 0.8;'>Informaci\u00f3n t\u00e9cnica<\/h3>\n<ul style='padding-left: 20px; font-size: 15px; color: inherit; list-style-type: disc;'>\n<li style='margin-bottom: 5px;'><strong>Rendimiento el\u00e9ctrico:<\/strong> Rendimiento certificado hasta 100 metros y cumple con el est\u00e1ndar ANSI\/TIA-568-2.D<\/li>\n<li style='margin-bottom: 5px;'><strong>Color:<\/strong> Azul<\/li>\n<li style='margin-bottom: 5px;'><strong>Conductor:<\/strong> Cobre s\u00f3lido 22 AWG con aislamiento FEP<\/li>\n<li style='margin-bottom: 5px;'><strong>Recubrimiento:<\/strong> PVC<\/li>\n<li style='margin-bottom: 5px;'><strong>Clasificaci\u00f3n de flama:<\/strong> Plenum &#8211; NFPA 262 y CSA FT-6<\/li>\n<li style='margin-bottom: 5px;'><strong>Di\u00e1metro:<\/strong> 6.1 mm (0.243&#8242;) nominal<\/li>\n<li style='margin-bottom: 5px;'><strong>Peso:<\/strong> 18 kg\/305m (38 lbs.\/1000 ft.)<\/li>\n<li style='margin-bottom: 5px;'><strong>Tensi\u00f3n de instalaci\u00f3n:<\/strong> 110N (25lbf) m\u00e1ximo<\/li>\n<li style='margin-bottom: 5px;'><strong>Clasificaci\u00f3n de temperatura:<\/strong> 0 a 50\u00b0C (32\u00b0F a 122\u00b0F) en instalaci\u00f3n; -20\u00b0 a 105\u00b0C (-4\u00b0 a 105\u00b0F) en operaci\u00f3n<\/li>\n<li style='margin-bottom: 5px;'><strong>Frecuencia:<\/strong> 250 Mhz<\/li>\n<\/ul><\/div>\n<p> <!-- Secci\u00f3n de certificaciones --> <\/p>\n<div style='margin-bottom: 30px;'>\n<h3 style='font-size: 20px; border-bottom: 2px solid currentColor; padding-bottom: 5px; margin-top: 0; margin-bottom: 15px; color: inherit; opacity: 0.8;'>Cumple con<\/h3>\n<ul style='padding-left: 20px; font-size: 15px; color: inherit; list-style-type: disc;'>\n<li style='margin-bottom: 5px;'><strong>Normas:<\/strong> UL 1685&comma; ANSI\/TIA-568-C.2&comma; ISO 11801<\/li>\n<\/ul><\/div>\n<\/p><\/div>\n","protected":false},"excerpt":{"rendered":"<p>Bobina de Cable UTP de 4 Pares, Cat6 de Rango Extendido, 22 AWG, CMP (Plenum), Color Azul, 305 Metros (1000 Pies)<\/p>\n","protected":false},"featured_media":15321,"comment_status":"open","ping_status":"closed","template":"","meta":[],"product_brand":[],"product_cat":[684],"product_tag":[672,577,445],"class_list":{"0":"post-15322","1":"product","2":"type-product","3":"status-publish","4":"has-post-thumbnail","6":"product_cat-categoria-6-cable-bobinas","7":"product_tag-cable-bobinas","8":"product_tag-categoria-6","9":"product_tag-panduit","11":"first","12":"instock","13":"sale","14":"shipping-taxable","15":"purchasable","16":"product-type-simple"},"_links":{"self":[{"href":"https:\/\/soydeaqui.ddns.net\/pachuca\/index.php\/wp-json\/wp\/v2\/product\/15322","targetHints":{"allow":["GET"]}}],"collection":[{"href":"https:\/\/soydeaqui.ddns.net\/pachuca\/index.php\/wp-json\/wp\/v2\/product"}],"about":[{"href":"https:\/\/soydeaqui.ddns.net\/pachuca\/index.php\/wp-json\/wp\/v2\/types\/product"}],"replies":[{"embeddable":true,"href":"https:\/\/soydeaqui.ddns.net\/pachuca\/index.php\/wp-json\/wp\/v2\/comments?post=15322"}],"wp:featuredmedia":[{"embeddable":true,"href":"https:\/\/soydeaqui.ddns.net\/pachuca\/index.php\/wp-json\/wp\/v2\/media\/15321"}],"wp:attachment":[{"href":"https:\/\/soydeaqui.ddns.net\/pachuca\/index.php\/wp-json\/wp\/v2\/media?parent=15322"}],"wp:term":[{"taxonomy":"product_brand","embeddable":true,"href":"https:\/\/soydeaqui.ddns.net\/pachuca\/index.php\/wp-json\/wp\/v2\/product_brand?post=15322"},{"taxonomy":"product_cat","embeddable":true,"href":"https:\/\/soydeaqui.ddns.net\/pachuca\/index.php\/wp-json\/wp\/v2\/product_cat?post=15322"},{"taxonomy":"product_tag","embeddable":true,"href":"https:\/\/soydeaqui.ddns.net\/pachuca\/index.php\/wp-json\/wp\/v2\/product_tag?post=15322"}],"curies":[{"name":"wp","href":"https:\/\/api.w.org\/{rel}","templated":true}]}}