{"id":15320,"date":"2026-03-18T08:49:24","date_gmt":"2026-03-18T08:49:24","guid":{"rendered":"https:\/\/soydeaqui.ddns.net\/pachuca\/index.php\/producto\/aire-acondicionado-compacto-para-exterior-uso-en-gabinetes-de-telecomunicaciones-de-grado-industrial-frio-t20-2000-btu-115-vca-de-acero-color-negro\/"},"modified":"2026-03-18T08:49:25","modified_gmt":"2026-03-18T08:49:25","slug":"aire-acondicionado-compacto-para-exterior-uso-en-gabinetes-de-telecomunicaciones-de-grado-industrial-frio-t20-2000-btu-115-vca-de-acero-color-negro","status":"publish","type":"product","link":"https:\/\/soydeaqui.ddns.net\/pachuca\/index.php\/producto\/aire-acondicionado-compacto-para-exterior-uso-en-gabinetes-de-telecomunicaciones-de-grado-industrial-frio-t20-2000-btu-115-vca-de-acero-color-negro\/","title":{"rendered":"Aire Acondicionado Compacto Para Exterior, Uso en Gabinetes de Telecomunicaciones de Grado Industrial, Fr\u00edo T20, 2000 BTU, 115 Vca, de Acero, Color Negro"},"content":{"rendered":"<div style='width: 100%; max-width: 1200px; margin: 0 auto; font-family: sans-serif; line-height: 1.6; color: inherit; background-color: transparent;'> <!-- Descripci\u00f3n principal --> <\/p>\n<div style='margin-bottom: 30px; font-size: 15px; color: inherit;'>\n<p>Los aires acondicionados compactos para exteriores T-Series brindan un espacio compacto para minimizar el espacio y maximizar la capacidad. Su dise\u00f1o discreto les ayuda a integrarse en entornos resistentes de f\u00e1brica o exteriores. Cada unidad est\u00e1 equipada con componentes resistentes a la corrosi\u00f3n&comma; calentadores de compresor y controles de presi\u00f3n de cabeza para un rendimiento \u00f3ptimo en exteriores.<\/p>\n<p><strong>Nota:<\/strong> Consulte la hoja de especificaciones para conocer las especificaciones completas del producto&comma; las curvas de rendimiento y los dibujos detallados.<\/p>\n<\/p><\/div>\n<p> <!-- Caracter\u00edsticas principales --> <\/p>\n<div style='display: flex; flex-wrap: wrap; gap: 30px; margin-bottom: 30px;'>\n<div style='flex: 1 1 300px; min-width: 280px;'>\n<h3 style='font-size: 22px; border-bottom: 2px solid currentColor; padding-bottom: 5px; margin-top: 0; color: inherit; opacity: 0.8;'>Caracter\u00edsticas principales<\/h3>\n<ul style='padding-left: 20px; font-size: 15px; color: inherit;'>\n<li style='margin-bottom: 5px;'>Tama\u00f1o compacto para minimizar el espacio f\u00edsico y maximizar la capacidad<\/li>\n<li style='margin-bottom: 5px;'>Modelos disponibles con alimentaci\u00f3n de 115&comma; 230 y 460 Vca<\/li>\n<li style='margin-bottom: 5px;'>Rango de temperatura de funcionamiento en modelo para exteriores de -40 F\/-40 C a 131 F\/55 C<\/li>\n<li style='margin-bottom: 5px;'>Listado por UL para ahorrar tiempo y dinero a los clientes con aprobaciones de agencias (algunos modelos reconocidos por UL)<\/li>\n<li style='margin-bottom: 5px;'>Cubierta de chapa de acero inoxidable o galvanizada pintada para entornos exteriores y de fabricaci\u00f3n resistente<\/li>\n<li style='margin-bottom: 5px;'>Termostato mec\u00e1nico confiable en el lado del gabinete<\/li>\n<li style='margin-bottom: 5px;'>Motores de aire duales del lado del condensador para redundancia de rendimiento<\/li>\n<li style='margin-bottom: 5px;'>El filtro de malla de aluminio reutilizable y limpiable para un m\u00e1ximo rendimiento de enfriamiento<\/li>\n<li style='margin-bottom: 5px;'>F\u00e1cil montaje para una instalaci\u00f3n sencilla<\/li>\n<li style='margin-bottom: 5px;'>Cada unidad se prueba funcionalmente antes del env\u00edo<\/li>\n<li style='margin-bottom: 5px;'>Los modelos est\u00e1ndar de aire acondicionado para exteriores incluyen: termostato&comma; componentes resistentes a la corrosi\u00f3n&comma; interruptor de mal funcionamiento&comma; calentador del compresor&comma; control de presi\u00f3n del cabezal&comma; calentador del gabinete y refrigerante R134A<\/li>\n<li style='margin-bottom: 5px;'>Hardware de montaje&comma; accesorios y manual de usuario suministrados con la unidad<\/li>\n<\/ul><\/div>\n<\/p><\/div>\n<p> <!-- Especificaciones t\u00e9cnicas --> <\/p>\n<div style='display: flex; flex-wrap: wrap; gap: 30px; margin-bottom: 30px;'>\n<div style='flex: 1 1 300px; min-width: 280px;'>\n<h3 style='font-size: 22px; border-bottom: 2px solid currentColor; padding-bottom: 5px; margin-top: 0; color: inherit; opacity: 0.8;'>Especificaciones T\u00e9cnicas<\/h3>\n<ul style='padding-left: 20px; font-size: 15px; color: inherit;'>\n<li style='margin-bottom: 5px;'><strong>Altura:<\/strong> 20 pulgadas\/508 mm<\/li>\n<li style='margin-bottom: 5px;'><strong>Ancho:<\/strong> 10 pulgadas\/254 mm<\/li>\n<li style='margin-bottom: 5px;'><strong>Profundidad:<\/strong> 9.9 pulgadas\/251 mm<\/li>\n<li style='margin-bottom: 5px;'><strong>Material:<\/strong> acero<\/li>\n<li style='margin-bottom: 5px;'><strong>Tensi\u00f3n nominal:<\/strong> 115 VCA<\/li>\n<li style='margin-bottom: 5px;'><strong>Enchufe de entrada:<\/strong> NEMA 5-15P (Incluye cable de 6 pies)<\/li>\n<li style='margin-bottom: 5px;'><strong>N\u00famero de Fases:<\/strong> 1<\/li>\n<li style='margin-bottom: 5px;'><strong>Capacidad nominal (Watts):<\/strong> 586<\/li>\n<li style='margin-bottom: 5px;'><strong>Capacidad nominal (Btu\/h):<\/strong> 2000<\/li>\n<li style='margin-bottom: 5px;'><strong>Clasificaci\u00f3n de protecci\u00f3n:<\/strong> NEMA tipo 4; NEMA tipo 3R<\/li>\n<li style='margin-bottom: 5px;'><strong>Temperatura de funcionamiento:<\/strong> \u221240 a 131 \u00b0F \/ \u221240 a 55 \u00b0C<\/li>\n<li style='margin-bottom: 5px;'><strong>Corriente m\u00e1xima:<\/strong> 3.5 A<\/li>\n<li style='margin-bottom: 5px;'><strong>Control de acceso remoto:<\/strong> No<\/li>\n<li style='margin-bottom: 5px;'><strong>Acabado:<\/strong> Recubierto en polvo<\/li>\n<li style='margin-bottom: 5px;'><strong>Color:<\/strong> Negro<\/li>\n<li style='margin-bottom: 5px;'><strong>C\u00f3digo de color:<\/strong> RAL 7035<\/li>\n<li style='margin-bottom: 5px;'><strong>Espesor:<\/strong> calibre 18 \/ 1.21 mm<\/li>\n<li style='margin-bottom: 5px;'><strong>Peso:<\/strong> 46 lb (20.8 kg)<\/li>\n<\/ul><\/div>\n<\/p><\/div>\n<p> <!-- Separador --> <\/p>\n<hr style='border: 0; border-top: 1px solid rgba(150&comma; 150&comma; 150&comma; 0.3); margin: 30px 0;'> <\/div>\n","protected":false},"excerpt":{"rendered":"<p>Aire Acondicionado Compacto Para Exterior, Uso en Gabinetes de Telecomunicaciones de Grado Industrial, Fr\u00edo T20, 2000 BTU, 115 Vca, de Acero, Color Negro<\/p>\n","protected":false},"featured_media":15319,"comment_status":"open","ping_status":"closed","template":"","meta":[],"product_brand":[],"product_cat":[633],"product_tag":[634,698,605],"class_list":{"0":"post-15320","1":"product","2":"type-product","3":"status-publish","4":"has-post-thumbnail","6":"product_cat-accesorios-para-rack-gabinetes","7":"product_tag-accesorios-para-rack-gabinetes","8":"product_tag-hoffman","9":"product_tag-racks-y-gabinetes","11":"first","12":"instock","13":"sale","14":"shipping-taxable","15":"purchasable","16":"product-type-simple"},"_links":{"self":[{"href":"https:\/\/soydeaqui.ddns.net\/pachuca\/index.php\/wp-json\/wp\/v2\/product\/15320","targetHints":{"allow":["GET"]}}],"collection":[{"href":"https:\/\/soydeaqui.ddns.net\/pachuca\/index.php\/wp-json\/wp\/v2\/product"}],"about":[{"href":"https:\/\/soydeaqui.ddns.net\/pachuca\/index.php\/wp-json\/wp\/v2\/types\/product"}],"replies":[{"embeddable":true,"href":"https:\/\/soydeaqui.ddns.net\/pachuca\/index.php\/wp-json\/wp\/v2\/comments?post=15320"}],"wp:featuredmedia":[{"embeddable":true,"href":"https:\/\/soydeaqui.ddns.net\/pachuca\/index.php\/wp-json\/wp\/v2\/media\/15319"}],"wp:attachment":[{"href":"https:\/\/soydeaqui.ddns.net\/pachuca\/index.php\/wp-json\/wp\/v2\/media?parent=15320"}],"wp:term":[{"taxonomy":"product_brand","embeddable":true,"href":"https:\/\/soydeaqui.ddns.net\/pachuca\/index.php\/wp-json\/wp\/v2\/product_brand?post=15320"},{"taxonomy":"product_cat","embeddable":true,"href":"https:\/\/soydeaqui.ddns.net\/pachuca\/index.php\/wp-json\/wp\/v2\/product_cat?post=15320"},{"taxonomy":"product_tag","embeddable":true,"href":"https:\/\/soydeaqui.ddns.net\/pachuca\/index.php\/wp-json\/wp\/v2\/product_tag?post=15320"}],"curies":[{"name":"wp","href":"https:\/\/api.w.org\/{rel}","templated":true}]}}