{"id":15316,"date":"2026-03-18T08:49:21","date_gmt":"2026-03-18T08:49:21","guid":{"rendered":"https:\/\/soydeaqui.ddns.net\/pachuca\/index.php\/producto\/pdu-basico-para-distribucion-de-energia-con-supresor-de-picos-con-12-tomas-nema-5-15r-traseras-1ur-15-amp-120-vca-1800-joules-de-proteccion\/"},"modified":"2026-03-18T08:49:22","modified_gmt":"2026-03-18T08:49:22","slug":"pdu-basico-para-distribucion-de-energia-con-supresor-de-picos-con-12-tomas-nema-5-15r-traseras-1ur-15-amp-120-vca-1800-joules-de-proteccion","status":"publish","type":"product","link":"https:\/\/soydeaqui.ddns.net\/pachuca\/index.php\/producto\/pdu-basico-para-distribucion-de-energia-con-supresor-de-picos-con-12-tomas-nema-5-15r-traseras-1ur-15-amp-120-vca-1800-joules-de-proteccion\/","title":{"rendered":"PDU B\u00e1sico Para Distribuci\u00f3n de Energ\u00eda con Supresor de Picos, Con 12 Tomas NEMA 5-15R Traseras, 1UR, 15 Amp, 120 Vca, 1800 Joules de Protecci\u00f3n"},"content":{"rendered":"<div style='width: 100%; max-width: 1200px; margin: 0 auto; font-family: sans-serif; line-height: 1.6; color: inherit; background-color: transparent;'> <!-- Logo --> <\/p>\n<div style='display: flex; justify-content: center; margin-bottom: 20px;'> <img style='width: 100%; max-width: 600px; height: auto; border: 1px solid rgba(150&comma;150&comma;150&comma;0.3); border-radius: 8px;' src='https:\/\/ftp3.syscom.mx\/usuarios\/fotos\/logotipos\/cyberpower.png' alt=''> <\/div>\n<p> <!-- Descripci\u00f3n principal --> <\/p>\n<div style='margin-bottom: 30px;'>\n<p style='font-size: 15px; color: inherit; margin: 0 0 15px 0;'>El CPS1215RM de CyberPower&comma; es una unidad de distribuci\u00f3n de energ\u00eda (PDU) de montaje en Rack o Gabinete de 10 salidas (posteriores)&comma; proporciona una salida de 100-125 Vca\/15 Amp. Distribuye energ\u00eda a 10 recept\u00e1culos NEMA 5-15R desde una sola entrada NEMA 5-15P con paso el\u00e9ctrico sin filtro. Dise\u00f1ado para centros de datos y otras aplicaciones el\u00e9ctricamente exigentes&comma; el CPS1215RM tiene una carcasa met\u00e1lica duradera y un cable de alimentaci\u00f3n de Vca de 4.5 metros. Se puede montar horizontal o verticalmente&comma; incluye una bandeja de retenci\u00f3n de cable y est\u00e1 reconocido por UL. Cuenta con una garant\u00eda de tres a\u00f1os.<\/p>\n<\/p><\/div>\n<p> <!-- Secci\u00f3n de aplicaciones --> <\/p>\n<div style='margin-bottom: 30px;'>\n<h3 style='font-size: 22px; border-bottom: 2px solid currentColor; padding-bottom: 5px; margin-top: 0; margin-bottom: 15px; color: inherit; opacity: 0.8;'>Aplicaciones T\u00edpicas<\/h3>\n<ul style='padding-left: 20px; font-size: 15px; color: inherit; list-style-type: disc;'>\n<li style='margin-bottom: 5px;'>Servidores<\/li>\n<li style='margin-bottom: 5px;'>Dispositivos de red<\/li>\n<li style='margin-bottom: 5px;'>Equipo de telecomunicaciones<\/li>\n<\/ul><\/div>\n<p> <!-- Secci\u00f3n de especificaciones --> <\/p>\n<div style='margin-bottom: 30px;'>\n<h3 style='font-size: 22px; border-bottom: 2px solid currentColor; padding-bottom: 5px; margin-top: 0; margin-bottom: 15px; color: inherit; opacity: 0.8;'>Especificaciones t\u00e9cnicas<\/h3>\n<ul style='padding-left: 20px; font-size: 15px; color: inherit; list-style-type: disc;'>\n<li style='margin-bottom: 5px;'><strong>Fases:<\/strong> Fase sencilla<\/li>\n<li style='margin-bottom: 5px;'><strong>Amperaje:<\/strong> 15A<\/li>\n<li style='margin-bottom: 5px;'><strong>Tipo de entrada:<\/strong> NEMA 5-15P <img style='width: 40px; height: auto; border: 1px solid rgba(150&comma;150&comma;150&comma;0.3); border-radius: 8px; margin-left: 10px;' src='https:\/\/www.cyberpower.com\/mx\/es\/File\/GetImageByDocId\/GeneralAttribute-235' alt=''> <\/li>\n<li style='margin-bottom: 5px;'><strong>Longitud de cable de alimentaci\u00f3n:<\/strong> 4.5 metros<\/li>\n<li style='margin-bottom: 5px;'><strong>Voltaje de entrada:<\/strong> 100 \u2013 125 Vca<\/li>\n<li style='margin-bottom: 5px;'><strong>Frecuencia:<\/strong> 50Hz\/60Hz<\/li>\n<li style='margin-bottom: 5px;'><strong>Tipos de tomas de salida:<\/strong> 10 x NEMA 5-15R <img style='width: 40px; height: auto; border: 1px solid rgba(150&comma;150&comma;150&comma;0.3); border-radius: 8px; margin-left: 10px;' src='https:\/\/www.cyberpower.com\/mx\/es\/File\/GetImageByDocId\/GeneralAttribute-238' alt=''> <\/li>\n<li style='margin-bottom: 5px;'><strong>Voltaje de salida:<\/strong> 100-125 Vca<\/li>\n<li style='margin-bottom: 5px;'><strong>Lugar de tomas:<\/strong> 10 traseras<\/li>\n<li style='margin-bottom: 5px;'><strong>Tama\u00f1o en Rack:<\/strong> 1 UR<\/li>\n<li style='margin-bottom: 5px;'><strong>Dimensiones:<\/strong> 438 x 44 x 121 (mm) (Ancho x Alto x Profundidad)<\/li>\n<li style='margin-bottom: 5px;'><strong>Peso:<\/strong> 2.27 Kg<\/li>\n<li style='margin-bottom: 5px;'><strong>Temperatura de operaci\u00f3n:<\/strong> 0 &#8211; 40\u00baC<\/li>\n<\/ul><\/div>\n<\/p><\/div>\n","protected":false},"excerpt":{"rendered":"<p>PDU B\u00e1sico Para Distribuci\u00f3n de Energ\u00eda con Supresor de Picos, Con 12 Tomas NEMA 5-15R Traseras, 1UR, 15 Amp, 120 Vca, 1800 Joules de Protecci\u00f3n<\/p>\n","protected":false},"featured_media":15315,"comment_status":"open","ping_status":"closed","template":"","meta":[],"product_brand":[],"product_cat":[707],"product_tag":[606,677,605],"class_list":{"0":"post-15316","1":"product","2":"type-product","3":"status-publish","4":"has-post-thumbnail","6":"product_cat-accesorios-para-racks-y-gabinetes-racks-y-gabinetes-radiocomunicacion","7":"product_tag-accesorios-para-racks-y-gabinetes","8":"product_tag-cyberpower","9":"product_tag-racks-y-gabinetes","11":"first","12":"outofstock","13":"sale","14":"shipping-taxable","15":"purchasable","16":"product-type-simple"},"_links":{"self":[{"href":"https:\/\/soydeaqui.ddns.net\/pachuca\/index.php\/wp-json\/wp\/v2\/product\/15316","targetHints":{"allow":["GET"]}}],"collection":[{"href":"https:\/\/soydeaqui.ddns.net\/pachuca\/index.php\/wp-json\/wp\/v2\/product"}],"about":[{"href":"https:\/\/soydeaqui.ddns.net\/pachuca\/index.php\/wp-json\/wp\/v2\/types\/product"}],"replies":[{"embeddable":true,"href":"https:\/\/soydeaqui.ddns.net\/pachuca\/index.php\/wp-json\/wp\/v2\/comments?post=15316"}],"wp:featuredmedia":[{"embeddable":true,"href":"https:\/\/soydeaqui.ddns.net\/pachuca\/index.php\/wp-json\/wp\/v2\/media\/15315"}],"wp:attachment":[{"href":"https:\/\/soydeaqui.ddns.net\/pachuca\/index.php\/wp-json\/wp\/v2\/media?parent=15316"}],"wp:term":[{"taxonomy":"product_brand","embeddable":true,"href":"https:\/\/soydeaqui.ddns.net\/pachuca\/index.php\/wp-json\/wp\/v2\/product_brand?post=15316"},{"taxonomy":"product_cat","embeddable":true,"href":"https:\/\/soydeaqui.ddns.net\/pachuca\/index.php\/wp-json\/wp\/v2\/product_cat?post=15316"},{"taxonomy":"product_tag","embeddable":true,"href":"https:\/\/soydeaqui.ddns.net\/pachuca\/index.php\/wp-json\/wp\/v2\/product_tag?post=15316"}],"curies":[{"name":"wp","href":"https:\/\/api.w.org\/{rel}","templated":true}]}}