{"id":15312,"date":"2026-03-18T08:49:17","date_gmt":"2026-03-18T08:49:17","guid":{"rendered":"https:\/\/soydeaqui.ddns.net\/pachuca\/index.php\/producto\/canaleta-de-piso-de-4-vias-material-pvc-rigido-6-ft-de-largo-176-mm-de-ancho-color-gris\/"},"modified":"2026-03-18T08:49:18","modified_gmt":"2026-03-18T08:49:18","slug":"canaleta-de-piso-de-4-vias-material-pvc-rigido-6-ft-de-largo-176-mm-de-ancho-color-gris","status":"publish","type":"product","link":"https:\/\/soydeaqui.ddns.net\/pachuca\/index.php\/producto\/canaleta-de-piso-de-4-vias-material-pvc-rigido-6-ft-de-largo-176-mm-de-ancho-color-gris\/","title":{"rendered":"Canaleta de Piso de 4 V\u00edas, Material PVC R\u00edgido, 6 ft de largo, 176 mm de Ancho, Color Gris"},"content":{"rendered":"<div style='width: 100%; max-width: 1200px; margin: 0 auto; font-family: sans-serif; line-height: 1.6; color: inherit; background-color: transparent;'>\n<div style='display: flex; flex-wrap: wrap; gap: 30px; margin-bottom: 30px;'>\n<div style='flex: 1 1 300px; min-width: 280px;'>\n<h3 style='font-size: 22px; border-bottom: 2px solid currentColor; padding-bottom: 5px; margin-top: 0; color: inherit; opacity: 0.8;'>Descripci\u00f3n<\/h3>\n<p style='font-size: 15px; color: inherit;'>La canaleta de piso es una canalizaci\u00f3n no met\u00e1lica de 4 v\u00edas que se utiliza para enrutar&comma; proteger y ocultar cableado de datos&comma; voz&comma; video&comma; fibra \u00f3ptica y alimentaci\u00f3n sobre piso. El dise\u00f1o de ingenier\u00eda estructural cumple con ADA&comma; es resistente a manipulaciones y est\u00e1 hecho de PVC r\u00edgido.<\/p>\n<\/p><\/div>\n<\/p><\/div>\n<div style='display: flex; flex-wrap: wrap; gap: 20px; margin-bottom: 30px;'>\n<div style='flex: 1 1 250px; border: 1px solid rgba(150&comma; 150&comma; 150&comma; 0.4); border-radius: 8px; overflow: hidden; display: flex; flex-direction: column;'>\n<div style='padding: 15px; border-bottom: 1px solid rgba(150&comma; 150&comma; 150&comma; 0.2); font-weight: bold; font-size: 18px; color: inherit;'>Contenido del Paquete<\/div>\n<div style='padding: 15px; color: inherit;'>\n<ul style='padding-left: 20px; margin: 0; font-size: 14px; list-style-type: disc;'>\n<li style='margin-bottom: 5px;'>1 base de 4 v\u00edas<\/li>\n<li style='margin-bottom: 5px;'>1 tapa<\/li>\n<li style='margin-bottom: 5px;'>8 tornillos de con cabeza de arandela HEX<\/li>\n<\/ul><\/div>\n<\/p><\/div>\n<div style='flex: 1 1 250px; border: 1px solid rgba(150&comma; 150&comma; 150&comma; 0.4); border-radius: 8px; overflow: hidden; display: flex; flex-direction: column;'>\n<div style='padding: 15px; border-bottom: 1px solid rgba(150&comma; 150&comma; 150&comma; 0.2); font-weight: bold; font-size: 18px; color: inherit;'>Capacidad de llenado<\/div>\n<div style='padding: 15px; color: inherit;'> <img style='width: 100%; height: auto; border: 1px solid rgba(150&comma;150&comma;150&comma;0.3); border-radius: 8px;' src='https:\/\/ftp3.syscom.mx\/usuarios\/fotos\/AFR4BCBL6\/191506-captura_de_pantalla_2022-06-17_a_la(s)_8.52.58.png' alt=''> <\/div>\n<\/p><\/div>\n<div style='flex: 1 1 250px; border: 1px solid rgba(150&comma; 150&comma; 150&comma; 0.4); border-radius: 8px; overflow: hidden; display: flex; flex-direction: column;'>\n<div style='padding: 15px; border-bottom: 1px solid rgba(150&comma; 150&comma; 150&comma; 0.2); font-weight: bold; font-size: 18px; color: inherit;'>Especificaciones<\/div>\n<div style='padding: 15px; color: inherit;'>\n<ul style='padding-left: 20px; margin: 0; font-size: 14px; list-style-type: disc;'>\n<li style='margin-bottom: 5px;'><strong>Material:<\/strong> PVC<\/li>\n<li style='margin-bottom: 5px;'><strong>Color:<\/strong> negro<\/li>\n<li style='margin-bottom: 5px;'><strong>Ancho total (mm):<\/strong> 176.1<\/li>\n<li style='margin-bottom: 5px;'><strong>Altura total (mm):<\/strong> 12.7<\/li>\n<li style='margin-bottom: 5px;'><strong>\u00c1rea Interna (in\u00b2):<\/strong> 498.96<\/li>\n<li style='margin-bottom: 5px;'><strong>Capacidad de carga:<\/strong> 907 kg<\/li>\n<li style='margin-bottom: 5px;'><strong>Uso recomendado:<\/strong> Sistemas de comunicaci\u00f3n Panduit\u00ae Pan-Net y Net-Key<\/li>\n<li style='margin-bottom: 5px;'><strong>Normas cumplidas:<\/strong> UL94V-0 y E116129&comma; UL-5A 600 VCA CSA C22.2 No. 62.1-03 600 V<\/li>\n<li style='margin-bottom: 5px;'><strong>Conformidad:<\/strong> RoHS<\/li>\n<\/ul><\/div>\n<\/p><\/div>\n<\/p><\/div>\n<hr style='border: 0; border-top: 1px solid rgba(150&comma; 150&comma; 150&comma; 0.3); margin: 30px 0;'> <\/div>\n","protected":false},"excerpt":{"rendered":"<p>Canaleta de Piso de 4 V\u00edas, Material PVC R\u00edgido, 6 ft de largo, 176 mm de Ancho, Color Gris<\/p>\n","protected":false},"featured_media":15311,"comment_status":"open","ping_status":"closed","template":"","meta":[],"product_brand":[],"product_cat":[581],"product_tag":[582,572,445],"class_list":{"0":"post-15312","1":"product","2":"type-product","3":"status-publish","4":"has-post-thumbnail","6":"product_cat-canaletas","7":"product_tag-canaletas","8":"product_tag-canalizacion","9":"product_tag-panduit","11":"first","12":"outofstock","13":"sale","14":"shipping-taxable","15":"purchasable","16":"product-type-simple"},"_links":{"self":[{"href":"https:\/\/soydeaqui.ddns.net\/pachuca\/index.php\/wp-json\/wp\/v2\/product\/15312","targetHints":{"allow":["GET"]}}],"collection":[{"href":"https:\/\/soydeaqui.ddns.net\/pachuca\/index.php\/wp-json\/wp\/v2\/product"}],"about":[{"href":"https:\/\/soydeaqui.ddns.net\/pachuca\/index.php\/wp-json\/wp\/v2\/types\/product"}],"replies":[{"embeddable":true,"href":"https:\/\/soydeaqui.ddns.net\/pachuca\/index.php\/wp-json\/wp\/v2\/comments?post=15312"}],"wp:featuredmedia":[{"embeddable":true,"href":"https:\/\/soydeaqui.ddns.net\/pachuca\/index.php\/wp-json\/wp\/v2\/media\/15311"}],"wp:attachment":[{"href":"https:\/\/soydeaqui.ddns.net\/pachuca\/index.php\/wp-json\/wp\/v2\/media?parent=15312"}],"wp:term":[{"taxonomy":"product_brand","embeddable":true,"href":"https:\/\/soydeaqui.ddns.net\/pachuca\/index.php\/wp-json\/wp\/v2\/product_brand?post=15312"},{"taxonomy":"product_cat","embeddable":true,"href":"https:\/\/soydeaqui.ddns.net\/pachuca\/index.php\/wp-json\/wp\/v2\/product_cat?post=15312"},{"taxonomy":"product_tag","embeddable":true,"href":"https:\/\/soydeaqui.ddns.net\/pachuca\/index.php\/wp-json\/wp\/v2\/product_tag?post=15312"}],"curies":[{"name":"wp","href":"https:\/\/api.w.org\/{rel}","templated":true}]}}