{"id":15298,"date":"2026-03-18T08:49:02","date_gmt":"2026-03-18T08:49:02","guid":{"rendered":"https:\/\/soydeaqui.ddns.net\/pachuca\/index.php\/producto\/kit-de-montaje-rapido-para-equipos-en-rack-no-mas-tuercas-enjauladas-soporta-hasta-50-kg-50-piezas\/"},"modified":"2026-03-18T08:49:11","modified_gmt":"2026-03-18T08:49:11","slug":"kit-de-montaje-rapido-para-equipos-en-rack-no-mas-tuercas-enjauladas-soporta-hasta-50-kg-50-piezas","status":"publish","type":"product","link":"https:\/\/soydeaqui.ddns.net\/pachuca\/index.php\/producto\/kit-de-montaje-rapido-para-equipos-en-rack-no-mas-tuercas-enjauladas-soporta-hasta-50-kg-50-piezas\/","title":{"rendered":"Kit de Montaje R\u00e1pido para Equipos en Rack \/ No m\u00e1s Tuercas Enjauladas \/ Soporta hasta 50 kg (50 Piezas)"},"content":{"rendered":"<div style='width: 100%; max-width: 1200px; margin: 0 auto; font-family: sans-serif; line-height: 1.6; color: inherit; background-color: transparent;'>\n<div style='margin-bottom: 30px;'>\n<p style='font-size: 15px; color: inherit; margin-bottom: 15px;'> Descubra la revolucionaria soluci\u00f3n de LinkedPro&comma; el nuevo accesorio de montaje que redefine la seguridad de sus equipos brindando resistencia y estabilidad excepcional&comma; f\u00e1cil manejo y compatibilidad con la mayor\u00eda de los racks est\u00e1ndar de 19 pulgada&comma; facilitando la organizaci\u00f3n y administraci\u00f3n de cualquier dispositivo de red. <\/p>\n<div style='position: relative; padding-bottom: 56.25%; height: 0; overflow: hidden; margin-bottom: 30px;'>   <\/div>\n<\/p><\/div>\n<div style='display: flex; flex-wrap: wrap; gap: 30px; margin-bottom: 30px;'>\n<div style='flex: 1 1 300px; min-width: 280px;'>\n<h3 style='font-size: 22px; border-bottom: 2px solid currentColor; padding-bottom: 5px; margin-top: 0; color: inherit; opacity: 0.8;'>\u00a1No m\u00e1s a las tuercas enjauladas!<\/h3>\n<ul style='padding-left: 20px; font-size: 15px; color: inherit;'>\n<li style='margin-bottom: 5px;'><strong>Instalaci\u00f3n r\u00e1pida y f\u00e1cil<\/strong>: Ahorre hasta un 70% de tiempo en instalaci\u00f3n.<\/li>\n<li style='margin-bottom: 5px;'><strong>Fuerza y durabilidad<\/strong>. Dise\u00f1ados para soportar hasta 50 Kg.<\/li>\n<li style='margin-bottom: 5px;'><strong>Compatibles con racks y gabinetes de 19 in<\/strong>. Para orificios est\u00e1ndar cuadrados.<\/li>\n<li style='margin-bottom: 5px;'><strong>Mayor seguridad.<\/strong> Gracias a su dise\u00f1o se puede colocar y alinear antes de ajustarlo reduciendo el riesgo de accidentes o da\u00f1os durante el montaje.<\/li>\n<li style='margin-bottom: 5px;'><strong>Material.<\/strong> Pl\u00e1stico&comma; pol\u00edmero resistente.<\/li>\n<\/ul><\/div>\n<div style='flex: 1 1 300px; min-width: 280px;'>\n<h3 style='font-size: 22px; border-bottom: 2px solid currentColor; padding-bottom: 5px; margin-top: 0; color: inherit; opacity: 0.8;'>\u00bfPor qu\u00e9 elegir el Kit?<\/h3>\n<ul style='padding-left: 20px; font-size: 15px; color: inherit;'>\n<li style='margin-bottom: 5px;'><strong>Seguridad.<\/strong> Olv\u00eddese de las rebabas y los bordes afilados&comma; el kit cuenta con un dise\u00f1o suave y redondeado para proteger sus equipos y sus manos.<\/li>\n<li style='margin-bottom: 5px;'><strong>Resistencia y durabilidad.<\/strong> Fabricado con materiales de alta calidad&comma; tienen un soporte de hasta 50 Kg&comma; garantizando la estabilidad de su rack o gabinete.<\/li>\n<li style='margin-bottom: 5px;'><strong>Dise\u00f1o Moderno<\/strong>. Nuestro Kit no solo es seguro y resistente&comma; sino que le dar\u00e1 a su rack o gabinete un aspecto m\u00e1s limpio y profesional.<\/li>\n<\/ul><\/div>\n<div style='flex: 1 1 300px; min-width: 280px;'>\n<h3 style='font-size: 22px; border-bottom: 2px solid currentColor; padding-bottom: 5px; margin-top: 0; color: inherit; opacity: 0.8;'>\u00bfQu\u00e9 hay en la bolsa?<\/h3>\n<ul style='padding-left: 20px; font-size: 15px; color: inherit;'>\n<li style='margin-bottom: 5px;'>Tornillo de inserci\u00f3n r\u00e1pida.<\/li>\n<li style='margin-bottom: 5px;'>Arandela cuadrada.<\/li>\n<li style='margin-bottom: 5px;'>Tuerca manual.<\/li>\n<\/ul><\/div>\n<div style='flex: 1 1 300px; min-width: 280px;'>\n<h3 style='font-size: 22px; border-bottom: 2px solid currentColor; padding-bottom: 5px; margin-top: 0; color: inherit; opacity: 0.8;'>Consejos adicionales<\/h3>\n<ul style='padding-left: 20px; font-size: 15px; color: inherit;'>\n<li style='margin-bottom: 5px;'><strong>Peso<\/strong>: Asegure que el rack o gabinete pueda soportar el peso total de los equipos que se instalar\u00e1n. (50 Kg.)<\/li>\n<li style='margin-bottom: 5px;'><strong>Ventilaci\u00f3n<\/strong>: Deje suficiente espacio entre los equipos para permitir una buena ventilaci\u00f3n y evitar el sobrecalentamiento.<\/li>\n<li style='margin-bottom: 5px;'><strong>Seguridad<\/strong>: Siempre desconecte los equipos de la corriente antes de realizar cualquier instalaci\u00f3n o modificaci\u00f3n.<\/li>\n<li style='margin-bottom: 5px;'><strong>Organizaci\u00f3n<\/strong>: Utiliza etiquetas para identificar cada equipo y facilitar su ubicaci\u00f3n.<\/li>\n<\/ul><\/div>\n<\/p><\/div>\n<\/p><\/div>\n","protected":false},"excerpt":{"rendered":"<p>Kit de Montaje R\u00e1pido para Equipos en Rack \/ No m\u00e1s Tuercas Enjauladas \/ Soporta hasta 50 kg (50 Piezas)<\/p>\n","protected":false},"featured_media":15297,"comment_status":"open","ping_status":"closed","template":"","meta":[],"product_brand":[],"product_cat":[633],"product_tag":[634,435,605],"class_list":{"0":"post-15298","1":"product","2":"type-product","3":"status-publish","4":"has-post-thumbnail","6":"product_cat-accesorios-para-rack-gabinetes","7":"product_tag-accesorios-para-rack-gabinetes","8":"product_tag-linkedpro-by-epcom","9":"product_tag-racks-y-gabinetes","11":"first","12":"instock","13":"sale","14":"shipping-taxable","15":"purchasable","16":"product-type-simple"},"_links":{"self":[{"href":"https:\/\/soydeaqui.ddns.net\/pachuca\/index.php\/wp-json\/wp\/v2\/product\/15298","targetHints":{"allow":["GET"]}}],"collection":[{"href":"https:\/\/soydeaqui.ddns.net\/pachuca\/index.php\/wp-json\/wp\/v2\/product"}],"about":[{"href":"https:\/\/soydeaqui.ddns.net\/pachuca\/index.php\/wp-json\/wp\/v2\/types\/product"}],"replies":[{"embeddable":true,"href":"https:\/\/soydeaqui.ddns.net\/pachuca\/index.php\/wp-json\/wp\/v2\/comments?post=15298"}],"wp:featuredmedia":[{"embeddable":true,"href":"https:\/\/soydeaqui.ddns.net\/pachuca\/index.php\/wp-json\/wp\/v2\/media\/15297"}],"wp:attachment":[{"href":"https:\/\/soydeaqui.ddns.net\/pachuca\/index.php\/wp-json\/wp\/v2\/media?parent=15298"}],"wp:term":[{"taxonomy":"product_brand","embeddable":true,"href":"https:\/\/soydeaqui.ddns.net\/pachuca\/index.php\/wp-json\/wp\/v2\/product_brand?post=15298"},{"taxonomy":"product_cat","embeddable":true,"href":"https:\/\/soydeaqui.ddns.net\/pachuca\/index.php\/wp-json\/wp\/v2\/product_cat?post=15298"},{"taxonomy":"product_tag","embeddable":true,"href":"https:\/\/soydeaqui.ddns.net\/pachuca\/index.php\/wp-json\/wp\/v2\/product_tag?post=15298"}],"curies":[{"name":"wp","href":"https:\/\/api.w.org\/{rel}","templated":true}]}}